{"id":4213,"date":"2023-06-29T08:05:41","date_gmt":"2023-06-29T08:05:41","guid":{"rendered":"http:\/\/khantam.h193.dpsmedia.vn\/san-pham\/gsp-go-goi-dau-2-in-1-mau-den\/"},"modified":"2024-04-10T16:37:48","modified_gmt":"2024-04-10T09:37:48","slug":"gsp-go-goi-dau-2-in-1-mau-den","status":"publish","type":"product","link":"https:\/\/khantamgiare.com\/ja\/gsp-go-goi-dau-2-in-1-mau-den\/","title":{"rendered":"GSP\u6728\u6750\u306e\u30b7\u30e3\u30f3\u30d7\u30fc\u306e2in1\u9ed2"},"content":{"rendered":"<p>Trong ng\u00e0nh c\u00f4ng nghi\u1ec7p ch\u0103m s\u00f3c s\u1ee9c kh\u1ecfe v\u00e0 s\u1eafc \u0111\u1eb9p, vi\u1ec7c l\u1ef1a ch\u1ecdn trang thi\u1ebft b\u1ecb ph\u00f9 h\u1ee3p l\u00e0 y\u1ebfu t\u1ed1 quan tr\u1ecdng quy\u1ebft \u0111\u1ecbnh \u0111\u1ebfn ch\u1ea5t l\u01b0\u1ee3ng d\u1ecbch v\u1ee5 v\u00e0 tr\u1ea3i nghi\u1ec7m c\u1ee7a kh\u00e1ch h\u00e0ng. Gi\u01b0\u1eddng Massage G\u1ed7 G\u1ed9i \u0110\u1ea7u 2 in 1 \u0111ang l\u00e0 s\u1ea3n ph\u1ea9m \u0111\u01b0\u1ee3c \u01b0a chu\u1ed9ng b\u1edfi s\u1ef1 ti\u1ec7n \u00edch v\u00e0 hi\u1ec7u qu\u1ea3 m\u00e0 n\u00f3 mang l\u1ea1i.<\/p>\n<p>\u0110\u01b0\u1ee3c thi\u1ebft k\u1ebf th\u00f4ng minh v\u1edbi kh\u1ea3 n\u0103ng k\u1ebft h\u1ee3p gi\u1eefa <a href=\"https:\/\/khantamgiare.com\/ja\/giuong-spa\/\">\u30b9\u30d1\u30d9\u30c3\u30c9<\/a> massage v\u00e0 gi\u01b0\u1eddng g\u1ed9i \u0111\u1ea7u, s\u1ea3n ph\u1ea9m n\u00e0y kh\u00f4ng ch\u1ec9 ti\u1ebft ki\u1ec7m kh\u00f4ng gian m\u00e0 c\u00f2n t\u1ed1i \u01b0u h\u00f3a quy tr\u00ecnh l\u00e0m vi\u1ec7c c\u1ee7a nh\u00e2n vi\u00ean. V\u1edbi ch\u1ea5t li\u1ec7u g\u1ed7 cao c\u1ea5p, gi\u01b0\u1eddng Massage G\u1ed7 G\u1ed9i \u0110\u1ea7u 2 in 1 cung c\u1ea5p \u0111\u1ed9 b\u1ec1n v\u00e0 s\u1ef1 ch\u1eafc ch\u1eafn, \u0111\u1ed3ng th\u1eddi t\u1ea1o c\u1ea3m gi\u00e1c \u1ea5m c\u00fang, th\u00e2n thi\u1ec7n v\u1edbi m\u00f4i tr\u01b0\u1eddng.<\/p>\n<p>S\u1ea3n ph\u1ea9m n\u00e0y ph\u00f9 h\u1ee3p v\u1edbi nhi\u1ec1u lo\u1ea1i h\u00ecnh d\u1ecbch v\u1ee5 t\u1eeb Spa, Th\u1ea9m m\u1ef9 vi\u1ec7n, Trung t\u00e2m ch\u0103m s\u00f3c s\u1eafc \u0111\u1eb9p, cho \u0111\u1ebfn c\u00e1c c\u01a1 s\u1edf Massage-x\u00f4ng h\u01a1i. S\u1ef1 linh ho\u1ea1t v\u00e0 \u0111a n\u0103ng c\u1ee7a gi\u01b0\u1eddng Massage G\u1ed7 G\u1ed9i \u0110\u1ea7u 2 in 1 gi\u00fap n\u00f3 tr\u1edf th\u00e0nh s\u1ef1 l\u1ef1a ch\u1ecdn h\u00e0ng \u0111\u1ea7u cho nh\u1eefng ai mong mu\u1ed1n n\u00e2ng cao ch\u1ea5t l\u01b0\u1ee3ng d\u1ecbch v\u1ee5 v\u00e0 mang l\u1ea1i s\u1ef1 h\u00e0i l\u00f2ng t\u1ed1i \u0111a cho kh\u00e1ch h\u00e0ng.<\/p>\n<p>N\u1ebfu b\u1ea1n \u0111ang t\u00ecm ki\u1ebfm m\u1ed9t gi\u1ea3i ph\u00e1p to\u00e0n di\u1ec7n cho spa ho\u1eb7c th\u1ea9m m\u1ef9 vi\u1ec7n c\u1ee7a m\u00ecnh, h\u00e3y xem x\u00e9t \u0111\u1ebfn vi\u1ec7c \u0111\u1ea7u t\u01b0 v\u00e0o gi\u01b0\u1eddng Massage G\u1ed7 G\u1ed9i \u0110\u1ea7u 2 in 1 &#8211; s\u1ef1 k\u1ebft h\u1ee3p ho\u00e0n h\u1ea3o gi\u1eefa ch\u1ee9c n\u0103ng v\u00e0 phong c\u00e1ch.<\/p>\n<p><img decoding=\"async\" class=\"wp-image-3185 size-full aligncenter\" title=\"\u30de\u30c3\u30b5\u30fc\u30b8\u30d9\u30c3\u30c92in1\u9ed2\" src=\"http:\/\/khantamgiare.com\/wp-content\/uploads\/2023\/06\/1.jpg\" alt=\" width=\" height=\"422\" \/><\/p>\n<p style=\"text-align: center;\"><em>\u30de\u30c3\u30b5\u30fc\u30b8\u30d9\u30c3\u30c92in1\u9ed2<\/em><\/p>\n<blockquote><p><em><strong>\u8a73\u7d30\uff1a <a href=\"https:\/\/khantamgiare.com\/ja\/gsp-chan-inox\/\">Gi\u01b0\u1eddng spa Ch\u00e2n Inox<\/a><\/strong><\/em><\/p><\/blockquote>\n<p><img decoding=\"async\" class=\"aligncenter wp-image-3186 size-full\" title=\"\u30de\u30c3\u30b5\u30fc\u30b8\u30d9\u30c3\u30c92in1\u9ed2\" src=\"http:\/\/khantamgiare.com\/wp-content\/uploads\/2023\/06\/b048aec203fde6a3bfec.jpg\" alt=\" width=\" height=\"376\" \/><\/p>\n<p>\u9023\u7d61\u5148 <a href=\"https:\/\/khantamgiare.com\/ja\/\">\u30bf\u30aa\u30eb\u683c\u5b89<\/a> \u0111\u1ec3 \u0111\u01b0\u1ee3c t\u01b0 v\u1ea5n th\u00eam v\u1ec1 c\u00e1c gi\u01b0\u1eddng spa cao c\u1ea5p c\u0169ng nh\u01b0 l\u00e0 nh\u1eefng d\u1ee5ng c\u1ee5 spa nh\u01b0 <a href=\"https:\/\/khantamgiare.com\/ja\/khan-spa\/\">\u30bf\u30aa\u30eb\u30b9\u30b9\u30d1<\/a>, kh\u0103n tr\u1ea3i gi\u01b0\u1eddng spa, \u2026.<\/p>","protected":false},"excerpt":{"rendered":"<p><em><strong>\u30de\u30c3\u30b5\u30fc\u30b8\u30d9\u30c3\u30c9\u306e\u6728\u88fd\u30b7\u30e3\u30f3\u30d7\u30fc\u306e2in1<\/strong> \u306e\u3088\u3046\u306a\u30d9\u30c3\u30c9\u3067\u6700\u3082\u4eba\u6c17\u306e\u30b9\u30b9\u30d1\u3001\u7f8e\u5bb9\u5ba4\u3001\u30bb\u30f3\u30bf\u30fc\u3084\u7f8e\u5bb9\u30c8\u30ea\u30fc\u30c8\u30e1\u30f3\u30c8\u3001\u30de\u30c3\u30b5\u30fc\u30b8-\u30b5\u30a6\u30ca..<\/em><\/p>","protected":false},"featured_media":5669,"comment_status":"closed","ping_status":"closed","template":"","meta":[],"product_cat":[72],"product_tag":[],"class_list":{"0":"post-4213","1":"product","2":"type-product","3":"status-publish","4":"has-post-thumbnail","6":"product_cat-giuong-spa","7":"pa_chat-lieu-go-cao-cap","8":"pa_mau-sac-den","11":"instock","12":"product-type-simple"},"acf":[],"_links":{"self":[{"href":"https:\/\/khantamgiare.com\/ja\/wp-json\/wp\/v2\/product\/4213","targetHints":{"allow":["GET"]}}],"collection":[{"href":"https:\/\/khantamgiare.com\/ja\/wp-json\/wp\/v2\/product"}],"about":[{"href":"https:\/\/khantamgiare.com\/ja\/wp-json\/wp\/v2\/types\/product"}],"replies":[{"embeddable":true,"href":"https:\/\/khantamgiare.com\/ja\/wp-json\/wp\/v2\/comments?post=4213"}],"wp:featuredmedia":[{"embeddable":true,"href":"https:\/\/khantamgiare.com\/ja\/wp-json\/wp\/v2\/media\/5669"}],"wp:attachment":[{"href":"https:\/\/khantamgiare.com\/ja\/wp-json\/wp\/v2\/media?parent=4213"}],"wp:term":[{"taxonomy":"product_cat","embeddable":true,"href":"https:\/\/khantamgiare.com\/ja\/wp-json\/wp\/v2\/product_cat?post=4213"},{"taxonomy":"product_tag","embeddable":true,"href":"https:\/\/khantamgiare.com\/ja\/wp-json\/wp\/v2\/product_tag?post=4213"}],"curies":[{"name":"wp","href":"https:\/\/api.w.org\/{rel}","templated":true}]}}