{"id":4223,"date":"2023-06-29T08:06:29","date_gmt":"2023-06-29T08:06:29","guid":{"rendered":"http:\/\/khantam.h193.dpsmedia.vn\/san-pham\/gsp-chan-sat\/"},"modified":"2024-04-10T16:32:30","modified_gmt":"2024-04-10T09:32:30","slug":"gsp-chan-sat","status":"publish","type":"product","link":"https:\/\/khantamgiare.com\/ja\/gsp-chan-sat\/","title":{"rendered":"GSP\u9244\u8db3"},"content":{"rendered":"<p>Chi ti\u1ebft s\u1ea3n ph\u1ea9m:<\/p>\n<p><a href=\"https:\/\/khantamgiare.com\/ja\/giuong-spa\/\">\u30b9\u30d1\u30d9\u30c3\u30c9<\/a> n\u00e0y \u0111\u01b0\u1ee3c thi\u1ebft k\u1ebf v\u1edbi khung s\u1eaft v\u1eefng ch\u00e3i, \u0111\u1ea3m b\u1ea3o \u0111\u1ed9 b\u1ec1n v\u00e0 v\u1ebb \u0111\u1eb9p l\u00e2u d\u00e0i. M\u1eb7t gi\u01b0\u1eddng \u0111\u01b0\u1ee3c trang b\u1ecb n\u1ec7m m\u1ec1m m\u1ea1i, t\u00edch h\u1ee3p l\u1ed7 kho\u00e9t gi\u00fap ng\u01b0\u1eddi n\u1eb1m c\u1ea3m th\u1ea5y tho\u1ea3i m\u00e1i v\u00e0 th\u01b0 gi\u00e3n t\u1ed1i \u0111a khi tr\u1ea3i nghi\u1ec7m massage. V\u1edbi k\u00edch th\u01b0\u1edbc chu\u1ea9n l\u00e0 70cm x 180cm, s\u1ea3n ph\u1ea9m ph\u00f9 h\u1ee3p v\u1edbi nhi\u1ec1u kh\u00f4ng gian spa kh\u00e1c nhau. \u0110\u1eb7c bi\u1ec7t, gi\u01b0\u1eddng c\u00f3 hai phi\u00ean b\u1ea3n: c\u00f3 th\u1ec3 th\u00e1o r\u1eddi v\u00e0 c\u1ed1 \u0111\u1ecbnh, t\u00f9y thu\u1ed9c v\u00e0o nhu c\u1ea7u s\u1eed d\u1ee5ng v\u00e0 di\u1ec7n t\u00edch c\u1ee7a spa.<\/p>\n<p><img decoding=\"async\" class=\"aligncenter wp-image-5238 size-full\" title=\"giuongspachaninox.khannamphong\" src=\"http:\/\/khantamgiare.com\/wp-content\/uploads\/2023\/06\/PSX_20180808_002837.jpg\" alt=\" width=\" height=\"640\" \/><\/p>\n<p>\u9023\u7d61\u5148 <a href=\"https:\/\/khantamgiare.com\/ja\/\">\u30bf\u30aa\u30eb\u683c\u5b89<\/a> \u0111\u1ec3 \u0111\u01b0\u1ee3c t\u01b0 v\u1ea5n th\u00eam v\u1ec1 c\u00e1c gi\u01b0\u1eddng spa cao c\u1ea5p c\u0169ng nh\u01b0 l\u00e0 nh\u1eefng d\u1ee5ng c\u1ee5 spa nh\u01b0 <a href=\"https:\/\/khantamgiare.com\/ja\/khan-spa\/\">\u30bf\u30aa\u30eb\u30b9\u30b9\u30d1<\/a>, kh\u0103n tr\u1ea3i gi\u01b0\u1eddng spa, &#8230;.<\/p>\n<blockquote><p><em><strong>\u8a73\u7d30\uff1a <a href=\"https:\/\/khantamgiare.com\/ja\/gsp-go-goi-dau-2-in-1-mau-den\/\">Gi\u01b0\u1eddng spa G\u1ed7 G\u1ed9i \u0110\u1ea7u 2 In 1 M\u00e0u \u0110en<\/a><\/strong><\/em><\/p><\/blockquote>","protected":false},"excerpt":{"rendered":"<p><em><strong>\u88fd\u54c1\u60c5\u5831:<\/strong><\/em><br \/>\n<em>\u2013\u5bdd\u5177\u306e\u30d5\u30ec\u30fc\u30e0\u3092\u9244\u88fd\u306e\u78ba\u304b\u306a\u8010\u4e45\u6027\u3092\u6709\u3059\u308b<\/em><br \/>\n<em>\u2013\u30bd\u30d5\u30c8\u30de\u30c3\u30c8\u30ec\u30b9\u3001\u30ea\u30fc\u30de\u5b54\u304f\u306e\u5834\u5408\u6dfb\u3044\u5bdd\u30de\u30c3\u30b5\u30fc\u30b8\u3001\u30ea\u30e9\u30c3\u30af\u30b9\u3002<\/em><br \/>\n<em>\u2013\u901a\u5e38\u30b5\u30a4\u30ba\uff1a70cm\u00d7180cm<\/em><br \/>\n<em>\u2013\u30b9\u30bf\u30a4\u30eb:\u7740\u8131\u53ef\u80fd\u306a\u975e\u53d6\u308a\u5916\u3057\u53ef\u80fd\u3002<\/em><\/p>","protected":false},"featured_media":5675,"comment_status":"closed","ping_status":"closed","template":"","meta":[],"product_cat":[72],"product_tag":[],"class_list":{"0":"post-4223","1":"product","2":"type-product","3":"status-publish","4":"has-post-thumbnail","6":"product_cat-giuong-spa","7":"pa_chat-lieu-sat-cao-cap","8":"pa_mau-sac-den","11":"instock","12":"product-type-simple"},"acf":[],"_links":{"self":[{"href":"https:\/\/khantamgiare.com\/ja\/wp-json\/wp\/v2\/product\/4223","targetHints":{"allow":["GET"]}}],"collection":[{"href":"https:\/\/khantamgiare.com\/ja\/wp-json\/wp\/v2\/product"}],"about":[{"href":"https:\/\/khantamgiare.com\/ja\/wp-json\/wp\/v2\/types\/product"}],"replies":[{"embeddable":true,"href":"https:\/\/khantamgiare.com\/ja\/wp-json\/wp\/v2\/comments?post=4223"}],"wp:featuredmedia":[{"embeddable":true,"href":"https:\/\/khantamgiare.com\/ja\/wp-json\/wp\/v2\/media\/5675"}],"wp:attachment":[{"href":"https:\/\/khantamgiare.com\/ja\/wp-json\/wp\/v2\/media?parent=4223"}],"wp:term":[{"taxonomy":"product_cat","embeddable":true,"href":"https:\/\/khantamgiare.com\/ja\/wp-json\/wp\/v2\/product_cat?post=4223"},{"taxonomy":"product_tag","embeddable":true,"href":"https:\/\/khantamgiare.com\/ja\/wp-json\/wp\/v2\/product_tag?post=4223"}],"curies":[{"name":"wp","href":"https:\/\/api.w.org\/{rel}","templated":true}]}}