{"id":4225,"date":"2023-06-29T08:06:29","date_gmt":"2023-06-29T08:06:29","guid":{"rendered":"http:\/\/khantam.h193.dpsmedia.vn\/san-pham\/gsp-chan-go-08\/"},"modified":"2024-04-10T16:32:19","modified_gmt":"2024-04-10T09:32:19","slug":"gsp-chan-go-08","status":"publish","type":"product","link":"https:\/\/khantamgiare.com\/ja\/gsp-chan-go-08\/","title":{"rendered":"GSP\u6728\u88fd\u306e\u811a08"},"content":{"rendered":"<p>V\u1eadt li\u1ec7u: G\u1ed7 \u0111\u00e3 qua x\u1eed l\u00fd<br \/>\nCh\u00e2n <a href=\"https:\/\/khantamgiare.com\/ja\/giuong-spa\/\">\u30b9\u30d1\u30d9\u30c3\u30c9<\/a> \u0111\u01b0\u1ee3c thi\u1ebft k\u1ebf v\u1edbi nhi\u1ec1u thanh ngang, t\u0103ng c\u01b0\u1eddng kh\u1ea3 n\u0103ng ch\u1ecbu l\u1ef1c t\u1ed1t.<br \/>\nN\u1ec7m mud m\u1ec1m m\u1ea1i, \u0111\u01b0\u1ee3c kho\u00e9t l\u1ed7 gi\u00fap t\u1ea1o c\u1ea3m gi\u00e1c tho\u1ea3i m\u00e1i t\u1ed1i \u01b0u khi s\u1eed d\u1ee5ng.<br \/>\nM\u00e0u s\u1eafc: M\u00e0u g\u1ed7 th\u00f4ng t\u1ef1 nhi\u00ean, \u0111\u00e3 \u0111\u01b0\u1ee3c \u0111\u00e1nh b\u00f3ng m\u1ed9t c\u00e1ch t\u1ec9 m\u1ec9, mang l\u1ea1i v\u1ebb \u0111\u1eb9p sang tr\u1ecdng v\u00e0 tinh t\u1ebf cho kh\u00f4ng gian Spa.<br \/>\nK\u00edch th\u01b0\u1edbc chu\u1ea9n: 70 x 190 x 70 cm, c\u00f3 th\u1ec3 \u0111\u01b0\u1ee3c \u0111i\u1ec1u ch\u1ec9nh \u0111\u1ec3 ph\u00f9 h\u1ee3p v\u1edbi nhu c\u1ea7u c\u1ee5 th\u1ec3 c\u1ee7a kh\u00e1ch h\u00e0ng.<\/p>\n<p>&nbsp;<\/p>\n<p><img decoding=\"async\" class=\"aligncenter wp-image-5246 size-full\" title=\"giuongspachango.khannamphong\" src=\"http:\/\/khantamgiare.com\/wp-content\/uploads\/2023\/06\/20171201_ae0849c2ccee7a64ad3c48219cbc112a_1512127555.jpg\" alt=\" width=\" height=\"480\" \/><\/p>\n<p>\u9023\u7d61\u5148 <a href=\"https:\/\/khantamgiare.com\/ja\/\">\u30bf\u30aa\u30eb\u683c\u5b89<\/a> \u0111\u1ec3 \u0111\u01b0\u1ee3c t\u01b0 v\u1ea5n th\u00eam v\u1ec1 c\u00e1c gi\u01b0\u1eddng spa cao c\u1ea5p c\u0169ng nh\u01b0 l\u00e0 nh\u1eefng d\u1ee5ng c\u1ee5 spa nh\u01b0 <a href=\"https:\/\/khantamgiare.com\/ja\/khan-spa\/\">\u30bf\u30aa\u30eb\u30b9\u30b9\u30d1<\/a>, kh\u0103n tr\u1ea3i gi\u01b0\u1eddng spa, &#8230;.<\/p>\n<blockquote><p><em><strong>\u8a73\u7d30\uff1a <a href=\"https:\/\/khantamgiare.com\/ja\/gsp-chan-sat\/\">Gi\u01b0\u1eddng spa CH\u00c2N S\u1eaeT<\/a><\/strong><\/em><\/p><\/blockquote>","protected":false},"excerpt":{"rendered":"<h4><em><strong>\u88fd\u54c1\u60c5\u5831:<\/strong><\/em><\/h4>\n<ul>\n<li><em>\u7d20\u6750\uff1a\u6728\u6750<\/em><\/li>\n<li><em>\u306e\u3075\u3082\u3068\u306b\u30d9\u30c3\u30c9\u306f\u591a\u304f\u306e\u6c34\u5e73\u30d0\u30fc\u91cd\u91cf\u306b\u8010\u3048\u3089\u308c\u307e\u3059\u3002<\/em><\/li>\n<li><em>\u30de\u30c3\u30c8\u30ec\u30b9\u30de\u30cd\u30b8\u30e1\u30f3\u30c8\u30b7\u30b9\u30c6\u30e0\u30bd\u30d5\u30c8\u3001\u30ea\u30fc\u30de\u306e\u7a74\u304f\u306e\u5834\u5408\u6dfb\u3044\u5bdd\u306b\u306a\u308a\u307e\u3059\u3002<\/em><\/li>\n<li><em>\u8272\uff1a\u677e\u6728\u81ea\u7136\u7814\u78e8\u3092\u9ad8\u7d1a\u30b9\u30d1\u304c\u5099\u3048\u3089\u308c\u3066\u3044\u307e\u3059\u3002<\/em><\/li>\n<li><em>\u901a\u5e38\u30b5\u30a4\u30ba\uff1a70\u00d7190\u00d770\u304d\u306b\u5fdc\u3058\u3066\u5909\u5316\u3057\u307e\u3057\u305f\u3002<\/em><\/li>\n<\/ul>","protected":false},"featured_media":5676,"comment_status":"closed","ping_status":"closed","template":"","meta":[],"product_cat":[72],"product_tag":[],"class_list":{"0":"post-4225","1":"product","2":"type-product","3":"status-publish","4":"has-post-thumbnail","6":"product_cat-giuong-spa","7":"pa_chat-lieu-go-cao-cap","8":"pa_mau-sac-den","9":"pa_mau-sac-trang","12":"instock","13":"product-type-simple"},"acf":[],"_links":{"self":[{"href":"https:\/\/khantamgiare.com\/ja\/wp-json\/wp\/v2\/product\/4225","targetHints":{"allow":["GET"]}}],"collection":[{"href":"https:\/\/khantamgiare.com\/ja\/wp-json\/wp\/v2\/product"}],"about":[{"href":"https:\/\/khantamgiare.com\/ja\/wp-json\/wp\/v2\/types\/product"}],"replies":[{"embeddable":true,"href":"https:\/\/khantamgiare.com\/ja\/wp-json\/wp\/v2\/comments?post=4225"}],"wp:featuredmedia":[{"embeddable":true,"href":"https:\/\/khantamgiare.com\/ja\/wp-json\/wp\/v2\/media\/5676"}],"wp:attachment":[{"href":"https:\/\/khantamgiare.com\/ja\/wp-json\/wp\/v2\/media?parent=4225"}],"wp:term":[{"taxonomy":"product_cat","embeddable":true,"href":"https:\/\/khantamgiare.com\/ja\/wp-json\/wp\/v2\/product_cat?post=4225"},{"taxonomy":"product_tag","embeddable":true,"href":"https:\/\/khantamgiare.com\/ja\/wp-json\/wp\/v2\/product_tag?post=4225"}],"curies":[{"name":"wp","href":"https:\/\/api.w.org\/{rel}","templated":true}]}}