{"id":4239,"date":"2023-06-29T08:07:44","date_gmt":"2023-06-29T08:07:44","guid":{"rendered":"http:\/\/khantam.h193.dpsmedia.vn\/san-pham\/khan-tam-khach-san-mau-den\/"},"modified":"2024-05-23T10:26:54","modified_gmt":"2024-05-23T03:26:54","slug":"khan-tam-khach-san-mau-den","status":"publish","type":"product","link":"https:\/\/khantamgiare.com\/ja\/khan-tam-khach-san-mau-den\/","title":{"rendered":"\u30bf\u30aa\u30eb\u3001\u30db\u30c6\u30eb\u3001\u9ed2"},"content":{"rendered":"<p>\u1ede m\u1ed9t kh\u00eda c\u1ea1nh n\u00e0o \u0111\u1ea5y, kh\u0103n t\u1eafm l\u00e0 s\u1ea3n ph\u1ea9m th\u1ec3 hi\u1ec7n \u0111\u01b0\u1ee3c b\u1ed9 m\u1eb7t c\u1ee7a kh\u00e1ch s\u1ea1n, ch\u1ea5t l\u01b0\u1ee3ng c\u1ee7a <a href=\"https:\/\/khantamgiare.com\/ja\/khan-khach-san\/\">\u30db\u30c6\u30eb\u30bf\u30aa\u30eb<\/a> n\u00f3i ri\u00eang v\u00e0 c\u1ee7a c\u00e1c lo\u1ea1i ph\u1ee5 ki\u1ec7n kh\u00e1ch s\u1ea1n n\u00f3i chung s\u1ebd ph\u1ea3n \u00e1nh ch\u1ea5t l\u01b0\u1ee3ng d\u1ecbch v\u1ee5 t\u1ea1i \u0111\u00f3. V\u00ec v\u1eady n\u1ebfu n\u1eafm ch\u1eafc \u0111\u01b0\u1ee3c nh\u1eefng \u0111\u1eb7c \u0111i\u1ec3m m\u00e0 kh\u0103n t\u1eafm kh\u00e1ch s\u1ea1n mang l\u1ea1i, ch\u1eafc ch\u1eafn s\u1ebd l\u00e0m cho ch\u1ea5t l\u01b0\u1ee3ng d\u1ecbch v\u1ee5 v\u00e0 s\u1ed1 l\u01b0\u1ee3ng kh\u00e1ch h\u00e0ng \u0111\u1ebfn v\u1edbi kh\u00e1ch s\u1ea1n c\u1ee7a b\u1ea1n thay \u0111\u1ed5i m\u1ed9t c\u00e1ch \u0111\u00e1ng k\u1ec3.<\/p>\n<p>\u30ab\u30e9\u30fc\u306f\u8981\u7d20\u306e\u3072\u3068\u3064\u306f\u3001\u611f\u52d5\u306e\u304a\u5ba2\u69d8\u304b\u3089\u6700\u521d\u306e\u3067\u3059\u3002 \u3053\u306e\u305f\u3081\u3001\u30db\u30c6\u30eb\u306e\u9078\u629e\u8272\u30d0\u30b9\u30bf\u30aa\u30eb\u306f\u975e\u5e38\u306b\u91cd\u8981\u306a\u3070\u3089\u3064\u304d\u3092\u5341\u5206\u8003\u616e\u3057\u3066\u304f\u3060\u3055\u3044. \u306a\u306e\u3067\u3001\u30d0\u30b9\u30bf\u30aa\u30eb\u3001\u30db\u30c6\u30eb\u306b\u306f\u9ed2\u3046\u5229\u70b9? \u4ee5\u4e0b\u306e\u8a73\u7d30\u306f\u3053\u306e\u30bf\u30a4\u30d7\u306e\u30d0\u30b9\u30bf\u30aa\u30eb\u306f\u7279\u306b\u3002<\/p>\n<p style=\"text-align: center;\"><img decoding=\"async\" class=\"aligncenter wp-image-1757\" src=\"https:\/\/khantamgiare.com\/wp-content\/uploads\/2021\/03\/khan-khach-san-mau-den-1.jpg\" alt=\" width=\" height=\"608\" title=\"\"><\/p>\n<h2>\u306e\u30e1\u30ea\u30c3\u30c8\u30eb\u306e\u30db\u30c6\u30eb\u3001\u9ed2<\/h2>\n<p>\u30bf\u30a4\u30d7\u3092\u4f7f\u7528 <a href=\"https:\/\/khantamgiare.com\/ja\/san-pham\/khan-tam-khach-san-mau-den\/\">\u30bf\u30aa\u30eb\u3001\u30db\u30c6\u30eb\u3001\u9ed2<\/a> \u591a\u304f\u306e\u30e1\u30ea\u30c3\u30c8\u304c\u3042\u308a\u307e\u3067\u306e\u5de5\u7a0b\u3067\u5229\u7528\u3057\u307e\u3059\u3002 \u3053\u3053\u3067\u306f\u306e\u30e1\u30ea\u30c3\u30c8\u30eb\u306e\u30db\u30c6\u30eb\u3001\u9ed2\u307e\u305b\u3093:<\/p>\n<p>\u2013\u30d0\u30b9\u30bf\u30aa\u30eb\u306e\u30db\u30c6\u30eb\u306b\u306f\u3001\u8eab\u4f53\u306emau\u306f\u4e7e\u71e5-\u6d17\u6d44\u304c\u53ef\u80fd\u3067\u5fc3\u5730\u3088\u304f\u3001\u975e\u5e38\u306b\u4fbf\u5229\u3067\u3059\u3002<\/p>\n<p>\u2013\u30d0\u30b9\u30bf\u30aa\u30eb\u306b\u9069\u3057\u305f\u30db\u30c6\u30eb\u3067\u4f7f\u7528\u3055\u308c\u308b\u3059\u3079\u3066\u306e\u654f\u611f\u808c\u3092\u6050\u308c\u306a\u3044\u523a\u6fc0\u6027\u3001\u767a\u75b9\u3084\u4e0d\u5feb\u611f\u5f8c\u306b\u5229\u7528\u3057\u307e\u3059\u3002<\/p>\n<p style=\"text-align: center;\"><img decoding=\"async\" class=\"aligncenter wp-image-1758 size-full\" src=\"https:\/\/khantamgiare.com\/wp-content\/uploads\/2021\/03\/khan-khach-san-mau-den-2.jpg\" alt=\" width=\" height=\"600\" title=\"\"><\/p>\n<p>\u2013\u7a2e\u985e\u306e\u30bf\u30aa\u30eb\u306e\u30db\u30c6\u30eb\u306f\u901a\u5e38\u306e\u30b3\u30c3\u30c8\u30f3\u751f\u5730\u306f\u67d4\u3089\u304b\u304f\u3001\u6ed1\u3089\u304b\u306a\u3001\u697d\u3057\u3044\u3082\u306e\u304c\u3042\u308b\u306e\u304b\u3082\u3057\u308c\u306a\u9632\u6c34\u7d20\u65e9\u304f\u7c21\u5358\u306b\u6d17\u3044\u3001\u901f\u4e7e\u304b\u3057\u307e\u3059\u3002<\/p>\n<p>\u2013\u65b0\u305f\u306b\u8ffd\u52a0\u3057\u512a\u308c\u305f\u7279\u6027\u306f\u30bf\u30aa\u30eb\u306e\u30db\u30c6\u30eb\u306f\u4e00\u822c\u306b\u30bf\u30aa\u30eb\u3001\u30db\u30c6\u30eb\u3001\u9ed2\u3001\u7279\u306b\u3064\u3044\u3066\u306f\u3001\u5b8c\u5168\u306b\u306f\u8131\u843d\u304a\u3088\u3073\u8272\u306e\u5de5\u7a0b\u3067\u5229\u7528\u3057\u307e\u3059\u3002 \u307e\u305f\u3001\u9ad8\u3044\u5e73\u5747\u5bff\u547d\u3001\u540c\u3058\u5024\u3092\u4f7f\u7528\u8010\u4e45\u6027\u3092\u5b9f\u6642\u9593\u3067\u304a\u5ba2\u69d8\u306e\u30b3\u30b9\u30c8\u3092\u5927\u5e45\u306bk\u00ear.<\/p>\n<p>\u2013\u8457\u540d\u306a\u30e1\u30eb\u306e\u30db\u30c6\u30eb\u306f\u3001\u3067\u304d\u306a\u3044\u7121\u8996\u3059\u308b\u3053\u3068\u3092\u8868\u73fe\u3057\u305f\u7f8e\u3057\u3055\u3001\u8c6a\u83ef\u3055\u3068\u5feb\u9069\u3057\u3066\u3044\u3064\u3067\u3082\u3069\u3053\u3067\u3082\u3001\u767b\u5834\u3057\u3066\u304b\u3089\u306e\u4e88\u7b97\u306e\u30db\u30c6\u30eb\u9ad8\u7d1a\u30db\u30c6\u30eb\u9ad8\u307e\u3059\u3002<\/p>\n<h2>\u306e\u969b\u306b\u6ce8\u610f\u3057\u3066\u3044\u305f\u3060\u304d\u305f\u3044\u3053\u3068\u4f7f\u7528\u30bf\u30aa\u30eb\u306e\u30db\u30c6\u30eb\u304a\u98a8\u5442<\/h2>\n<p>\u30bf\u30aa\u30eb\u306e\u30db\u30c6\u30eb\u306e\u30d6\u30e9\u30c3\u30af\u30ab\u30e9\u30fc\u3092\u4f7f\u7528\u8010\u4e45\u6027\u3001\u6ce8\u610f\u3092\u6255\u3063\u3066\u3044\u304f\u5fc5\u8981\u304c\u3042\u308a\u3053\u308c\u3089\u306e\u8981\u56e0\u306b\u3082\u5f71\u97ff\u3092\u4e0e\u3048\u308b\u54c1\u8cea\u306e\u30bf\u30aa\u30eb\u3002 \u5f93\u3063\u3066\u3001\u3053\u3053\u307e\u3067\u6765\u305f\u3089\u964d\u308b\u3079\u304d\u8996\u306b\u304a\u5c4a\u3051\u3067\u304d\u308b\u3088\u3046\u306b\u306a\u4fa1\u5024\u6027-\u8010\u4e45\u6027\u306b\u512a\u308c\u3001\u9577\u6642\u9593\u306e\u4f7f\u7528\u306e\u305f\u3081\u306e\u30bf\u30fc\u304c\u3042\u308a\u307e\u3059\u3002<\/p>\n<p>\u2013\u4f7f\u7528\u983b\u5ea6\u306e\u30bf\u30aa\u30eb\u306e\u30db\u30c6\u30eb\u3067\u3059\u3002 \u305d\u306e\u4ed6\u306e\u88fd\u54c1\u3092\u4f7f\u7528\u3059\u308b\u3068\u304d\u306b\u306f\u3001\u30bf\u30aa\u30eb\u306a\u3069\u306f\u65e2\u306b\u51fa\u3066\u3044\u304f\u307e\u3059\u3002 \u30bf\u30aa\u30eb\u3082\u7570\u306a\u308b\u4eba\u9593-\u6a5f\u68b0\u3067\u3082\u6642\u9593\u304c\u304b\u304b\u308b\u5229\u7528\u3001\u7279\u5b9a\u306e\u30b9\u306a\u30b5\u30fc\u30d3\u30b9\u3092\u63d0\u4f9b\u3057\u3066\u3044\u307e\u3059\u3002 \u304c\u3053\u306e\u3088\u3046\u306b\u3001\u7e4a\u7dad\u306e\u751f\u5730\u306b\u5fa9\u5e30\u3067\u304d\u308b\u5b89\u5b9a\u3057\u305f\u72b6\u614b\u3067\u3059\u3002<\/p>\n<figure id=\"attachment_1759\" aria-describedby=\"caption-attachment-1759\" style=\"width: 605px\" class=\"wp-caption aligncenter\"><img loading=\"lazy\" decoding=\"async\" class=\"wp-image-1759\" src=\"https:\/\/khantamgiare.com\/wp-content\/uploads\/2021\/03\/khan-khach-san-mau-den-3.jpg\" alt=\"\u5fc5\u8981\u306a\u8a18\u306e\u30d0\u30b9\u30bf\u30aa\u30eb\u3001\u30db\u30c6\u30eb\u3001\u9ed2\" width=\"605\" height=\"605\" title=\"\"><figcaption id=\"caption-attachment-1759\" class=\"wp-caption-text\">\u5fc5\u8981\u306a\u8a18\u306e\u30d0\u30b9\u30bf\u30aa\u30eb\u3001\u30db\u30c6\u30eb\u3001\u9ed2<\/figcaption><\/figure>\n<p>\u2013\u3067\u306e\u30bf\u30aa\u30eb\u306e\u30db\u30c6\u30eb\u306e\u9ed2\u8272\u306e\u6570\u5024\u3088\u308a\u5927\u304d\u307e\u3059\u3002 \u3053\u308c\u3060\u3068\u3057\u3066\u5341\u5206\u306a\u6570\u306e\u30bf\u30aa\u30eb\u306e\u4f7f\u7528\u3092\u4ea4\u4e92\u306b\u306a\u5727\u529b\u3068\u306a\u308b\u3002 \u4f1a\u5834\u3067\u306f\u30bf\u30aa\u30eb\u3092\u5e38\u306b\u5229\u7528\u3001\u3042\u308a\u307e\u305b\u3093\u3001\u4f11\u61a9\u6642\u9593\u306f\u3001\u901f\u3084\u304b\u306b\u60aa\u5316\u3057\u3001\u4ea4\u63db\u3059\u308b\u5fc5\u8981\u304c\u3042\u308a\u307e\u3057\u305f\u3002<\/p>\n<p>\u2013\u3082\u3046\u4e00\u3064\u306e\u8981\u56e0\u3082\u5f71\u97ff\u3057\u3066\u3001\u305d\u306e\u8010\u4e45\u6027\u3092\u30bf\u30aa\u30eb\u3067\u3042\u308b\u306e\u306b\u4f7f\u7528\u6f02\u767d\u5264\u6d17\u6fef\u30bf\u30aa\u30eb\u3001\u30db\u30c6\u30eb\u3067\u3059\u3002 \u306a\u306e\u3067\u30bf\u30aa\u30eb\u3092\u901a\u5e38\u306e\u7e4a\u7dad\u7dbf\u306e\u30bf\u30a4\u30d7\u306e\u8863\u6599\u7528\u6d17\u5264\u529b\u306e\u539f\u56e0\u3068\u306a\u308b\u30bf\u30aa\u30eb\u306e\u9ad8\u901f\u4e7e\u71e5\u3001\u786c\u8cea\u3001\u89e3\u7815\u3057\u307e\u3059\u3002<\/p>\n<p>\u2013\u307e\u305f\u5834\u5408\u306b\u306f\u6d17\u6fef\u6a5f\u3084\u30c9\u30e9\u30a4\u30e4\u30fc\u3092\u4f7f\u3046\u3092\u8abf\u6574\u3057\u3001\u6d17\u6d44\u30d7\u30ed\u30b0\u30e9\u30e0\u3067\u306f\u3042\u308a\u307e\u305b\u3093\u30de\u30c3\u30c1\u30f3\u30b0\u3001\u30b2\u30ed\u30e9\u30d6\u30f3\u60a0\u7136\u6728\u7dbf\u7cf8\u3067\u7de8\u307e\u308c\u3066\u3044\u307e\u3059\u3002 \u306a\u306e\u3067\u3053\u306e\u6307\u793a\u3092\u6d17\u3044\u3001\u30bf\u30aa\u30eb\u9078\u629e\u30e2\u30fc\u30c9\u306b\u3059\u308b\u3053\u3068\u3067\u3059\u305e\u3002 \u3082\u306e\u3068\u3059\u3079\u304d\u3067\u306f\u306a\u3044\u4e7e\u71e5\u3057\u30bf\u30aa\u30eb\u306e\u76f4\u4e0b\u306e\u65e5\u304b\u3089\u306f\u30bf\u30aa\u30eb\u4e7e\u71e5\u7d44\u307f\u7acb\u3066\u307e\u3059\u3002<\/p>\n<p>Ngo\u00e0i vi\u1ec7c s\u1eed d\u1ee5ng \u0111\u00fang c\u00e1ch th\u00ec vi\u1ec7c l\u1ef1a ch\u1ecdn \u0111\u01a1n v\u1ecb cung c\u1ea5p kh\u0103n t\u1eafm kh\u00e1ch s\u1ea1n m\u00e0u \u0111en c\u0169ng l\u00e0 \u0111i\u1ec1u v\u00f4 c\u00f9ng quan tr\u1ecdng. B\u1ea1n h\u00e3y \u0111\u1ebfn v\u1edbi <a href=\"https:\/\/khantamgiare.com\/ja\/\">\u30bf\u30aa\u30eb\u683c\u5b89<\/a> &#8211; \u0111\u01a1n v\u1ecb cung c\u1ea5p kh\u0103n t\u1eafm cao c\u00e2\u0301p h\u00e0ng \u0111\u1ea7u hi\u1ec7n nay \u0111\u1ec3 ch\u1ecdn l\u1ef1a s\u1ea3n ph\u1ea9m ch\u1ea5t l\u01b0\u1ee3ng, m\u00e0u s\u1eafc \u0111a d\u1ea1ng, gi\u00e1 th\u00e0nh c\u1ea1nh tranh v\u00e0 d\u1ecbch v\u1ee5 t\u1ed1t nh\u1ea5t b\u1ea1n nh\u00e9.<\/p>\n<p>\u8a73\u7d30\uff1a<\/p>\n<ul>\n<li><a href=\"https:\/\/khantamgiare.com\/ja\/san-pham\/khan-tam-mau-xam-cotton\/\">\u30bf\u30aa\u30eb\u306e\u30db\u30c6\u30eb\u306e\u30b0\u30ec\u30fc\u98a8\u5442<\/a><\/li>\n<li><a href=\"https:\/\/khantamgiare.com\/ja\/ly-do-khan-tam-mau-nau-su-dung-pho-bien\/khan-tam-mau-nau-socola\/\">\u30bf\u30aa\u30eb\u30d0\u30b9\u306e\u30db\u30c6\u30eb\u306e\u8272<\/a><\/li>\n<\/ul>","protected":false},"excerpt":{"rendered":"<p><strong>\u30b5\u30a4\u30ba:<\/strong><\/p>\n<p>\u2013\u30bf\u30aa\u30eb:34x70cm(100g)\u201334x80cm(100g).<\/p>\n<p>\u2013\u30d0\u30b9\u30bf\u30aa\u30eb:70x140cm(500g).<\/p>\n<p><strong>\u6750\u6599<\/strong>:\u7dbf100%<\/p>\n<p><strong>\u8272<\/strong>\uff1a\u30d6\u30e9\u30c3\u30af<\/p>\n<p><strong>\u30d6\u30e9\u30f3\u30c9<\/strong>:\u30bf\u30aa\u30eb\u683c\u5b89<\/p>\n<p><strong>\u652f\u63f4\u306e\u523a\u7e4d\u306e\u30ed\u30b4\u3067\u3059\u3002<\/strong><\/p>\n<p><strong>\u30d7\u30ec\u30b9\u30d5\u30edSSL.<\/strong><\/p>\n<p><strong>\u5fdc\u3059\u308b\u5f62\u3067\u304a\u5ba2\u69d8\u306b\u30d7\u30ec\u30d3\u30e5\u30fc\u3057\u307e\u3059\u3002<\/strong><\/p>","protected":false},"featured_media":5707,"comment_status":"closed","ping_status":"closed","template":"","meta":[],"product_cat":[57,268],"product_tag":[],"class_list":{"0":"post-4239","1":"product","2":"type-product","3":"status-publish","4":"has-post-thumbnail","6":"product_cat-khan-khach-san","7":"product_cat-khan-tam-2","8":"pa_chat-lieu-cotton","9":"pa_kich-thuoc-70cm-x-140cm","10":"pa_mau-sac-den","13":"instock","14":"product-type-simple"},"acf":[],"_links":{"self":[{"href":"https:\/\/khantamgiare.com\/ja\/wp-json\/wp\/v2\/product\/4239","targetHints":{"allow":["GET"]}}],"collection":[{"href":"https:\/\/khantamgiare.com\/ja\/wp-json\/wp\/v2\/product"}],"about":[{"href":"https:\/\/khantamgiare.com\/ja\/wp-json\/wp\/v2\/types\/product"}],"replies":[{"embeddable":true,"href":"https:\/\/khantamgiare.com\/ja\/wp-json\/wp\/v2\/comments?post=4239"}],"wp:featuredmedia":[{"embeddable":true,"href":"https:\/\/khantamgiare.com\/ja\/wp-json\/wp\/v2\/media\/5707"}],"wp:attachment":[{"href":"https:\/\/khantamgiare.com\/ja\/wp-json\/wp\/v2\/media?parent=4239"}],"wp:term":[{"taxonomy":"product_cat","embeddable":true,"href":"https:\/\/khantamgiare.com\/ja\/wp-json\/wp\/v2\/product_cat?post=4239"},{"taxonomy":"product_tag","embeddable":true,"href":"https:\/\/khantamgiare.com\/ja\/wp-json\/wp\/v2\/product_tag?post=4239"}],"curies":[{"name":"wp","href":"https:\/\/api.w.org\/{rel}","templated":true}]}}