{"id":4258,"date":"2023-06-29T08:11:30","date_gmt":"2023-06-29T08:11:30","guid":{"rendered":"http:\/\/khantam.h193.dpsmedia.vn\/san-pham\/dong-phuc-spa-mau-xam\/"},"modified":"2023-07-23T17:43:36","modified_gmt":"2023-07-23T17:43:36","slug":"dong-phuc-spa-mau-xam","status":"publish","type":"product","link":"https:\/\/khantamgiare.com\/ja\/dong-phuc-spa-mau-xam\/","title":{"rendered":"\u30b9\u30d1\u30e6\u30cb\u30d5\u30a9\u30fc\u30e0\u30b0\u30ec\u30fc"},"content":{"rendered":"<p>\u4eca\u5fc5\u8981\u3068\u3059\u308b\u5834\u6240 <strong>\u30b9\u30d1\u30e6\u30cb\u30d5\u30a9\u30fc\u30e0\u30b0\u30ec\u30fc<\/strong> \u304c\u5897\u52a0\u3057\u3066\u3044\u307e\u3059\u3002 \u305d\u306e\u7406\u7531\u306f\u3001\u30c6\u30f3\u30d7\u30ec\u30fc\u30c8\u3001\u5747\u4e00\u3067\u306f\u3001\u30d9\u30fc\u30b9\u30b9\u30d1\u5927\u597d\u7269\u3002 \u306f\u308b\u7070\u8272\u306e\u4e00\u69d8\u53ce\u675f\u306e\u76f8\u9055\u304c\u591a\u304f\u306e\u30e6\u30cb\u30d5\u30a9\u30fc\u30e0\u307e\u3059\u3002<\/p>\n<p>\u672c\u7a3f\u3067\u306f\u3001\u30ab\u30c6\u30b4\u30ea\u5e55\u3044\u305f\u5f53\u793e\u306e\u5de5\u5834\u3067\u306f\u3001\u5747\u5378\u58f2\u4fa1\u683c\u9b45\u529b\u3067\u3059\u3002 \u6301\u3061\u306b\u591a\u304f\u306e\u6709\u7528\u306a\u60c5\u5831\u304c\u3042\u308a\u307e\u3059\u3002<\/p>\n<h2><strong>\u304c\u5747\u4e00\u306a\u30b0\u30ec\u30fc SLL\u306f\u3042\u308a\u307e\u305b\u3093\u304b\uff1f<\/strong><\/h2>\n<p>\u30b5\u30f3\u30d7\u30eb\u306e\u30b9\u30d1\u306e\u30e6\u30cb\u30d5\u30a9\u30fc\u30e0\u30b0\u30ec\u30fc\u306e\u30b9\u30d1\u65bd\u8a2d\u3002 \u5e73\u5747\u3001\u30b9\u30d1\u65bd\u8a2d\u304c\u5fc5\u8981\u306b\u6570\u5341\u2013\u6570\u767e\u3001\u6570\u591a\u304f\u306e\u7570\u306a\u308b\u30e6\u30cb\u30d5\u30a9\u30fc\u30e0. \u305d\u306e\u305f\u3081\u3001\u3054\u6ce8\u6587\u306e\u5834\u5408\u306f\u3001\u5236\u670d\u3001\u30b9\u30d1\u3001\u8cfc\u5165SLL. \u8cfc\u5165\u6642\u306b\u4ed8SLL\u306e\u591a\u304f\u5b9f\u8df5\u3002<\/p>\n<h3><strong>\u512a\u5f85\u4fa1\u683c<\/strong><\/h3>\n<p>\u304a\u5ba2\u69d8\u306e\u3054\u6ce8\u6587\u306e\u969b\u30e6\u30cb\u30d5\u30a9\u30fc\u30e0\u3067\u306e\u30ef\u30fc\u30af\u30b7\u30e7\u30c3\u30d7\u306e\u540d\u9580\u30e1\u30fc\u30ab\u30fc\u306e\u5e38\u3092\u697d\u3057\u3080\u3053\u3068\u304c\u3067\u304d\u308b\u6a5f\u4f1a\u3092\u63d0\u7af6\u4e89\u529b\u306e\u3042\u308b\u4fa1\u683c\u3067\u3059\u3002 \u6570\u91cf\u3092\u5927\u304d\u304f\u5272\u308a\u9b45\u529b\u7684\u3067\u3059\u3002 \u5404\u30e6\u30cb\u30c3\u30c8\u306e\u898b\u7a4d\u3082\u308a\u306f\u5225\u3082\u306e\u3067\u3059\u304c\u3001\u4e00\u822c\u7684\u306b\u3001\u3054\u6ce8\u610f\u304f\u3060\u3055SLL\u3001\u305d\u306e\u4fa1\u683c\u304c\u512a\u5148\u7684\u8cfc\u5165\u3092\u5c0f\u3067\u304d\u307e\u3059\u304b?<\/p>\n<p><img decoding=\"async\" class=\"aligncenter\" src=\"http:\/\/khantamgiare.com\/wp-content\/uploads\/2023\/06\/dong-phuc-spa.khannamphong4.jpg\" alt=\"\" title=\"\"><\/p>\n<p>\u304a\u5ba2\u69d8\u306e\u8cfc\u5165\u3001\u88fd\u54c1\u306e\u4fa1\u683c\u306f\u5de5\u5834\u3067\u3059\u3002 \u306e\u30b9\u30d1\u65bd\u8a2d\u306b\u304a\u3044\u3066\u975e\u5e38\u306b\u5927\u5207\u306a\u3082\u306e\u3092\u4fdd\u5b58\u3057\u3066\u3001\u76f8\u5f53\u306a\u8cc7\u91d1\u3082\u3042\u308a\u307e\u3059\u3002 \u306a\u304f\u901a\u904e\u3057\u306a\u3051\u308c\u3070\u306a\u3089\u306a\u4efb\u610f\u306e\u4e2d\u9593\u30e6\u30cb\u30c3\u30c8\u3059\u308b\u5fc5\u8981\u304c\u3042\u308a\u307e\u3059\u304c\u3001\u3059\u3050\u306b\u904e\u3054\u3059\u6642\u9593\u3092\u691c\u7d22\u3057\u3001\u9078\u3079\u308b\u5de5\u5834\u306e\u54c1\u8cea\u3067\u3059\u3002 \u56de\u304c\u30c1\u30e3\u30f3\u30b9\u3092\u79c1\u670d\u306e\u4fa1\u683c\u306f\u975e\u5e38\u306b\u9ad8\u3044\u3002<\/p>\n<h3><strong>\u7121\u6599\u523a\u7e4d\u30a8\u30f3\u30dc\u30b9\u30ed\u30b4\u00a0<\/strong><\/h3>\n<p>\u591a\u304f\u306e\u5927\u304d\u306a\u30d6\u30e9\u30f3\u30c9\u306e\u88fd\u9020\u3001\u5236\u670d\u3001\u30b9\u30d1\u3001\u30b0\u30ec\u30fc\u3001\u653f\u7b56\u306e\u81ea\u7531\u523a\u7e4d\u30a8\u30f3\u30dc\u30b9\u30ed\u30b4\u306b\u767a\u58f2\u3055\u308c\u308b\u3053\u3068\u304c\u6c7a\u307e\u3063\u305f\u3002 \u4f8b\u3048\u3070\u3001\u7537\u6027\u306e\u30b9\u30bf\u30a4\u30eb\u306e\u304a\u5ba2\u69d8\u304c\u3001\u5747\u4e00\u3067SLL\u3001\u7537\u6027\u306e\u30b9\u30bf\u30a4\u30eb\u3067\u3001\u653f\u7b56\u306e\u305f\u3081\u306e\u7121\u6599\u523a\u7e4d\u30d7\u30ec\u30b9\u52a0\u5de5\u307e\u3067\u304a\u308a\u307e\u3059\u3002<\/p>\n<p>\u5747\u4e00\u3067\u523a\u7e4d\u3057\u307e\u3057\u305f\u30a8\u30f3\u30dc\u30b9\u30ed\u30b4\u306b\u3088\u308a\u3001\u9ad8\u3044\u308b\u30d6\u30e9\u30f3\u30c9\u3002 \u3068\u306e\u6df7\u540c\u3092\u907f\u3051\u308b\u30b9\u30d1\u65bd\u8a2d\u3067\u3059\u3002<\/p>\n<h3><strong>\u9001\u6599\u7121\u6599<\/strong><\/h3>\n<p>\u4e00\u3064\u306e\u7279\u5178\u305d\u306e\u3082\u306e\u306b\u3064\u3044\u3066\u306f\u3001\u304a\u5ba2\u69d8\u3054\u308d\u307e\u3067\u306b\u53d7\u3051\u305f\u5834\u5408\u3001\u5236\u670d\u3001\u30b9\u30d1\u3001SLL\u306f\u7121\u6599\u3067\u3059\u3002 \u88fd\u54c1\u5f8c\u306b\u3064\u3044\u3066\u6559\u3048\u3066\u6b32\u3057\u3044\u3001\u4e01\u5be7\u306b\u68b1\u5305\u3057\u3001\u51fa\u8377\u306e\u4f4f\u6240\u306b\u306a\u308a\u307e\u3059\u3002 \u53d7\u3051\u53d6\u308a\u6642\u306b\u304a\u3044\u3066\u306e\u6a29\u5229\u3092\u58f2\u308a\u51fa\u3059\u524d\u306b\u30c1\u30a7\u30c3\u30af\u304a\u91d1\u3092\u6255\u3044\u307e\u3059\u3002<\/p>\n<p>\u305f\u5834\u5408\u3001\u88fd\u54c1\u4e0d\u826f\u306b\u3088\u308a\u3001\u30e1\u30fc\u30ab\u30fc\u3054\u9023\u7d61\u304f\u3060\u3055\u3044\u76f4\u3061\u306b\u30e6\u30cb\u30c3\u30c8\u751f\u7523\u306b\u5bfe\u5fdc\u3057\u3066\u89e3\u6c7a\u3057\u307e\u3059\u3002<\/p>\n<h2><strong>\u30ca\u30e0\u30cf\u30a4\u30d5\u30a9\u30f3\u2013\u5de5\u5834\u5236\u670d\u3001\u30b9\u30d1no. 1\u65e5\u00a0<\/strong><\/h2>\n<p>\u5e0c\u671b\u3055\u308c\u308b\u304a\u5ba2\u69d8\u306f\u672c\u7e2b\u88fd\u6a5f\u68b0\u3001\u5236\u670d\u3001\u30b9\u30d1\u306b\u3064\u3044\u3066\u306f\u3001\u30d6\u30e9\u30f3\u30c9\u306e\u5357\u30b9\u30bf\u30a4\u30eb\u3092\u304a\u9858\u3044\u3057\u307e\u3059\u3002 \u3053\u306e\u30d6\u30e9\u30f3\u30c9\u5c02\u9580\u306e\u751f\u7523\u304a\u3088\u3073\u5206\u5e03\u306e\u5747\u4e00\u306a\u54c1\u8cea\u3067\u3059\u3002<\/p>\n<p>\u65e5\u672c\u30ca\u30e0\u30cf\u30a4\u30d5\u30a9\u30f3\u7528\u306e\u30c6\u30f3\u30d7\u30ec\u30fc\u30c8\u3001\u5747\u4e00\u3067\u3001\u30b9\u30d1\u3001\u30b0\u30ec\u30fc\u306e\u304a\u5ba2\u69d8\u306b\u7c21\u5358\u306b\u53c2\u8003\u306b\u3059\u308b\u3002 \u307e\u305f\u3001\u591a\u304f\u306e\u30e2\u30c7\u30eb\u3067\u306f\u3001\u5747\u4e00\u306a\u3069\u304c\u3042\u306a\u305f\u3092\u5f85\u3063\u3066\u898b\u3089\u308c\u307e\u3059\u3002 \u9577\u5e74\u306e\u7d4c\u9a13\u304b\u3089\u3001\u73fe\u5728\u307e\u3067\u3001\u7537\u6027\u306f\u3068\u306a\u3063\u3066\u304a\u308a\u99b4\u67d3\u307f\u306e\u540d\u306f\u3001\u6570\u767e\u4e07\u306e\u304a\u5ba2\u69d8\u3078\u306e\u611b\u3067\u3059\u3002<\/p>\n<p><img loading=\"lazy\" decoding=\"async\" class=\"aligncenter\" src=\"https:\/\/khannamphong.vn\/wp-content\/uploads\/2019\/08\/5f14b9dd2b9accc4958b.jpg\" width=\"703\" height=\"1066\" alt=\"\" title=\"\"><\/p>\n<p>\u30ca\u30e0\u30cf\u30a4\u30d5\u30a9\u30f3\u3001\u9867\u5ba2\u306b\u5bfe\u3057\u3066\u3067\u306f\u306a\u304f\u3001\u5b9f\u7528\u7684\u3067\u3059\u3002 \u6bce\u306b\u3001\u79c1\u305f\u3061\u306f\u3001\u5e38\u306b\u30b1\u30a2\u306e\u653f\u7b56\u601d\u3044\u307e\u3059\u3002<\/p>\n<h2><strong>\u306e\u969b\u306b\u6ce8\u610f\u3057\u3066\u3044\u305f\u3060\u304d\u305f\u3044\u3053\u3068\u3001\u8863\u6599\u3001\u5236\u670d\u3001\u30b9\u30d1\u3001\u30b0\u30ec\u30fc\u3067\u30ca\u30e0\u30cf\u30a4\u30d5\u30a9\u30f3\u00a0<\/strong><\/h2>\n<h3><strong>\u7279\u5b9a\u306e\u30cb\u30fc\u30ba<\/strong><\/h3>\n<p>\u304a\u5ba2\u69d8\u306e\u5fc5\u8981\u3092\u6307\u5b9a\u3057\u3081\u307e\u3059\u3002 \u306b\u3088\u308b\u5747\u4e00\u306a\u30b0\u30ec\u30fc\u306e\u3082\u3064\u591a\u69d8\u306a\u30c7\u30b6\u30a4\u30f3\u8c4a\u304b\u306b\u3059\u308b\u3082\u306e\u3067\u3057\u305f\u3002 \u5404\u30aa\u30d6\u30b8\u30a7\u30af\u30c8\u30c6\u30f3\u30d7\u30ec\u30fc\u30c8\u30c7\u30b6\u30a4\u30f3\u3059\u308b\u306b\u306f\u5dee\u984d\u3092\u3044\u305f\u3060\u304d\u307e\u3059\u3002 \u4f8b\u3048\u3070\u3001\u30de\u30cd\u30fc\u30b8\u30e3\u30aa\u30d6\u30b8\u30a7\u30af\u30c8\u3001\u30b9\u30d1\u30e6\u30cb\u30d5\u30a9\u30fc\u30e0\u306b\u3066\u30aa\u30f3\u30e9\u30a4\u30f3\u3067\u691c\u7d22\u3057\u3001\u30dd\u30a4\u30f3\u30c8\u306e\u7d71\u4e00\u306e\u305f\u3081\u306e\u30de\u30c3\u30b5\u30fc\u30b8\u3092\u884c\u3044\u307e\u3059\u3002<\/p>\n<p>\u3053\u306e\u30b9\u30d1\u65bd\u8a2d\u304c\u304a\u5357\u30b9\u30bf\u30a4\u30eb\u3001\u304a\u5ba2\u3055\u307e\u306b\u3066\u3054\u8ca0\u62c5\u304f\u3060\u3055\u3044\u3081\u307e\u3059\u3002 \u5fc5\u8981\u306a\u3082\u306e\u306e\u305f\u3081\u306eany\u30aa\u30d6\u30b8\u30a7\u30af\u30c8? \u3042\u306a\u305f\u306f\u3001\u304a\u554f\u3044\u5408\u308f\u305b\u306f\u3001\u3053\u306e\u554f\u984c\u306e\u3067\u3054\u5b89\u5fc3\u304f\u3060\u3055\u3044\u304a\u554f\u3044\u5408\u308f\u305b\u4e0b\u3055\u3044\u30ca\u30e0\u30cf\u30a4\u30d5\u30a9\u30f3\u5bfe\u5fdc\u3067\u304d\u307e\u3059\u3002<\/p>\n<h3><strong>\u6750\u6599\u306e\u9078\u629e\u00a0<\/strong><\/h3>\n<p>\u7537\u6027\u306e\u30b9\u30bf\u30a4\u30eb\u304c\u591a\u304f\u306e\u6750\u6599\u3092\u5747\u4e00\u306b\u3057\u3001\u30b9\u30b9\u30d1\u304c\u3042\u308a\u307e\u3059\u3002 \u7a2e\u985e\u304b\u3089\u304a\u9078\u3073\u3044\u305f\u3060\u304d\u6750\u6599\u3068\u3057\u3066\u671b\u307e\u3057\u3044\u3002 \u305d\u306e\u7537\u3092\u884c\u3046\u3082\u306e\u3068\u3057\u3066\u5fc5\u8981\u3067\u3059\u3002<\/p>\n<p><img decoding=\"async\" class=\"aligncenter\" src=\"http:\/\/khantamgiare.com\/wp-content\/uploads\/2023\/06\/dong-phuc-spa.khannamphong6-1.jpg\" alt=\"\" title=\"\"><\/p>\n<p>\u591a\u304f\u306e\u4eba\u304c\u8a2a\u308c\u305f\u30e2\u30b6\u30a4\u30af\u6a19\u6e96\u7269\u8cea\u306e\u7dbf\u306e\u5bd2\u3044\u3067\u3059\u3002 \u3053\u306e\u7d20\u6750\u306f\u67d4\u3089\u304b\u304f\u3001\u51b7\u305f\u3044\u3001\u81ea\u7136\u5438\u53ce\u529b\u3067\u5b89\u5168\u306a\u4eba\u9593\u306e\u76ae\u819a\u306a\u3069\u3067\u3059\u3002<\/p>\n<h3><strong>\u5b66\u7fd2\u30b9\u30bf\u30a4\u30ea\u30f3\u30b0\u30c7\u30b6\u30a4\u30f3<\/strong><\/h3>\n<p>\u3054\u6ce8\u6587\u3044\u305f\u3060\u304f\u3068\u3001\u30b9\u30d1\u30e6\u30cb\u30d5\u30a9\u30fc\u30e0\u306e\u30b0\u30ec\u30fc\u306b\u4ee5\u4e0b\u306e\u304a\u7533\u3057\u8fbc\u307f\u30d5\u30a9\u30fc\u30e0\u30b3\u30fc\u30c8\u30d1\u30bf\u30fc\u30f3\u3067\u3086\u3063\u305f\u308a\u30ba\u30dc\u30f3\u30b3\u30fc\u30c8\u30d1\u30bf\u30fc\u30f3\u2013\u30b9\u30ab\u30fc\u30c8\u306e\u7d44\u307f\u5408\u308f\u305b\u30c9\u30ec\u30b9\u30d1\u30bf\u30fc\u30f3\u306b\u95a2\u9023\u3059\u3002 \u5404\u30b9\u30bf\u30a4\u30eb\u306e\u7570\u306a\u308b\u512a\u4f4d\u6027\u306b\u57fa\u3065\u3044\u3066\u5404\u30aa\u30d6\u30b8\u30a7\u30af\u30c8\u3067\u3059\u3002<\/p>\n<p>\u8cea\u554f\u672c\u88fd\u54c1\u306b\u3064\u3044\u3066\u3054\u9023\u7d61\u304f\u3060\u3055\u3044\u30db\u30c3\u30c8\u30e9\u30a4\u30f3\u756a\u53f7\u306e\u7537\u6027\u3067\u3059\u3002 \u30c1\u30fc\u30e0\u306b\u306f\u30ab\u30a6\u30f3\u30bb\u30e9\u30fc\u3001\u71b1\u5fc3\u3055\u3001\u601d\u3044\u3084\u308a\u3001\u3044\u3064\u3082\u5099\u3048\u3066\u304a\u308a\u307e\u3059\u3002<\/p>\n<p>\u3068\u3044\u3046\u304a\u5ba2\u69d8\u3078\u306e\u88fd\u54c1\u306f\u771f\u7406\u5024\u5b9f\u306f\u3001\u7537\u6027\u306b\u304a\u3044\u3066\u3001\u5e38\u306b\u6539\u5584\u3001\u5411\u4e0a\u3001\u54c1\u8cea\u306e\u30b5\u30fc\u30d3\u30b9\u3067\u3059\u3002 \u5e0c\u671b\u3059\u3050\u306b\u304a\u8fce\u3048\u3068\u3001\u304a\u5ba2\u69d8\u306b\u9577\u3044\u6642\u9593\u304c\u304b\u304b\u308a\u307e\u3059\u3002 \u3054\u62dd\u8aad\u3044\u305f\u3060\u304d\u3042\u308a\u304c\u3068\u3046\u3054\u3056\u3044\u3063\u3066\u904e\u3054\u3057\u305f\u6642\u9593\u3092\u8ffd\u8de1\u3057\u307e\u3059\u3002<\/p>","protected":false},"excerpt":{"rendered":"<p>Hi\u1ec7n nay nhu c\u1ea7u t\u00ecm \u0111\u1eb7t \u0111\u1ed3ng ph\u1ee5c spa m\u00e0u x\u00e1m \u0111ang ng\u00e0y m\u1ed9t t\u0103ng cao. L\u00fd do b\u1edfi, m\u1eabu \u0111\u1ed3ng ph\u1ee5c n\u00e0y \u0111\u01b0\u1ee3c r\u1ea5t nhi\u1ec1u c\u00e1c c\u01a1 s\u1edf spa y\u00eau th\u00edch. Kh\u00f4ng ch\u1ec9 c\u00f3 t\u00ednh th\u1ea9m m\u1ef9 cao, \u0111\u1ed3ng ph\u1ee5c m\u00e0u x\u00e1m h\u1ed9i t\u1ee5 nhi\u1ec1u \u0111i\u1ec3m kh\u00e1c bi\u1ec7t so v\u1edbi c\u00e1c m\u1eabu \u0111\u1ed3ng ph\u1ee5c th\u00f4ng th\u01b0\u1eddng. Trong b\u00e0i vi\u1ebft h\u00f4m nay, chuy\u00ean m\u1ee5c s\u1ebd b\u1eadt m\u00ed cho b\u1ea1n x\u01b0\u1edfng s\u1ea3n xu\u1ea5t \u0111\u1ed3ng ph\u1ee5c gi\u00e1 s\u1ec9 h\u1ea5p d\u1eabn. Hy v\u1ecdng mang \u0111\u1ebfn nhi\u1ec1u th\u00f4ng tin b\u1ed5 \u00edch. C\u00f3 n\u00ean \u0111\u1eb7t may \u0111\u1ed3ng ph\u1ee5c m\u00e0u x\u00e1m SLL hay kh\u00f4ng? M\u1eabu \u0111\u1ed3ng ph\u1ee5c spa m\u00e0u x\u00e1m \u0111ang \u0111\u01b0\u1ee3c c\u00e1c c\u01a1 s\u1edf spa &hellip; <a href=\"https:\/\/khantamgiare.com\/ja\/dong-phuc-spa-mau-xam\/\" class=\"more-link\">Continue reading <span class=\"screen-reader-text\">\u30b9\u30d1\u30e6\u30cb\u30d5\u30a9\u30fc\u30e0\u30b0\u30ec\u30fc<\/span><\/a><\/p>","protected":false},"featured_media":5790,"comment_status":"closed","ping_status":"open","template":"","meta":[],"product_cat":[61,62,73],"product_tag":[],"class_list":{"0":"post-4258","1":"product","2":"type-product","3":"status-publish","4":"has-post-thumbnail","6":"product_cat-dong-phuc-spa","7":"product_cat-ky-thuat-vien","8":"product_cat-le-tan","9":"pa_chat-lieu-cotton","10":"pa_chat-lieu-cotton-japan","11":"pa_mau-sac-xam","14":"instock","15":"product-type-simple"},"acf":[],"_links":{"self":[{"href":"https:\/\/khantamgiare.com\/ja\/wp-json\/wp\/v2\/product\/4258","targetHints":{"allow":["GET"]}}],"collection":[{"href":"https:\/\/khantamgiare.com\/ja\/wp-json\/wp\/v2\/product"}],"about":[{"href":"https:\/\/khantamgiare.com\/ja\/wp-json\/wp\/v2\/types\/product"}],"replies":[{"embeddable":true,"href":"https:\/\/khantamgiare.com\/ja\/wp-json\/wp\/v2\/comments?post=4258"}],"wp:featuredmedia":[{"embeddable":true,"href":"https:\/\/khantamgiare.com\/ja\/wp-json\/wp\/v2\/media\/5790"}],"wp:attachment":[{"href":"https:\/\/khantamgiare.com\/ja\/wp-json\/wp\/v2\/media?parent=4258"}],"wp:term":[{"taxonomy":"product_cat","embeddable":true,"href":"https:\/\/khantamgiare.com\/ja\/wp-json\/wp\/v2\/product_cat?post=4258"},{"taxonomy":"product_tag","embeddable":true,"href":"https:\/\/khantamgiare.com\/ja\/wp-json\/wp\/v2\/product_tag?post=4258"}],"curies":[{"name":"wp","href":"https:\/\/api.w.org\/{rel}","templated":true}]}}