{"id":4284,"date":"2023-06-29T08:13:31","date_gmt":"2023-06-29T08:13:31","guid":{"rendered":"http:\/\/khantam.h193.dpsmedia.vn\/san-pham\/dong-phuc-spa-mau-hong\/"},"modified":"2023-07-23T17:43:38","modified_gmt":"2023-07-23T17:43:38","slug":"dong-phuc-spa-mau-hong","status":"publish","type":"product","link":"https:\/\/khantamgiare.com\/ja\/dong-phuc-spa-mau-hong\/","title":{"rendered":"\u30b9\u30d1\u30e6\u30cb\u30d5\u30a9\u30fc\u30e0\u30d4\u30f3\u30af"},"content":{"rendered":"<p>\u30c8\u30c3\u30d73\u306e\u30c6\u30f3\u30d7\u30ec\u30fc\u30c8 <strong>\u30b9\u30d1\u30e6\u30cb\u30d5\u30a9\u30fc\u30e0\u30d4\u30f3\u30af<\/strong> \u30ba2021\u5e74\u307e\u3067\u3054\u7d39\u4ecb\u3057\u307e\u3059\u3002 \u3053\u306e\u30c6\u30f3\u30d7\u30ec\u30fc\u30c8\u306f\u3001\u6570\u767e\u4e07\u306e\u304a\u5ba2\u69d8\u304b\u3089\u611b\u3055\u308c\u308b\u8272\u306f\u3001\u73fe\u4ee3\u306e\u30b9\u30bf\u30a4\u30eb\u306e\u7e4a\u7d30\u306a\u30c7\u30b6\u30a4\u30f3\u3002 \u305d\u306e\u6642\u306e\u8a73\u7d30\u306b\u3064\u3044\u3066\u30e6\u30cb\u30d5\u30a9\u30fc\u30e0\u306e\u3053\u306e\u8a18\u4e8b\u306f\u3053\u3061\u3089\u3002<\/p>\n<h2><strong>\u30c8\u30c3\u30d73\u306e\u30e2\u30c7\u30eb\u3067\u306f\u3001\u5236\u670d\u3001\u30b9\u30d1\u306f\u30d4\u30f3\u30af\u306e\u54c1\u8cea<\/strong><\/h2>\n<h3><strong>\u30b5\u30f3\u30d7\u30eb\u306e\u30b9\u30d1\u30e6\u30cb\u30d5\u30a9\u30fc\u30e0\u3001\u30d4\u30f3\u30af\u306eV\u30cd\u30c3\u30af\u00a0<\/strong><\/h3>\n<p>\u30c6\u30f3\u30d7\u30ec\u30fc\u30c8\u3001\u5747\u4e00\u306aV\u30cd\u30c3\u30af\u304c\u6700\u3082\u591a\u304f\u4f7f\u7528\u3055\u308c\u3066\u3044\u307e\u3059\u3002 \u7279\u6027\u306e\u88fd\u54c1\u304c\u8a2d\u8a08\u306eV\u5b57\u578b\u306e\u7279\u5fb4\u3067\u3059\u3002 \u3057\u3070\u3057\u3070\u3001\u30e2\u30c7\u30eb\u3001\u5747\u4e00\u3067\u3001\u3042\u3089\u304b\u3058\u3081\u7d44\u307f\u8fbc\u307e\u308c\u3066\u3044\u308b\u30aa\u30d6\u30b8\u30a7\u30af\u30c8\u3067\u306f\u80cc\u306e\u9ad8\u3044\u5f93\u696d\u54e1\u3084\u30d1\u30fc\u30c4\u306e\u88fd\u54c1\u306b\u3082\u5f79\u7acb\u3064\u6280\u8853\u3067\u3059\u3002<\/p>\n<p><img loading=\"lazy\" decoding=\"async\" class=\"aligncenter\" src=\"http:\/\/khantamgiare.com\/wp-content\/uploads\/2023\/06\/1cae50e3f0a017fe4eb1.jpg\" width=\"637\" height=\"464\" alt=\"\" title=\"\"><\/p>\n<h3><strong>\u30b5\u30f3\u30d7\u30eb\u306e\u30b9\u30d1\u30e6\u30cb\u30d5\u30a9\u30fc\u30e0\u30d4\u30f3\u30afbuttoned\u00a0<\/strong><\/h3>\n<p>\u30b5\u30f3\u30d7\u30eb\u306e\u30b9\u30d1\u30e6\u30cb\u30d5\u30a9\u30fc\u30e0\u30c8\u30dc\u30bf\u30f3\u304b\u306a\u304b\u99b4\u67d3\u307f\u306e\u306a\u3044\u306f\u307e\u308b\u306e\u3067\u306f\u306a\u3044\u3067\u3057\u3087\u3046\u304b\u3002 \u306e\u30b9\u30d1\u65bd\u8a2d\u3001\u5e0c\u671b\u306e\u691c\u7d22\u306e\u305f\u3081\u306e\u30e2\u30c7\u30eb\u3067\u306f\u3001\u5747\u4e00\u306b\u3001\u30f4\u30a3\u30f3\u30c6\u30fc\u30b8\u306e\u4f1d\u7d71\u7684\u306a\u30d1\u30bf\u30fc\u30f3\u3092\u5747\u4e00\u306b\u3057\u3001buttoning\u306e\u8ad6\u7406\u7684\u306a\u9078\u629e\u3067\u3059\u3002<\/p>\n<p>\u305d\u306e\u540d\u306e\u901a\u308a\u3001\u30c6\u30f3\u30d7\u30ec\u30fc\u30c8\u3001\u5747\u4e00\u306b\u3001\u3053\u306e\u30b7\u30b9\u30c6\u30e0\u3092\u8a2d\u7f6e\u3057\u3066\u3044\u308b\u30dc\u30bf\u30f3\u306e\u670d\u3002 \u3053\u306e\u76ee\u7684\u306f\u3001\u30de\u30a6\u30f3\u30c8\u306b\u3064\u3044\u670d\u3092\u5de6\u53f3\u306b\u96c6\u307e\u308a\u3001\u56fa\u5b9a\u30d5\u30a9\u30fc\u30e0\u3002 \u3053\u306e\u7e2b\u88fd\u306b\u9069\u3057\u3066\u591a\u304f\u306e\u6697\u9ed2\u30aa\u30d6\u30b8\u30a7\u30af\u30c8\u3067\u306f\u3001\u7ba1\u7406\u30b9\u30bf\u30c3\u30d5\u3001\u30d5\u30ed\u30f3\u30c8\u30b9\u30bf\u30c3\u30d5\u307e\u305f\u306f\u6280\u8853\u8005\u306e\u30de\u30c3\u30b5\u30fc\u30b8\u3067\u53d6\u5f97\u3057\u307e\u3059\u3002<\/p>\n<p><img loading=\"lazy\" decoding=\"async\" class=\"aligncenter\" src=\"http:\/\/khantamgiare.com\/wp-content\/uploads\/2023\/06\/DP-hong-den3.jpg\" alt=\"\u30b9\u30d1\u30e6\u30cb\u30d5\u30a9\u30fc\u30e0\u7dbf\u30d4\u30f3\u30af-\u30d6\u30e9\u30c3\u30af\" width=\"592\" height=\"455\" title=\"\"><\/p>\n<h3><strong>\u30b5\u30f3\u30d7\u30eb\u306e\u30b9\u30d1\u30e6\u30cb\u30d5\u30a9\u30fc\u30e0\u306e\u30af\u30ed\u30b9\u30c9\u30ec\u30b9\u00a0<\/strong><\/h3>\n<p>\u8a55\u4fa1\u30e2\u30c7\u30eb\u3068\u3057\u3066\u3001\u5747\u4e00\u3067\u3001\u591a\u304f\u306e\u30af\u30ea\u30a8\u30a4\u30c6\u30a3\u30d6-\u30c7\u30b6\u30a4\u30f3\u3084\u72ec\u7279\u306e\u30d1\u30bf\u30fc\u30f3\u3092\u5747\u4e00\u306b\u30af\u30ed\u30b9\u30c9\u30ec\u30b9\u3092\u9078\u629e\u3057\u307e\u3057\u305f\u3002 \u306e\u7d44\u307f\u5408\u308f\u305b\u306e\u30b9\u30bf\u30a4\u30eb\u30c7\u30b6\u30a4\u30f3\u3001\u4f1d\u7d71\u308a\u307e\u3059\u3002 \u88fd\u54c1\u3092\u5f62\u30c7\u30b6\u30a4\u30f3\u9996\u66f8V.\u3057\u304b\u3057\u3001\u591a\u304f\u306e\u30c9\u30ec\u30b9\u306b\u304a\u3044\u3066\u30ea\u30fc\u30c0\u30fc\u30b7\u30c3\u30d7\u306e\u306a\u3051\u308c\u3070\u306a\u3089\u306a\u3044\u3068\u601d\u3044\u307e\u3059\u3002<\/p>\n<p>\u670d\u8005\u306b\u8a2d\u8a08\u3055\u308c\u306a\u3051\u308c\u3070\u306a\u3089\u306a\u30af\u30ed\u30b9\u3059\u3079\u3066\u306b\u304a\u3044\u3066\u7406\u7531\u304c\u3042\u308a\u307e\u3059\u3002 \u306e\u4ea4\u5dee\u70b9\u306f\u4f55\u306e\u56fa\u5b9a\u3001\u53d6\u308a\u5916\u3057\u3067\u304d\u307e\u3059\u3002 \u3053\u306e\u9b45\u529b\u7684\u306a\u30cf\u30a4\u30e9\u30a4\u30c8\u306e\u5168\u4f53\u306e\u88fd\u54c1\u3001\u30e6\u30cb\u30d5\u30a9\u30fc\u30e0\u3092\u3088\u308a\u8c6a\u83ef\u3067\u3059\u3002<\/p>\n<h2><strong><img loading=\"lazy\" decoding=\"async\" class=\"aligncenter\" src=\"http:\/\/khantamgiare.com\/wp-content\/uploads\/2023\/06\/14d82069c64622187b57-logo.jpg\" width=\"661\" height=\"524\" alt=\"\" title=\"\"><\/strong><\/h2>\n<h2><strong>\u6ce8\u30e6\u30cb\u30d5\u30a9\u30fc\u30e0-\u30b9\u30d1\u306f\u30d4\u30f3\u30af\u306e\u4eca\u304c\u6700\u826f\u3067\u3057\u3087\u3046\u304b\u3002\u00a0<\/strong><\/h2>\n<p>\u3054\u5e0c\u671b\u306e\u8cfc\u5165\u30e6\u30cb\u30d5\u30a9\u30fc\u30e0\u3001\u30b9\u30d1\u30e6\u30cb\u30d5\u30a9\u30fc\u30e0\u3082\u30d5\u30ec\u30c3\u30c8\u65b9\u6cd5\u3092\u77e5\u3089\u306a\u3044\u304c\u9078\u3079\u307e\u3059\u3002 \u305d\u306e\u5834\u5408\u3001\u3057\u3066\u304f\u3060\u3055\u3044\u6642\u9593\u3092\u77e5\u308b\u30d6\u30e9\u30f3\u30c9\u30b9\u30bf\u30a4\u30eb\u3067\u3059\u3002<\/p>\n<p>\u3053\u306e\u30b3\u30f3\u30c8\u30ed\u30fc\u30eb\u30d1\u30cd\u30eb\u306f\u4eca\u65e5\u3001\u304a\u3088\u3073\u305d\u306e\u88fd\u9020\u306e\u30e2\u30c7\u30eb\u3067\u306f\u3001\u5236\u670d\u3001\u30b9\u30d1\u3002 \u65e5\u672c\u30ca\u30e0\u30cf\u30a4\u30d5\u30a9\u30f3\u3001\u591a\u304f\u306e\u30d1\u30bf\u30fc\u30f3\u30d4\u30f3\u30af\u8272\u306e\u5236\u670d\u3092\u304a\u5ba2\u69d8\u306b\u6e80\u8db3\u3057\u3066\u5b66\u3073\u3001\u4f53\u9a13\u3067\u3059\u3002<\/p>\n<p>\u307e\u305f\u3001\u30c6\u30f3\u30d7\u30ec\u30fc\u30c8\u3001\u5747\u4e00\u3067\u3001\u30b9\u30d1\u3001\u30d4\u30f3\u30af\u3001\u7537\u6027\u306e\u30b9\u30bf\u30a4\u30eb\u3001\u305d\u306e\u4ed6\u306e\u30e6\u30cb\u30d5\u30a9\u30fc\u30e0\u305d\u306e\u4ed6\u591a\u69d8\u306a\u7d20\u6750\u3068\u30ab\u30e9\u30fc\u306b\u306a\u308a\u307e\u3059\u3002 \u304b\u3089\u9078\u629e\u30ca\u30e0\u30cf\u30a4\u30d5\u30a9\u30f3\u3001\u9867\u5ba2\u306b\u5bfe\u3057\u3066\u305f\u304f\u3055\u3093\u306e\u9b45\u529b\u3042\u308b\u3002 \u3082\u305f\u3089\u3059\u3053\u3068\u3092\u7d04\u675f\u591a\u304f\u306e\u8208\u5473\u6df1\u3044\u4f53\u9a13\u3067\u3059\u3002<\/p>\n<h2><strong>\u306e\u304a\u5ba2\u69d8\u00a0<\/strong><\/h2>\n<h3><strong>\u512a\u5f85\u6599\u91d1<\/strong><\/h3>\n<p>\u5f53\u5de5\u5834\u306e\u4e3b\u6a29\u5a01\u306e\u3042\u308b\u30d9\u30c8\u30ca\u30e0\u3067\u306f\u3001\u30b9\u30bf\u30a4\u30eb\u304c\u591a\u304f\u305d\u306e\u4ed6\u306e\u30d6\u30e9\u30f3\u30c9\u3002 \u6ce8\u30e6\u30cb\u30d5\u30a9\u30fc\u30e0\u3067Nam Phong,\u306a\u3044\u304a\u5ba2\u69d8\u304c\u5fc5\u8981\u3068\u306a\u308b\u3001\u4e2d\u9593\u30e6\u30cb\u30c3\u30c8\u3002 \u304d\u3092\u697d\u3057\u3080\u3053\u3068\u304c\u3067\u304d\u308b\u6a5f\u4f1a\u3092\u63d0\u5143\u306e\u4fa1\u683c\u306f\u5de5\u5834\u3067\u3059\u3002<\/p>\n<p>\u539f\u4fa1\u683c\u3067\u306e\u30ef\u30fc\u30af\u30b7\u30e7\u30c3\u30d7\u3092\u4fdd\u5b58\u3059\u306b\u306f\u76f8\u5f53\u306e\u8cc7\u91d1\u3082\u3042\u308a\u307e\u3059\u3002 \u307e\u305f\u3001\u524a\u6e1b\u306e\u624b\u9593\u3084\u30ea\u30b9\u30af\u30d7\u30e9\u30a4\u30d9\u30fc\u30c8\u30d3\u30fc\u30c1\u304c\u3042\u308a\u3059\u308b\u3053\u3068\u306e\u3067\u304d\u308b \u5834\u5408\u306f\u3001\u9078\u629e\u3057\u305f\u30e6\u30cb\u30c3\u30c8\u6642\u9001\u6599\u54c1\u306a\u3069\u306e\u5546\u54c1\u4fa1\u683c\u306f\u901a\u5e38\u9ad8\u3044\u3067\u3059\u3002<\/p>\n<h3><strong>\u54c1\u8cea\u3078\u306e\u3053\u3060\u308f\u308a\u306e\u88fd\u54c1\u00a0<\/strong><\/h3>\n<p>\u7537\u6027\u3068\u54c1\u8cea\u3078\u306e\u3053\u3060\u308f\u308a\u306e\u88fd\u54c1\u306f\u3001\u660e\u78ba\u3067\u900f\u660e\u6027\u306e\u9ad8\u3044\u3082\u306e\u3067\u3059\u3002 \u3092\u8a2d\u7f6e\u3057\u305f\u5834\u5408\u306b\u306f\u8863\u6599\u3001\u5236\u670d\u3001\u30b9\u30d1\u306f\u30d4\u30f3\u30af\u3067\u30ca\u30e0\u30cf\u30a4\u30d5\u30a9\u30f3\u3001\u307e\u305f\u6838\u78c1\u6c17\u5171\u9cf4\u30a4\u30e1\u30fc\u30b8\u30f3\u30b0\u30b7\u30b9\u30c6\u30e0\u304a\u77e5\u3089\u305b\u306e\u8a73\u7d30\u306e\u3059\u3079\u3066\u306e\u60c5\u5831\u306b\u95a2\u3059\u308b\u88fd\u54c1\u3067\u3059\u3002 \u3069\u3093\u306a\u60c5\u5831\u304c\u7537\u6027\u306e\u30b7\u30a7\u30a2\u76f8\u8ac7\u3057\u3066\u306f\u5f53\u793e\u304c\u8cac\u4efb\u3092\u8ca0\u3044\u307e\u3059\u3002<\/p>\n<p><img loading=\"lazy\" decoding=\"async\" class=\"aligncenter\" src=\"http:\/\/khantamgiare.com\/wp-content\/uploads\/2023\/06\/dp-sika-spa1.jpg\" width=\"520\" height=\"732\" alt=\"\" title=\"\"><\/p>\n<p>\u3092\u53d7\u3051\u308b\u3068\u304d\u54c1\u306e\u5834\u5408\u306b\u306f\u3001\u304a\u5ba2\u69d8\u304c\u4e0d\u826f\u54c1\u306e\u30e1\u30fc\u30ab\u30fc\u3067\u3059\u3002 \u307e\u305f\u306f\u88fd\u54c1\u306e\u6b63\u3057\u304f\u306a\u3044\u3068\u3057\u3066\u3044\u3066\u3001\u72af\u306e\u7537\u6027\u30b9\u30bf\u30a4\u30eb\u306e\u8cac\u4efb\u3067\u51e6\u6700\u3082\u65e9\u3044\u307e\u3059\u3002<\/p>\n<h3><strong>\u652f\u63f4\u30b5\u30fc\u30d3\u30b9\u306e\u523a\u7e4d\u30a8\u30f3\u30dc\u30b9\u30ed\u30b4\u00a0<\/strong><\/h3>\n<p>\u3092\u8a2d\u7f6e\u3057\u305f\u5834\u5408\u306b\u306f\u8863\u6599\u3001\u5236\u670d\u3001\u30b9\u30d1\u3001\u30ca\u30e0\u30cf\u30a4\u30d5\u30a9\u30f3\u3092\u5fdc\u63f4\u3057\u3066\u523a\u7e4d\u30a8\u30f3\u30dc\u30b9\u30ed\u30b4\u304a\u308a\u307e\u3059\u3002 \u5834\u5408\u306f\u304a\u5ba2\u69d8\u306e\u8981\u6c42\u3001\u7537\u6027\u306e\u30b9\u30bf\u30a4\u30eb\u3092\u5c55\u958b\u3059\u3050\u306b\u3059\u3079\u3066\u306e\u30e2\u30c7\u30eb\u306b\u53d7\u6ce8\u3059\u3002 \u4e00\u62ec\u53d7\u6ce8\u3057\u3001\u653f\u7b56\u306e\u7121\u6599\u30b5\u30fc\u30d3\u30b9<\/p>\n<p>\u3046\u304a\u5ba2\u69d8\u306b\u3088\u308b\u30e1\u30ea\u30c3\u30c8\u306f\u591a\u3044\u306e\u3067\u306f\u7537\u6027\u3067\u3059\u3002 \u307e\u305f\u3001\u7537\u6027\u306e\u30b9\u30bf\u30a4\u30eb\u652f\u63f4\u30b5\u30fc\u30d3\u30b9\u306a\u3069\u3092\u6700\u77ed\u306e\u6642\u9593\u3002 \u304a\u652f\u6255\u3044\u65b9\u6cd5\u3001\u6700\u9069\u306a\u4fdd\u5b58\u3057\u307e\u3059\u3002<\/p>\n<h3><strong>\u30d7\u30ed\u30d5\u30a7\u30c3\u30b7\u30e7\u30ca\u30eb\u306a\u30b5\u30fc\u30d3\u30b9\u00a0<\/strong><\/h3>\n<p>\u30c1\u30fc\u30e0\u306e\u4e2d\u3067\u306e\u71b1\u72c2\u7684\u306a\u30b3\u30f3\u30b5\u30eb\u30bf\u30f3\u30c8\u3001\u601d\u616e\u6df1\u304f\u3001\u3059\u3079\u3066\u306e\u3054\u8cea\u554f\u306b\u95a2\u9023\u30e6\u30cb\u30d5\u30a9\u30fc\u30e0\u3001\u30b9\u30d1\u30e6\u30cb\u30d5\u30a9\u30fc\u30e0\u3059\u308b\u8fc5\u901f\u304b\u3064\u826f\u597d\u3067\u3059\u3002 \u304a\u5ba2\u69d8\u306e\u307f\u306e\u3054\u9023\u7d61\u304c\u5fc5\u8981\u3068\u306e\u30db\u30c3\u30c8\u30e9\u30a4\u30f3\u756a\u53f7\u63a2\u3057\u3082\u3001\u4e88\u7d04\u3082\u3001\u652f\u6255\u3082\u3001\u5168\u90e8\u53d6\u5f97\u3059\u308bNam Phong\u8033\u3092\u50be\u3051\u3001\u5fdc\u63f4\u3057\u305f\u3044\u3068\u8003\u3048\u3066\u3044\u307e\u3059\u3002<\/p>\n<p>\u30af\u30e9\u30a4\u30a2\u30f3\u30c8\u306f\u304a\u3057\u3066\u306e\u54c1\u8cea\u306e\u30b5\u30fc\u30d3\u30b9\u306a\u3069\u306e\u59ff\u52e2\u306b\u304a\u5ba2\u69d8\u306b\u306f\u3001\u30e1\u30fc\u30eb\u306b\u30ca\u30e0\u30cf\u30a4\u30d5\u30a9\u30f3\u7d4c\u7531\u3067\u30db\u30c3\u30c8\u30e9\u30a4\u30f3\u307e\u305f\u306f\u30c1\u30e3\u30cd\u30eb\u305d\u306e\u4ed6\u306e\u30a2\u30d7\u30ed\u30fc\u30c1\u3002 \u304a\u53d7\u3051\u3057\u3066\u4fee\u6b63\u3002<\/p>\n<p>\u4e0a\u8a18\u306b\u95a2\u3059\u308b\u60c5\u5831\u306e\u30b9\u30d1\u30e6\u30cb\u30d5\u30a9\u30fc\u30e0\u30d4\u30f3\u30af\u3067\u3059\u3002 \u6301\u3061\u306b\u591a\u304f\u306e\u6709\u7528\u306a\u77e5\u898b\u3092\u591a\u304f\u3044\u307e\u3059\u3002<\/p>","protected":false},"excerpt":{"rendered":"<p>Top 3 m\u1eabu \u0111\u1ed3ng ph\u1ee5c spa m\u00e0u h\u1ed3ng hot nh\u1ea5t n\u0103m 2021 s\u1ebd \u0111\u01b0\u1ee3c gi\u1edbi thi\u1ec7u trong b\u00e0i vi\u1ebft sau \u0111\u00e2y. \u0110\u00e2y l\u00e0 m\u1eabu \u0111\u1ed3ng ph\u1ee5c \u0111\u01b0\u1ee3c h\u00e0ng tri\u1ec7u kh\u00e1ch h\u00e0ng y\u00eau th\u00edch b\u1edfi m\u00e0u s\u1eafc hi\u1ec7n \u0111\u1ea1i c\u00f9ng ki\u1ec3u d\u00e1ng thi\u1ebft k\u1ebf tinh t\u1ebf. H\u00e3y c\u00f9ng d\u00e0nh th\u1eddi gian \u0111\u1ec3 t\u00ecm hi\u1ec3u r\u00f5 h\u01a1n v\u1ec1 c\u00e1c m\u1eabu \u0111\u1ed3ng ph\u1ee5c n\u00e0y trong b\u00e0i vi\u1ebft sau \u0111\u00e2y nh\u00e9. Top 3 m\u1eabu \u0111\u1ed3ng ph\u1ee5c spa m\u00e0u h\u1ed3ng ch\u1ea5t l\u01b0\u1ee3ng M\u1eabu \u0111\u1ed3ng ph\u1ee5c spa m\u00e0u h\u1ed3ng c\u1ed5 ch\u1eef V\u00a0 M\u1eabu \u0111\u1ed3ng ph\u1ee5c c\u1ed5 ch\u1eef V \u0111\u01b0\u1ee3c s\u1eed d\u1ee5ng nhi\u1ec1u nh\u1ea5t hi\u1ec7n nay. \u0110\u1eb7c \u0111i\u1ec3m c\u1ee7a s\u1ea3n ph\u1ea9m l\u00e0 ph\u1ea7n c\u1ed5 \u0111\u01b0\u1ee3c thi\u1ebft k\u1ebf &hellip; <a href=\"https:\/\/khantamgiare.com\/ja\/dong-phuc-spa-mau-hong\/\" class=\"more-link\">Continue reading <span class=\"screen-reader-text\">\u30b9\u30d1\u30e6\u30cb\u30d5\u30a9\u30fc\u30e0\u30d4\u30f3\u30af<\/span><\/a><\/p>","protected":false},"featured_media":5850,"comment_status":"closed","ping_status":"open","template":"","meta":[],"product_cat":[61,62,73],"product_tag":[],"class_list":{"0":"post-4284","1":"product","2":"type-product","3":"status-publish","4":"has-post-thumbnail","6":"product_cat-dong-phuc-spa","7":"product_cat-ky-thuat-vien","8":"product_cat-le-tan","9":"pa_chat-lieu-cotton","10":"pa_chat-lieu-cotton-japan","11":"pa_mau-sac-hong","14":"instock","15":"product-type-simple"},"acf":[],"_links":{"self":[{"href":"https:\/\/khantamgiare.com\/ja\/wp-json\/wp\/v2\/product\/4284","targetHints":{"allow":["GET"]}}],"collection":[{"href":"https:\/\/khantamgiare.com\/ja\/wp-json\/wp\/v2\/product"}],"about":[{"href":"https:\/\/khantamgiare.com\/ja\/wp-json\/wp\/v2\/types\/product"}],"replies":[{"embeddable":true,"href":"https:\/\/khantamgiare.com\/ja\/wp-json\/wp\/v2\/comments?post=4284"}],"wp:featuredmedia":[{"embeddable":true,"href":"https:\/\/khantamgiare.com\/ja\/wp-json\/wp\/v2\/media\/5850"}],"wp:attachment":[{"href":"https:\/\/khantamgiare.com\/ja\/wp-json\/wp\/v2\/media?parent=4284"}],"wp:term":[{"taxonomy":"product_cat","embeddable":true,"href":"https:\/\/khantamgiare.com\/ja\/wp-json\/wp\/v2\/product_cat?post=4284"},{"taxonomy":"product_tag","embeddable":true,"href":"https:\/\/khantamgiare.com\/ja\/wp-json\/wp\/v2\/product_tag?post=4284"}],"curies":[{"name":"wp","href":"https:\/\/api.w.org\/{rel}","templated":true}]}}