{"id":4413,"date":"2023-06-29T08:37:45","date_gmt":"2023-06-29T08:37:45","guid":{"rendered":"http:\/\/khantam.h193.dpsmedia.vn\/san-pham\/bang-do-nancy-spa\/"},"modified":"2023-07-23T17:44:09","modified_gmt":"2023-07-23T17:44:09","slug":"bang-do-nancy-spa","status":"publish","type":"product","link":"https:\/\/khantamgiare.com\/ja\/bang-do-nancy-spa\/","title":{"rendered":"\u30c6\u30fc\u30d7\u30c9\u30ca\u30f3\u30b7\u30fc\u30b9\u30d1"},"content":{"rendered":"<p><strong>\u88fd\u54c1\u540d<\/strong>: B\u0103ng \u0110\u00f4 NANCY SPA<\/p>\n<p><b>\u30b5\u30a4\u30ba:\u00a0<\/b>10x62cm<\/p>\n<p><strong>\u30ab\u30e9\u30fc:<\/strong> Xanh r\u00eau<\/p>\n<p><strong>\u30e1\u30fc\u30ab\u30fc<\/strong>:\u00a0<a href=\"https:\/\/khannamphong.vn\/\" data-wpel-link=\"internal\" rel=\"nofollow noopener\" target=\"_blank\">\u30bf\u30aa\u30eb\u683c\u5b89<\/a><\/p>\n<p><strong>\u30d5\u30a1\u30a4\u30d0<\/strong>\uff1a\u30de\u30a4\u30af\u30ed\u30d5\u30a1\u30a4<\/p>\n<p><strong>\u72b6\u6cc1<\/strong>\uff1aSLL<\/p>\n<p>\u523a\u7e4d\u3001\u30a8\u30f3\u30dc\u30b9\u30ed\u30b4\u306b\u306f\u30bf\u30aa\u30eb\u3068\u3057\u3066\u5fc5\u8981\u3067\u3059\u3002<\/p>\n<p>\u3092\u53c2\u7167\u3057\u3066\u306e\u5546\u54c1 <a href=\"https:\/\/khantamgiare.com\/ja\/bang-do\/\"><strong>\u30c6\u30fc\u30d7\u30c9\u30eb<\/strong><\/a>...<strong>\u00a0<\/strong>\u3059\u308b\u305f\u3081\u306b\u9078\u629e\u8272\u304c\u304f\u3063\u304d\u308a\u3068\u6c34\u9762\u306b\u898b\u3066\u3068\u308c\u308b\u3002<\/p>\n<h2>Hi\u0300nh a\u0309nh B\u0103ng \u0110\u00f4 NANCY SPA<\/h2>\n<p><img decoding=\"async\" class=\"size-full wp-image-5159 aligncenter\" src=\"https:\/\/khantamgiare.com\/wp-content\/uploads\/2022\/07\/Bang-Do-NANCY-SPA-1.jpg\" alt=\" width=\" height=\"500\" title=\"\"> <img decoding=\"async\" class=\"size-full wp-image-5160 aligncenter\" src=\"https:\/\/khantamgiare.com\/wp-content\/uploads\/2022\/07\/Bang-Do-NANCY-SPA-2.jpg\" alt=\" width=\" height=\"500\" title=\"\"><\/p>","protected":false},"excerpt":{"rendered":"<p><b>\u30b5\u30a4\u30ba:\u00a0<\/b>10x62cm<\/p>\n<p><strong>\u30ab\u30e9\u30fc:<\/strong> Xanh r\u00eau<\/p>\n<p><strong>\u30e1\u30fc\u30ab\u30fc<\/strong>:\u00a0<a href=\"https:\/\/khannamphong.vn\/\" data-wpel-link=\"internal\">\u30bf\u30aa\u30eb\u683c\u5b89<\/a><\/p>\n<p><strong>\u30d5\u30a1\u30a4\u30d0<\/strong>\uff1a\u30de\u30a4\u30af\u30ed\u30d5\u30a1\u30a4<\/p>\n<p><strong>\u72b6\u6cc1<\/strong>\uff1aSLL<\/p>\n<p>\u523a\u7e4d\u3001\u30a8\u30f3\u30dc\u30b9\u30ed\u30b4\u306b\u306f\u30bf\u30aa\u30eb\u3068\u3057\u3066\u5fc5\u8981\u3067\u3059\u3002<\/p>","protected":false},"featured_media":6343,"comment_status":"closed","ping_status":"open","template":"","meta":[],"product_cat":[47],"product_tag":[],"class_list":{"0":"post-4413","1":"product","2":"type-product","3":"status-publish","4":"has-post-thumbnail","6":"product_cat-bang-do","7":"pa_chat-lieu-microfiber","8":"pa_kich-thuoc-10cm-x-62-cm","9":"pa_mau-sac-xanh","10":"pa_mau-sac-xanh-la","11":"pa_mau-sac-xanh-reu","14":"instock","15":"product-type-simple"},"acf":[],"_links":{"self":[{"href":"https:\/\/khantamgiare.com\/ja\/wp-json\/wp\/v2\/product\/4413","targetHints":{"allow":["GET"]}}],"collection":[{"href":"https:\/\/khantamgiare.com\/ja\/wp-json\/wp\/v2\/product"}],"about":[{"href":"https:\/\/khantamgiare.com\/ja\/wp-json\/wp\/v2\/types\/product"}],"replies":[{"embeddable":true,"href":"https:\/\/khantamgiare.com\/ja\/wp-json\/wp\/v2\/comments?post=4413"}],"wp:featuredmedia":[{"embeddable":true,"href":"https:\/\/khantamgiare.com\/ja\/wp-json\/wp\/v2\/media\/6343"}],"wp:attachment":[{"href":"https:\/\/khantamgiare.com\/ja\/wp-json\/wp\/v2\/media?parent=4413"}],"wp:term":[{"taxonomy":"product_cat","embeddable":true,"href":"https:\/\/khantamgiare.com\/ja\/wp-json\/wp\/v2\/product_cat?post=4413"},{"taxonomy":"product_tag","embeddable":true,"href":"https:\/\/khantamgiare.com\/ja\/wp-json\/wp\/v2\/product_tag?post=4413"}],"curies":[{"name":"wp","href":"https:\/\/api.w.org\/{rel}","templated":true}]}}