{"id":4638,"date":"2023-06-29T15:27:32","date_gmt":"2023-06-29T15:27:32","guid":{"rendered":"http:\/\/khantam.h193.dpsmedia.vn\/?page_id=4638"},"modified":"2024-04-26T10:07:23","modified_gmt":"2024-04-26T03:07:23","slug":"chinh-sach-mua-hang","status":"publish","type":"page","link":"https:\/\/khantamgiare.com\/ko\/chinh-sach-mua-hang\/","title":{"rendered":"\uad6c\ub9e4 \uc815\ucc45"},"content":{"rendered":"<figure class=\"wp-block-image size-full\"><img loading=\"lazy\" decoding=\"async\" width=\"850\" height=\"500\" class=\"wp-image-4644\" src=\"http:\/\/khantamgiare.com\/wp-content\/uploads\/2023\/06\/chinh-sach-mua-hang.jpg\" alt=\"\" title=\"\"><\/figure>\r\n\r\n\r\n\r\n<p>\uad6c\ub9e4 \uc815\ucc45\uc5d0 \uce78 Phong Nam<\/p>\r\n\r\n\r\n\r\n<p>\u2013\uc5d0\uc774\uc804\ud2b8:\ub3c4\ub85d \ud560 \ud544\uc694\uac00 \ud68c\uc0ac \ud22c\uc790 \uc0c1\ub2f4,\uc9c1\uc811\uc5d0 \ub530\ub77c \ud544\uc694\uac00 \uc788\ub294 \uc815\ucc45\uc744 \uc77c\uad00\uc801\uc73c\ub85c \uac01\uac01\uc758 \uc5d0\uc774\uc804\ud2b8. \uc804\ud654\u00a0<a href=\"tel:0934150780\">093 415 07 80<\/a>\u00a0(<a href=\"https:\/\/www.facebook.com\/nhunglekhannamphong\" target=\"_blank\" rel=\"noreferrer noopener nofollow\">Nhung Le<\/a>\uc6a9)\uc740 \ub354 \ub9ce\uc740 \uac83\uc744 \uc774\ud574\ud569\ub2c8\ub2e4.<\/p>\r\n\r\n\r\n\r\n<p>\ud504\ub85c\uc81d\ud2b8:\ud65c\ub3d9 \uc801\uc774\uace0,\uc0d8\ud50c\uc744 \uac00\uc838\uc62c KH,\ud6c4 \ud074\ub77c\uc774\uc5b8\ud2b8 \ud575\uc2ec \uc18c\uc7ac \ubc0f \uac00\uaca9,\ub2e4\uc74c \ucc3e\uc544\ubcf4\uae30 \uc0d8\ud50c\uc744 \uc81c\uacf5\ud558\uae30 \uc2dc\uc791\ud588\uc744 KH.<\/p>\r\n\r\n\r\n\r\n<p>\uc18c\ub9e4\uace0\uac1d:\ud604\uc7ac,\ud68c\uc0ac\uac00 \ud310\ub9e4\ud558\uc9c0 \uc54a \uc18c\ub9e4 \uc9c1\uc811 \ud68c\uc0ac,\ud558\uc9c0\ub9cc \uc720\uc5f0\uc131\uc740 \ub9ce\uc740 \uc2dc\uac04\uc774 \uac78\ub9b4\ud558\uc9c0 \uc54a\uc2b5\ub2c8\ub2e4 \uc6b0\ub9ac\ub294 \uc18c\ub9e4 \ubc14\ub2e5\uc5d0\u00a0<strong>\uc804\uc790 \uc0c1\uac70\ub798<\/strong>\u00a0\ub85c\u00a0<a href=\"https:\/\/tiki.vn\/thuong-hieu\/khan-nam-phong.html\" target=\"_blank\" rel=\"noreferrer noopener nofollow\">Tiki<\/a>\u00a0\u2013\u00a0<a href=\"https:\/\/shopee.vn\/namphongkhan\" target=\"_blank\" rel=\"noreferrer noopener nofollow\">\uc790<\/a>\u00a0\ub610\ub294 \uba54\uc2dc\uc9c0\u00a0<a href=\"https:\/\/www.facebook.com\/khannamphong\/\" target=\"_blank\" rel=\"noreferrer noopener nofollow\">www.facebook.com\/khannamphong\/<\/a>\u00a0\u2013\u00a0<a href=\"https:\/\/www.facebook.com\/KhanNamPhong.HaNoi\" target=\"_blank\" rel=\"noreferrer noopener nofollow\">https:\/\/www.facebook.com\/KhanNamPhong.HaNoi<\/a>\u00a0\uc790\uc2e0\uc758 \uce21\uba74\uc5d0 \ubcf4\ub0b4\ub294 \ubb3c\ud488\uc2b5\ub2c8\ub2e4.<\/p>\r\n\r\n\r\n\r\n<p>\ucc38\uc870\ud558\ub294 \ubaa8\ub378\uc5d0\uc11c \uc81c\uacf5\ud558\ub294 \ub0a8 Phong:\u00a0<a href=\"https:\/\/khantamgiare.com\/ko\/khan-spa\/\">\uc218\uac74 \ud504\ub9ac\ubbf8\uc5c4 \uc2a4\ud30c<\/a>\u00a0\u2013\u00a0<a href=\"https:\/\/khantamgiare.com\/ko\/khan-khach-san\/\">\ud3b8\uc548\ud558\uace0 \uc548\uc804\ud558\uac8c \uc990\uae38 \uc218 \uc788\ub294 \ub3c4\ub9e4 \uac00\uaca9<\/a>\u00a0\u2013\u00a0<a href=\"https:\/\/khantamgiare.com\/ko\/khan-qua-tang\/\">\uc218\uac74 \uc120\ubb3c<\/a>\u00a0\u2013\u00a0<a href=\"https:\/\/khantamgiare.com\/ko\/dong-phuc-spa\/\">\uc2a4\ud30c \uc720\ub2c8\ud3fc<\/a>\u00a0\u2013\u00a0<a href=\"https:\/\/khantamgiare.com\/ko\/ao-choang-tam\/\">\ud638\ud154 \ubaa9\uc695 \uac00\uc6b4<\/a>\u00a0\u2013\u00a0<a href=\"https:\/\/khantamgiare.com\/ko\/khan-the-thao\/\">\uc2a4\ud3ec\uce20\uac74<\/a>\u00a0\u2013\u00a0<a href=\"https:\/\/khantamgiare.com\/ko\/vay-quay\/\">\ub048\uc774 \uc5c6\ub294 \ub4dc\ub808\uc2a4<\/a>\u00a0\u2013\u00a0<a href=\"https:\/\/khantamgiare.com\/ko\/bang-do\/\">\ud14c\uc774\ud504 dollar<\/a>\u00a0\u2013\u00a0<a href=\"https:\/\/khantamgiare.com\/ko\/tham-chan-khach-san\/\">\uce74\ud3ab \ud638\ud154<\/a>\u00a0\u2013\u00a0<a href=\"https:\/\/khantamgiare.com\/ko\/ga-giuong-spa\/\">\uce68\ub300 \uc2dc\ud2b8 \uc2a4\ud30c<\/a>\u00a0\u2013\u00a0<a href=\"https:\/\/khantamgiare.com\/ko\/giuong-spa\/\">\uc2a4\ud30c \uce68\ub300<\/a><\/p>\r\n\r\n\r\n\r\n<p>\uc6d0\ud558\ub294 \uace0\uac1d\uc744 \uc704\ud574\ubcf4 \ud328\ud134\uc758 \uc2a4\uce74\ud504\ub97c \uacb0\uc815\uc744 \ub2e4\uc74c 3 \uac00\uc9c0 \uc635\uc158\uc774 \uc788\uc2b5\ub2c8\ub2e4 \ub2e4\uc74c\uacfc \uac19\ub2e4:<\/p>\r\n\r\n\r\n\r\n<p><em>\uc9c1\uc6d0\uc758 \ud68c\uc0ac\ub97c \uac00\uc838\uc62c \uac83\uc774 \uc0c1\ub2f4<\/em><\/p>\r\n\r\n\r\n\r\n<p><em>\u2013\ubcf4\ub0b4\uc5b4 \uace0\uac1d\uc5d0 Saigon<\/em><\/p>\r\n\r\n\r\n\r\n<p><em>\ubcf4\ub0b4\uc2dc\ub294 \uace0\uac1d\uc5d0 province<\/em><\/p>\r\n\r\n\r\n\r\n<p>\ub610\ud55c,\uc21c\uc11c\uc5d0 \ub530\ub77c\uacfc \uc704\uce58\uc758 \uc8fc\uc18c,\uc9c0\ub9ac\uc801 \uc704\uce58,\ub2e4\uc74c \uce78 \ub0a8\uc131 \uc2a4\ud0c0\uc77c\u00a0<a href=\"https:\/\/khantamgiare.com\/ko\/chinh-sach-doi-tra\/\">\ubc18\ud658 \uc815\ucc45<\/a>\u00a0\ubc0f \uc9c0\uc6d0 \ud569\ub9ac\uc801\uc774\ub2e4.<\/p>\r\n\r\n\r\n\r\n<p>\ub2f9\uc2e0\uc744 \uc704\ud574 \uc790\uc2e0\uc758 \ucee4\ubba4\ub2c8\ucf00\uc774\uc158 \uc694\uad6c,\ube44\uc988\ub2c8\uc2a4 \uae30\ud68c\uc5d0 \uae30\uc5ec\ud560 \uc758\uacac\uc5d0,\ub2f9\uc2e0\uc740 \uc800\ud76c\uc5d0\uac8c \uc5f0\ub77d\ud560 \uc218 \uc788\uc2b5\uc744 \ud1b5\ud574 \uc544\ub798\uc758 \uc8fc\uc18c:<\/p>\r\n\r\n\r\n\r\n<p>A:268Thoai Ngoc Hau Ward,Phu Thanh\u2013Tan Phu District\u2013Ho Chi Minh City<\/p>","protected":false},"excerpt":{"rendered":"<p>Ch\u00ednh s\u00e1ch mua h\u00e0ng t\u1ea1i Khan Nam Phong \u2013 \u0110\u1ea1i L\u00fd: C\u1ea7n \u0111\u1ebfn tr\u1ef1c ti\u1ebfp c\u00f4ng ty \u0111\u1ec3 \u0111\u01b0\u1ee3c t\u01b0 v\u1ea5n tr\u1ef1c ti\u1ebfp, t\u00f9y theo nhu c\u1ea7u m\u00e0 c\u00f3 ch\u00ednh s\u00e1ch ph\u00f9 h\u1ee3p v\u1edbi t\u1eebng \u0111\u1ea1i l\u00fd. G\u1ecdi \u0111\u1ebfn\u00a0093 415 07 80\u00a0(Nhung L\u00ea) \u0111\u1ec3 hi\u1ec3u r\u00f5 h\u01a1n. \u2013 D\u1ef1 \u00e1n: Ch\u1ee7 \u0111\u1ed9ng mang M\u1eaaU \u0111\u1ebfn &hellip; <a href=\"https:\/\/khantamgiare.com\/ko\/chinh-sach-mua-hang\/\" class=\"more-link\">Continue reading <span class=\"screen-reader-text\">\uad6c\ub9e4 \uc815\ucc45<\/span><\/a><\/p>","protected":false},"author":1,"featured_media":0,"parent":0,"menu_order":0,"comment_status":"closed","ping_status":"closed","template":"","meta":{"footnotes":""},"class_list":["post-4638","page","type-page","status-publish","hentry"],"acf":[],"_links":{"self":[{"href":"https:\/\/khantamgiare.com\/ko\/wp-json\/wp\/v2\/pages\/4638","targetHints":{"allow":["GET"]}}],"collection":[{"href":"https:\/\/khantamgiare.com\/ko\/wp-json\/wp\/v2\/pages"}],"about":[{"href":"https:\/\/khantamgiare.com\/ko\/wp-json\/wp\/v2\/types\/page"}],"author":[{"embeddable":true,"href":"https:\/\/khantamgiare.com\/ko\/wp-json\/wp\/v2\/users\/1"}],"replies":[{"embeddable":true,"href":"https:\/\/khantamgiare.com\/ko\/wp-json\/wp\/v2\/comments?post=4638"}],"version-history":[{"count":1,"href":"https:\/\/khantamgiare.com\/ko\/wp-json\/wp\/v2\/pages\/4638\/revisions"}],"predecessor-version":[{"id":13953,"href":"https:\/\/khantamgiare.com\/ko\/wp-json\/wp\/v2\/pages\/4638\/revisions\/13953"}],"wp:attachment":[{"href":"https:\/\/khantamgiare.com\/ko\/wp-json\/wp\/v2\/media?parent=4638"}],"curies":[{"name":"wp","href":"https:\/\/api.w.org\/{rel}","templated":true}]}}