{"id":4639,"date":"2023-06-29T15:27:31","date_gmt":"2023-06-29T15:27:31","guid":{"rendered":"http:\/\/khantam.h193.dpsmedia.vn\/?page_id=4639"},"modified":"2023-06-29T15:27:52","modified_gmt":"2023-06-29T15:27:52","slug":"chinh-sach-quy-dinh-chung","status":"publish","type":"page","link":"https:\/\/khantamgiare.com\/ko\/chinh-sach-quy-dinh-chung\/","title":{"rendered":"\uc815\ucc45 \uc77c\ubc18 \uc870\ud56d"},"content":{"rendered":"<p>\uc624\uc2e0 \uac83\uc744 \ud658\uc601\ud569&nbsp;<a href=\"https:\/\/khantamgiare.com\/ko\/\">\uc800\ub834\ud55c \ud0c0\uc6d4<\/a><\/p>\n\n\n\n<p>\uc6b0\ub9ac\ub294 \uc804\ubb38\uc758\uc5d0\uc11c \uc81c\uacf5\ud558\ub294 \uc81c\ud488:&nbsp;<a href=\"https:\/\/khantamgiare.com\/ko\/khan-khach-san\/\">\ud638\ud154 \ud0c0\uc6d4<\/a>,&nbsp;<a href=\"https:\/\/khantamgiare.com\/ko\/khan-spa\/\">\uc218\uac74 \uc2a4\ud30c<\/a>,&nbsp;<a href=\"https:\/\/khantamgiare.com\/ko\/khan-quan-tang\/\">\uc218\uac74 \uc120\ubb3c<\/a>,&nbsp;<a href=\"https:\/\/khantamgiare.com\/ko\/dong-phuc-spa\/\">\uc2a4\ud30c \uc720\ub2c8\ud3fc<\/a>...\uc5d0 \uc561\uc138\uc2a4\ud560 \ub54c \uc6b0\ub9ac\uc758 \uc6f9\uc0ac\uc774\ud2b8\uc5d0 \ub3d9\uc758\ud558\ub294 \uac83\uc744 \uc758\ubbf8\ud569\ub2c8\ub2e4 \uc774\ub7ec\ud55c \uc6a9\uc5b4\uc785\ub2c8\ub2e4.<\/p>\n\n\n\n<p>\uc6f9\uc0ac\uc774\ud2b8\ub97c \ubcc0\uacbd\ud560 \uad8c\ub9ac\ub97c \ubcf4\uc720,\uc218\uc815,\ucd94\uac00 \ub610\ub294 \uc81c\uac70 \uc5b4\ub5a4 \ubd80\ubd84\uc5d0\uc11c \uaddc\uc81c\ud558\uace0 \uc0ac\uc6a9 \uc870\uac74\uc5d0\uc11c,\ubaa8\ub4e0 \uc2dc\uac04\uc785\ub2c8\ub2e4. \ubcc0\uacbd \ub0b4\uc6a9\uc774 \uc989\uc2dc \uc801\uc6a9\ud560 \ub54c \uc6b0\ub9ac\uc758 \uc6f9\uc0ac\uc774\ud2b8\uc5d0 \uac8c\uc2dc\uc9c0 \uc54a\uc2b5\ub2c8\ub2e4. \uacfc\ud560 \ub54c \uacc4\uc18d \uc0ac\uc6a9\ud558\ub294 \uc6f9\uc0ac\uc774\ud2b8,\ud6c4\uc5d0\ub294 \ubcc0\uacbd\uc758 \uaddc\uce59 \ubc0f \uc870\uac74\uc744 \uac8c\uc2dc,\uc989,\ub2f9\uc2e0\uc740 \uadf8\ub4e4\uc744 \ubc1b\uc544\ub4e4\uc744 \ubcc0\uacbd\ud569\ub2c8\ub2e4.<\/p>\n\n\n\n<p><strong>\ub354\ubcf4\uae30<\/strong>:&nbsp;<a href=\"https:\/\/khantamgiare.com\/ko\/chinh-sach-hoan-tien\/\">\ud658\ubd88 \uc815\ucc45<\/a>&nbsp;\u2013&nbsp;<a href=\"https:\/\/khantamgiare.com\/ko\/chinh-sach-mua-hang\/\">\uad6c\ub9e4 \uc815\ucc45<\/a><\/p>\n\n\n\n<p>\uc815\uae30\uc801\uc73c\ub85c \ud655\uc778\ud558\uc2dc\uae30 \ubc14\ub78d\ub2c8\ub2e4\uc5d0 \ubcc0\uacbd \ub0b4\uc6a9\uc744 \uc5c5\ub370\uc774\ud2b8\ud569\ub2c8\ub2e4.<\/p>\n\n\n\n<p>\ubaa8\ub4e0 \uc8fc\uc7a5\uc774 \ub098\uc774\uc5d0 \uc815\ubcf4\ub97c \uc800\ud76c\uc5d0\uac8c \uc5f0\ub77d \uc544\ub798 \uc8fc\uc18c:<\/p>\n\n\n\n<p>A:268thoai Ngoc hau Phu Thanh Tan Phu,Ho Chi Minh city<\/p>\n\n\n\n<p>M:KhanNamPhong@Gmail.Com<\/p>\n\n\n\n<p>P:&nbsp;<a href=\"tel:0903367867\">0903 367 867<\/a><\/p>\n\n\n\n<p>W:&nbsp;<a href=\"https:\/\/khantamgiare.com\/ko\/\">KhanTamGiaRe.Com<\/a><\/p>","protected":false},"excerpt":{"rendered":"<p>Ch\u00e0o m\u1eebng qu\u00fd kh\u00e1ch \u0111\u1ebfn v\u1edbi&nbsp;Kh\u0103n T\u1eafm Gi\u00e1 R\u1ebb Ch\u00fang t\u00f4i chuy\u00ean cung c\u1ea5p c\u00e1c s\u1ea3n ph\u1ea9m:&nbsp;Kh\u0103n kh\u00e1ch s\u1ea1n,&nbsp;Kh\u0103n spa,&nbsp;Kh\u0103n qu\u00e0 t\u1eb7ng,&nbsp;\u0110\u1ed3ng ph\u1ee5c spa\u2026Khi qu\u00fd kh\u00e1ch truy c\u1eadp v\u00e0o trang web c\u1ee7a ch\u00fang t\u00f4i c\u00f3 ngh\u0129a l\u00e0 qu\u00fd kh\u00e1ch \u0111\u1ed3ng \u00fd v\u1edbi c\u00e1c \u0111i\u1ec1u kho\u1ea3n n\u00e0y. Trang web c\u00f3 quy\u1ec1n thay \u0111\u1ed5i, ch\u1ec9nh s\u1eeda, th\u00eam &hellip; <a href=\"https:\/\/khantamgiare.com\/ko\/chinh-sach-quy-dinh-chung\/\" class=\"more-link\">Continue reading <span class=\"screen-reader-text\">\uc815\ucc45 \uc77c\ubc18 \uc870\ud56d<\/span><\/a><\/p>","protected":false},"author":1,"featured_media":0,"parent":0,"menu_order":0,"comment_status":"closed","ping_status":"closed","template":"","meta":{"footnotes":""},"class_list":["post-4639","page","type-page","status-publish","hentry"],"acf":[],"_links":{"self":[{"href":"https:\/\/khantamgiare.com\/ko\/wp-json\/wp\/v2\/pages\/4639","targetHints":{"allow":["GET"]}}],"collection":[{"href":"https:\/\/khantamgiare.com\/ko\/wp-json\/wp\/v2\/pages"}],"about":[{"href":"https:\/\/khantamgiare.com\/ko\/wp-json\/wp\/v2\/types\/page"}],"author":[{"embeddable":true,"href":"https:\/\/khantamgiare.com\/ko\/wp-json\/wp\/v2\/users\/1"}],"replies":[{"embeddable":true,"href":"https:\/\/khantamgiare.com\/ko\/wp-json\/wp\/v2\/comments?post=4639"}],"version-history":[{"count":0,"href":"https:\/\/khantamgiare.com\/ko\/wp-json\/wp\/v2\/pages\/4639\/revisions"}],"wp:attachment":[{"href":"https:\/\/khantamgiare.com\/ko\/wp-json\/wp\/v2\/media?parent=4639"}],"curies":[{"name":"wp","href":"https:\/\/api.w.org\/{rel}","templated":true}]}}