{"id":4640,"date":"2023-06-29T15:27:42","date_gmt":"2023-06-29T15:27:42","guid":{"rendered":"http:\/\/khantam.h193.dpsmedia.vn\/?page_id=4640"},"modified":"2024-04-26T09:21:37","modified_gmt":"2024-04-26T02:21:37","slug":"chinh-sach-hoan-tien","status":"publish","type":"page","link":"https:\/\/khantamgiare.com\/ko\/chinh-sach-hoan-tien\/","title":{"rendered":"\ud658\ubd88 \uc815\ucc45"},"content":{"rendered":"<p>\ub294 \uc695\ub9dd\uc744 \uac00\uc9c0\uace0 \ud488\uc9c8\uc758 \uc81c\ud488\uc744 \uacbd\ud5d8\ud558\ub294 \ucd5c\uace0\uc758 \uc11c\ube44\uc2a4\ub294 \uc990\uac70\uc6c0\uc774\ub2e4. \ud558\uc9c0\ub9cc \ud544\uc218\uc801\uc778 \uacb0\ud568\uc774 \uc788\uc2b5\ub2c8\ub2e4. \uadf8\ub9ac\uace0 \uc6b0\ub9ac\ub97c \ud658\ubd88\ud558\uac70\ub098 \uc81c\ud488\uc744 \ubc18\ud488\uc5d0\ub294 \ub2e4\uc74c\uacfc \uac19\uc740 \uacbd\uc6b0:<\/p>\r\n\r\n\r\n\r\n<p>\u2013\uacb0\ud568\uc774 \uc788\ub294 \uc81c\ud488 \uc6b0\ub9ac\uc758 \uce21\uba74\uc5d0\uc11c\ub294 \uace0\uac1d\uc5d0\uac8c \ub0a9\ud488,\ub2e4\uc74c KH \uc989\uc2dc \ubcf4\uace0\ud558\uace0 \uc6b0\ub9ac\uc640 \ud568\uaed8 \uacf5\ub3d9\uc758 \ucca0\uc218\ub294 \uc624\ub958\uac00 \ubc18\ud658 SP \uc0c8\ub85c\uc6b4 \ud488\uc9c8 KH. (<a href=\"https:\/\/khantamgiare.com\/ko\/khan-spa\/\">\uc218\uac74 \uc2a4\ud30c<\/a>,\u00a0<a href=\"https:\/\/khantamgiare.com\/ko\/khan-khach-san\/\">\ud638\ud154 \ud0c0\uc6d4<\/a>,\u00a0<a href=\"https:\/\/khantamgiare.com\/ko\/khan-qua-tang\/\">\uc218\uac74 \uc120\ubb3c<\/a>,\u00a0<a href=\"https:\/\/khantamgiare.com\/ko\/dong-phuc-spa\/\">\uc2a4\ud30c \uc720\ub2c8\ud3fc<\/a>)<\/p>\r\n\r\n\r\n\r\n<p>\u2013\ud558\uc9c0 \uc54a\uc73c\uba74 \uc81c\ud488\uc758 \ud488\uc9c8\ub85c \uc5b4\ub5a4 \uc591\uce21\ub97c \uad50\ud658\ud558 \uace0\uac1d\uc744 \ucde8\uc18c\ud560 \uad8c\ud55c\uc744 \uc8fc\ubb38 \ub610\ub294 \ubc18\ud658 SP \ud488\uc9c8,\ud55c \ubcf4\uc0c1 \ub2e8\uc704 \uacc4\uc57d 50%.<\/p>\r\n\r\n\r\n\r\n<p>\u2013\ubcc0\ud654\uc758 \uc804\ub2ec\uc744 \ub54c \uace0\uac1d\uc5d0\uac8c \ub0a9\ud488 \uc694\uccad\uc5d0<\/p>\r\n\r\n\r\n\r\n<p>\ub354 \uc77d\uae30:\u00a0<a href=\"https:\/\/khantamgiare.com\/ko\/bao-mat-thong-tin\/\">\uac1c\uc778 \uc815\ubcf4 \ubcf4\ud638 \uc815\ucc45<\/a>\u00a0\u2013\u00a0<a href=\"https:\/\/khantamgiare.com\/ko\/hinh-thuc-thanh-toan\/\">\uc758 \ud615\ud0dc\ub85c \uacb0\uc81c<\/a><\/p>\r\n\r\n\r\n\r\n<p>N\u1ebfu c\u00f3 b\u1ea5t k\u00ec s\u1ef1 kh\u00f4ng h\u00e0i l\u00f2ng s\u1ea3n ph\u1ea9m c\u0169ng nh\u01b0 g\u00f3p \u00fd v\u1ec1 s\u1ea3n ph\u1ea9m th\u00ec b\u1ea1n c\u00f3 th\u1ec3\u00a0li\u00ean h\u1ec7\u00a0v\u1edbi ch\u00fang t\u00f4i \u0111\u1ecba ch\u1ec9 b\u00ean d\u01b0\u1edbi<\/p>\r\n\r\n\r\n\r\n<p>A:ho chi minh CITY:268thoai Ngoc hau Phu Thanh Tan Phu,Ho Chi Minh city<\/p>\r\n\r\n\r\n\r\n<p>M:\u00a0KhanNamPhong@Gmail.Com<\/p>\r\n\r\n\r\n\r\n<p>P:\u00a0<a href=\"tel:0903367867\">0903 367 867<\/a><\/p>\r\n\r\n\r\n\r\n<p>W:\u00a0<a href=\"https:\/\/khantamgiare.com\/ko\/\">KhanTamGiaRe.Com<\/a><\/p>","protected":false},"excerpt":{"rendered":"<p>Mong mu\u1ed1n mang \u0111\u1ebfn s\u1ea3n ph\u1ea9m ch\u1ea5t l\u01b0\u1ee3ng tr\u1ea3i nghi\u1ec7m d\u1ecbch v\u1ee5 t\u1ed1t nh\u1ea5t l\u00e0 ni\u1ec1m vinh h\u1ea1nh c\u1ee7a ch\u00fang t\u00f4i. Nh\u01b0ng kh\u00f4ng th\u1ec3 thi\u1ebfu nh\u1eefng sai s\u00f3t. V\u00e0 ch\u00fang t\u00f4i xin \u0111\u01b0\u1ee3c ho\u00e0n ti\u1ec1n khi ho\u1eb7c \u0111\u1ed5i tr\u1ea3 s\u1ea3n ph\u1ea9m trong c\u00e1c tr\u01b0\u1eddng h\u1ee3p sau: \u2013 S\u1ea3n ph\u1ea9m l\u1ed7i t\u1eeb ph\u00eda ch\u00fang t\u00f4i m\u00e0 &hellip; <a href=\"https:\/\/khantamgiare.com\/ko\/chinh-sach-hoan-tien\/\" class=\"more-link\">Continue reading <span class=\"screen-reader-text\">\ud658\ubd88 \uc815\ucc45<\/span><\/a><\/p>","protected":false},"author":1,"featured_media":0,"parent":0,"menu_order":0,"comment_status":"closed","ping_status":"closed","template":"","meta":{"footnotes":""},"class_list":["post-4640","page","type-page","status-publish","hentry"],"acf":[],"_links":{"self":[{"href":"https:\/\/khantamgiare.com\/ko\/wp-json\/wp\/v2\/pages\/4640","targetHints":{"allow":["GET"]}}],"collection":[{"href":"https:\/\/khantamgiare.com\/ko\/wp-json\/wp\/v2\/pages"}],"about":[{"href":"https:\/\/khantamgiare.com\/ko\/wp-json\/wp\/v2\/types\/page"}],"author":[{"embeddable":true,"href":"https:\/\/khantamgiare.com\/ko\/wp-json\/wp\/v2\/users\/1"}],"replies":[{"embeddable":true,"href":"https:\/\/khantamgiare.com\/ko\/wp-json\/wp\/v2\/comments?post=4640"}],"version-history":[{"count":2,"href":"https:\/\/khantamgiare.com\/ko\/wp-json\/wp\/v2\/pages\/4640\/revisions"}],"predecessor-version":[{"id":13936,"href":"https:\/\/khantamgiare.com\/ko\/wp-json\/wp\/v2\/pages\/4640\/revisions\/13936"}],"wp:attachment":[{"href":"https:\/\/khantamgiare.com\/ko\/wp-json\/wp\/v2\/media?parent=4640"}],"curies":[{"name":"wp","href":"https:\/\/api.w.org\/{rel}","templated":true}]}}