{"id":4641,"date":"2023-06-29T15:29:18","date_gmt":"2023-06-29T15:29:18","guid":{"rendered":"http:\/\/khantam.h193.dpsmedia.vn\/?page_id=4641"},"modified":"2024-04-26T09:39:44","modified_gmt":"2024-04-26T02:39:44","slug":"doi-tac-dai-ly","status":"publish","type":"page","link":"https:\/\/khantamgiare.com\/ko\/doi-tac-dai-ly\/","title":{"rendered":"\uc5d0\uc774\uc804\ud2b8 \ud30c\ud2b8\ub108"},"content":{"rendered":"<p>\uc744 \uc704\ud574 \ub2f9\uc2e0 \uc2dc\uc791\ud558\ub824\ub294 \uadc0\ud558\uc758 \ube44\uc988\ub2c8\uc2a4\ub97c \ud544\uc694 \uacf5\uc7a5 \ud560 \uc218\uc900 1 \uc5d0\uc774\uc804\ud2b8\ub97c \uc5bb\uae30 \uc704\ud574 \uc6b0\ub9ac\uc758 \uc81c\ud488(<a href=\"https:\/\/khantamgiare.com\/ko\/khan-spa\/\">\uc218\uac74 \uc2a4\ud30c<\/a>\u00a0\u2013\u00a0<a href=\"https:\/\/khantamgiare.com\/ko\/khan-khach-san\/\">\ud638\ud154 \ud0c0\uc6d4<\/a>\u00a0\u2013\u00a0<a href=\"https:\/\/khantamgiare.com\/ko\/khan-qua-tang\/\">\uc218\uac74 \uc120\ubb3c<\/a>\u00a0\u2013\u00a0<a href=\"https:\/\/khantamgiare.com\/ko\/dong-phuc-spa\/\">\uc2a4\ud30c \uc720\ub2c8\ud3fc<\/a>)\uc81c\uc77c \uac00\uaca9,\ub2e4\uc74c<\/p>\r\n\r\n\r\n\r\n<p>\ub51c\ub7ec\uac00:\ub3c4\ub85d \ud560 \ud544\uc694\uac00 \ud68c\uc0ac \ud22c\uc790 \uc0c1\ub2f4,\uc9c1\uc811\uc5d0 \ub530\ub77c \ud544\uc694\uac00 \uc788\ub294 \uc815\ucc45\uc744 \uc77c\uad00\uc801\uc73c\ub85c \uac01\uac01\uc758 \uc5d0\uc774\uc804\ud2b8. \uc804\ud654\u00a0<a href=\"tel:0934150780\">093 415 07 80<\/a>\u00a0(<a href=\"https:\/\/www.facebook.com\/nhunglekhannamphong\" target=\"_blank\" rel=\"noreferrer noopener nofollow\">Nhung Le<\/a>\uc6a9)\uc740 \ub354 \ub9ce\uc740 \uac83\uc744 \uc774\ud574\ud569\ub2c8\ub2e4.\u00a0<\/p>\r\n\r\n\r\n\r\n<p>\ub354 \uc77d\uae30:\u00a0<a href=\"https:\/\/khantamgiare.com\/ko\/chinh-sach-hoan-tien\/\">\ud658\ubd88 \uc815\ucc45<\/a>\u00a0\u2013\u00a0<a href=\"https:\/\/khantamgiare.com\/ko\/gioi-thieu\/\">About us<\/a><\/p>\r\n\r\n\r\n\r\n<p>A:268thoai Ngoc hau Phu Thanh Tan Phu,Ho Chi Minh city<\/p>\r\n\r\n\r\n\r\n<p>M:\u00a0KhanNamPhong@Gmail.Com<\/p>\r\n\r\n\r\n\r\n<p>P:\u00a0<a href=\"tel:0903367867\">0903 367 867<\/a><\/p>\r\n\r\n\r\n\r\n<p>W:\u00a0<a href=\"https:\/\/khantamgiare.com\/ko\/\">KhanTamGiaRe.Com<\/a><\/p>","protected":false},"excerpt":{"rendered":"<p>\u0110\u1ed1i v\u1edbi b\u1ea1n \u0111ang mu\u1ed1n kh\u1edfi nghi\u1ec7p c\u1ea7n m\u1ed9t x\u01b0\u1edfng s\u1ea3n xu\u1ea5t l\u00e0m \u0111\u1ea1i l\u00fd c\u1ea5p 1 c\u1ee7a ch\u00fang t\u00f4i \u0111\u1ec3 l\u1ea5y s\u1ea3n ph\u1ea9m (Kh\u0103n spa\u00a0\u2013\u00a0kh\u0103n kh\u00e1ch s\u1ea1n\u00a0\u2013\u00a0kh\u0103n qu\u00e0 t\u1eb7ng\u00a0\u2013\u00a0\u0111\u1ed3ng ph\u1ee5c spa) gi\u00e1 t\u1ed1t nh\u1ea5t th\u00ec \u0110\u1ea1i L\u00fd: C\u1ea7n \u0111\u1ebfn tr\u1ef1c ti\u1ebfp c\u00f4ng ty \u0111\u1ec3 \u0111\u01b0\u1ee3c t\u01b0 v\u1ea5n tr\u1ef1c ti\u1ebfp, t\u00f9y theo nhu c\u1ea7u m\u00e0 &hellip; <a href=\"https:\/\/khantamgiare.com\/ko\/doi-tac-dai-ly\/\" class=\"more-link\">Continue reading <span class=\"screen-reader-text\">\uc5d0\uc774\uc804\ud2b8 \ud30c\ud2b8\ub108<\/span><\/a><\/p>","protected":false},"author":1,"featured_media":0,"parent":0,"menu_order":0,"comment_status":"closed","ping_status":"closed","template":"","meta":{"footnotes":""},"class_list":["post-4641","page","type-page","status-publish","hentry"],"acf":[],"_links":{"self":[{"href":"https:\/\/khantamgiare.com\/ko\/wp-json\/wp\/v2\/pages\/4641","targetHints":{"allow":["GET"]}}],"collection":[{"href":"https:\/\/khantamgiare.com\/ko\/wp-json\/wp\/v2\/pages"}],"about":[{"href":"https:\/\/khantamgiare.com\/ko\/wp-json\/wp\/v2\/types\/page"}],"author":[{"embeddable":true,"href":"https:\/\/khantamgiare.com\/ko\/wp-json\/wp\/v2\/users\/1"}],"replies":[{"embeddable":true,"href":"https:\/\/khantamgiare.com\/ko\/wp-json\/wp\/v2\/comments?post=4641"}],"version-history":[{"count":1,"href":"https:\/\/khantamgiare.com\/ko\/wp-json\/wp\/v2\/pages\/4641\/revisions"}],"predecessor-version":[{"id":13934,"href":"https:\/\/khantamgiare.com\/ko\/wp-json\/wp\/v2\/pages\/4641\/revisions\/13934"}],"wp:attachment":[{"href":"https:\/\/khantamgiare.com\/ko\/wp-json\/wp\/v2\/media?parent=4641"}],"curies":[{"name":"wp","href":"https:\/\/api.w.org\/{rel}","templated":true}]}}