{"id":4643,"date":"2023-06-29T15:29:48","date_gmt":"2023-06-29T15:29:48","guid":{"rendered":"http:\/\/khantam.h193.dpsmedia.vn\/?page_id=4643"},"modified":"2024-04-26T09:21:08","modified_gmt":"2024-04-26T02:21:08","slug":"chinh-sach-nhan-quyen","status":"publish","type":"page","link":"https:\/\/khantamgiare.com\/ko\/chinh-sach-nhan-quyen\/","title":{"rendered":"\uc778\uad8c \uc815\ucc45"},"content":{"rendered":"<h2 id=\"h-chinh-sach-kinh-doanh-cam-k\u1ebft-v\u1ec1-trach-nhi\u1ec7m-d\u1ed1i-v\u1edbi-xa-h\u1ed9i-c\u1ee7a-khan-nam-phong\" class=\"wp-block-heading\">\ube44\uc988\ub2c8\uc2a4 \uc815\ucc45 \ubc0f \uc57d\uc18d\uc758 \ucc45\uc784\uc740 \uc0ac\ud68c\uc5d0 \uc2a4\uce74\ud504\uc758 \ub0a8\uc131 \uc2a4\ud0c0\uc77c<\/h2>\r\n\r\n\r\n\r\n<p><a href=\"https:\/\/khantamgiare.com\/ko\/\">\uc800\ub834\ud55c \ud0c0\uc6d4<\/a> l\u00e0 c\u00f4ng ty chuy\u00ean s\u1ea3n xu\u1ea5t <a href=\"https:\/\/khantamgiare.com\/ko\/khan-khach-san\/\">\ud638\ud154 \ud0c0\uc6d4<\/a>, <a href=\"https:\/\/khantamgiare.com\/ko\/khan-qua-tang\/\">\uc218\uac74 \uc120\ubb3c<\/a> \uace0 <a href=\"https:\/\/khantamgiare.com\/ko\/khan-spa\/\">\uc218\uac74 \uc2a4\ud30c<\/a> , ph\u00e2n ph\u1ed1i tr\u00ean to\u00e0n qu\u1ed1c, nh\u1eadn th\u00eau, d\u1ec7t logo tr\u00ean kh\u0103n theo y\u00eau c\u1ea7u, t\u1eeb \u0111\u01a1n h\u00e0ng nh\u1ecf \u0111\u1ebfn l\u1edbn, \u0111\u1eb7c bi\u1ec7t ch\u00fang t\u00f4i c\u00f3 nh\u00e0 m\u00e1y s\u1ea3n xu\u1ea5t kh\u0103n v\u1edbi s\u1ed1 l\u01b0\u1ee3ng l\u1edbn ph\u00e2n ph\u1ed1i c\u1ea3 n\u01b0\u1edbc.<\/p>\r\n\r\n\r\n\r\n<ol class=\"wp-block-list\">\r\n<li><strong>\ud68c\uc0ac \uc815\ucc45\uc744 \uc874\uc911\ud558\uc5ec \uc0ac\ud68c\uc801<\/strong><\/li>\r\n<\/ol>\r\n\r\n\r\n\r\n<ul class=\"wp-block-list\">\r\n<li>\u00a0 \u00a0\u00a0\uc720\uc9c0 \uad00\ub9ac \uc88b\uc740 \ud68c\uc0ac\ub97c \uc5c4\uaca9\ud558\uac8c \uc900\uc218\ud558\ub294 \uc218\uc900\uc758 \uc724\ub9ac\uc758 \uc0ac\uc5c5\uc774\ub2e4.<\/li>\r\n\r\n\r\n\r\n<li>\u00a0 \u00a0\u00a0\uaddc\uc815 \uc900\uc218 \ubc95\ub960 \uaddc\uc815.<\/li>\r\n\r\n\r\n\r\n<li>\u00a0 \u00a0\u00a0\ud604\uc7ac \ubaa8\ub4dc\uc758 \uc804\uccb4 \ubc94\uc704\uc5d0 \ub300\ud55c \uc9c1\uc6d0\ub4e4,\ub178\ub3d9\uc790 \ud68c\uc0ac\uc785\ub2c8\ub2e4.<\/li>\r\n\r\n\r\n\r\n<li>\u00a0 \u00a0\u00a0\uc758 \uad6c\ud604\ucc45 \uc0ac\ud68c\uc801 \ubcf4\uc548 \ubc0f \ub9e4\ub144 \uc790\uc120\ub2e8\uccb4\uc5d0.<\/li>\r\n\r\n\r\n\r\n<li>\u00a0 \u00a0\u00a0\uae08\uc9c0\ub41c \ud589\uc704\uc758 \uc0ac\uae30,\ub1cc\ubb3c \uc218\uc218\uc640 \ubd80\ud328\uc5d0\uc11c \ubaa8\ub4e0 \uc0ac\uc5c5\uc744 \ucd94\uc9c4\ud558\uace0 \uc788\uc2b5\ub2c8\ub2e4.<\/li>\r\n\r\n\r\n\r\n<li>\u00a0 \u00a0\u00a0\ub4f1\ub85d\ub41c \uc800\uc791\uad8c \uc9c0\uc801\uc7ac\uc0b0\uad8c\uc5d0 \ub300\ud55c \ube0c\ub79c\ub4dc\uc785\ub2c8\ub2e4.<\/li>\r\n<\/ul>\r\n\r\n\r\n\r\n<ol class=\"wp-block-list\">\r\n<li><strong>\ud68c\uc0ac \uc815\ucc45\uc5d0 \ub300\ud55c \uc9c1\uc6d0<\/strong><\/li>\r\n<\/ol>\r\n\r\n\r\n\r\n<ul class=\"wp-block-list\">\r\n<li>\u00a0 \u00a0\u00a0\uc81c\uacf5\uc5c5 \ud658\uacbd\uc744 \uc548\uc804\ud558\uace0 \uac74\uac15\ud55c \uc9c1\uc6d0,\uacf5\uac04\uc744 \uac1c\ubc1c\ud558\ub294 \uadf8\ub4e4\uc758 \uc7ac\ub2a5\ubd09\uc0ac\ud56d,\ubcf5\uc9c0\ub97c \ud569\ub9ac\uc801\uc774\ub2e4.<\/li>\r\n\r\n\r\n\r\n<li>\u00a0 \u00a0\u00a0\uc9c1\uc6d0\uc744 \uaca9\ub824\ud558\ub294 \ud65c\ub3d9\uc5d0 \ucc38\uc5ec\ud558\ub294 \uacf5\uacf5\uc758 \uc0ac\ud68c\uc785\ub2c8\ub2e4.<\/li>\r\n\r\n\r\n\r\n<li>\u00a0 \u00a0\u00a0\uc81c\uacf5\uc744 \uafb8\uc900\ud788,\uc77c\uc744 \ucd08\uacfc\ud558\uc9c0 \uc54a\ub294 \uc2dc\uac04 \uc77c\ud588\ub2e4.<\/li>\r\n\r\n\r\n\r\n<li>\u00a0 \u00a0\u00a0\uae09\uc5ec \uc6b0\ub9ac\uc758 \uc694\uad6c\ub97c \ucda9\uc871 \uc2dc\uc7a5<\/li>\r\n\r\n\r\n\r\n<li>\u00a0 \u00a0\u00a0\uc544\ub3d9 \ub178\ub3d9\uc744 \uc774\uc6a9.<\/li>\r\n\r\n\r\n\r\n<li>\u00a0 \u00a0\u00a0\uc9c0\uc5d0 \uad00\ub828\ub41c \ubd80\uc815 \ud589\uc704,\ubd80\ud328\ud558\uac70\ub098 \uacf5\ubaa8\ud558\ub294 \ubc95\ub960 \ubc0f \uaddc\uc815\uc744 \uc704\ubc18\ud558\ub294\uc9c0 \uc5ec\ubd80,\uc9c1\uc811\uc801 \ub610\ub294 \uac04\uc811\uc801\uc774\ub2e4.<\/li>\r\n<\/ul>\r\n\r\n\r\n\r\n<p>\uc790\uc138\ud55c \ub0b4\uc6a9\uc774 \ud45c\uc2dc\u00a0<a href=\"https:\/\/docs.google.com\/document\/d\/1G8bdMdLhDmd7NOFWio6P9xGBioKI9b3Ks2ldX43koco\/edit?usp=sharing\" target=\"_blank\" rel=\"noreferrer noopener nofollow\">\uc778\uad8c \uc815\ucc45<\/a>\u00a0\uc790\uc138\ud55c \ub0b4\uc6a9\uc744 \uc54c\uc544 \ubcf4\ub824\uba74<\/p>\r\n\r\n\r\n\r\n<p><strong>Co., LTD. TITO<\/strong><\/p>\r\n\r\n\r\n\r\n<p><strong>TITO \ud68c\uc0ac \uc81c\ud55c<\/strong><\/p>\r\n\r\n\r\n\r\n<p><strong>\uc8fc\uc18c<\/strong>:<\/p>\r\n\r\n\r\n\r\n<p>VP1:\u00a0<a href=\"https:\/\/g.page\/r\/CXv7Skpplu7jEAE\" target=\"_blank\" rel=\"noreferrer noopener nofollow\">268 Tho\u1ea1i Ng\u1ecdc H\u1ea7u \u2013\u00a0 Ph\u01b0\u1eddng Ph\u00fa Th\u1ea1nh \u2013 Qu\u1eadn T\u00e2n Ph\u00fa, TP. HCM<\/a><\/p>\r\n\r\n\r\n\r\n<p>VP2:\u00a0<a href=\"https:\/\/g.page\/khanspakhachsanhanoi?share\" target=\"_blank\" rel=\"noreferrer noopener nofollow\">74B,LANE295,BACH MAI STREET,HAI BA TRUNG DISTRICT,HA NOI<\/a><\/p>\r\n\r\n\r\n\r\n<p><strong>SDT<\/strong>:\u00a0<a href=\"tel:0707164369\">0707 164 369<\/a>\u00a0\u2013\u00a0<a href=\"tel:0934150780\">093 415 07 80<\/a>\u00a0\u2013<a href=\"tel:0903367867\">\u00a00903 367 867<\/a><\/p>\r\n\r\n\r\n\r\n<p><strong>\uba54\uc77c:<\/strong>\u00a0<a href=\"mailto:khannamphong@gmail.com\">khannamphong@gmail.com<\/a><\/p>","protected":false},"excerpt":{"rendered":"<p>CH\u00cdNH S\u00c1CH KINH DOANH &amp; CAM K\u1ebeT V\u1ec0 TR\u00c1CH NHI\u1ec6M \u0110\u1ed0I V\u1edaI X\u00c3 H\u1ed8I C\u1ee6A KH\u0102N NAM PHONG Kh\u0103n T\u1eafm Gi\u00e1 R\u1ebb l\u00e0 c\u00f4ng ty chuy\u00ean s\u1ea3n xu\u1ea5t kh\u0103n kh\u00e1ch s\u1ea1n, kh\u0103n qu\u00e0 t\u1eb7ng v\u00e0 kh\u0103n spa , ph\u00e2n ph\u1ed1i tr\u00ean to\u00e0n qu\u1ed1c, nh\u1eadn th\u00eau, d\u1ec7t logo tr\u00ean kh\u0103n theo y\u00eau c\u1ea7u, t\u1eeb \u0111\u01a1n h\u00e0ng &hellip; <a href=\"https:\/\/khantamgiare.com\/ko\/chinh-sach-nhan-quyen\/\" class=\"more-link\">Continue reading <span class=\"screen-reader-text\">\uc778\uad8c \uc815\ucc45<\/span><\/a><\/p>","protected":false},"author":1,"featured_media":0,"parent":0,"menu_order":0,"comment_status":"closed","ping_status":"closed","template":"","meta":{"footnotes":""},"class_list":["post-4643","page","type-page","status-publish","hentry"],"acf":[],"_links":{"self":[{"href":"https:\/\/khantamgiare.com\/ko\/wp-json\/wp\/v2\/pages\/4643","targetHints":{"allow":["GET"]}}],"collection":[{"href":"https:\/\/khantamgiare.com\/ko\/wp-json\/wp\/v2\/pages"}],"about":[{"href":"https:\/\/khantamgiare.com\/ko\/wp-json\/wp\/v2\/types\/page"}],"author":[{"embeddable":true,"href":"https:\/\/khantamgiare.com\/ko\/wp-json\/wp\/v2\/users\/1"}],"replies":[{"embeddable":true,"href":"https:\/\/khantamgiare.com\/ko\/wp-json\/wp\/v2\/comments?post=4643"}],"version-history":[{"count":2,"href":"https:\/\/khantamgiare.com\/ko\/wp-json\/wp\/v2\/pages\/4643\/revisions"}],"predecessor-version":[{"id":13933,"href":"https:\/\/khantamgiare.com\/ko\/wp-json\/wp\/v2\/pages\/4643\/revisions\/13933"}],"wp:attachment":[{"href":"https:\/\/khantamgiare.com\/ko\/wp-json\/wp\/v2\/media?parent=4643"}],"curies":[{"name":"wp","href":"https:\/\/api.w.org\/{rel}","templated":true}]}}