{"id":720,"date":"2021-03-03T07:06:57","date_gmt":"2021-03-03T07:06:57","guid":{"rendered":"https:\/\/themetechmount.com\/wordpress\/fablio\/?page_id=720"},"modified":"2024-04-26T10:02:12","modified_gmt":"2024-04-26T03:02:12","slug":"gioi-thieu","status":"publish","type":"page","link":"https:\/\/khantamgiare.com\/ko\/gioi-thieu\/","title":{"rendered":"\uc18c\uac1c"},"content":{"rendered":"<div class=\"wpb-content-wrapper\">\n\n\n\n<div data-vc-full-width=\"true\" data-vc-full-width-init=\"false\" class=\"tm-row wpb_row vc_row-fluid vc_custom_1688054572712 tm-responsive-custom-41793898 vc_column-gap-default break-991-colum tm-zindex-0 tm-bgimage-position-center_center\">\n\n\t\t\n\t <div class=\"vc_row container vc_column-gap-default\"> \t\n\t\t\n\n<div class=\"wpb_column tm-column vc_column_container vc_col-sm-5 tm-zindex-0\">\n\t<div class=\"vc_column-inner vc_custom_1615960359684 tm-responsive-custom-58431425\">\n\t\t\t\t<div class=\"wpb_wrapper\">\n\t\t\t\n\t<div  class=\"wpb_single_image wpb_content_element vc_align_left\">\n\t\t\n\t\t<figure class=\"wpb_wrapper vc_figure\">\n\t\t\t<div class=\"vc_single_image-wrapper   vc_box_border_grey\"><img loading=\"lazy\" decoding=\"async\" width=\"1209\" height=\"1209\" src=\"https:\/\/khantamgiare.com\/wp-content\/uploads\/2023\/07\/thuong-hieu-vang.jpg\" class=\"vc_single_image-img attachment-full\" alt=\"\" title=\"thuong hieu \uac00\uc2b4\" data-id=\"7215\"><\/div>\n\t\t<\/figure>\n\t<\/div>\n\t\t<\/div>\n\t<\/div>\n<\/div>\n\n\n\n\n\n<div class=\"wpb_column tm-column vc_column_container vc_col-sm-7 tm-zindex-0\">\n\t<div class=\"vc_column-inner vc_custom_1615959829453 tm-responsive-custom-92914681\">\n\t\t\t\t<div class=\"wpb_wrapper\">\n\t\t\t<div class=\"tm-element-heading-wrapper tm-heading-inner tm-element-align-left tm-seperator-none tm-heading-style-vertical\"><section class=\"tm-vc_cta3-container\"><div class=\"tm-vc_general tm-vc_cta3 tm-cta3-only tm-vc_cta3-style-classic tm-vc_cta3-shape-rounded tm-vc_cta3-align-left tm-vc_cta3-color-transparent tm-vc_cta3-icon-size-md tm-vc_cta3-actions-no tm-cta3-with-desc\"><div class=\"tm-vc_cta3_content-container\"><div class=\"tm-vc_cta3-content\"><header class=\"tm-vc_cta3-content-header tm-wrap\"><div class=\"tm-vc_cta3-headers tm-wrap-cell\"><h4 class=\"tm-custom-heading\" >\uc5d0 \ub300\ud55c \uc800\ub834\ud55c \ud0c0\uc6d4<\/h4>\n<h2 class=\"tm-custom-heading\" >\uac74 \uc694\uae08\uc774 30 \ub144 \uc774\uc0c1\uc758 \uacbd\ud5d8\uc744 \ud0c0\uc62c \uc0dd\uc0b0<\/h2>\n<\/div><div class=\"heading-seperator\"><span><\/span><\/div><\/header><div class=\"tm-cta3-content-wrapper\"><p style=\"text-align: justify;\">\ubaa8\ud1a0: <strong>&#034;\uc2e0\ub8b0\ud558\ub294 \ube0c\ub79c\ub4dc&#034;<\/strong> Kh\u0103n T\u1eafm Gi\u00e1 R\u1ebb lu\u00f4n kh\u00f4ng ng\u1eebng n\u1ed7 l\u1ef1c n\u00e2ng cao ch\u1ea5t l\u01b0\u1ee3ng t\u1eeb d\u1ecbch v\u1ee5 \u0111\u1ebfn s\u1ea3n ph\u1ea9m, t\u1eeb \u0111\u00f3 mang \u0111\u1ebfn tr\u1ea3i nghi\u1ec7m mua s\u1eafm tr\u1ecdn v\u1eb9n cho Kh\u00e1ch H\u00e0ng khi \u0111\u1ebfn mua c\u00e1c s\u1ea3n ph\u1ea9m <a href=\"https:\/\/khantamgiare.com\/ko\/khan-spa\/\">\uc218\uac74 \uc2a4\ud30c<\/a>, <a href=\"https:\/\/khantamgiare.com\/ko\/khan-qua-tang\/\">\uc218\uac74 \uc120\ubb3c<\/a> \uace0 <a href=\"https:\/\/khantamgiare.com\/ko\/khan-khach-san\/\">\ud638\ud154 \ud0c0\uc6d4<\/a> c\u1ee7a ch\u00fang t\u00f4i.<\/p><\/div><\/div><\/div><\/div><\/section><\/div> <!-- .tm-element-heading-wrapper container --> \n<div class=\"tm-row-inner vc_row wpb_row vc_inner vc_row-fluid vc_custom_1614665490648 tm-zindex-0\">\n\t\n<div class=\"wpb_column tm-column-inner vc_column_container vc_col-sm-12 tm-zindex-0\">\n\t<div class=\"vc_column-inner\">\n\t\t \n\t\t<div class=\"wpb_wrapper\">\n\t\t\t<ul class=\"tm-list tm-list-style-icon tm-list-icon-color-skincolor tm- tm-icon-skincolor tm-list-textsize- tm-list-icon-library-fontawesome vc_custom_1688361421592\"><li><i class=\"tm-skincolor fa fa-check\"><\/i>  <span class=\"tm-list-li-content\">20 \uac1c \uc774\uc0c1\uc758 \uc5d0\uc774\uc804\ud2b8 \uc218\uac74 \uc2a4\ud30c \ud638\ud154 \uc804\uad6d\uc5d0\uc11c \ucc98\uc74c\uc73c\ub85c 3 \ub144\uc785\ub2c8\ub2e4. (2016~2019)<\/span><\/li><li><i class=\"tm-skincolor fa fa-check\"><\/i>  <span class=\"tm-list-li-content\">\uc740 5 \uc704 \ube0c\ub79c\ub4dc \uc2a4\uce74\ud504 \ud070 \uad6d\uac00<\/span><\/li><li><i class=\"tm-skincolor fa fa-check\"><\/i>  <span class=\"tm-list-li-content\">\uc81c\uacf5\ud558\ub294 \uc218\uac74\uc744 \uc704\ud55c \uc218\ucc9c \uac1c\uc758 \uc2a4\ud30c,\ud638\ud154\uc5d0\uc11c\ub294 \uad6d\uac00,\uac19\uc740 MUONG THANH,\ud478\ub77c\ub9c8,\uc0b4\ub871 NGOC \ubc30\uc124\ubb3c,YB \uc2a4\ud30c\ub3c4 \uc788\uc2b5\ub2c8\ub2e4....<\/span><\/li><li><i class=\"tm-skincolor fa fa-check\"><\/i>  <span class=\"tm-list-li-content\">\uc2dc\uc791 2 \ub144 \uac1c\ubc1c\uc744 \uc81c\uacf5\ud574 \uc654\uc2b5\ub2c8 \uc218\uac74 \uc218\ucd9c\ud574 \ubbf8\uad6d,\uc601\uad6d,\ub3c5\uc77c,\uce90\ub098\ub2e4...<\/span><\/li><\/ul>\t\t<\/div>\n\t<\/div>\n<\/div>\n\n<\/div>\n\n\t\t<\/div>\n\t<\/div>\n<\/div>\n\n\n\n\t\t\n\t <\/div> <\/div>\n\n\n<div class=\"vc_row-full-width vc_clearfix\"><\/div>\n\n\n\n\n\n\n\n\n<div data-vc-full-width=\"true\" data-vc-full-width-init=\"false\" class=\"tm-row wpb_row vc_row-fluid vc_custom_1614676870029 tm-responsive-custom-16758162 vc_column-gap-default break-991-colum tm-zindex-0 tm-bgimage-position-center_center\">\n\n\t\t\n\t <div class=\"vc_row container vc_column-gap-default\"> \t\n\t\t\n\n<div class=\"wpb_column tm-column vc_column_container vc_col-sm-8 tm-span tm-left-span tm-expandcontent- tm-zindex-0\">\n\t<div class=\"vc_column-inner vc_custom_1688105469227 tm-col-bgcolor-darkgrey tm-col-bgcolor-yes tm-responsive-custom-19215738\">\n\t\t<div class=\"tm-col-wrapper-bg-layer tm-bg-layer tm-bgimage-position-center_center\"><div class=\"tm-bg-layer-inner\"><\/div><\/div>\t\t<div class=\"wpb_wrapper\">\n\t\t\t<div class=\"tm-element-heading-wrapper tm-heading-inner tm-element-align-left tm-seperator-none tm-heading-style-vertical\"><section class=\"tm-vc_cta3-container\"><div class=\"tm-vc_general tm-vc_cta3 tm-cta3-only tm-vc_cta3-style-classic tm-vc_cta3-shape-rounded tm-vc_cta3-align-left tm-vc_cta3-color-transparent tm-vc_cta3-icon-size-md tm-vc_cta3-actions-no tm-cta3-with-desc\"><div class=\"tm-vc_cta3_content-container\"><div class=\"tm-vc_cta3-content\"><header class=\"tm-vc_cta3-content-header tm-wrap\"><div class=\"tm-vc_cta3-headers tm-wrap-cell\"><h4 class=\"tm-custom-heading\" >\uc2a4\uce74\ud504 \ubca0\ud2b8\ub0a8<\/h4>\n<h2 class=\"tm-custom-heading\" >\uc2e0\ub8b0\uc131 \ud655\uc778 \ube0c\ub79c\ub4dc<\/h2>\n<\/div><div class=\"heading-seperator\"><span><\/span><\/div><\/header><div class=\"tm-cta3-content-wrapper\"><p style=\"text-align: justify;\">\uae30\u00a0<strong>MISSION<\/strong>\u00a0\uadf8\ub798\uc11c \uc6b0\ub9ac\ub294\u00a0<strong>\ub9d0<\/strong>\u00a0\uc81c\ud488\u00a0<strong>\ud488\uc9c8<\/strong>\u00a0\uc5d0 \ubc18\ud558\ub294 \uc9c1\uc5c5\uc801\uc778 \uc724\ub9ac\ubfd0\ub9cc \uc544\ub2c8\ub77c, <strong>MISSION<\/strong>\u00a0\uc6b0\ub9ac\uac00 \ubb38\uc81c\ub2e4.<\/p>\n<p style=\"text-align: justify;\">\ub97c \ud5a5\uc0c1\ubfd0\ub9cc \uc544\ub2c8\ub77c \uc81c\ud488 \uacbd\ud5d8,\ud488\uc9c8 \ub9b0\ub128 \ubca0\ud2b8\ub0a8\uc5d0\uc11c,\uc6b0\ub9ac\ub294 \ub610\ud55c \ub3c4\ub2ec\ud558\uace0\uc790\ud558\ub294 \uc138\uacc4\uc640 \uc81c\ud488 <strong>\uc2a4\uce74\ud504 \ubca0\ud2b8\ub0a8<\/strong>\u00a0\ube0c\ub79c\ub4dc\u00a0<strong>\uc800\ub834\ud55c \ud0c0\uc6d4<\/strong>.<\/p><\/div><\/div><\/div><\/div><\/section><\/div> <!-- .tm-element-heading-wrapper container --> \n<div class=\"tm-row-inner vc_row wpb_row vc_inner vc_row-fluid tm-zindex-0\">\n\t\n<div class=\"wpb_column tm-column-inner vc_column_container vc_col-sm-12 tm-zindex-0\">\n\t<div class=\"vc_column-inner\">\n\t\t \n\t\t<div class=\"wpb_wrapper\">\n\t\t\t<div class=\"themetechmount-progress-bar vc_progress_bar wpb_content_element vc_progress-bar-color-skincolor vc_progress-bar-color-skincolor\"><div class=\"tm-pbar-single-bar-w tm-pbar-icon-false\"><div class=\"vc_general vc_single_bar\"><small class=\"vc_label\">\uace0\uac1d \ub9cc\uc871\ub3c4<\/small><div class=\"vc_bar\" data-percentage-value=\"99\" data-value=\"99\"><span class=\"tm-vc_label_units vc_label_units\">99%<\/span><\/div><\/div><\/div><div class=\"tm-pbar-single-bar-w tm-pbar-icon-false\"><div class=\"vc_general vc_single_bar\"><small class=\"vc_label\">\uc81c\ud488<\/small><div class=\"vc_bar\" data-percentage-value=\"100\" data-value=\"100\"><span class=\"tm-vc_label_units vc_label_units\">100%<\/span><\/div><\/div><\/div><\/div>\t\t<\/div>\n\t<\/div>\n<\/div>\n\n<\/div>\n\n\t\t<\/div>\n\t<\/div>\n<\/div>\n\n\n\n\n\n<div class=\"wpb_column tm-column vc_column_container vc_col-sm-4 vc_col-has-fill tm-span tm-right-span tm-expandcontent- tm-zindex-0\">\n\t<div class=\"vc_column-inner vc_custom_1688375353484 tm-col-bgimage-yes tm-responsive-custom-76483014\">\n\t\t<div class=\"tm-col-wrapper-bg-layer tm-bg-layer tm-bgimage-position-center_center\"><div class=\"tm-bg-layer-inner\"><\/div><\/div>\t\t<div class=\"wpb_wrapper\">\n\t\t\t<div class=\"vc_empty_space  vc_custom_1614245782051\"   style=\"height: 583px\"><span class=\"vc_empty_space_inner\"><\/span><\/div>\t\t<\/div>\n\t<\/div>\n<\/div>\n\n\n\n\t\t\n\t <\/div> <\/div>\n\n\n<div class=\"vc_row-full-width vc_clearfix\"><\/div>\n\n\n\n\n\n\n\n\n<div class=\"tm-row wpb_row vc_row-fluid vc_column-gap-default tm-zindex-0 vc_row container tm-bgimage-position-center_center\">\n\n\t\t\n\t <div class=\"vc_column-gap-default\"> \t\n\t\t\n\n<div class=\"border10 wpb_column tm-column vc_column_container vc_col-sm-12 tm-zindex-0\">\n\t<div class=\"vc_column-inner\">\n\t\t\t\t<div class=\"wpb_wrapper\">\n\t\t\t\n<div class=\"tm-row-inner vc_row wpb_row vc_inner vc_row-fluid tm-bgcolor-skincolor tm-col-seprator border10 vc_custom_1688456523240 tm-responsive-custom-94433307 vc_column-gap-15 vc_row-o-equal-height vc_row-flex tm-zindex-0\">\n\t\n<div class=\"wpb_column tm-column-inner vc_column_container vc_col-sm-3 tm-zindex-0\">\n\t<div class=\"vc_column-inner  tm-textcolor-white\">\n\t\t \n\t\t<div class=\"wpb_wrapper\">\n\t\t\t\n\n<div class=\"tm-fid inside tm-fid-view-lefticon tm-fid-with-icon tm-fid-view-lefticon-style2 tm-fid-no-border\">\n\t<div class=\"tm-fid-left\">\n\t\t<div class=\"tm-fid-icon-wrapper\"><i class=\"themifyicon ti-cup\"><\/i><\/div>\t\t<div class=\"tm-fidicon\"><h4 class=\"tm-fid-inner\">\n\t\t\t\t<span\n\t\t\tdata-appear-animation = \"animateDigits\"\n\t\t\tdata-from             = \"0\"\n\t\t\tdata-to               = \"30\"\n\t\t\tdata-interval         = \"5\"\n\t\t\tdata-before           = \"\"\n\t\t\tdata-before-style     = \"sup\"\n\t\t\tdata-after            = \"+\"\n\t\t\tdata-after-style      = \"span\"\n\t\t\t>\n\t\t\t\t30\t\t<\/span><span>+<\/span>\t\t<\/h4>\n\t\t<\/div>\n\t<\/div>\n\t<div class=\"tm-fld-contents\">\t\n\t\t<h3 class=\"tm-fid-title\"><span>\ub144 \ub3d9\uc548\uc758 \uacbd\ud5d8\uc774<br><\/span><\/h3>\n\t<\/div><!-- .tm-fld-contents -->\n\t<\/div>\n\n\n\n\t\t<\/div>\n\t<\/div>\n<\/div>\n\n\n<div class=\"wpb_column tm-column-inner vc_column_container vc_col-sm-3 tm-zindex-0\">\n\t<div class=\"vc_column-inner vc_custom_1616569315524 tm-textcolor-white tm-responsive-custom-97541298\">\n\t\t \n\t\t<div class=\"wpb_wrapper\">\n\t\t\t\n\n<div class=\"tm-fid inside tm-fid-view-lefticon tm-fid-with-icon tm-fid-view-lefticon-style2 tm-fid-no-border\">\n\t<div class=\"tm-fid-left\">\n\t\t<div class=\"tm-fid-icon-wrapper\"><i class=\"themifyicon ti-crown\"><\/i><\/div>\t\t<div class=\"tm-fidicon\"><h4 class=\"tm-fid-inner\">\n\t\t\t\t<span\n\t\t\tdata-appear-animation = \"animateDigits\"\n\t\t\tdata-from             = \"0\"\n\t\t\tdata-to               = \"20\"\n\t\t\tdata-interval         = \"5\"\n\t\t\tdata-before           = \"\"\n\t\t\tdata-before-style     = \"sup\"\n\t\t\tdata-after            = \"+\"\n\t\t\tdata-after-style      = \"span\"\n\t\t\t>\n\t\t\t\t20\t\t<\/span><span>+<\/span>\t\t<\/h4>\n\t\t<\/div>\n\t<\/div>\n\t<div class=\"tm-fld-contents\">\t\n\t\t<h3 class=\"tm-fid-title\"><span>Agent<br><\/span><\/h3>\n\t<\/div><!-- .tm-fld-contents -->\n\t<\/div>\n\n\n\n\t\t<\/div>\n\t<\/div>\n<\/div>\n\n\n<div class=\"wpb_column tm-column-inner vc_column_container vc_col-sm-3 tm-zindex-0\">\n\t<div class=\"vc_column-inner vc_custom_1616569325547 tm-textcolor-white tm-responsive-custom-11147697\">\n\t\t \n\t\t<div class=\"wpb_wrapper\">\n\t\t\t\n\n<div class=\"tm-fid inside tm-fid-view-lefticon tm-fid-with-icon tm-fid-view-lefticon-style2 tm-fid-no-border\">\n\t<div class=\"tm-fid-left\">\n\t\t<div class=\"tm-fid-icon-wrapper\"><i class=\"themifyicon ti-user\"><\/i><\/div>\t\t<div class=\"tm-fidicon\"><h4 class=\"tm-fid-inner\">\n\t\t\t\t<span\n\t\t\tdata-appear-animation = \"animateDigits\"\n\t\t\tdata-from             = \"0\"\n\t\t\tdata-to               = \"300\"\n\t\t\tdata-interval         = \"25\"\n\t\t\tdata-before           = \"\"\n\t\t\tdata-before-style     = \"sup\"\n\t\t\tdata-after            = \"+\"\n\t\t\tdata-after-style      = \"span\"\n\t\t\t>\n\t\t\t\t300\t\t<\/span><span>+<\/span>\t\t<\/h4>\n\t\t<\/div>\n\t<\/div>\n\t<div class=\"tm-fld-contents\">\t\n\t\t<h3 class=\"tm-fid-title\"><span>\uc9c1\uc6d0<br><\/span><\/h3>\n\t<\/div><!-- .tm-fld-contents -->\n\t<\/div>\n\n\n\n\t\t<\/div>\n\t<\/div>\n<\/div>\n\n\n<div class=\"wpb_column tm-column-inner vc_column_container vc_col-sm-3 tm-zindex-0\">\n\t<div class=\"vc_column-inner  tm-textcolor-white\">\n\t\t \n\t\t<div class=\"wpb_wrapper\">\n\t\t\t\n\n<div class=\"tm-fid inside tm-fid-view-lefticon tm-fid-with-icon tm-fid-view-lefticon-style2 tm-fid-no-border\">\n\t<div class=\"tm-fid-left\">\n\t\t<div class=\"tm-fid-icon-wrapper\"><i class=\"themifyicon ti-star\"><\/i><\/div>\t\t<div class=\"tm-fidicon\"><h4 class=\"tm-fid-inner\">\n\t\t\t\t<span\n\t\t\tdata-appear-animation = \"animateDigits\"\n\t\t\tdata-from             = \"0\"\n\t\t\tdata-to               = \"300\"\n\t\t\tdata-interval         = \"25\"\n\t\t\tdata-before           = \"\"\n\t\t\tdata-before-style     = \"sup\"\n\t\t\tdata-after            = \"+\"\n\t\t\tdata-after-style      = \"span\"\n\t\t\t>\n\t\t\t\t300\t\t<\/span><span>+<\/span>\t\t<\/h4>\n\t\t<\/div>\n\t<\/div>\n\t<div class=\"tm-fld-contents\">\t\n\t\t<h3 class=\"tm-fid-title\"><span>\uace0\uac1d<br><\/span><\/h3>\n\t<\/div><!-- .tm-fld-contents -->\n\t<\/div>\n\n\n\n\t\t<\/div>\n\t<\/div>\n<\/div>\n\n<\/div>\n\n\t\t<\/div>\n\t<\/div>\n<\/div>\n\n\n\n\t\t\n\t <\/div> <\/div>\n\n\n\n\n\n\n\n\n\n\n\n<div data-vc-full-width=\"true\" data-vc-full-width-init=\"false\" class=\"tm-row wpb_row vc_row-fluid tm-custome-processbox-new-style tm-custome-processbox-new-style2 vc_custom_1688105545541 tm-responsive-custom-42472034 vc_column-gap-default break-991-colum tm-zindex-0 tm-bgcolor-grey tm-bgimage-position-center_center\">\n\n\t\t\n\t <div class=\"vc_row container vc_column-gap-default\"> \t\n\t\t\n\n<div class=\"wpb_column tm-column vc_column_container vc_col-sm-12 tm-zindex-0\">\n\t<div class=\"vc_column-inner vc_custom_1688105526706 tm-responsive-custom-21686202\">\n\t\t\t\t<div class=\"wpb_wrapper\">\n\t\t\t<div class=\"themetechmount-box-heading-wrapper tm-element-align-center\"><div class=\"tm-element-heading-wrapper tm-heading-inner tm-element-align-center tm-seperator-none tm-heading-style-vertical\"><section class=\"tm-vc_cta3-container\"><div class=\"tm-vc_general tm-vc_cta3 tm-cta3-only tm-vc_cta3-style-classic tm-vc_cta3-shape-rounded tm-vc_cta3-align-center tm-vc_cta3-color-transparent tm-vc_cta3-icon-size-md tm-vc_cta3-actions-no tm-cta3-without-desc\"><div class=\"tm-vc_cta3_content-container\"><div class=\"tm-vc_cta3-content\"><header class=\"tm-vc_cta3-content-header tm-wrap\"><div class=\"tm-vc_cta3-headers tm-wrap-cell\"><h4 class=\"tm-custom-heading\" >\ud504\ub85c\uc138\uc2a4<\/h4>\n<h2 class=\"tm-custom-heading\" >\uacac\uc801 \uc2a4\uce74\ud504 <b>\ub300\ub7c9\uc758 \uc0c1\ud488<\/b><\/h2>\n<\/div><div class=\"heading-seperator\"><span><\/span><\/div><\/header><\/div><\/div><\/div><\/section><\/div> <!-- .tm-element-heading-wrapper container --> <\/div> <!-- .tm-element-heading-wrapper container --> <div class=\"themetechmount-boxes-row-wrapper tm-stepbox-wrapper\">\r\n\t\t\t\t\t\t<div class=\"tm-stepsbox\"><div class=\"tm-stepsbox-inner\">\r\n\t\t\t\t\t\t\t<div class=\"tm-sboxbox-iconbox\"> \r\n\t\t\t\t\t\t\t\t\t<div class=\"tm-sboxbox-icon-outer\"><\/div>\r\n\t\t\t\t\t\t\t\t\t<div class=\"tm-sboxbox-icon\">\r\n\t\t\t\t\t\t\t\t\t<div class=\"tm-vc_icon_element tm-vc_icon_element-outer tm-vc_icon_element-align-left\"><div class=\"tm-vc_icon_element-inner  tm-vc_icon_element-color-skincolor tm-vc_icon_element-size-md tm-vc_icon_element-style- tm-vc_icon_element-background-color-grey\" ><span class=\"tm-vc_icon_element-icon kw_fablio flaticon-textile-1\" ><\/span><\/div><\/div>\r\n\t\t\t\t\t\t\t\t\t<\/div>\t\t\t\t\t\t\t\t\r\n\t\t\t\t\t\t\t<\/div>\r\n\t\t\t\t\t\t\t<div class=\"tm-sboxbox-content\" >\r\n\t\t\t\t\t\t\t\t<div class=\"tm-sboxbox-title\"><h5>\ud55c \uc815\ubcf4\ub97c \uc5bb\uc744 \uace0\uac1d \uc694\uad6c\uc0ac\ud56d<\/h5><\/div>\r\n\t\t\t\t\t\t\t\t<div class=\"tm-box-description\">\uc744 \uc5bb\uc744 \uc694\uccad\uc758 \uc6b0\ub9ac\uc758 \uace0\uac1d\uc5d0\uac8c \ubcf4\uace0\uc11c\uc758 \uc218\ub294 \uc218\uac74\uc774 \ud3ec\ud568\ub418\uc5b4 \uc788 \uc0c9\uc0c1 \ubc0f \uc7ac\ub8cc\uc758 \uc2a4\uce74\ud504<\/div>\r\n\t\t\t\t\t\t\t<\/div>\r\n\t\t\t\t\t\t\t<div class=\"tm-stepnum\">01<\/div>\r\n\t\t\t\t\t\t<\/div><\/div>\r\n\t\t\t\t\t\t\r\n\t\t\t\t\t\t<div class=\"tm-stepsbox\"><div class=\"tm-stepsbox-inner\">\r\n\t\t\t\t\t\t\t<div class=\"tm-stepnum\">02<\/div>\r\n\t\t\t\t\t\t\t<div class=\"tm-sboxbox-iconbox\"> \r\n\t\t\t\t\t\t\t\t\t<div class=\"tm-sboxbox-icon-outer\"><\/div>\r\n\t\t\t\t\t\t\t\t\t<div class=\"tm-sboxbox-icon\">\r\n\t\t\t\t\t\t\t\t\t<div class=\"tm-vc_icon_element tm-vc_icon_element-outer tm-vc_icon_element-align-left\"><div class=\"tm-vc_icon_element-inner  tm-vc_icon_element-color-skincolor tm-vc_icon_element-size-md tm-vc_icon_element-style- tm-vc_icon_element-background-color-grey\" ><span class=\"tm-vc_icon_element-icon kw_fablio flaticon-silk\" ><\/span><\/div><\/div>\r\n\t\t\t\t\t\t\t\t\t<\/div>\t\t\t\t\t\t\t\t\r\n\t\t\t\t\t\t\t<\/div>\r\n\t\t\t\t\t\t\t<div class=\"tm-sboxbox-content\" >\r\n\t\t\t\t\t\t\t\t<div class=\"tm-sboxbox-title\"><h5>\uc870\uc5b8 \ubc0f \ud569\uc131<\/h5><\/div>\r\n\t\t\t\t\t\t\t\t<div class=\"tm-box-description\">\uc218\uac74\uc744 \uc800\ub834\ud55c \uc9c1\uc811\uc801\uc778 \uc870\uc5b8\uc744 \uace0\uac1d\uc5d0\uac8c \ub2e4\uc74c\uc744 \uc694\uc57d\ud560 \ub54c \ub2e4\uc74c \uc815\ubcf4\ub97c \uace0\uac1d\uc5d0\uac8c \uacb0\uc815<\/div>\r\n\t\t\t\t\t\t\t<\/div>\r\n\t\t\t\t\t\t<\/div><\/div>\r\n\t\t\t\t\t\t\r\n\t\t\t\t\t\t<div class=\"tm-stepsbox\"><div class=\"tm-stepsbox-inner\">\r\n\t\t\t\t\t\t\t<div class=\"tm-sboxbox-iconbox\"> \r\n\t\t\t\t\t\t\t\t\t<div class=\"tm-sboxbox-icon-outer\"><\/div>\r\n\t\t\t\t\t\t\t\t\t<div class=\"tm-sboxbox-icon\">\r\n\t\t\t\t\t\t\t\t\t<div class=\"tm-vc_icon_element tm-vc_icon_element-outer tm-vc_icon_element-align-left\"><div class=\"tm-vc_icon_element-inner  tm-vc_icon_element-color-skincolor tm-vc_icon_element-size-md tm-vc_icon_element-style- tm-vc_icon_element-background-color-grey\" ><span class=\"tm-vc_icon_element-icon kw_fablio flaticon-sewing-machine\" ><\/span><\/div><\/div>\r\n\t\t\t\t\t\t\t\t\t<\/div>\t\t\t\t\t\t\t\t\r\n\t\t\t\t\t\t\t<\/div>\r\n\t\t\t\t\t\t\t<div class=\"tm-sboxbox-content\" >\r\n\t\t\t\t\t\t\t\t<div class=\"tm-sboxbox-title\"><h5>\ubcf4\ub0b4\ub294 \uc815\ubcf4\ub97c \uace0\uac1d\uc774<\/h5><\/div>\r\n\t\t\t\t\t\t\t\t<div class=\"tm-box-description\">\uace0\uac1d\uc774 \ud0a4\uc218 \ubc0f \uc0d8\ud50c \ucf54\ub4dc\ub97c \ucc98\ub9ac\ud558\ub294 \ubc30\ub2ec \uc2dc\uac04<\/div>\r\n\t\t\t\t\t\t\t<\/div>\r\n\t\t\t\t\t\t\t<div class=\"tm-stepnum\">03<\/div>\r\n\t\t\t\t\t\t<\/div><\/div>\r\n\t\t\t\t\t\t\r\n\t\t\t\t\t\t<div class=\"tm-stepsbox\"><div class=\"tm-stepsbox-inner\">\r\n\t\t\t\t\t\t\t<div class=\"tm-stepnum\">04<\/div>\r\n\t\t\t\t\t\t\t<div class=\"tm-sboxbox-iconbox\"> \r\n\t\t\t\t\t\t\t\t\t<div class=\"tm-sboxbox-icon-outer\"><\/div>\r\n\t\t\t\t\t\t\t\t\t<div class=\"tm-sboxbox-icon\">\r\n\t\t\t\t\t\t\t\t\t<div class=\"tm-vc_icon_element tm-vc_icon_element-outer tm-vc_icon_element-align-left\"><div class=\"tm-vc_icon_element-inner  tm-vc_icon_element-color-skincolor tm-vc_icon_element-size-md tm-vc_icon_element-style- tm-vc_icon_element-background-color-grey\" ><span class=\"tm-vc_icon_element-icon fa fa-file-text\" ><\/span><\/div><\/div>\r\n\t\t\t\t\t\t\t\t\t<\/div>\t\t\t\t\t\t\t\t\r\n\t\t\t\t\t\t\t<\/div>\r\n\t\t\t\t\t\t\t<div class=\"tm-sboxbox-content\" >\r\n\t\t\t\t\t\t\t\t<div class=\"tm-sboxbox-title\"><h5>\uacc4\uc57d\uc11c<\/h5><\/div>\r\n\t\t\t\t\t\t\t\t<div class=\"tm-box-description\">\uacc4\uc57d \uacc4\uc57d\uc11c\ub97c \ud1b5\ud574 \uc218\uc9d1\ub41c \uc815\ubcf4\ub97c \uace0\uac1d\uc774<\/div>\r\n\t\t\t\t\t\t\t<\/div>\r\n\t\t\t\t\t\t<\/div><\/div>\r\n\t\t\t\t\t\t<\/div>\t\t<\/div>\n\t<\/div>\n<\/div>\n\n\n\n\t\t\n\t <\/div> <\/div>\n\n\n<div class=\"vc_row-full-width vc_clearfix\"><\/div>\n\n\n\n\n\n<\/div>","protected":false},"excerpt":{"rendered":"V\u1ec1 Kh\u0103n T\u1eafm Gi\u00e1 R\u1ebb Kh\u0103n T\u1eafm Gi\u00e1 R\u1ebb C\u00f3 H\u01a1n 30 N\u0103m Kinh Nghi\u1ec7m S\u1ea3n Xu\u1ea5t Kh\u0103n V\u1edbi ph\u01b0\u01a1ng ch\u00e2m: \u201cUY T\u00cdN T\u1ea0O N\u00caN TH\u01af\u01a0NG HI\u1ec6U\u201d Kh\u0103n T\u1eafm Gi\u00e1 R\u1ebb lu\u00f4n kh\u00f4ng ng\u1eebng n\u1ed7 l\u1ef1c n\u00e2ng cao ch\u1ea5t l\u01b0\u1ee3ng t\u1eeb d\u1ecbch v\u1ee5 \u0111\u1ebfn s\u1ea3n ph\u1ea9m, t\u1eeb \u0111\u00f3 mang \u0111\u1ebfn tr\u1ea3i nghi\u1ec7m mua s\u1eafm tr\u1ecdn &hellip; <a href=\"https:\/\/khantamgiare.com\/ko\/gioi-thieu\/\" class=\"more-link\">Continue reading <span class=\"screen-reader-text\">\uc18c\uac1c<\/span><\/a>","protected":false},"author":1,"featured_media":0,"parent":0,"menu_order":0,"comment_status":"closed","ping_status":"closed","template":"","meta":{"footnotes":""},"class_list":["post-720","page","type-page","status-publish","hentry"],"acf":[],"_links":{"self":[{"href":"https:\/\/khantamgiare.com\/ko\/wp-json\/wp\/v2\/pages\/720","targetHints":{"allow":["GET"]}}],"collection":[{"href":"https:\/\/khantamgiare.com\/ko\/wp-json\/wp\/v2\/pages"}],"about":[{"href":"https:\/\/khantamgiare.com\/ko\/wp-json\/wp\/v2\/types\/page"}],"author":[{"embeddable":true,"href":"https:\/\/khantamgiare.com\/ko\/wp-json\/wp\/v2\/users\/1"}],"replies":[{"embeddable":true,"href":"https:\/\/khantamgiare.com\/ko\/wp-json\/wp\/v2\/comments?post=720"}],"version-history":[{"count":6,"href":"https:\/\/khantamgiare.com\/ko\/wp-json\/wp\/v2\/pages\/720\/revisions"}],"predecessor-version":[{"id":13951,"href":"https:\/\/khantamgiare.com\/ko\/wp-json\/wp\/v2\/pages\/720\/revisions\/13951"}],"wp:attachment":[{"href":"https:\/\/khantamgiare.com\/ko\/wp-json\/wp\/v2\/media?parent=720"}],"curies":[{"name":"wp","href":"https:\/\/api.w.org\/{rel}","templated":true}]}}