{"id":7279,"date":"2023-07-03T09:31:58","date_gmt":"2023-07-03T09:31:58","guid":{"rendered":"https:\/\/khantam.h193.dpsmedia.vn\/?page_id=7279"},"modified":"2024-04-26T09:20:21","modified_gmt":"2024-04-26T02:20:21","slug":"tuyen-dung","status":"publish","type":"page","link":"https:\/\/khantamgiare.com\/ko\/tuyen-dung\/","title":{"rendered":"\ucc44\uc6a9"},"content":{"rendered":"<h3 id=\"h-1-nhan-vien-content-marketing\" class=\"wp-block-heading\">1. \uc9c1\uc6d0\uc758 \ucf58\ud150\uce20 \ub9c8\ucf00\ud305<\/h3>\r\n\r\n\r\n\r\n<p><strong>\u2013\uae09\uc5ec:\u00a0<\/strong>6,500,000linear9.000.000<\/p>\r\n\r\n\r\n\r\n<p><strong>\u2013\uc791\uc5c5\u00a0<\/strong>:268Thoai Ngoc Hau Ward,Phu Thanh\u2013Tan Phu District\u2013Ho Chi Minh City(<a href=\"https:\/\/goo.gl\/maps\/NoX6HhVUjPaSdZ2F7\" target=\"_blank\" rel=\"noreferrer noopener nofollow\">\uc9c0\ub3c4<\/a>)<\/p>\r\n\r\n\r\n\r\n<p><strong>\u2013\uc791\ub3d9 \uc2dc\uac04\u00a0<\/strong>:\uad00\ub9ac \uc2dc<\/p>\r\n\r\n\r\n\r\n<p><strong>\u2013\ud544\uc694\ud55c \uc218\uc900\u00a0<\/strong>:\ub300\ud559\uc6d0 \uc218\uc900\uc758 \ub300\ud559\/\ub300\ud559 \uc804\uacf5\uc5d0\uc11c \ub9c8\ucf00\ud305\/\uc800\ub110\ub9ac\uc998\/\uc815\ubcf4\uae30\uc220\/PR.<\/p>\r\n\r\n\r\n\r\n<p><strong>\uc218 \ub144\uac04\uc758 \uc791\uc5c5 \uacbd\ud5d8<\/strong>: \u00a01 n\u0103m n\u1ebfu kh\u00f4ng bi\u1ebft c\u00f3 th\u1ec3 \u0111\u00e0o t\u1ea1o<\/p>\r\n\r\n\r\n\r\n<p><strong>\u2013\ud544\uc694\ubc88\ud638:<\/strong>\u00a0 1<\/p>\r\n\r\n\r\n\r\n<p><strong>\u2013\u00a0M\u00f4 t\u1ea3 c\u00f4ng vi\u1ec7c\u00a0:<\/strong><\/p>\r\n\r\n\r\n\r\n<ul class=\"wp-block-list\">\r\n<li>\uacc4\ud68d\ub41c \uc6f9 \ucf58\ud150\uce20\uc5d0 \ub300\ud574 \uc6f9 \uc0ac\uc774\ud2b8\ub85c \uc8fc\ubcc4,\uc6d4\ubcc4,\ubd84\uae30<\/li>\r\n\r\n\r\n\r\n<li>\uc4f0\u00a0<strong>\ucf58\ud150\uce20 \ud310\ub9e4<\/strong>\u00a0&amp;\u00a0<strong>\ucf58\ud150\uce20 SEO<\/strong>\u00a0\uc2dc\uc2a4\ud15c\uc5d0 \ub300\ud55c \ud68c\uc0ac \uc6f9\uc0ac\uc774\ud2b8<\/li>\r\n\r\n\r\n\r\n<li>\ub3c4\uae4c\uc9c0 \uc9c0\uc6d0\ud569\uc758 \ucf58\ud150\uce20\uc5d0 \ub300\ud574\u00a0<strong>\ud1b5\uc2e0 \ucc44\ub110<\/strong>\u00a0\uae30\ud0c0(Facebook,Youtube,...).<\/li>\r\n\r\n\r\n\r\n<li>\ub514\uc790\uc778\ud559\uacfc,\ucf58\ud150\uce20\ub97c \uc5c5\ub85c\ub4dc \ud504\ub85c\uadf8\ub7a8\uc744 \uc704\ud574,\uc774\ubca4\ud2b8,\ud68c\uc0ac\uc785\ub2c8\ub2e4.<\/li>\r\n<\/ul>\r\n\r\n\r\n\r\n<p><strong>\u2013\u00a0Y\u00eau c\u1ea7u c\u00f4ng vi\u1ec7c:<\/strong><\/p>\r\n\r\n\r\n\r\n<ul class=\"wp-block-list\">\r\n<li>\ub3d9\u00a0<strong>\ucc3d\uc758\uc801\uc778<\/strong>\u00a0\ubc0f \ub2a5\ub825\uc744 \uc798 \uc4f0<\/li>\r\n\r\n\r\n\r\n<li>\ucc45\uc784\uc758 \uac10\uac01 \ud65c\ub3d9,\uc9c1\uc7a5\uc5d0\uc11c,\uc9c4\ubcf4\uc801\uc774\ub2e4.<\/li>\r\n\r\n\r\n\r\n<li>\uc54c\u00a0<strong>\uc774\ubbf8\uc9c0 \ub514\uc790\uc778<\/strong>\u00a0\uc740 \uc7a5\uc810\uc774 \uc788\uc2b5\ub2c8\ub2e4.<\/li>\r\n\r\n\r\n\r\n<li>\uc5d0 \ub300\ud574 \ub354 \uc54c\uace0 \ube0c\ub79c\ub4dc \uc774\uc57c\uae30\uc785\ub2c8\ub2e4.<\/li>\r\n<\/ul>\r\n\r\n\r\n\r\n<p><strong>\u2013\u00a0Quy\u1ec1n l\u1ee3i \u0111\u01b0\u1ee3c h\u01b0\u1edfng:<\/strong><\/p>\r\n\r\n\r\n\r\n<ul class=\"wp-block-list\">\r\n<li>\uc804\uccb4\uc758 \uad8c\ub9ac\uc5d0 \ub530\ub77c \uadfc\ub85c\uc790\uc758 \uc804\ub958 \ubc95\uce59\uc774\ub2e4.<\/li>\r\n\r\n\r\n\r\n<li>\uc744 \uc990\uae38 \uc218 \uc788\ub294 \uc5ec\ud589 \ubaa8\ub4dc\ub294 \ubcf4\ub108\uc2a4\uc758 \ud734\uc77c\ud558\uba70 \ubcf4\ub108\uc2a4\uc5d0 \ub530\ub77c \uc131\ub2a5\uc774\ub2e4.<\/li>\r\n\r\n\r\n\r\n<li>\uc791\uc5c5 \ud658\uacbd,\ud65c\uc131,\uce5c\uc808\ud569\ub2c8\ub2e4. \ub192\uc740 \uae30\ud68c\uac00 \uc788\ub2e4\uace0\uc758 \ud64d\ubcf4\ud569\ub2c8\ub2e4.<\/li>\r\n\r\n\r\n\r\n<li>\uc774\uc6a9 \ud074\ub798\uc2a4 \uace0\uae09 \uc804\ubb38 \uae30\uc220\uc785\ub2c8\ub2e4.<\/li>\r\n<\/ul>\r\n\r\n\r\n\r\n<p><strong>\u2013\u00a0Y\u00eau c\u1ea7u h\u1ed3 s\u01a1:<\/strong><\/p>\r\n\r\n\r\n\r\n<ul class=\"wp-block-list\">\r\n<li>\uc774\ub825\uc11c,\uba85\ud655\ud558\uac8c \uc54c\ub9ac\ub294 \ud559\uc2b5 \ud504\ub85c\uc138\uc2a4,\uc791\uc5c5,\uadf8\ub9ac\uace0 \uc5c5\ubb34 \uacbd\ud5d8\uc774 \uc788\uc2b5\ub2c8\ub2e4.<\/li>\r\n<\/ul>\r\n\r\n\r\n\r\n<p>&gt;&gt;&gt;\uc5b4\ub5a4 \uc9c8\ubb38:03.3335.9020(\u00a0<a href=\"https:\/\/www.facebook.com\/phidienlatoi\" target=\"_blank\" rel=\"noreferrer noopener nofollow\">\ub974 \ube44 \uc194\ub85c<\/a>\u00a0)<\/p>\r\n\r\n\r\n\r\n<p><strong>\u2013\uc2e0\uccad \uae30\uac04:<\/strong>\u00a0\u00a0<strong>\ub0a0\uc9dc 02\/01\/2021 \ub0a0\uc9dc 05\/02\/2021<\/strong><\/p>\r\n\r\n\r\n\r\n<h3 id=\"h-2-nhan-vien-ban-hang-sale\" class=\"wp-block-heading\">2. \uc9c1\uc6d0\uc740 \ud310\ub9e4(\ud310\ub9e4)<\/h3>\r\n\r\n\r\n\r\n<p><strong>\u2013\uae09\uc5ec:\u00a0<\/strong>\uacc4\uc57d\uc11c<\/p>\r\n\r\n\r\n\r\n<p><strong>\u2013\uc791\uc5c5\u00a0<\/strong>:268Thoai Ngoc Hau Ward,Phu Thanh\u2013Tan Phu District\u2013Ho Chi Minh City(<a href=\"https:\/\/goo.gl\/maps\/NoX6HhVUjPaSdZ2F7\" target=\"_blank\" rel=\"noreferrer noopener nofollow\">\uc9c0\ub3c4<\/a>)<\/p>\r\n\r\n\r\n\r\n<p><strong>\u2013\uc791\ub3d9 \uc2dc\uac04\u00a0<\/strong>:\uad00\ub9ac \uc2dc<\/p>\r\n\r\n\r\n\r\n<p><strong>\u2013\ud544\uc694\ud55c \uc218\uc900\u00a0<\/strong>:\ub300\ud559\uc6d0 \uc218\uc900\uc758 \ub300\ud559\/\ub300\ud559 \uc804\uacf5\uc5d0\uc11c \ub9c8\ucf00\ud305\/\uc800\ub110\ub9ac\uc998\/\uc815\ubcf4\uae30\uc220\/PR.<\/p>\r\n\r\n\r\n\r\n<p><strong>\uc218 \ub144\uac04\uc758 \uc791\uc5c5 \uacbd\ud5d8<\/strong>: \u00a01 n\u0103m n\u1ebfu kh\u00f4ng bi\u1ebft c\u00f3 th\u1ec3 \u0111\u00e0o t\u1ea1o<\/p>\r\n\r\n\r\n\r\n<p><strong>\u2013\ud544\uc694\ubc88\ud638:<\/strong>\u00a0 5<\/p>\r\n\r\n\r\n\r\n<p><strong>\u2013\u00a0M\u00f4 t\u1ea3 c\u00f4ng vi\u1ec7c:<\/strong><\/p>\r\n\r\n\r\n\r\n<ul class=\"wp-block-list\">\r\n<li>L\u00e0 c\u00f4ng ty chuy\u00ean s\u1ea3n xu\u1ea5t kh\u0103n cho kh\u00e1ch s\u1ea1n, kh\u0103n spa, kh\u0103n ti\u00eau d\u00f9ng , <a class=\"wpil_keyword_link\" title=\"\uc218\uac74 \uc120\ubb3c\" href=\"https:\/\/khantamgiare.com\/ko\/khan-qua-tang\/\" data-wpil-keyword-link=\"linked\">\uc218\uac74 \uc120\ubb3c<\/a>, ngo\u00e0i ra c\u00f4ng ty c\u00f2n cung c\u1ea5p th\u00eam m\u1ed9t s\u1ed1 m\u1eb7t h\u00e0ng d\u00e0nh cho spa nh\u01b0, gi\u01b0\u1eddng spa, dra gi\u01b0\u1eddng spa, \u0111\u1ed3ng ph\u1ee5c spa\u2026. , v\u00ec c\u00f3 nhi\u1ec1u sp \u0111i k\u00e8m n\u00ean r\u1ea5t d\u1ec5 b\u00e1n h\u00e0ng v\u00e0 \u0111\u1ea1t doanh s\u1ed1 cao.<\/li>\r\n\r\n\r\n\r\n<li>\uc81c\uacf5\uc758 \ub300\ub9ac\uc810,\ub3c4\ub9e4 \ubc0f \uc18c\ub9e4,\ub808\uc2a4\ud1a0\ub791,\ud638\ud154,\uc2a4\ud30c\ud06c,\ub9ac\uc870\ud2b8,\uccb4\uc721\uad00,\uc218\uac74\uc740 \uc120\ubb3c\uc785\ub2c8\ub2e4..... \uc640 \uac00\uc7a5 \uacbd\uc7c1\ub825 \uc788\ub294 \uac00\uaca9\uc785\ub2c8\ub2e4.<\/li>\r\n\r\n\r\n\r\n<li>\ubd84\uc11d\ud558\ub294 \uc2dc\uc7a5\uc758 \uc815\ubcf4\uc640 \uac19\uc740 \uacbd\uc7c1,\uc18c\ube44\uc790 \uc2b5\uad00\uc774 \uace0\uac1d\uc758 \uc81c\uc548 \uc81c\ub3c4 \uc11c\ube44\uc2a4 \ud488\uc9c8\uc744 \uac1c\uc120\ud558\uace0 \uc2dc\uc7a5 \uc810\uc720\uc728\uc744 \uc99d\uac00.<\/li>\r\n\r\n\r\n\r\n<li>\ud2b9\uc218:\uace0\uac1d \ubb38\uc758 \ud68c\uc0ac\uc640 \uace0\uac1d\uc5d0 \uc0ac\uc6a9\ud560 \uc218 \uc788\ub294 \ub9ac\uc18c\uc2a4<\/li>\r\n\r\n\r\n\r\n<li>\uc744 \uad6c\ucd95,\uac1c\ubc1c\ud558\ub294 \uadfc\uc6d0\uc758 \uc7a0\uc7ac\ub825\uc744 \ud074\ub77c\uc774\uc5b8\ud2b8\uc785\ub2c8\ub2e4.<\/li>\r\n\r\n\r\n\r\n<li>\uc88c\ud45c\uc640 \ubc00\uc811\ud558\uac8c \ub2e4\ub978 \ubd80\uc11c\ub97c \uc9c0\ud0a4\ub294 \uc791\uc5c5\uc758 \ud6a8\uc728\uc131<\/li>\r\n\r\n\r\n\r\n<li>\uc8fc\ubb38 \ucc98\ub9ac\uc758 \uace0\uac1d\uc744\ud558\uace0,\uc0c8\ub85c\uc6b4 \uace0\uac1d\uc5d0\uac8c \uc81c\uacf5\ub429\ub2c8\ub2e4.<\/li>\r\n\r\n\r\n\r\n<li>\uc791\uc5c5\uc744 \uc218\ud589 \ud560\ub2f9\ud558\uc5ec \ub9ac\ub354\uc2ed\uc774\ub2e4.<\/li>\r\n\r\n\r\n\r\n<li>\ucd94\uc801 \ubd80\ucc44 \ubc1c\uc0dd\ud558\ub294 \uacbd\uc6b0,\ud504\ub85c\uc81d\uc158 \ubc0f \ubcf5\uad6c\uc758 \ucc44\uad8c.<\/li>\r\n\r\n\r\n\r\n<li>\uc791\uc5c5\uc5d0\uc11c \ub17c\uc758 \ub420 \uac83\uc774\ub2e4 \uc778\ud130\ubdf0<\/li>\r\n<\/ul>\r\n\r\n\r\n\r\n<p><strong>\u2013\u00a0Y\u00eau C\u1ea7u:<\/strong><\/p>\r\n\r\n\r\n\r\n<ul class=\"wp-block-list\">\r\n<li>\uc219\ub828 \ub41c \uc0ac\uc6a9\uc790\uc758 microsoft office;<\/li>\r\n\r\n\r\n\r\n<li>\ud45c\uc900 \ubaa9\uc18c\ub9ac,\uc190\uc2e4,\uc74c\uc131,\uc9c0\uc5ed<\/li>\r\n\r\n\r\n\r\n<li>\uc2a4\ud0c0\uc77c\ub85c \ubbfc\ucca9\ud55c,\ucee4\ubba4\ub2c8\ucf00\uc774\uc158 \uae30\uc220,\uc720\ucc3d\uc131,\uac1c\ubc29\uc131,\ub2a5\ub825\uc744 \uc124\ub4dd\ud558\ub824\uba74,\ud1b5\uc2e0\ud569\ub2c8\ub2e4.<\/li>\r\n\r\n\r\n\r\n<li>\uc6b0\uc120 \uc21c\uc704\uac00 \uc774\uc81c\uae4c\uc9c0 \uace0\uac1d \uad00\ub9ac \uc804\ud654\ub97c \ud1b5\ud574\ud558\uac70\ub098 \uacbd\ud5d8\uc5d0\uc11c \ucee8\uc124\ud305 \uc11c\ube44\uc2a4 \uad00\ub9ac KH<\/li>\r\n\r\n\r\n\r\n<li>\ucc45\uc784 \uc788\uc5d0\uc11c \uc791\ub3d9\ud569\ub2c8\ub2e4.<\/li>\r\n\r\n\r\n\r\n<li>\uae30 \uc704\ud574 \ub178\ub825\ud558\ub294 \uc54c\uace0 \uc788\uace0 \uacb0\uacfc\ub97c \uac1c\uc120\ud558\uae30 \uc704\ud574\uc11c \uc791\ub3d9\ud569\ub2c8\ub2e4.<\/li>\r\n\r\n\r\n\r\n<li>\uc5f4\uc2ec\ud788 \uc77c\ud558\ub294,\ud638\uae30\uc2ec,\ub192\uc740 \ucc45\uc784 \uc758\uc2dd<\/li>\r\n<\/ul>\r\n\r\n\r\n\r\n<p>\ubcf4\ub97c \uc81c\uacf5\ud558\ub294 \uc81c\ud488:\u00a0<a href=\"https:\/\/khantamgiare.com\/ko\/khan-spa\/\">\uc218\uac74 \ud504\ub9ac\ubbf8\uc5c4 \uc2a4\ud30c<\/a>,\u00a0<a href=\"https:\/\/khantamgiare.com\/ko\/khan-khach-san\/\">\ud3b8\uc548\ud558\uace0 \uc548\uc804\ud558\uac8c \uc990\uae38 \uc218 \uc788\ub294 \ub3c4\ub9e4 \uac00\uaca9<\/a>,\u00a0b\u1ed9 kh\u0103n l\u00e0m qu\u00e0 t\u1eb7ng) ho\u1eb7c c\u00e1c s\u1ea3n ph\u1ea9m kh\u00e1c (<a href=\"https:\/\/khantamgiare.com\/ko\/dong-phuc-spa\/\">\uc2a4\ud30c \uc800\ub834\ud55c \uc720\ub2c8\ud3fc<\/a>,\u00a0<a href=\"https:\/\/khantamgiare.com\/ko\/ga-giuong-spa\/\">\uce68\ub300 \uc2dc\ud2b8 \uc2a4\ud30c<\/a>...).<\/p>\r\n\r\n\r\n\r\n<p>\ub2f9\uc2e0\uc744 \uc704\ud574 \uc790\uc2e0\uc758 \ucee4\ubba4\ub2c8\ucf00\uc774\uc158 \uc694\uad6c,\ube44\uc988\ub2c8\uc2a4 \uae30\ud68c\uc5d0 \uae30\uc5ec\ud560 \uc758\uacac\uc5d0,\ub2f9\uc2e0\uc740 \uc800\ud76c\uc5d0\uac8c \uc5f0\ub77d\ud560 \uc218 \uc788\uc2b5\uc744 \ud1b5\ud574 \uc544\ub798\uc758 \uc8fc\uc18c:<\/p>\r\n\r\n\r\n\r\n<p>CS1:268thoai Ngoc hau Ward,Phu Thanh\u2013Tan Phu District\u2013Ho Chi Minh City<\/p>\r\n\r\n\r\n\r\n<p>SDT:\u00a0<a href=\"tel:0934150780\">093 415 07 80<\/a><\/p>\r\n\r\n\r\n\r\n<p>Fanpage \ud68c\uc0ac:\u00a0<a href=\"https:\/\/www.facebook.com\/khannamphong\/\" target=\"_blank\" rel=\"noreferrer noopener nofollow\">www.facebook.com\/khannamphong\/<\/a>\u00a0\u2013\u00a0<a href=\"https:\/\/www.facebook.com\/KhanNamPhong.HaNoi\" target=\"_blank\" rel=\"noreferrer noopener nofollow\">https:\/\/www.facebook.com\/KhanNamPhong.HaNoi<\/a><\/p>\r\n\r\n\r\n\r\n<p><em><strong>CO., LTD TITO\u2013\u00a0<\/strong><\/em>\uc800\ub834\ud55c \ud0c0\uc6d4<\/p>\r\n\r\n\r\n\r\n<p><strong>\uc8fc\uc18c<\/strong>: 268 Tho\u1ea1i Ng\u1ecdc H\u1ea7u \u2013\u00a0 Ph\u00fa Th\u1ea1nh \u2013 T\u00e2n Ph\u00fa TPHCM<\/p>\r\n\r\n\r\n\r\n<p><strong>\uba54\uc77c<\/strong>:\u00a0khannamphong@gmail.com<\/p>\r\n\r\n\r\n\r\n<p><strong>SDT<\/strong>:\u00a0<a href=\"tel:0707164369\">0707 164 369<\/a>\u00a0\u2013\u00a0<a href=\"tel:0934150780\">093 415 07 80<\/a>\u00a0\u2013<a href=\"tel:0903367867\">\u00a00903 367 867<\/a><\/p>\r\n\r\n\r\n\r\n<p><strong>\uc6f9 \uc0ac\uc774\ud2b8:\u00a0<\/strong><a href=\"https:\/\/khantamgiare.com\/ko\/\">Khantamgiare.com<\/a><\/p>","protected":false},"excerpt":{"rendered":"<p>1. Nh\u00e2n vi\u00ean Content Marketing \u2013 M\u1ee9c l\u01b0\u01a1ng:\u00a06.500.000 \u0111\u1ebfn 9.000.000 \u2013 N\u01a1i l\u00e0m vi\u1ec7c\u00a0: 268 Tho\u1ea1i Ng\u1ecdc H\u1ea7u \u2013 Ph\u01b0\u1eddng Ph\u00fa Th\u1ea1nh \u2013 Qu\u1eadn T\u00e2n Ph\u00fa \u2013 Th\u00e0nh Ph\u1ed1 H\u1ed3 Ch\u00ed Minh (B\u1ea3n \u0111\u1ed3) \u2013 Th\u1eddi gian l\u00e0m vi\u1ec7c\u00a0: Gi\u1edd h\u00e0nh ch\u00ednh \u2013 Y\u00eau c\u1ea7u tr\u00ecnh \u0111\u1ed9\u00a0: T\u1ed1t nghi\u1ec7p Trung C\u1ea5p C\u0110\/\u0110H chuy\u00ean ng\u00e0nh Marketing\/B\u00e1o &hellip; <a href=\"https:\/\/khantamgiare.com\/ko\/tuyen-dung\/\" class=\"more-link\">Continue reading <span class=\"screen-reader-text\">\ucc44\uc6a9<\/span><\/a><\/p>","protected":false},"author":1,"featured_media":7280,"parent":0,"menu_order":0,"comment_status":"closed","ping_status":"closed","template":"","meta":{"footnotes":""},"class_list":["post-7279","page","type-page","status-publish","has-post-thumbnail","hentry"],"acf":[],"_links":{"self":[{"href":"https:\/\/khantamgiare.com\/ko\/wp-json\/wp\/v2\/pages\/7279","targetHints":{"allow":["GET"]}}],"collection":[{"href":"https:\/\/khantamgiare.com\/ko\/wp-json\/wp\/v2\/pages"}],"about":[{"href":"https:\/\/khantamgiare.com\/ko\/wp-json\/wp\/v2\/types\/page"}],"author":[{"embeddable":true,"href":"https:\/\/khantamgiare.com\/ko\/wp-json\/wp\/v2\/users\/1"}],"replies":[{"embeddable":true,"href":"https:\/\/khantamgiare.com\/ko\/wp-json\/wp\/v2\/comments?post=7279"}],"version-history":[{"count":3,"href":"https:\/\/khantamgiare.com\/ko\/wp-json\/wp\/v2\/pages\/7279\/revisions"}],"predecessor-version":[{"id":13932,"href":"https:\/\/khantamgiare.com\/ko\/wp-json\/wp\/v2\/pages\/7279\/revisions\/13932"}],"wp:featuredmedia":[{"embeddable":true,"href":"https:\/\/khantamgiare.com\/ko\/wp-json\/wp\/v2\/media\/7280"}],"wp:attachment":[{"href":"https:\/\/khantamgiare.com\/ko\/wp-json\/wp\/v2\/media?parent=7279"}],"curies":[{"name":"wp","href":"https:\/\/api.w.org\/{rel}","templated":true}]}}