{"id":3568,"date":"2023-06-29T07:41:54","date_gmt":"2023-06-29T07:41:54","guid":{"rendered":"http:\/\/khantam.h193.dpsmedia.vn\/san-pham\/bo-khan-trai-giuong-spa-mau-hong-microfiber\/"},"modified":"2024-04-04T16:19:08","modified_gmt":"2024-04-04T09:19:08","slug":"bo-khan-trai-giuong-spa-mau-hong-microfiber","status":"publish","type":"product","link":"https:\/\/khantamgiare.com\/ko\/bo-khan-trai-giuong-spa-mau-hong-microfiber\/","title":{"rendered":"\uce68\uad6c \uc2a4\ud30c \ud551\ud06c \ub9c8\uc774\ud06c\ub85c \ud654\uc774\ubc84"},"content":{"rendered":"<h2><strong>Gi\u1ea3i m\u00e3 s\u1ee9c h\u00fat c\u1ee7a b\u1ed9 kh\u0103n tr\u1ea3i gi\u01b0\u1eddng Spa m\u00e0u h\u1ed3ng Microfiber<\/strong><\/h2>\n<p>\uc774 <a href=\"https:\/\/khantamgiare.com\/ko\/khan-trai-giuong-spa\/\">\uce68\uad6c\ub958 \uc2a4\ud30c<\/a> m\u00e0u h\u1ed3ng \u0111ang &#8220;l\u00e0m m\u01b0a l\u00e0m gi\u00f3&#8221; v\u00e0 \u0111\u01b0\u1ee3c c\u00e1c spa thi nhau \u0111\u1eb7t h\u00e0ng. Kh\u00f4ng ph\u1ea3i t\u1ef1 nhi\u00ean, b\u1ed9 s\u1ea3n ph\u1ea9m n\u00e0y l\u1ea1i \u0111\u01b0\u1ee3c \u01b0a chu\u1ed9ng \u0111\u1ebfn v\u1eady. S\u1ee9c h\u00fat c\u1ee7a n\u00f3 l\u00e0m \u1edf \u0111\u00e2u? \u0110\u1ea7u ti\u00ean, ch\u00fang ta c\u00f3 th\u1ec3 th\u1ea5y r\u1eb1ng, b\u1ed9 kh\u0103n s\u1eed d\u1ee5ng t\u00f4ng m\u00e0u h\u1ed3ng l\u00e0m ch\u1ee7 \u0111\u1ea1o.<\/p>\n<p>M\u1ed9t t\u00f4ng m\u00e0u nh\u1eb9 nh\u00e0ng, ng\u1ecdt ng\u00e0o nh\u01b0ng kh\u00f4ng k\u00e9m ph\u1ea7n sang tr\u1ecdng v\u00e0 hi\u1ec7n \u0111\u1ea1i. V\u1edbi nh\u1eefng spa \u0111ang t\u00ecm ki\u1ebfm m\u1ed9t m\u00e0u s\u1eafc &#8220;\u0111\u1ed5i gi\u00f3&#8221; th\u00ec \u0111\u00e2y l\u00e0 s\u1ef1 l\u1ef1a ch\u1ecdn th\u00edch h\u1ee3p.<\/p>\n<p>Ti\u1ebfp \u0111\u1ebfn l\u00e0 ch\u1ea5t li\u1ec7u c\u1ee7a kh\u0103n, kh\u0103n tr\u1ea3i gi\u01b0\u1eddng m\u00e0u h\u1ed3ng s\u1eed d\u1ee5ng ch\u1ea5t li\u1ec7u microfiber cao c\u1ea5p. Do \u0111\u00f3, b\u00ean ngo\u00e0i nh\u00ecn kh\u0103n c\u00f3 t\u00ednh th\u1ea9m m\u1ef9 cao. \u0110\u1ebfn khi tr\u1ea3i nghi\u1ec7m th\u1ef1c t\u1ebf, b\u1ea1n s\u1ebd ph\u1ea3i ng\u1ea1c nhi\u00ean v\u00ec ch\u1ea5t li\u1ec7u m\u1ec1m m\u1ea1i v\u00e0 r\u1ea5t \u00eam \u00e1i. B\u1ed9 kh\u0103n tr\u1ea3i gi\u01b0\u1eddng n\u00e0y an to\u00e0n tuy\u1ec7t \u0111\u1ed1i v\u1edbi m\u1ecdi l\u00e0n da v\u00e0 ho\u00e0n to\u00e0n kh\u00f4ng k\u00e9n \u0111\u1ed1i t\u01b0\u1ee3ng s\u1eed d\u1ee5ng.<\/p>\n<p>+ M\u1eabu kh\u0103n tr\u1ea3i gi\u01b0\u1eddng AdoraSpa &#8211; H\u1ed3ng &#8211; (Microfiber)<\/p>\n<figure id=\"attachment_4284\" aria-describedby=\"caption-attachment-4284\" style=\"width: 720px\" class=\"wp-caption aligncenter\"><img loading=\"lazy\" decoding=\"async\" class=\"wp-image-4284 size-full\" title=\"kh\u0103n tr\u1ea3i gi\u01b0\u1eddng microfiber h\u1ed3ng - khannamphong\" src=\"http:\/\/khantamgiare.com\/wp-content\/uploads\/2023\/06\/IMG_2764.jpg\" alt=\"M\u1eabu kh\u0103n tr\u1ea3i gi\u01b0\u1eddng AdoraSpa - H\u1ed3ng - (Microfiber)\" width=\"720\" height=\"480\" \/><figcaption id=\"caption-attachment-4284\" class=\"wp-caption-text\">M\u1eabu kh\u0103n tr\u1ea3i gi\u01b0\u1eddng AdoraSpa &#8211; H\u1ed3ng &#8211; (Microfiber)<\/figcaption><\/figure>\n<figure id=\"attachment_4287\" aria-describedby=\"caption-attachment-4287\" style=\"width: 720px\" class=\"wp-caption aligncenter\"><img loading=\"lazy\" decoding=\"async\" class=\"wp-image-4287 size-full\" title=\"kh\u0103n tr\u1ea3i gi\u01b0\u1eddng microfiber h\u1ed3ng - khannamphong\" src=\"http:\/\/khantamgiare.com\/wp-content\/uploads\/2023\/06\/IMG_2767.jpg\" alt=\"M\u1eabu kh\u0103n tr\u1ea3i gi\u01b0\u1eddng AdoraSpa - H\u1ed3ng - (Microfiber)\" width=\"720\" height=\"480\" \/><figcaption id=\"caption-attachment-4287\" class=\"wp-caption-text\">M\u1eabu kh\u0103n tr\u1ea3i gi\u01b0\u1eddng AdoraSpa &#8211; H\u1ed3ng &#8211; (Microfiber)<\/figcaption><\/figure>\n<h2><strong>L\u00e0m th\u1ebf n\u00e0o \u0111\u1ec3 \u0111\u1eb7t mua kh\u0103n tr\u1ea3i gi\u01b0\u1eddng spa gi\u00e1 \u01b0u \u0111\u00e3i nh\u1ea5t?\u00a0<\/strong><\/h2>\n<p>Khi c\u00f3 nhu c\u1ea7u \u0111\u1eb7t mua kh\u0103n tr\u1ea3i gi\u01b0\u1eddng spa, kh\u00e1ch h\u00e0ng c\u1ea7n quan t\u00e2m t\u1edbi ngu\u1ed3n g\u1ed1c xu\u1ea5t x\u1ee9 c\u1ee7a s\u1ea3n ph\u1ea9m. N\u00ean ch\u1ecdn mua kh\u0103n \u1edf n\u01a1i c\u00f3 th\u01b0\u01a1ng hi\u1ec7u uy t\u00edn. M\u1ed9t trong nh\u1eefng \u0111i\u1ec3m \u0111\u1ebfn ho\u00e0n h\u1ea3o c\u1ee7a m\u1ecdi spa l\u00e0 th\u01b0\u01a1ng hi\u1ec7u Kh\u0103n T\u1eafm Gi\u00e1 R\u1ebb. Ch\u00fang t\u00f4i l\u00e0 x\u01b0\u1edfng s\u1ea3n xu\u1ea5t <a href=\"https:\/\/khantamgiare.com\/ko\/khan-spa\/\">\uc218\uac74 \uc2a4\ud30c \ud488\uc9c8<\/a> s\u1ed1 1 hi\u1ec7n nay n\u00ean lu\u00f4n c\u00f3 nh\u1eefng ch\u00ednh s\u00e1ch gi\u00e1 \u01b0u \u0111\u00e3i d\u00e0nh t\u1eb7ng kh\u00e1ch h\u00e0ng.<\/p>\n<p>\u0110\u1ec3 mua kh\u0103n tr\u1ea3i gi\u01b0\u1eddng spa m\u00e0u h\u1ed3ng microfiber v\u1edbi gi\u00e1 \u01b0u \u0111\u00e3i, b\u1ea1n h\u00e3y k\u1ebft n\u1ed1i v\u1edbi ch\u00fang t\u00f4i qua s\u1ed1 hotline. <a href=\"https:\/\/khantamgiare.com\/ko\/\">\uc800\ub834\ud55c \ud0c0\uc6d4<\/a> l\u00e0 x\u01b0\u1edfng s\u1ea3n xu\u1ea5t n\u00ean n\u1ebfu kh\u00e1ch h\u00e0ng \u0111\u1eb7t kh\u0103n theo s\u1ed1 l\u01b0\u1ee3ng l\u1edbn, th\u00ec m\u1ee9c chi\u1ebft kh\u1ea5u s\u1ebd c\u00e0ng h\u1ea5p d\u1eabn. M\u1ee9c chi\u1ebft kh\u1ea5u \u0111\u00f3 s\u1ebd \u0111\u01b0\u1ee3c th\u00f4ng b\u00e1o c\u1ee5 th\u1ec3 trong qu\u00e1 tr\u00ecnh trao \u0111\u1ed5i v\u00e0 t\u01b0 v\u1ea5n.<\/p>\n<figure id=\"attachment_4285\" aria-describedby=\"caption-attachment-4285\" style=\"width: 480px\" class=\"wp-caption aligncenter\"><img loading=\"lazy\" decoding=\"async\" class=\"wp-image-4285 size-full\" style=\"color: #333333; font-size: 14.4px;\" title=\"kh\u0103n tr\u1ea3i gi\u01b0\u1eddng microfiber h\u1ed3ng - khannamphong\" src=\"http:\/\/khantamgiare.com\/wp-content\/uploads\/2023\/06\/IMG_2765.jpg\" alt=\"M\u1eabu kh\u0103n tr\u1ea3i gi\u01b0\u1eddng AdoraSpa - H\u1ed3ng - (Microfiber)\" width=\"480\" height=\"720\" \/><figcaption id=\"caption-attachment-4285\" class=\"wp-caption-text\">M\u1eabu kh\u0103n tr\u1ea3i gi\u01b0\u1eddng AdoraSpa &#8211; H\u1ed3ng &#8211; (Microfiber)<\/figcaption><\/figure>\n<p>+ M\u1eabu kh\u0103n tr\u1ea3i gi\u01b0\u1eddng Your Beauty (H\u1ed3ng pastel &#8211; Microfiber)<\/p>\n<figure id=\"attachment_11126\" aria-describedby=\"caption-attachment-11126\" style=\"width: 850px\" class=\"wp-caption aligncenter\"><img loading=\"lazy\" decoding=\"async\" class=\"wp-image-11126 size-full\" style=\"color: #333333;\" src=\"http:\/\/khantamgiare.com\/wp-content\/uploads\/2023\/06\/khan-your-beauty1.jpg\" alt=\"M\u1eabu kh\u0103n tr\u1ea3i gi\u01b0\u1eddng Your Beauty (H\u1ed3ng pastel - Microfiber)\" width=\"850\" height=\"500\" title=\"\"><figcaption id=\"caption-attachment-11126\" class=\"wp-caption-text\">M\u1eabu kh\u0103n tr\u1ea3i gi\u01b0\u1eddng Your Beauty (H\u1ed3ng pastel &#8211; Microfiber)<\/figcaption><\/figure>\n<figure id=\"attachment_11128\" aria-describedby=\"caption-attachment-11128\" style=\"width: 850px\" class=\"wp-caption aligncenter\"><img loading=\"lazy\" decoding=\"async\" class=\"wp-image-11128 size-full\" src=\"http:\/\/khantamgiare.com\/wp-content\/uploads\/2023\/06\/khan-your-beauty3.jpg\" alt=\"M\u1eabu kh\u0103n tr\u1ea3i gi\u01b0\u1eddng Your Beauty (H\u1ed3ng pastel - Microfiber)\" width=\"850\" height=\"500\" title=\"\"><figcaption id=\"caption-attachment-11128\" class=\"wp-caption-text\">M\u1eabu kh\u0103n tr\u1ea3i gi\u01b0\u1eddng Your Beauty (H\u1ed3ng pastel &#8211; Microfiber)<\/figcaption><\/figure>\n<figure id=\"attachment_11127\" aria-describedby=\"caption-attachment-11127\" style=\"width: 550px\" class=\"wp-caption aligncenter\"><img loading=\"lazy\" decoding=\"async\" class=\"wp-image-11127 size-full\" src=\"http:\/\/khantamgiare.com\/wp-content\/uploads\/2023\/06\/khan-your-beauty2.jpg\" alt=\"M\u1eabu kh\u0103n tr\u1ea3i gi\u01b0\u1eddng Your Beauty (H\u1ed3ng pastel - Microfiber)\" width=\"550\" height=\"800\" title=\"\"><figcaption id=\"caption-attachment-11127\" class=\"wp-caption-text\">M\u1eabu kh\u0103n tr\u1ea3i gi\u01b0\u1eddng Your Beauty (H\u1ed3ng pastel &#8211; Microfiber)<\/figcaption><\/figure>\n<p style=\"text-align: center;\">Tham kh\u1ea3o th\u00eam h\u01a1n 100+ m\u1eabu kh\u0103n tr\u1ea3i gi\u01b0\u1eddng spa \u0111ang \u0111\u01b0\u1ee3c Kh\u0103n T\u1eafm Gi\u00e1 R\u1ebb \u0111\u00e3 th\u1ef1c hi\u1ec7n v\u00e0 cung c\u1ea5p tr\u00ean th\u1ecb tr\u01b0\u1eddng<\/p>\n<h2><strong>T\u1ea1i sao n\u00ean l\u1ef1a ch\u1ecdn Kh\u0103n T\u1eafm Gi\u00e1 R\u1ebb?\u00a0<\/strong><\/h2>\n<p>Ch\u00fang t\u00f4i xin cam k\u1ebft v\u1ec1 ch\u1ea5t l\u01b0\u1ee3ng s\u1ea3n ph\u1ea9m. N\u1ebfu b\u1ed9 kh\u0103n tr\u1ea3i gi\u01b0\u1eddng m\u00e0u h\u1ed3ng microfiber kh\u00f4ng \u0111\u00fang nh\u01b0 nh\u1eefng \u0111i\u1ec1u kho\u1ea3n \u0111\u00e3 th\u1ecfa thu\u1eadn v\u1edbi kh\u00e1ch h\u00e0ng, ch\u00fang t\u00f4i s\u1ebd ch\u1ecbu tr\u00e1ch nhi\u1ec7m ho\u00e0n to\u00e0n.<\/p>\n<p>T\u1ea5t c\u1ea3 c\u00e1c s\u1ea3n ph\u1ea9m Kh\u0103n T\u1eafm Gi\u00e1 R\u1ebb \u0111\u1ec1u c\u00f3 tem m\u00e1c v\u00e0 \u0111\u01b0\u1ee3c \u0111\u00f3ng g\u00f3i c\u1ea9n th\u1eadn. Tr\u01b0\u1edbc khi nh\u1eadn kh\u0103n, qu\u00fd kh\u00e1ch c\u00f3 quy\u1ec1n ki\u1ec3m tra. M\u1ecdi v\u1ea5n \u0111\u1ec1 th\u1eafc m\u1eafc h\u00e3y li\u00ean h\u1ec7 v\u1edbi Kh\u0103n T\u1eafm Gi\u00e1 R\u1ebb \u0111\u1ec3 \u0111\u01b0\u1ee3c h\u1ed7 tr\u1ee3. Tr\u00e2n tr\u1ecdng c\u00e1m \u01a1n.<\/p>\n<p><em><strong>\ub354 \uc77d\uae30: <a href=\"https:\/\/khantamgiare.com\/ko\/bo-khan-trai-giuong-spa-mau-nau-microfiber\/\">\uce68\ub300 \uc2dc\ud2b8 \uc138\ud2b8,\uc2a4\ud30c \ube0c\ub77c\uc6b4 \ub9c8\uc774\ud06c\ub85c \ud654\uc774\ubc84<\/a><\/strong><\/em><\/p>","protected":false},"excerpt":{"rendered":"<p><em><strong>\ud06c\uae30: <\/strong>Kh\u0103n tr\u1ea3i gi\u01b0\u1eddng: 90\u00d7190 (750g)<\/em><\/p>\n<p><em><strong>\uc7ac\ub8cc:\u00a0<\/strong>\uc12c\uc720 Microfiber.<\/em><\/p>\n<p><em><strong>Color:\u00a0<\/strong>moss,\ub179\uc0c9,\ud30c\ub780\uc0c9,\uac08\uc0c9,\ucd08\ucf5c\ub9bf,\ubcf4\ub77c\uc0c9,\ubd84\ud64d\uc0c9,\ud68c\uc0c9,\ud770\uc0c9,\ub2f4\ud669\uc0c9,\ube68\uac04\uc0c9,\uccad\ub85d\uc0c9\uc785\ub2c8\ub2e4.<\/em><\/p>\n<p><em><strong>\ud2b9\ubcc4:<\/strong><\/em>\u00a0<em>\ub294 \uc790\uc218 \ub85c\uace0\uc5d0 \ub530\ub77c \uace0\uac1d\uc758 \uc694\uad6c \uc0ac\ud56d\uc785\ub2c8\ub2e4.<\/em><\/p>\n<p><iframe loading=\"lazy\" src=\"https:\/\/www.youtube.com\/embed\/w-BpArzr95g\" width=\"560\" height=\"315\" frameborder=\"0\" allowfullscreen=\"allowfullscreen\"><\/iframe><\/p>","protected":false},"featured_media":5140,"comment_status":"closed","ping_status":"closed","template":"","meta":[],"product_cat":[48,50],"product_tag":[],"class_list":{"0":"post-3568","1":"product","2":"type-product","3":"status-publish","4":"has-post-thumbnail","6":"product_cat-khan-spa","7":"product_cat-khan-trai-giuong-spa","8":"pa_chat-lieu-microfiber","9":"pa_kich-thuoc-90cm-x-190cm","10":"pa_mau-sac-hong","13":"instock","14":"product-type-simple"},"acf":[],"_links":{"self":[{"href":"https:\/\/khantamgiare.com\/ko\/wp-json\/wp\/v2\/product\/3568","targetHints":{"allow":["GET"]}}],"collection":[{"href":"https:\/\/khantamgiare.com\/ko\/wp-json\/wp\/v2\/product"}],"about":[{"href":"https:\/\/khantamgiare.com\/ko\/wp-json\/wp\/v2\/types\/product"}],"replies":[{"embeddable":true,"href":"https:\/\/khantamgiare.com\/ko\/wp-json\/wp\/v2\/comments?post=3568"}],"wp:featuredmedia":[{"embeddable":true,"href":"https:\/\/khantamgiare.com\/ko\/wp-json\/wp\/v2\/media\/5140"}],"wp:attachment":[{"href":"https:\/\/khantamgiare.com\/ko\/wp-json\/wp\/v2\/media?parent=3568"}],"wp:term":[{"taxonomy":"product_cat","embeddable":true,"href":"https:\/\/khantamgiare.com\/ko\/wp-json\/wp\/v2\/product_cat?post=3568"},{"taxonomy":"product_tag","embeddable":true,"href":"https:\/\/khantamgiare.com\/ko\/wp-json\/wp\/v2\/product_tag?post=3568"}],"curies":[{"name":"wp","href":"https:\/\/api.w.org\/{rel}","templated":true}]}}