{"id":3575,"date":"2023-06-29T07:41:54","date_gmt":"2023-06-29T07:41:54","guid":{"rendered":"http:\/\/khantam.h193.dpsmedia.vn\/san-pham\/bo-khan-trai-giuong-spa-mau-do-microfiber\/"},"modified":"2024-04-04T15:08:00","modified_gmt":"2024-04-04T08:08:00","slug":"bo-khan-trai-giuong-spa-mau-do-microfiber","status":"publish","type":"product","link":"https:\/\/khantamgiare.com\/ko\/bo-khan-trai-giuong-spa-mau-do-microfiber\/","title":{"rendered":"\uce68\uad6c \uc2a4\ud30c\uc5d0 \ube68\uac04\uc0c9 \ub9c8\uc774\ud06c\ub85c \ud654\uc774\ubc84"},"content":{"rendered":"<h2><strong>\uc801 \ud2b9\uc131 \uce68\uad6c \uc2a4\ud30c\uc5d0 \ube68\uac04\uc0c9 \ub9c8\uc774\ud06c\ub85c \ud654\uc774\ubc84\u00a0<\/strong><\/h2>\n<p>B\u1ed9 kh\u0103n c\u00f3 m\u00e0u \u0111\u1ecf n\u1ed5i b\u1eadt, \u0111\u00e2y l\u00e0 m\u00e0u \u0111\u01b0\u1ee3c r\u1ea5t nhi\u1ec1u spa l\u1ef1a ch\u1ecdn v\u00ec mang \u0111\u1ebfn c\u1ea3m gi\u00e1c m\u1edbi l\u1ea1, h\u1ea5p d\u1eabn. M\u00e0u s\u1eafc n\u00e0y ho\u00e0n to\u00e0n kh\u00f4ng b\u1ecb l\u1eabn l\u1ed9n v\u1edbi c\u00e1c m\u00e0u s\u1eafc kh\u00e1c. Do \u0111\u00f3, \u0111\u01b0\u1ee3c c\u00e1c spa \u0111\u1eb7c bi\u1ec7t y\u00eau th\u00edch. T\u00f9y v\u00e0o y\u00eau c\u1ea7u \u0111\u1eb7t h\u00e0ng c\u1ee7a b\u1ea1n, m\u00e0 Kh\u0103n T\u1eafm Gi\u00e1 R\u1ebb s\u1ebd linh ho\u1ea1t l\u1ef1a ch\u1ecdn m\u00e0u \u0111\u1ecf t\u01b0\u01a1ng \u1ee9ng.<\/p>\n<p>\uc608\ub97c \ub4e4\uc5b4,\uace0\uac1d\uc774 \uc694\uad6c\ud558\ub294 \uacbd\uc6b0\uc5d0 \ube68\uac04 \uc6d0\ub798\ub294 \ubc1d\uc740 \ube68\uac04\uc0c9\uacfc \ub2e4\ub97c \uc218 \uc788\uc2b5\ub2c8\ub2e4. \uadf8\uac83\uc740 \ub610\ud55c \ubd89\uc740 \uc0c9\uc774\uc9c0\ub9cc,\ub9ce\uc740 \ub2e4\uc591\ud55c \uc0c9\uc0c1\uc744 \ub2e4\ub974\uac8c,\uace0\uac1d\uc744 \uac00\uc9c0\uace0 \ub354 \ub9ce\uc740 \uc120\ud0dd\uc785\ub2c8\ub2e4.<\/p>\n<p>\uce68\ub300 \uc774 \uc2a4\ud30c\uc5d0\ub294 \ub192\uc740 \ud488\uc9c8\uc758 \uc7ac\ub8cc\ub85c \ub9cc\ub4e0 \ub9c8\uc774\ud06c\ub85c \ud654\uc774\ubc84\uc785\ub2c8\ub2e4. \ub9c8\uc774\ud06c\ub85c \ud654\uc774\ubc84\ub294 \uace0\ud488\uc9c8\uc758 \ud569\uc131,\uc9c1\ubb3c\ub85c \ub9cc\ub4e0 \uc12c\uc720 \uc9c1\ubb3c,\uc778\uacf5 \uc788\uc2b5\ub2c8\ub2e4. \uc758 \uc7a5\uc810 \uc774 \uc720\ud615\uc758 \uc2a4\uce74\ud504 \ud560 \uc218\uc788\ub294 \ub2a5\ub825\uc744 \ud761\uc218\ud558\ub294 \ubb3c,\uc88b\uc740 \ud56d\uade0 \ud6a8\uacfc\uac00 \ub192\uc740 \uc0c9\uc0c1 \uacac\ub8b0\ub3c4.<\/p>\n<p>\ub610\ud55c,\uc81c\ud488\uc758 \ubbf8\ud559\uc740 \uc544\uc8fc \uc88b\uc2b5\ub2c8\ub2e4. \uc758 \ud45c\uba74\uc5d0 \uc218\uac74 \uc790\uc5f0\uc758 \ubd80\ub4dc\ub7ec\uc6b4 \uadf8\ub798\uc11c \uadf8\uac83\uc740 \ub9e4\uc6b0 \uc548\uc804\ud558\uace0 \uc2ec\uac01\ud558\uc9c0 \uc54a\uc2b5\ub2c8\ub2e4. \uc2ec\uc9c0\uc5b4\ub294 \uace0\uac1d\uc744 \uc704\ud574 \ud53c\ubd80\uac00 \ubbfc\uac10\ud55c \uc0ac\uc6a9\ud560 \ub54c\ub294 \uce68\ub300 \uc2dc\ud2b8 \uc2a4\ud30c \ub9c8\uc774\ud06c\ub85c \ud654\uc774\ubc84\ub294 \ub610\ud55c \uc77c\uc73c\ud0a4\uc9c0 \uc54a\ub294 \uc5b4\ub5a4 \ud604\uc0c1\uc758 \uc790\uadf9\uc744 \uc720\ubc1c\ud569\ub2c8\ub2e4.<\/p>\n<p>+\uc2dd \uce68\ub300 \ud22c\uc5d4 \ucf08\ub9ac \uc2a4\ud30c(Red\u2013Microfiber)<\/p>\n<figure id=\"attachment_3101\" aria-describedby=\"caption-attachment-3101\" style=\"width: 720px\" class=\"wp-caption aligncenter\"><img loading=\"lazy\" decoding=\"async\" class=\"wp-image-3101 size-full\" src=\"http:\/\/khantamgiare.com\/wp-content\/uploads\/2023\/06\/9695f63f0ab0e8eeb1a1.jpg\" alt=\"\ud328\ud134 bedspreads \ud22c\uc5d4 \ucf08\ub9ac \uc2a4\ud30c(Red-Microfiber)\" width=\"720\" height=\"480\" title=\"\"><figcaption id=\"caption-attachment-3101\" class=\"wp-caption-text\">\ud328\ud134 bedspreads \ud22c\uc5d4 \ucf08\ub9ac \uc2a4\ud30c(Red\u2013Microfiber)<\/figcaption><\/figure>\n<figure id=\"attachment_3103\" aria-describedby=\"caption-attachment-3103\" style=\"width: 720px\" class=\"wp-caption aligncenter\"><img loading=\"lazy\" decoding=\"async\" class=\"wp-image-3103\" src=\"http:\/\/khantamgiare.com\/wp-content\/uploads\/2023\/06\/05da1473e8fc0aa253ed.jpg\" alt=\"\ud328\ud134 bedspreads \ud22c\uc5d4 \ucf08\ub9ac \uc2a4\ud30c(Red-Microfiber)\" width=\"720\" height=\"1080\" title=\"\"><figcaption id=\"caption-attachment-3103\" class=\"wp-caption-text\">\ud328\ud134 bedspreads \ud22c\uc5d4 \ucf08\ub9ac \uc2a4\ud30c(Red\u2013Microfiber)<\/figcaption><\/figure>\n<figure id=\"attachment_3104\" aria-describedby=\"caption-attachment-3104\" style=\"width: 720px\" class=\"wp-caption aligncenter\"><img loading=\"lazy\" decoding=\"async\" class=\"wp-image-3104 size-full\" src=\"http:\/\/khantamgiare.com\/wp-content\/uploads\/2023\/06\/5d9ff83604b9e6e7bfa8.jpg\" alt=\"\ud328\ud134 bedspreads \ud22c\uc5d4 \ucf08\ub9ac \uc2a4\ud30c(Red-Microfiber)\" width=\"720\" height=\"480\" title=\"\"><figcaption id=\"caption-attachment-3104\" class=\"wp-caption-text\">\ud328\ud134 bedspreads \ud22c\uc5d4 \ucf08\ub9ac \uc2a4\ud30c(Red\u2013Microfiber)<\/figcaption><\/figure>\n<figure id=\"attachment_3108\" aria-describedby=\"caption-attachment-3108\" style=\"width: 720px\" class=\"wp-caption aligncenter\"><img loading=\"lazy\" decoding=\"async\" class=\"wp-image-3108 size-full\" src=\"http:\/\/khantamgiare.com\/wp-content\/uploads\/2023\/06\/a2fbb0524cddae83f7cc.jpg\" alt=\"\ud328\ud134 bedspreads \ud22c\uc5d4 \ucf08\ub9ac \uc2a4\ud30c(Red-Microfiber)\" width=\"720\" height=\"480\" title=\"\"><figcaption id=\"caption-attachment-3108\" class=\"wp-caption-text\">\ud328\ud134 bedspreads \ud22c\uc5d4 \ucf08\ub9ac \uc2a4\ud30c(Red\u2013Microfiber)<\/figcaption><\/figure>\n<figure id=\"attachment_3109\" aria-describedby=\"caption-attachment-3109\" style=\"width: 720px\" class=\"wp-caption aligncenter\"><img loading=\"lazy\" decoding=\"async\" class=\"wp-image-3109 size-full\" src=\"http:\/\/khantamgiare.com\/wp-content\/uploads\/2023\/06\/b8eedf4623c9c19798d8.jpg\" alt=\"\ud328\ud134 bedspreads \ud22c\uc5d4 \ucf08\ub9ac \uc2a4\ud30c(Red-Microfiber)\" width=\"720\" height=\"480\" title=\"\"><figcaption id=\"caption-attachment-3109\" class=\"wp-caption-text\">\ud328\ud134 bedspreads \ud22c\uc5d4 \ucf08\ub9ac \uc2a4\ud30c(Red\u2013Microfiber)<\/figcaption><\/figure>\n<p>&nbsp;<\/p>\n<figure id=\"attachment_3111\" aria-describedby=\"caption-attachment-3111\" style=\"width: 720px\" class=\"wp-caption aligncenter\"><img loading=\"lazy\" decoding=\"async\" class=\"wp-image-3111 size-full\" src=\"http:\/\/khantamgiare.com\/wp-content\/uploads\/2023\/06\/d3f30d54f1db13854aca.jpg\" alt=\"\ud328\ud134 bedspreads \ud22c\uc5d4 \ucf08\ub9ac \uc2a4\ud30c(Red-Microfiber)\" width=\"720\" height=\"480\" title=\"\"><figcaption id=\"caption-attachment-3111\" class=\"wp-caption-text\">\ud328\ud134 bedspreads \ud22c\uc5d4 \ucf08\ub9ac \uc2a4\ud30c(Red\u2013Microfiber)<span style=\"color: #555555; font-size: 14.4px;\">\u00a0<\/span><\/figcaption><\/figure>\n<h2><strong>\ucc38\uace0 \uc8fc\ubb38\ud560 \ub54c \uc0ac\uc6a9\ud55c \uce68\uad6c \uc138\ud2b8-\ub808\ub4dc \ub9c8\uc774\ud06c\ub85c \ud654\uc774\ubc84\u00a0<\/strong><\/h2>\n<p>\uace0\uac1d\uc5d0\uac8c \uace0\ub824\ud574\uc57c\ud558\uae30 \uc804\uc5d0 \uc2e0\uc911\ud558\uac8c \uc120\ud0dd\uc785\ub2c8\ub2e4. \uc120\ud0dd\ud558\uba74 \uceec\ub7ec\ub294 \ubd89\uc740 \ube0c\ub79c\ub4dc \ub85c\uace0 \uc218 \ub193\uc740 \uc2a4\uce74\ud504\uc5d0 \uc788\uc5b4\uc57c\ud569\ub2c8\ub2e4 \uc544\uc8fc \ub2e4\ub978 \uc0c9\uae54\uc774 \uc788\uc2b5\ub2c8\ub2e4. \ubaa9\ud45c\ub97c \ub3c4\uc640 \ube0c\ub79c\ub4dc \ub85c\uace0\ub294 \ub208\uc5d0 \ub744\ub294\ud558\uace0 \uc778\uc0c1\uc801\uc774\ub2e4.<\/p>\n<p>Kh\u00e1ch h\u00e0ng khi \u0111\u1eb7t mua s\u1ea3n ph\u1ea9m, \u0111\u1ec3 tr\u00e1nh mua ph\u1ea3i h\u00e0ng gi\u1ea3 h\u00e0ng k\u00e9m ch\u1ea5t l\u01b0\u1ee3ng, h\u00e3y li\u00ean h\u1ec7 tr\u1ef1c ti\u1ebfp t\u1edbi s\u1ed1 hotline c\u1ee7a Kh\u0103n T\u1eafm Gi\u00e1 R\u1ebb. Ch\u00fang t\u00f4i l\u00e0 x\u01b0\u1edfng s\u1ea3n xu\u1ea5t <a href=\"https:\/\/khantamgiare.com\/ko\/khan-spa\/\">kh\u0103n spa gi\u00e1 r\u1ebb<\/a> s\u1ed1 1 hi\u1ec7n nay n\u00ean lu\u00f4n c\u00f3 s\u1ef1 cam k\u1ebft minh b\u1ea1ch v\u1ec1 ch\u1ea5t l\u01b0\u1ee3ng c\u1ee7a s\u1ea3n ph\u1ea9m. N\u1ebfu s\u1ea3n ph\u1ea9m b\u1ecb l\u1ed7i do ph\u00eda nh\u00e0 s\u1ea3n xu\u1ea5t, Kh\u0103n T\u1eafm Gi\u00e1 R\u1ebb s\u1ebd ch\u1ecbu tr\u00e1ch nhi\u1ec7m ho\u00e0n to\u00e0n.<\/p>\n<p>\uace0\uac1d \uc8fc\ubb38 \uce68\uad6c\ub958\ub97c \ucc38\uace0\uc5d0 \ub300\ud55c \ud06c\uae30\uc785\ub2c8\ub2e4. \uc120\ud0dd\ud574\uc57c \ud55c\ub2e4\ub294 \uc720\ud615\uc758 \uc218\uac74\uc744 \uc0ac\uc6a9\ud560 \uc218 \uc788\ub294 \ud06c\uae30\uc5d0 \ub9de\ub294 \uce68\ub300 \uc2a4\ud30c\ub2c8\ub2e4. \uc744 \uc120\ud0dd\ud558\uc9c0 \uc54a\uc544\uc57c \uc637\uac00 \ub108\ubb34 \ud06c\uac70\ub098 \uc791\uace0 \ube44\uad50\ud558\uc5ec \ud06c\uae30\uc758 \uce68\ub300\uac00 \uc788\uc2b5\ub2c8\ub2e4. \ubd88\uade0\ud615\uc774 \uc6d0\uc778\uc774 \ub420 \uac83\uc774 \uc804\ubc18\uc801\uc73c\ub85c \uc2a4\ud30c \uce68\ub300 \ub35c\ud569\ub2c8\ub2e4.<\/p>\n<p>+\uc2dd \uce68\ub300 \ub9c8\uc0ac\uc9c0 666 \uc2a4\ud30c(\ub808\ub4dc \uc640\uc778\u2013\ub9c8\uc774\ud06c\ub85c \ud654\uc774\ubc84)<\/p>\n<figure id=\"attachment_8464\" aria-describedby=\"caption-attachment-8464\" style=\"width: 850px\" class=\"wp-caption aligncenter\"><img loading=\"lazy\" decoding=\"async\" class=\"wp-image-8464 size-full\" src=\"http:\/\/khantamgiare.com\/wp-content\/uploads\/2023\/06\/khan-spa-massage-666-2.jpg\" alt=\"\ud328\ud134 \ub9c8\uc0ac\uc9c0 \uce68\ub300 666 \uc2a4\ud30c(\ub808\ub4dc \uc640\uc778-\ub9c8\uc774\ud06c\ub85c \ud654\uc774\ubc84)\" width=\"850\" height=\"500\" title=\"\"><figcaption id=\"caption-attachment-8464\" class=\"wp-caption-text\">\ud328\ud134 \ub9c8\uc0ac\uc9c0 \uce68\ub300 666 \uc2a4\ud30c(\ub808\ub4dc \uc640\uc778\u2013\ub9c8\uc774\ud06c\ub85c \ud654\uc774\ubc84)<\/figcaption><\/figure>\n<figure id=\"attachment_8465\" aria-describedby=\"caption-attachment-8465\" style=\"width: 850px\" class=\"wp-caption aligncenter\"><img loading=\"lazy\" decoding=\"async\" class=\"wp-image-8465 size-full\" src=\"http:\/\/khantamgiare.com\/wp-content\/uploads\/2023\/06\/khan-spa-massage-666-3.jpg\" alt=\"\ud328\ud134 \ub9c8\uc0ac\uc9c0 \uce68\ub300 666 \uc2a4\ud30c(\ub808\ub4dc \uc640\uc778-\ub9c8\uc774\ud06c\ub85c \ud654\uc774\ubc84)\" width=\"850\" height=\"500\" title=\"\"><figcaption id=\"caption-attachment-8465\" class=\"wp-caption-text\">\ud328\ud134 \ub9c8\uc0ac\uc9c0 \uce68\ub300 666 \uc2a4\ud30c(\ub808\ub4dc \uc640\uc778\u2013\ub9c8\uc774\ud06c\ub85c \ud654\uc774\ubc84)<\/figcaption><\/figure>\n<p style=\"text-align: center;\">Tham kh\u1ea3o th\u00eam h\u01a1n 100+ m\u1eabu kh\u0103n tr\u1ea3i gi\u01b0\u1eddng spa \u0111ang \u0111\u01b0\u1ee3c <a href=\"https:\/\/khantamgiare.com\/ko\/\">\uc800\ub834\ud55c \ud0c0\uc6d4<\/a> \u0111\u00e3 th\u1ef1c hi\u1ec7n v\u00e0 cung c\u1ea5p tr\u00ean th\u1ecb tr\u01b0\u1eddng<\/p>\n<p style=\"text-align: center;\">&gt;&gt;&gt;\u00a0<strong>\uc9c0\uae08<\/strong>: <strong><a href=\"tel:0903367867\" rel=\"nofollow\">0903 367 867<\/a><\/strong>\u00a0\uc5d0 \ub300\ud55c \uc870\uc5b8 \ubc0f \ucd5c\uace0\uc758 \ub530\uc634\ud45c\uc785\ub2c8\ub2e4.<\/p>","protected":false},"excerpt":{"rendered":"<p><em><strong>\ud06c\uae30:90X190cm\u00a0<\/strong><\/em><\/p>\n<p><em><strong>Material:100%\ub9c8\uc774\ud06c\ub85c \ud654\uc774\ubc84<\/strong><\/em><\/p>\n<p><em><strong>Color:\u00a0<\/strong>moss,\ub179\uc0c9,\uc5b4\ub450\uc6b4 \ud478\ub978,\uad6c\ub9ac\uc0c9,\uae08\uc0c9,\uac08\uc0c9,\ucd08\ucf5c\ub9bf,\uc5b4\ub450\uc6b4 \ub179\uc0c9,\ubc1d\uc740 \ubcf4\ub77c\uc0c9,\ubd84\ud64d\uc0c9,\ud68c\uc0c9,\ud770\uc0c9,\ub179\uc0c9,\ud30c\ub780\uc0c9\ub41c\ub2e4\uace0,\uac00\uc8fd,\uac08\uc0c9,\ube68\uac04\uc0c9\uc785\ub2c8\ub2e4.<\/em><\/p>\n<p><em><strong>\uc6d0\ub798 \uc7a5\uc18c:\u00a0<\/strong>\ubca0\ud2b8\ub0a8\uc785\ub2c8\ub2e4.<\/em><\/p>\n<p><em><strong>\ud2b9\ubcc4:<\/strong><\/em>\u00a0<em>\ub294 \uc790\uc218 \ub85c\uace0\uc5d0 \ub530\ub77c \uace0\uac1d\uc758 \uc694\uad6c \uc0ac\ud56d\uc785\ub2c8\ub2e4.<\/em><\/p>","protected":false},"featured_media":5145,"comment_status":"closed","ping_status":"closed","template":"","meta":[],"product_cat":[48,50],"product_tag":[],"class_list":{"0":"post-3575","1":"product","2":"type-product","3":"status-publish","4":"has-post-thumbnail","6":"product_cat-khan-spa","7":"product_cat-khan-trai-giuong-spa","8":"pa_chat-lieu-microfiber","9":"pa_kich-thuoc-90cm-x-190cm","10":"pa_mau-sac-do","13":"instock","14":"product-type-simple"},"acf":[],"_links":{"self":[{"href":"https:\/\/khantamgiare.com\/ko\/wp-json\/wp\/v2\/product\/3575","targetHints":{"allow":["GET"]}}],"collection":[{"href":"https:\/\/khantamgiare.com\/ko\/wp-json\/wp\/v2\/product"}],"about":[{"href":"https:\/\/khantamgiare.com\/ko\/wp-json\/wp\/v2\/types\/product"}],"replies":[{"embeddable":true,"href":"https:\/\/khantamgiare.com\/ko\/wp-json\/wp\/v2\/comments?post=3575"}],"wp:featuredmedia":[{"embeddable":true,"href":"https:\/\/khantamgiare.com\/ko\/wp-json\/wp\/v2\/media\/5145"}],"wp:attachment":[{"href":"https:\/\/khantamgiare.com\/ko\/wp-json\/wp\/v2\/media?parent=3575"}],"wp:term":[{"taxonomy":"product_cat","embeddable":true,"href":"https:\/\/khantamgiare.com\/ko\/wp-json\/wp\/v2\/product_cat?post=3575"},{"taxonomy":"product_tag","embeddable":true,"href":"https:\/\/khantamgiare.com\/ko\/wp-json\/wp\/v2\/product_tag?post=3575"}],"curies":[{"name":"wp","href":"https:\/\/api.w.org\/{rel}","templated":true}]}}