{"id":3597,"date":"2023-06-29T07:42:40","date_gmt":"2023-06-29T07:42:40","guid":{"rendered":"http:\/\/khantam.h193.dpsmedia.vn\/san-pham\/khan-body-spa-mau-nau-nhat-cotton\/"},"modified":"2024-04-04T15:37:08","modified_gmt":"2024-04-04T08:37:08","slug":"khan-body-spa-mau-nau-nhat-cotton","status":"publish","type":"product","link":"https:\/\/khantamgiare.com\/ko\/khan-body-spa-mau-nau-nhat-cotton\/","title":{"rendered":"\uc218\uac74 \ubc14\ub514 \uc2a4\ud30c \uac08\uc0c9 \ube5b \uba74"},"content":{"rendered":"<h2><strong>\uc81c\ud488 \ud2b9\uc131\u00a0<\/strong><\/h2>\n<ul>\n<li>\uc218\uac74 \ubc14\ub514 \uc2a4\ud30c \uac08\uc0c9 \ube5b \uba74\uc740 \uace0\uac1d\uc744 \uc704\ud55c \uc695\ub9dd\uc744 \ubc1c\uacac\ud558\uace0 \ub208\uc5d0 \ub744\ub294. \uc774\uc678\uc758 \ub2e4\ub978 \ud615\ud0dc\ub294 \uae30\uc874\uc758 \ud0c0\uc62c,\uc218\uac74,\uc2e0\uccb4,\uac08\uc0c9 \ube5b\uc758 \ub290\ub08c\uc744 \uc81c\uacf5\ud569 \uce5c\ubc00\uac10\uc774 \uc790\uc5f0,\ubd80\ub4dc\ub7ec\uc6b4 \uc0c9\uc0c1\uc744 \ub9de\uc73c\ub85c \ubaa8\ub4e0 \uc0ac\uc6a9.<\/li>\n<li><a href=\"https:\/\/khantamgiare.com\/ko\/khan-spa\/\">Kh\u0103n spa m\u00e0u n\u00e2u<\/a> n\u00e0y \u0111\u01b0\u1ee3c l\u00e0m t\u1eeb c\u00e1c s\u1ee3i v\u1ea3i cotton n\u00ean c\u00f3 nhi\u1ec1u \u01b0u \u0111i\u1ec3m n\u1ed5i b\u1eadt. Kh\u1ea3 n\u0103ng th\u1ea5m h\u00fat t\u1ed1t g\u1ea5p 3-5 l\u1ea7n so v\u1edbi c\u00e1c lo\u1ea1i v\u1ea3i truy\u1ec1n th\u1ed1ng. Th\u1eddi gian h\u00fat nhanh ch\u00f3ng, ti\u1ebft ki\u1ec7m th\u1eddi gian \u0111\u1ed3ng th\u1eddi b\u1ea3o v\u1ec7 s\u1ee9c kh\u1ecfe c\u1ee7a ng\u01b0\u1eddi s\u1eed d\u1ee5ng. M\u1eb7t kh\u00e1c, kh\u0103n c\u00f3 t\u00ednh kh\u00e1ng khu\u1ea9n cao, an to\u00e0n v\u00e0 l\u00e0nh t\u00ednh v\u1edbi l\u00e0n da. Ngay c\u1ea3 v\u1edbi nh\u1eefng ng\u01b0\u1eddi c\u00f3 l\u00e0n da nh\u1ea1y c\u1ea3m, lo\u1ea1i kh\u0103n n\u00e0y s\u1ebd \u0111em \u0111\u1ebfn s\u1ef1 an t\u00e2m tuy\u1ec7t \u0111\u1ed1i.<\/li>\n<li>\uc218\uac74 \ud06c\uae30\ub294 70*140cm,\uc774\ub294 \uc0d8\ud50c \ud06c\uae30\ub294 \uc77c\ubc18 \ub77c\uc778\uc5d0 \uc2a4\uce74\ud504 \ubab8\uc785\ub2c8\ub2e4. \ud06c\uae30\uc5d0\ub294 \uc0ac\uc6a9\uc790\uac00 \uc27d\uac8c \uc811\ud78c \ub2e4\uc2dc \uc5c6\uc744 \ub54c \uc218\uc694\uac00 \ub9ce\ub2e4. \uc5f4 \ub54c \uc0ac\uc6a9\ud558\uae30 \uc704\ud574 \ub2e4\uc74c \uc2a4\uce74\ud504 \ub610\ud55c \uc8fc\ub984. \ub97c \uc720\uc9c0\ud558\uace0 \ubbf8\ud559\uc758 \ud604\ub300\uc801\uc774\ub2e4.<\/li>\n<\/ul>\n<p>+\uc2a4\uce74\ud504 \ud328\ud134 \ubab8\uc5d0 \uccb4\uc721\uad00 \uac74\uac15\ud55c \uc544\ub984\ub2e4\uc6b4(\uc5f7\uc740 \uac08\uc0c9\uc758 \uba74)<\/p>\n<figure id=\"attachment_6507\" aria-describedby=\"caption-attachment-6507\" style=\"width: 720px\" class=\"wp-caption aligncenter\"><img loading=\"lazy\" decoding=\"async\" class=\"wp-image-6507 size-full\" title=\"\uc218\uac74-\ubaa9\uc695 \uba74-brown-\ub2c8\ub2e4.KhanNamPhong\" src=\"http:\/\/khantamgiare.com\/wp-content\/uploads\/2023\/06\/khan-tam-cotton-nau-nhat.KhanNamPhong.jpg\" alt=\"\uc2a4\uce74\ud504 \ud328\ud134 \ubab8\uc5d0 \uccb4\uc721\uad00 \uac74\uac15\ud55c \uc544\ub984\ub2e4\uc6b4(\uc5f7\uc740 \uac08\uc0c9\uc758 \uba74)\" width=\"720\" height=\"480\" \/><figcaption id=\"caption-attachment-6507\" class=\"wp-caption-text\">\uc2a4\uce74\ud504 \ud328\ud134 \ubab8\uc5d0 \uccb4\uc721\uad00 \uac74\uac15\ud55c \uc544\ub984\ub2e4\uc6b4(\uc5f7\uc740 \uac08\uc0c9\uc758 \uba74)<\/figcaption><\/figure>\n<figure id=\"attachment_6508\" aria-describedby=\"caption-attachment-6508\" style=\"width: 720px\" class=\"wp-caption aligncenter\"><img loading=\"lazy\" decoding=\"async\" class=\"wp-image-6508 size-full\" title=\"\uc218\uac74-\ubaa9\uc695 \uba74-brown-\ub2c8\ub2e4.KhanNamPhong\" src=\"http:\/\/khantamgiare.com\/wp-content\/uploads\/2023\/06\/khan-tam-cotton-nau-nhat.KhanNamPhong1.jpg\" alt=\"\uc2a4\uce74\ud504 \ud328\ud134 \ubab8\uc5d0 \uccb4\uc721\uad00 \uac74\uac15\ud55c \uc544\ub984\ub2e4\uc6b4(\uc5f7\uc740 \uac08\uc0c9\uc758 \uba74)\" width=\"720\" height=\"480\" \/><figcaption id=\"caption-attachment-6508\" class=\"wp-caption-text\">\uc2a4\uce74\ud504 \ud328\ud134 \ubab8\uc5d0 \uccb4\uc721\uad00 \uac74\uac15\ud55c \uc544\ub984\ub2e4\uc6b4(\uc5f7\uc740 \uac08\uc0c9\uc758 \uba74)<\/figcaption><\/figure>\n<figure id=\"attachment_6509\" aria-describedby=\"caption-attachment-6509\" style=\"width: 720px\" class=\"wp-caption aligncenter\"><img loading=\"lazy\" decoding=\"async\" class=\"wp-image-6509 size-full\" title=\"\uc218\uac74-\ubaa9\uc695 \uba74-brown-\ub2c8\ub2e4.KhanNamPhong\" src=\"http:\/\/khantamgiare.com\/wp-content\/uploads\/2023\/06\/khan-tam-cotton-nau-nhat.KhanNamPhong2.jpg\" alt=\"\uc2a4\uce74\ud504 \ud328\ud134 \ubab8\uc5d0 \uccb4\uc721\uad00 \uac74\uac15\ud55c \uc544\ub984\ub2e4\uc6b4(\uc5f7\uc740 \uac08\uc0c9\uc758 \uba74)\" width=\"720\" height=\"480\" \/><figcaption id=\"caption-attachment-6509\" class=\"wp-caption-text\">\uc2a4\uce74\ud504 \ud328\ud134 \ubab8\uc5d0 \uccb4\uc721\uad00 \uac74\uac15\ud55c \uc544\ub984\ub2e4\uc6b4(\uc5f7\uc740 \uac08\uc0c9\uc758 \uba74)<\/figcaption><\/figure>\n<h2><strong>\uc0ac\uc9c4\uac74 \ubc14\ub514 \uc2a4\ud30c \ubc1d\uc740 \uac08\uc0c9 \uae38\uc308\ub41c \ub85c\uace0<\/strong><\/h2>\n<p>+\uc2a4\uce74\ud504 \ud328\ud134 \ubab8\ubc14\uc774 \uc2a4\ud30c(\ubc1d\uc740 \uac08\uc0c9\u2013\uba74)<\/p>\n<figure id=\"attachment_3419\" aria-describedby=\"caption-attachment-3419\" style=\"width: 720px\" class=\"wp-caption aligncenter\"><img loading=\"lazy\" decoding=\"async\" class=\"wp-image-3419 size-full\" title=\"\uc218\uac74\uc774 \ub3cb\uc744\uc0c8\uae40\ub41c \ub85c\uace0 brown\" src=\"http:\/\/khantamgiare.com\/wp-content\/uploads\/2023\/06\/IMG_2229.jpg\" alt=\"\uc2a4\uce74\ud504 \ud328\ud134 \ubab8\ubc14\uc774 \uc2a4\ud30c(\ubc1d\uc740 \uac08\uc0c9-\uba74)\" width=\"720\" height=\"480\" \/><figcaption id=\"caption-attachment-3419\" class=\"wp-caption-text\">\uc2a4\uce74\ud504 \ud328\ud134 \ubab8\ubc14\uc774 \uc2a4\ud30c(\ubc1d\uc740 \uac08\uc0c9\u2013\uba74)<\/figcaption><\/figure>\n<figure id=\"attachment_3420\" aria-describedby=\"caption-attachment-3420\" style=\"width: 720px\" class=\"wp-caption aligncenter\"><img loading=\"lazy\" decoding=\"async\" class=\"wp-image-3420 size-full\" title=\"\uc218\uac74\uc774 \ub3cb\uc744\uc0c8\uae40\ub41c \ub85c\uace0 brown\" src=\"http:\/\/khantamgiare.com\/wp-content\/uploads\/2023\/06\/IMG_2231.jpg\" alt=\"\uc2a4\uce74\ud504 \ud328\ud134 \ubab8\ubc14\uc774 \uc2a4\ud30c(\ubc1d\uc740 \uac08\uc0c9-\uba74)\" width=\"720\" height=\"480\" \/><figcaption id=\"caption-attachment-3420\" class=\"wp-caption-text\">\uc2a4\uce74\ud504 \ud328\ud134 \ubab8\ubc14\uc774 \uc2a4\ud30c(\ubc1d\uc740 \uac08\uc0c9\u2013\uba74)<\/figcaption><\/figure>\n<figure id=\"attachment_3421\" aria-describedby=\"caption-attachment-3421\" style=\"width: 720px\" class=\"wp-caption aligncenter\"><img loading=\"lazy\" decoding=\"async\" class=\"wp-image-3421 size-full\" title=\"\uc218\uac74\uc774 \ub3cb\uc744\uc0c8\uae40\ub41c \ub85c\uace0 brown\" src=\"http:\/\/khantamgiare.com\/wp-content\/uploads\/2023\/06\/IMG_2235.jpg\" alt=\"\uc2a4\uce74\ud504 \ud328\ud134 \ubab8\ubc14\uc774 \uc2a4\ud30c(\ubc1d\uc740 \uac08\uc0c9-\uba74)\" width=\"720\" height=\"480\" \/><figcaption id=\"caption-attachment-3421\" class=\"wp-caption-text\">\uc2a4\uce74\ud504 \ud328\ud134 \ubab8\ubc14\uc774 \uc2a4\ud30c(\ubc1d\uc740 \uac08\uc0c9\u2013\uba74)<\/figcaption><\/figure>\n<h2><b>\uc7a5\uc18c \uc0ac\uc6a9\ud574\uc57c \ud558\ub294\uac74\uac00?<\/b><\/h2>\n<p>M\u1eabu kh\u0103n body m\u00e0u n\u00e2u \u0111\u01b0\u1ee3c s\u1eed d\u1ee5ng nhi\u1ec1u t\u1ea1i c\u00e1c c\u01a1 s\u1edf spa, c\u00e1c trung t\u00e2m cung c\u1ea5p d\u1ecbch v\u1ee5 l\u00e0m \u0111\u1eb9p. T\u00f9y v\u00e0o s\u1edf th\u00edch, mong mu\u1ed1n c\u1ee7a kh\u00e1ch h\u00e0ng, m\u00e0 Kh\u0103n T\u1eafm Gi\u00e1 R\u1ebb s\u1ebd g\u1eedi \u0111\u1ebfn nhi\u1ec1u l\u1ef1a ch\u1ecdn \u0111a d\u1ea1ng. Kh\u00e1ch h\u00e0ng c\u00f3 th\u1ec3 ch\u1ecdn <a href=\"https:\/\/khantamgiare.com\/ko\/khan-body-spa\/\">kh\u0103n body spa<\/a> m\u00e0u n\u00e2u \u0111\u1eadm ho\u1eb7c m\u00e0u n\u00e2u nh\u1ea1t \u0111\u1ec1u \u0111\u01b0\u1ee3c.<\/p>\n<p>\uace0\uac1d\uc774 \ucc38\uc870\ud558\ub294 \uc11c\ube44\uc2a4\ub294 \uc790\uc218 \ub85c\uace0\uc5d0 \uc218\uac74,\ud558\uae30 \uc704\ud574\uc11c \uad6c\ubd84\ud558\uace0 \ud63c\ub3d9\uc744 \ud53c\ud558\uae30 \uc704\ud574 \ub2e4\ub978 \ube0c\ub79c\ub4dc\uc785\ub2c8\ub2e4. \uc704\uce58\ub294 \uc790\ub294 \uc790\uc218\uc5d0 \ud3b8\ub9ac\ud55c \uc704\uce58\uc640 \ub208\uae38\uc744 \ub044\ub294 \ubaa8\uc2b5\uc5d0\ub294 \uc0ac\uc6a9\uc790\uac00 \uc27d\uac8c \uad00\ucc30\ud560 \ub54c \uc0ac\uc6a9\ud558\uc2e4 \uc218 \uc788\uc2b5\ub2c8\ub2e4.<\/p>\n<figure id=\"attachment_3422\" aria-describedby=\"caption-attachment-3422\" style=\"width: 720px\" class=\"wp-caption aligncenter\"><img loading=\"lazy\" decoding=\"async\" class=\"wp-image-3422 size-full\" title=\"\uc218\uac74\uc774 \ub3cb\uc744\uc0c8\uae40\ub41c \ub85c\uace0 brown\" src=\"http:\/\/khantamgiare.com\/wp-content\/uploads\/2023\/06\/IMG_2236.jpg\" alt=\"\uc2a4\uce74\ud504 \ud328\ud134 \ubab8\ubc14\uc774 \uc2a4\ud30c(\ubc1d\uc740 \uac08\uc0c9-\uba74)\" width=\"720\" height=\"480\" \/><figcaption id=\"caption-attachment-3422\" class=\"wp-caption-text\">\uc2a4\uce74\ud504 \ud328\ud134 \ubab8\ubc14\uc774 \uc2a4\ud30c(\ubc1d\uc740 \uac08\uc0c9\u2013\uba74)<\/figcaption><\/figure>\n<p>+\uc2a4\uce74\ud504 \ud328\ud134 \ub808\uc778 \ubab8\uc5d0\ub294 \uc2a4\ud30c(\ubc1d\uc740 \uac08\uc0c9\u2013\uba74)<\/p>\n<figure id=\"attachment_8490\" aria-describedby=\"caption-attachment-8490\" style=\"width: 850px\" class=\"wp-caption aligncenter\"><img loading=\"lazy\" decoding=\"async\" class=\"wp-image-8490 size-full\" src=\"http:\/\/khantamgiare.com\/wp-content\/uploads\/2023\/06\/khan-spa-ngo5.jpg\" alt=\"\uc2a4\uce74\ud504 \ud328\ud134 \ub808\uc778 \ubab8\uc5d0\ub294 \uc2a4\ud30c(\ubc1d\uc740 \uac08\uc0c9-\uba74)\" width=\"850\" height=\"500\" title=\"\"><figcaption id=\"caption-attachment-8490\" class=\"wp-caption-text\">\uc2a4\uce74\ud504 \ud328\ud134 \ub808\uc778 \ubab8\uc5d0\ub294 \uc2a4\ud30c(\ubc1d\uc740 \uac08\uc0c9\u2013\uba74)<\/figcaption><\/figure>\n<p><img loading=\"lazy\" decoding=\"async\" class=\"wp-image-8489 size-full aligncenter\" src=\"http:\/\/khantamgiare.com\/wp-content\/uploads\/2023\/06\/khan-spa-ngo4.jpg\" alt=\"+\uc2a4\uce74\ud504 \ud328\ud134 \ub808\uc778 \ubab8\uc5d0\ub294 \uc2a4\ud30c(\ubc1d\uc740 \uac08\uc0c9-\uba74)\" width=\"850\" height=\"500\" title=\"\"><\/p>\n<h2><strong>\ubaa8\ub4e0 \uc8fc\uc18c\ub97c \uc81c\uacf5\ud558\ub294 \uc218\uac74 \ubab8\uc774 \uc544\ub2c8\ub2e4. 1?<\/strong><\/h2>\n<p>Hi\u1ec7n nay, c\u00f3 r\u1ea5t nhi\u1ec1u th\u01b0\u01a1ng hi\u1ec7u s\u1ea3n xu\u1ea5t kh\u0103n body cho c\u00e1c c\u01a1 s\u1edf spa. Tuy nhi\u00ean, kh\u00f4ng ph\u1ea3i th\u01b0\u01a1ng hi\u1ec7u n\u00e0o c\u0169ng uy t\u00edn v\u00e0 c\u00f3 ch\u1ea5t l\u01b0\u1ee3ng t\u1ed1t. N\u1ebfu b\u1ea1n \u0111ang t\u00ecm ki\u1ebfm th\u01b0\u01a1ng hi\u1ec7u c\u00f3 c\u00e1c m\u1eabu kh\u0103n body chu\u1ea9n nh\u1ea5t h\u00e3y tham kh\u1ea3o th\u01b0\u01a1ng hi\u1ec7u Kh\u0103n T\u1eafm Gi\u00e1 R\u1ebb.<\/p>\n<p>\uc6b0\ub9ac\ub294 \uacf5\uc7a5 \ubc88\ud638 1 \uc5d0\ub294 \ubca0\ud2b8\ub0a8. \uadf8\ub7ec\ubbc0\ub85c,\ud56d\uc0c1 \ubaa9\ub85d \uac00\uaca9\uc740 \ub9e4\uc6b0 \ub9e4\ub825\uc801\uc774\ub2e4. \uc2e4\uc744 \ub123\uc5b4 \uc218\uac74\uc5d0 \ub530\ub77c \ubc88\ud638\ub97c \uc990\uae38 \uc218\uc788\ub294 \uae30\ud68c\ub97c \uac16\uac8c \ud560\uc778\uc740&#034;\uc704\uae30\uc5d0\uc11c&#034;5-10%. \ud560\uc778 \uad50\ud658\ub420 \uac83\uc774 \uc9c1\uc811 \uac70\ub798 \uacfc\uc815\uc5d0\uc11c.<\/p>\n<p style=\"text-align: center;\">-------------<\/p>\n<p style=\"text-align: center;\">\uc8fc\uc18c:74B,LANE295,BACH MAI STREET,HAI BA TRUNG DISTRICT,HA NOI<\/p>\n<p style=\"text-align: center;\">\uba54\uc77c:KhanNamPhong@Gmail.Com<\/p>\n<p style=\"text-align: center;\">SDT:\u00a0<a href=\"tel:0903367867\" rel=\"nofollow external noopener noreferrer\" data-wpel-link=\"external\">0903 367 867<\/a><\/p>\n<p style=\"text-align: center;\">\uc6f9 \uc0ac\uc774\ud2b8:\u00a0<a href=\"https:\/\/khantamgiare.com\/ko\/\" data-wpel-link=\"internal\">KhanTamGiaRe.Com<\/a><\/p>","protected":false},"excerpt":{"rendered":"<p><em><strong>\ud06c\uae30:\uc2a4\uce74\ud504\ub97c \ubcf8\ubb38:70x140cm \ub294<\/strong><\/em><em>\u00a0 \u00a0<\/em><\/p>\n<p><em><strong>\uc7ac\ub8cc:\uba74 100%<\/strong><\/em><\/p>\n<p><em><strong>Color:\u00a0<\/strong>moss,\ub179\uc0c9,\uc5b4\ub450\uc6b4 \ud478\ub978,\uad6c\ub9ac\uc0c9,\uae08\uc0c9,\uac08\uc0c9,\ucd08\ucf5c\ub9bf,\uc5b4\ub450\uc6b4 \ub179\uc0c9,\ubc1d\uc740 \ubcf4\ub77c\uc0c9,\ubd84\ud64d\uc0c9,\ud68c\uc0c9,\ud770\uc0c9,\ub179\uc0c9,\ud30c\ub780\uc0c9\ub41c\ub2e4\uace0,\uac00\uc8fd,\uac08\uc0c9,\ube68\uac04\uc0c9\uc785\ub2c8\ub2e4.<\/em><\/p>\n<p><em><strong>\uc6d0\ub798 \uc7a5\uc18c:\u00a0<\/strong>\ubca0\ud2b8\ub0a8\uc785\ub2c8\ub2e4.<\/em><\/p>\n<p><em><strong>\ud2b9\ubcc4:<\/strong><\/em>\u00a0<em>\ub294 \uc790\uc218 \ub85c\uace0\uc5d0 \ub530\ub77c \uace0\uac1d\uc758 \uc694\uad6c \uc0ac\ud56d\uc785\ub2c8\ub2e4.<\/em><\/p>","protected":false},"featured_media":5156,"comment_status":"closed","ping_status":"closed","template":"","meta":[],"product_cat":[49,48],"product_tag":[],"class_list":{"0":"post-3597","1":"product","2":"type-product","3":"status-publish","4":"has-post-thumbnail","6":"product_cat-khan-body-spa","7":"product_cat-khan-spa","8":"pa_chat-lieu-cotton","9":"pa_kich-thuoc-70cm-x-140cm","10":"pa_mau-sac-nau-nhat","13":"instock","14":"product-type-simple"},"acf":[],"_links":{"self":[{"href":"https:\/\/khantamgiare.com\/ko\/wp-json\/wp\/v2\/product\/3597","targetHints":{"allow":["GET"]}}],"collection":[{"href":"https:\/\/khantamgiare.com\/ko\/wp-json\/wp\/v2\/product"}],"about":[{"href":"https:\/\/khantamgiare.com\/ko\/wp-json\/wp\/v2\/types\/product"}],"replies":[{"embeddable":true,"href":"https:\/\/khantamgiare.com\/ko\/wp-json\/wp\/v2\/comments?post=3597"}],"wp:featuredmedia":[{"embeddable":true,"href":"https:\/\/khantamgiare.com\/ko\/wp-json\/wp\/v2\/media\/5156"}],"wp:attachment":[{"href":"https:\/\/khantamgiare.com\/ko\/wp-json\/wp\/v2\/media?parent=3597"}],"wp:term":[{"taxonomy":"product_cat","embeddable":true,"href":"https:\/\/khantamgiare.com\/ko\/wp-json\/wp\/v2\/product_cat?post=3597"},{"taxonomy":"product_tag","embeddable":true,"href":"https:\/\/khantamgiare.com\/ko\/wp-json\/wp\/v2\/product_tag?post=3597"}],"curies":[{"name":"wp","href":"https:\/\/api.w.org\/{rel}","templated":true}]}}