{"id":3683,"date":"2023-06-29T07:47:53","date_gmt":"2023-06-29T07:47:53","guid":{"rendered":"http:\/\/khantam.h193.dpsmedia.vn\/san-pham\/bo-khan-trai-giuong-spa-mau-nau-microfiber\/"},"modified":"2024-04-04T15:35:20","modified_gmt":"2024-04-04T08:35:20","slug":"bo-khan-trai-giuong-spa-mau-nau-microfiber","status":"publish","type":"product","link":"https:\/\/khantamgiare.com\/ko\/bo-khan-trai-giuong-spa-mau-nau-microfiber\/","title":{"rendered":"\uce68\ub300 \uc2dc\ud2b8 \uc138\ud2b8,\uc2a4\ud30c \ube0c\ub77c\uc6b4 \ub9c8\uc774\ud06c\ub85c \ud654\uc774\ubc84"},"content":{"rendered":"<h2><strong>\uc801 \ud2b9\uc131 \uce68\uad6c\ub958,\uc2a4\ud30c brown\u00a0<\/strong><\/h2>\n<p>B\u1ed9 kh\u0103n c\u00f3 t\u00f4ng m\u00e0u ch\u1ee7 \u0111\u1ea1o l\u00e0 m\u00e0u n\u00e2u \u0111\u1eadm, \u0111\u00e2y l\u00e0 m\u1ed9t m\u00e0u s\u1eafc trung t\u00ednh nh\u01b0ng l\u1ea1i \u0111\u01b0\u1ee3c r\u1ea5t nhi\u1ec1u c\u00e1c c\u01a1 spa l\u1ef1a ch\u1ecdn. M\u00e0u n\u00e2u mang \u0111\u1ebfn h\u00ecnh \u1ea3nh sang tr\u1ecdng l\u1ecbch s\u1ef1 v\u00e0 v\u00f4 c\u00f9ng s\u1ea1ch s\u1ebd. M\u00e0u s\u1eafc n\u00e0y c\u0169ng kh\u00f4ng d\u1ec5 l\u1ed9 b\u1ea9n nh\u01b0 c\u00e1c s\u1ea3n ph\u1ea9m kh\u00e1c. Do \u0111\u00f3 r\u1ea5t th\u00edch h\u1ee3p \u0111\u1ec3 s\u1eed d\u1ee5ng trong m\u00f4i tr\u01b0\u1eddng spa.<\/p>\n<p>\uc8fc\uc694 \uc18c\uc7ac\uc758 \uc218\uac74\uc740 \ub9c8\uc774\ud06c\ub85c \ud654\uc774\ubc84\uc785\ub2c8\ub2e4. \ub9c8\uc774\ud06c\ub85c \ud654\uc774\ubc84 \ubb3c\uc9c8\uc740 \ub9e4\uc6b0 \uce5c\uc219\ud55c \ud604\ub300 \uc0dd\ud65c\uc5d0\uc11c. \uacfc \uad00\ub828\ud558\uc5ec \uc904 \uc218\uac74 \uc2a4\ud30c,\uac8c\uc7ac\ub8cc \uba74,\ub2e4\uc74c,\ub9c8\uc774\ud06c\ub85c \ud654\uc774\ubc84\uac00 \uc18c\uc7ac \uc120\ud638\ud558\ub294 \ub3d9\uc77c\ud569\ub2c8\ub2e4. \uc758 \uc774\uc810\uc774 \uc18c\uc7ac \ud45c\uba74\uc758 \uc12c\uc720 \uc9c1\ubb3c\uc758 \ubd80\ub4dc\ub7ec\uc6b4,\ud22c\uae30\ub85c&#034;\ubd80\ub4dc\ub7ec\uc6b4 \ubca8\ubcb3\uc73c\ub85c&#034;\ud569\ub2c8\ub2e4 \uc544\uc8fc \uc26c\uc6b4 \ub290\ub08c\uc744 \ucea1\ucc98\ud569\uc758 \uc0ac\uc6a9\uc790. \ud560 \uc218 \uc788\ub294 \ub2a5\ub825\uc744 \ubb3c\ub860,\ub192\uc740 \ub0b4\uad6c\uc131 \ubc0f \uc9c0\uc18d \uae30\uac04\uc744 \uc7a5\uae30\uac04 \uc0ac\uc6a9<\/p>\n<p>\ud558\uc774\ub77c\uc774\ud2b8\uc758 \uce68\uad6c\ub958,\uc2a4\ud30c \ube0c\ub77c\uc6b4 \uceec\ub7ec\ub294 \uc0dd\uc0b0 \ub77c\uc778\uc5d0\uc11c,\uace0\uae09 \uc758 \ub4f1\ub85d \uc0c1\ud45c \ub0a8\uc131 \uc2a4\ud0c0\uc77c\uc785\ub2c8\ub2e4. \ud45c\uba74\uc5d0\uc11c\uc758 \uc81c\ud488\uacfc \ud568\uaed8 \uc790\uc218 \uc9c1\ubb3c \ub85c\uace0,\uc0c1\ud45c,\ub97c \uc2dd\ubcc4\ud558\ub294 \ub370 \ub3c4\uc6c0\uc774 \uc774 \uc2a4\ud30c\uc5d0\ub294 \uc720\uc6a9\ud55c \ubc29\ubc95\uc785\ub2c8\ub2e4. \ub3d9\uc77c\ud55c \uc2dc\uac04\uc5d0 \ub3c4\uc6c0\uc774\ub294 \uc81c\ud488\uc774 \ub420 \uac12\uacfc\uac00 \ub192\uc740 \uc2ec\ubbf8\uc801\uc778 \ub9e4\ub825\uc774\ub2e4.<\/p>\n<h2><strong>\uc774\ubbf8\uc9c0,\uce68\uad6c\ub958,\uc2a4\ud30c,\ube0c\ub77c\uc6b4(\ub9c8\uc774\ud06c\ub85c \ud654\uc774\ubc84)<\/strong><\/h2>\n<p>+\ubaa8\ub378\uc758 \uc81c\ud488 \uce68\uad6c\ub958 Colee Huynh-\ucd08\ucf5c\ub9bf \ube0c\ub77c\uc6b4<\/p>\n<figure id=\"attachment_7563\" aria-describedby=\"caption-attachment-7563\" style=\"width: 800px\" class=\"wp-caption aligncenter\"><img loading=\"lazy\" decoding=\"async\" class=\"wp-image-7563 size-full\" src=\"http:\/\/khantamgiare.com\/wp-content\/uploads\/2023\/06\/KNP21.jpg\" alt=\"\uce68\uad6c\ub958\ub294 \uc2a4\ud30c \ud504\ub9ac\ubbf8\uc5c4 \ub9c8\uc774\ud06c\ub85c \ud654\uc774\ubc84 Colee Huynh-\ucd08\ucf5c\ub9bf \ube0c\ub77c\uc6b4\" width=\"800\" height=\"500\" title=\"\"><figcaption id=\"caption-attachment-7563\" class=\"wp-caption-text\">\uce68\uad6c\ub958\ub294 \uc2a4\ud30c \ud504\ub9ac\ubbf8\uc5c4 \ub9c8\uc774\ud06c\ub85c \ud654\uc774\ubc84 Colee Huynh-\ucd08\ucf5c\ub9bf \ube0c\ub77c\uc6b4<\/figcaption><\/figure>\n<figure id=\"attachment_7565\" aria-describedby=\"caption-attachment-7565\" style=\"width: 800px\" class=\"wp-caption aligncenter\"><img loading=\"lazy\" decoding=\"async\" class=\"wp-image-7565 size-full\" src=\"http:\/\/khantamgiare.com\/wp-content\/uploads\/2023\/06\/KNP23.jpg\" alt=\"\uce68\uad6c\ub958\ub294 \uc2a4\ud30c \ud504\ub9ac\ubbf8\uc5c4 \ub9c8\uc774\ud06c\ub85c \ud654\uc774\ubc84 Colee Huynh-\ucd08\ucf5c\ub9bf \ube0c\ub77c\uc6b4\" width=\"800\" height=\"500\" title=\"\"><figcaption id=\"caption-attachment-7565\" class=\"wp-caption-text\">\uce68\uad6c\ub958\ub294 \uc2a4\ud30c \ud504\ub9ac\ubbf8\uc5c4 \ub9c8\uc774\ud06c\ub85c \ud654\uc774\ubc84 Colee Huynh-\ucd08\ucf5c\ub9bf \ube0c\ub77c\uc6b4<\/figcaption><\/figure>\n<p>+\ubaa8\ub378\uc758 \uc81c\ud488 \uce68\ub300 \uc2dc\ud2b8 \uac15\ub0a8 \uc2a4\ud30c\u2013\uac08\uc0c9 \ucd08\ucf5c\ub9bf\uc744 \uc218\ub97c \ub193\uc740 \ub85c\uace0\u2013(\ub9c8\uc774\ud06c\ub85c \ud654\uc774\ubc84)<\/p>\n<figure id=\"attachment_3833\" aria-describedby=\"caption-attachment-3833\" style=\"width: 480px\" class=\"wp-caption aligncenter\"><img loading=\"lazy\" decoding=\"async\" class=\"wp-image-3833 size-full\" title=\"\uce68\uad6c\ub958 \ub9c8\uc774\ud06c\ub85c \ud654\uc774\ubc84 \ucd08\ucf5c\ub9bf \ube0c\ub77c\uc6b4\" src=\"http:\/\/khantamgiare.com\/wp-content\/uploads\/2023\/06\/IMG_2407.jpg\" alt=\"\uce68\uad6c\ub958\ub294 \uac15\ub0a8 \uc2a4\ud30c-\uac08\uc0c9 \ucd08\ucf5c\ub9bf\uc744 \uc218\ub97c \ub193\uc740 \ub85c\uace0-(\ub9c8\uc774\ud06c\ub85c \ud654\uc774\ubc84)\" width=\"480\" height=\"720\" \/><figcaption id=\"caption-attachment-3833\" class=\"wp-caption-text\">\uce68\uad6c\ub958\ub294 \uac15\ub0a8 \uc2a4\ud30c\u2013\uac08\uc0c9 \ucd08\ucf5c\ub9bf\uc744 \uc218\ub97c \ub193\uc740 \ub85c\uace0\u2013(\ub9c8\uc774\ud06c\ub85c \ud654\uc774\ubc84)<\/figcaption><\/figure>\n<figure id=\"attachment_3834\" aria-describedby=\"caption-attachment-3834\" style=\"width: 720px\" class=\"wp-caption aligncenter\"><img loading=\"lazy\" decoding=\"async\" class=\"wp-image-3834 size-full\" title=\"\uce68\uad6c\ub958 \ub9c8\uc774\ud06c\ub85c \ud654\uc774\ubc84 \ucd08\ucf5c\ub9bf \ube0c\ub77c\uc6b4\" src=\"http:\/\/khantamgiare.com\/wp-content\/uploads\/2023\/06\/IMG_2408.jpg\" alt=\"\uce68\uad6c\ub958\ub294 \uac15\ub0a8 \uc2a4\ud30c-\uac08\uc0c9 \ucd08\ucf5c\ub9bf\uc744 \uc218\ub97c \ub193\uc740 \ub85c\uace0-(\ub9c8\uc774\ud06c\ub85c \ud654\uc774\ubc84)\" width=\"720\" height=\"480\" \/><figcaption id=\"caption-attachment-3834\" class=\"wp-caption-text\">\uce68\uad6c\ub958\ub294 \uac15\ub0a8 \uc2a4\ud30c\u2013\uac08\uc0c9 \ucd08\ucf5c\ub9bf\uc744 \uc218\ub97c \ub193\uc740 \ub85c\uace0\u2013(\ub9c8\uc774\ud06c\ub85c \ud654\uc774\ubc84)<\/figcaption><\/figure>\n<h2><strong>\uc758 \ud61c\ud0dd\uc758 \uc0ac\uc6a9 \uce68\ub300 \uc2dc\ud2b8,\uc2a4\ud30c brown<\/strong><\/h2>\n<p>S\u1eed d\u1ee5ng b\u1ed9 <a href=\"https:\/\/khantamgiare.com\/ko\/khan-spa\/\">kh\u0103n spa m\u00e0u n\u00e2u<\/a> c\u1ee7a Kh\u0103n T\u1eafm Gi\u00e1 R\u1ebb mang t\u1edbi nhi\u1ec1u l\u1ee3i \u00edch thi\u1ebft th\u1ef1c. L\u1ee3i \u00edch \u0111\u1ea7u ti\u00ean d\u1ec5 d\u00e0ng nh\u00ecn th\u1ea5y l\u00e0 gi\u00fap cho gi\u01b0\u1eddng spa tr\u1edf n\u00ean \u0111\u1eb9p m\u1eaft v\u00e0 sang tr\u1ecdng h\u01a1n. Thay v\u00ec m\u1ed9t chi\u1ebfc gi\u01b0\u1eddng tr\u1ed1ng, c\u00f3 ph\u1ea7n th\u00f4 c\u1ee9ng, v\u1edbi s\u1ef1 \u0111\u1ed3ng h\u00e0nh c\u1ee7a s\u1ea3n ph\u1ea9m Kh\u0103n T\u1eafm Gi\u00e1 R\u1ebb, chi\u1ebfc gi\u01b0\u1eddng s\u1ebd c\u00f3 m\u1ed9t di\u1ec7n m\u1ea1o ho\u00e0n to\u00e0n kh\u00e1c.<\/p>\n<p>\uce68\ub300\uc5d0\ub294 \uc2a4\ud30c \ub610 \ud558\ub098\uc758 \uac00\uc7a5 \uba85\ud655\ud558\uac8c \uba85\uc2dc\uc5d0 \uc804\ubb38\uc801\uc778 \uc774\ubbf8\uc9c0\uc758 \ube0c\ub79c\ub4dc\uc785\ub2c8\ub2e4. \ud074\ub77c\uc774\uc5b8\ud2b8\ub294 \uc62c\ud574 \uc11c\ube44\uc2a4 \uacbd\ud5d8\uc744 \uc2a4\ud30c\uc5d0\uc11c\ub294 \uc815\uae30\uc801\uc73c\ub85c,\ub2f9\uc2e0\uc774\ud574\uc57c\uc5d0\uc11c \ud3b8\uc548\ud558\uac8c \ud734\uc2dd\uc744 \ucde8\ud558\uc2ed\uc2dc\ud569\ub2c8\ub2e4. \ub208\uae38\uc744 \ub044\ub294,\uc0ac\uc9c4 \ub85c\uace0 \uac15\uc870\ud55c \uac83\uc785\ub2c8\ub2e4 \ub2f9\uc2e0\uc758 \uace0\uac1d\uc5d0\uac8c \uc9c0\ubd88\ud560 \uc218 \uc5c6\uc2b5\ub2c8\ub2e4\ub97c \uce68\uad6c \uae30\ub2a5\uc744 \uc218\ub97c \ub193\uc740 \ub85c\uace0\uc785\ub2c8\ub2e4. \uc774 \uadf8\ub9bc\uc758 \uc2a4\ud30c\uac00 \ub354 \uc804\ubb38\uc801\uc774 \uace0\uac1d\uc758 \ub208\uc5d0\uc11c.<\/p>\n<p>+\uc0c1\ud488\uc758 \uc0d8\ud50c \uc18c\ubc15\ud55c \uce68\ub300 Tam Binh Tan(\uac08 \ucd08\ucf5c\ub9bf \ub9c8\uc774\ud06c\ub85c \ud654\uc774\ubc84)<\/p>\n<figure id=\"attachment_11278\" aria-describedby=\"caption-attachment-11278\" style=\"width: 850px\" class=\"wp-caption aligncenter\"><img loading=\"lazy\" decoding=\"async\" class=\"wp-image-11278 size-full\" src=\"http:\/\/khantamgiare.com\/wp-content\/uploads\/2023\/06\/khan-moc-tam-binh-tan4.jpg\" alt=\"\uce68\uad6c\ub958 \uc18c\ubc15\ud55c Tam Binh Tan(\uac08 \ucd08\ucf5c\ub9bf \ub9c8\uc774\ud06c\ub85c \ud654\uc774\ubc84)\" width=\"850\" height=\"500\" title=\"\"><figcaption id=\"caption-attachment-11278\" class=\"wp-caption-text\">\uce68\uad6c\ub958 \uc18c\ubc15\ud55c Tam Binh Tan(\uac08 \ucd08\ucf5c\ub9bf \ub9c8\uc774\ud06c\ub85c \ud654\uc774\ubc84)<\/figcaption><\/figure>\n<figure id=\"attachment_11277\" aria-describedby=\"caption-attachment-11277\" style=\"width: 550px\" class=\"wp-caption aligncenter\"><img loading=\"lazy\" decoding=\"async\" class=\"wp-image-11277 size-full\" src=\"http:\/\/khantamgiare.com\/wp-content\/uploads\/2023\/06\/khan-moc-tam-binh-tan3-1.jpg\" alt=\"\uce68\uad6c\ub958 \uc18c\ubc15\ud55c Tam Binh Tan(\uac08 \ucd08\ucf5c\ub9bf \ub9c8\uc774\ud06c\ub85c \ud654\uc774\ubc84)\" width=\"550\" height=\"800\" title=\"\"><figcaption id=\"caption-attachment-11277\" class=\"wp-caption-text\">\uce68\uad6c\ub958 \uc18c\ubc15\ud55c Tam Binh Tan(\uac08 \ucd08\ucf5c\ub9bf \ub9c8\uc774\ud06c\ub85c \ud654\uc774\ubc84)<\/figcaption><\/figure>\n<p>+\ubaa8\ub378\uc758 \uc81c\ud488 \uce68\uad6c\ub958 AMOON \uc2a4\ud30c\u2013\uac08\uc0c9(\ub9c8\uc774\ud06c\ub85c \ud654\uc774\ubc84)<\/p>\n<figure id=\"attachment_4554\" aria-describedby=\"caption-attachment-4554\" style=\"width: 720px\" class=\"wp-caption aligncenter\"><img loading=\"lazy\" decoding=\"async\" class=\"wp-image-4554 size-full\" title=\"\uce68\uad6c\ub958 \ub9c8\uc774\ud06c\ub85c \ud654\uc774\ubc84 \ucd08\ucf5c\ub9bf \ube0c\ub77c\uc6b4-khannamphong\" src=\"http:\/\/khantamgiare.com\/wp-content\/uploads\/2023\/06\/IMG_3137.jpg\" alt=\"\uce68\uad6c\ub958 AMOON \uc2a4\ud30c-\uac08\uc0c9(\ub9c8\uc774\ud06c\ub85c \ud654\uc774\ubc84)\" width=\"720\" height=\"480\" \/><figcaption id=\"caption-attachment-4554\" class=\"wp-caption-text\">\uce68\uad6c\ub958 AMOON \uc2a4\ud30c\u2013\uac08\uc0c9(\ub9c8\uc774\ud06c\ub85c \ud654\uc774\ubc84)<\/figcaption><\/figure>\n<figure id=\"attachment_4555\" aria-describedby=\"caption-attachment-4555\" style=\"width: 720px\" class=\"wp-caption aligncenter\"><img loading=\"lazy\" decoding=\"async\" class=\"wp-image-4555 size-full\" title=\"\uce68\uad6c\ub958 \ub9c8\uc774\ud06c\ub85c \ud654\uc774\ubc84 \ucd08\ucf5c\ub9bf \ube0c\ub77c\uc6b4-khannamphong\" src=\"http:\/\/khantamgiare.com\/wp-content\/uploads\/2023\/06\/IMG_3138.jpg\" alt=\"\uce68\uad6c\ub958 AMOON \uc2a4\ud30c-\uac08\uc0c9(\ub9c8\uc774\ud06c\ub85c \ud654\uc774\ubc84)\" width=\"720\" height=\"480\" \/><figcaption id=\"caption-attachment-4555\" class=\"wp-caption-text\">\uce68\uad6c\ub958 AMOON \uc2a4\ud30c\u2013\uac08\uc0c9(\ub9c8\uc774\ud06c\ub85c \ud654\uc774\ubc84)<\/figcaption><\/figure>\n<p>+\ubaa8\ub378\uc758 \uc81c\ud488 \uce68\uad6c\ub958 Nguyen \uc131 Amoon\u2013\uac08\uc0c9(\ub9c8\uc774\ud06c\ub85c \ud654\uc774\ubc84)<\/p>\n<figure id=\"attachment_4500\" aria-describedby=\"caption-attachment-4500\" style=\"width: 720px\" class=\"wp-caption aligncenter\"><img loading=\"lazy\" decoding=\"async\" class=\"wp-image-4500 size-full\" title=\"\uce68\uad6c\ub958 \ub9c8\uc774\ud06c\ub85c \ud654\uc774\ubc84 \ube0c\ub77c\uc6b4 \ucd08\ucf5c\ub9bf\uc785\ub2c8\ub2e4.khannamphong\" src=\"http:\/\/khantamgiare.com\/wp-content\/uploads\/2023\/06\/IMG_3074.jpg\" alt=\"\uce68\uad6c\ub958 Nguyen \uc131 Amoon-\uac08\uc0c9(\ub9c8\uc774\ud06c\ub85c \ud654\uc774\ubc84)\" width=\"720\" height=\"480\" \/><figcaption id=\"caption-attachment-4500\" class=\"wp-caption-text\">\uce68\uad6c\ub958 Nguyen \uc131 Amoon\u2013\uac08\uc0c9(\ub9c8\uc774\ud06c\ub85c \ud654\uc774\ubc84)<\/figcaption><\/figure>\n<figure id=\"attachment_4501\" aria-describedby=\"caption-attachment-4501\" style=\"width: 480px\" class=\"wp-caption aligncenter\"><img loading=\"lazy\" decoding=\"async\" class=\"wp-image-4501 size-full\" style=\"color: #333333; font-size: 14.4px;\" title=\"\uce68\uad6c\ub958 \ub9c8\uc774\ud06c\ub85c \ud654\uc774\ubc84 \ube0c\ub77c\uc6b4 \ucd08\ucf5c\ub9bf\uc785\ub2c8\ub2e4.khannamphong\" src=\"http:\/\/khantamgiare.com\/wp-content\/uploads\/2023\/06\/IMG_3075.jpg\" alt=\"\uce68\uad6c\ub958 Nguyen \uc131 Amoon-\uac08\uc0c9(\ub9c8\uc774\ud06c\ub85c \ud654\uc774\ubc84)\" width=\"480\" height=\"720\" \/><figcaption id=\"caption-attachment-4501\" class=\"wp-caption-text\">\uce68\uad6c\ub958 Nguyen \uc131 Amoon\u2013\uac08\uc0c9(\ub9c8\uc774\ud06c\ub85c \ud654\uc774\ubc84)<\/figcaption><\/figure>\n<p>+\ubaa8\ub378\uc758 \uc81c\ud488 \uce68\uad6c\ub958\ub294 \ub85d\uc2dc \uc2a4\ud30c(\uac08 \ucd08\ucf5c\ub9bf \ub9c8\uc774\ud06c\ub85c \ud654\uc774\ubc84)<\/p>\n<figure id=\"attachment_10854\" aria-describedby=\"caption-attachment-10854\" style=\"width: 850px\" class=\"wp-caption aligncenter\"><img loading=\"lazy\" decoding=\"async\" class=\"wp-image-10854 size-full\" src=\"http:\/\/khantamgiare.com\/wp-content\/uploads\/2023\/06\/khan-spa-roxie2.jpg\" alt=\"\uce68\uad6c\ub958\ub294 \ub85d\uc2dc \uc2a4\ud30c(\uac08 \ucd08\ucf5c\ub9bf \ub9c8\uc774\ud06c\ub85c \ud654\uc774\ubc84)\" width=\"850\" height=\"500\" title=\"\"><figcaption id=\"caption-attachment-10854\" class=\"wp-caption-text\">\uce68\uad6c\ub958\ub294 \ub85d\uc2dc \uc2a4\ud30c(\uac08 \ucd08\ucf5c\ub9bf \ub9c8\uc774\ud06c\ub85c \ud654\uc774\ubc84)<\/figcaption><\/figure>\n<figure id=\"attachment_10853\" aria-describedby=\"caption-attachment-10853\" style=\"width: 850px\" class=\"wp-caption aligncenter\"><img loading=\"lazy\" decoding=\"async\" class=\"wp-image-10853 size-full\" src=\"http:\/\/khantamgiare.com\/wp-content\/uploads\/2023\/06\/khan-spa-roxie1.jpg\" alt=\"\uce68\uad6c\ub958\ub294 \ub85d\uc2dc \uc2a4\ud30c(\uac08 \ucd08\ucf5c\ub9bf \ub9c8\uc774\ud06c\ub85c \ud654\uc774\ubc84)\" width=\"850\" height=\"500\" title=\"\"><figcaption id=\"caption-attachment-10853\" class=\"wp-caption-text\">\uce68\uad6c\ub958\ub294 \ub85d\uc2dc \uc2a4\ud30c(\uac08 \ucd08\ucf5c\ub9bf \ub9c8\uc774\ud06c\ub85c \ud654\uc774\ubc84)<\/figcaption><\/figure>\n<h2><strong>\uacf5\uac1c \ube0c\ub79c\ub4dc \uce68\uad6c\ub958\ub294 \ud06c\ub808\ub527<\/strong><\/h2>\n<p>\u0110\u1ec3 \u0111\u01b0\u1ee3c t\u01b0 v\u1ea5n v\u1ec1 m\u1eabu <a href=\"https:\/\/khantamgiare.com\/ko\/khan-trai-giuong-spa\/\">\uce68\uad6c\ub958 \uc2a4\ud30c<\/a> m\u00e0u n\u00e2u c\u0169ng nh\u01b0 c\u00e1c b\u1ed9 kh\u0103n tr\u1ea3i gi\u01b0\u1eddng kh\u00e1c, h\u00e3y li\u00ean h\u1ec7 v\u1edbi Kh\u0103n T\u1eafm Gi\u00e1 R\u1ebb qua th\u00f4ng tin d\u01b0\u1edbi \u0111\u00e2y. Ch\u00fang t\u00f4i lu\u00f4n s\u1eb5n l\u00f2ng \u0111\u01b0\u1ee3c gi\u1ea3i \u0111\u00e1p m\u1ecdi th\u1eafc m\u1eafc c\u1ee7a b\u1ea1n.<\/p>\n<p style=\"text-align: center;\">-------------<\/p>\n<p style=\"text-align: center;\">\uc8fc\uc18c:74B,LANE295,BACH MAI STREET,HAI BA TRUNG DISTRICT,HA NOI<\/p>\n<p style=\"text-align: center;\">\uba54\uc77c:KhanNamPhong@Gmail.Com<\/p>\n<p style=\"text-align: center;\">SDT:\u00a0<a href=\"tel:0903367867\" rel=\"nofollow external noopener noreferrer\" data-wpel-link=\"external\">0903 367 867<\/a><\/p>\n<p style=\"text-align: center;\">\uc6f9 \uc0ac\uc774\ud2b8:\u00a0<a href=\"https:\/\/khantamgiare.com\/ko\/\" data-wpel-link=\"internal\">KhanTamGiaRe.Com<\/a><\/p>","protected":false},"excerpt":{"rendered":"<p><em><strong>\ud06c\uae30:\u00a0\u00a0<\/strong>\uce68\uad6c\ub958:90x190cm\u00a0<\/em><\/p>\n<p><em><strong>\uc7ac\ub8cc:\ub9c8\uc774\ud06c\ub85c \ud654\uc774\ubc84<\/strong><\/em><\/p>\n<p><em><strong>Color:\u00a0<\/strong>moss,\ub179\uc0c9,\uc5b4\ub450\uc6b4 \ud478\ub978,\uad6c\ub9ac\uc0c9,\uae08\uc0c9,\uac08\uc0c9,\ucd08\ucf5c\ub9bf,\uc5b4\ub450\uc6b4 \ub179\uc0c9,\ubc1d\uc740 \ubcf4\ub77c\uc0c9,\ubd84\ud64d\uc0c9,\ud68c\uc0c9,\ud770\uc0c9,\ub179\uc0c9,\ud30c\ub780\uc0c9\ub41c\ub2e4\uace0,\uac00\uc8fd,\uac08\uc0c9,\ube68\uac04\uc0c9\uc785\ub2c8\ub2e4.<\/em><\/p>\n<p><em><strong>\uc6d0\ub798 \uc7a5\uc18c:\u00a0<\/strong>\ubca0\ud2b8\ub0a8\uc785\ub2c8\ub2e4.<\/em><\/p>\n<p><em><strong>\ud2b9\ubcc4:<\/strong><\/em>\u00a0<em>\ub294 \uc790\uc218 \ub85c\uace0\uc5d0 \ub530\ub77c \uace0\uac1d\uc758 \uc694\uad6c \uc0ac\ud56d\uc785\ub2c8\ub2e4.<\/em><\/p>\n<p>&nbsp;<\/p>\n<p><iframe loading=\"lazy\" src=\"https:\/\/www.youtube.com\/embed\/msvzOq5bjNM\" width=\"560\" height=\"315\" frameborder=\"0\" allowfullscreen=\"allowfullscreen\"><\/iframe><\/p>","protected":false},"featured_media":5266,"comment_status":"closed","ping_status":"closed","template":"","meta":[],"product_cat":[48,50],"product_tag":[],"class_list":{"0":"post-3683","1":"product","2":"type-product","3":"status-publish","4":"has-post-thumbnail","6":"product_cat-khan-spa","7":"product_cat-khan-trai-giuong-spa","8":"pa_chat-lieu-microfiber","9":"pa_kich-thuoc-90cm-x-190cm","10":"pa_mau-sac-nau-socola","13":"instock","14":"product-type-simple"},"acf":[],"_links":{"self":[{"href":"https:\/\/khantamgiare.com\/ko\/wp-json\/wp\/v2\/product\/3683","targetHints":{"allow":["GET"]}}],"collection":[{"href":"https:\/\/khantamgiare.com\/ko\/wp-json\/wp\/v2\/product"}],"about":[{"href":"https:\/\/khantamgiare.com\/ko\/wp-json\/wp\/v2\/types\/product"}],"replies":[{"embeddable":true,"href":"https:\/\/khantamgiare.com\/ko\/wp-json\/wp\/v2\/comments?post=3683"}],"wp:featuredmedia":[{"embeddable":true,"href":"https:\/\/khantamgiare.com\/ko\/wp-json\/wp\/v2\/media\/5266"}],"wp:attachment":[{"href":"https:\/\/khantamgiare.com\/ko\/wp-json\/wp\/v2\/media?parent=3683"}],"wp:term":[{"taxonomy":"product_cat","embeddable":true,"href":"https:\/\/khantamgiare.com\/ko\/wp-json\/wp\/v2\/product_cat?post=3683"},{"taxonomy":"product_tag","embeddable":true,"href":"https:\/\/khantamgiare.com\/ko\/wp-json\/wp\/v2\/product_tag?post=3683"}],"curies":[{"name":"wp","href":"https:\/\/api.w.org\/{rel}","templated":true}]}}