{"id":3779,"date":"2023-06-29T07:50:01","date_gmt":"2023-06-29T07:50:01","guid":{"rendered":"http:\/\/khantam.h193.dpsmedia.vn\/san-pham\/bo-khan-body-spa-microfiber-mau-xanh-co-vit\/"},"modified":"2024-04-04T15:54:40","modified_gmt":"2024-04-04T08:54:40","slug":"bo-khan-body-spa-microfiber-mau-xanh-co-vit","status":"publish","type":"product","link":"https:\/\/khantamgiare.com\/ko\/bo-khan-body-spa-microfiber-mau-xanh-co-vit\/","title":{"rendered":"\uac74 \ubc14\ub514 \uc2a4\ud30c\uc774 \ube14\ub8e8 \uc624\ub9ac Stock"},"content":{"rendered":"<h2><strong>\u0110\u1eb7c \u0111i\u1ec3m s\u1ea3n ph\u1ea9m Kh\u0103n Body Spa Microfiber Ma\u0300u Xanh C\u00f4\u0309 Vi\u0323t<\/strong><\/h2>\n<ul>\n<li>\uc774 <a href=\"https:\/\/khantamgiare.com\/ko\/khan-body-spa\/\">kh\u0103n body spa<\/a> microfiber m\u00e0u xanh c\u1ed5 v\u1ecbt l\u00e0 b\u1ed9 kh\u0103n c\u00f3 m\u00e0u s\u1eafc \u0111\u1eb7c bi\u1ec7t, \u1ea5n t\u01b0\u1ee3ng v\u00e0 n\u1ed5i b\u1eadt. V\u1edbi m\u00e0u s\u1eafc \u0111\u1ed9c \u0111\u00e1o, s\u1ea3n ph\u1ea9m nhanh ch\u00f3ng t\u1ea1o \u0111\u01b0\u1ee3c s\u1ee9c h\u00fat nh\u1edd v\u00e0o t\u00ednh th\u1ea9m m\u1ef9 cao c\u00f9ng nhi\u1ec1u \u01b0u \u0111i\u1ec3m h\u1ea5p d\u1eabn.<\/li>\n<li>\uc218\uac74\uc5d0\uc11c \ub9cc\ub4e4\uc5b4\uc9c4 \ub192\uc740 \ud488\uc9c8\uc758 \uc7ac\ub8cc,\ub9c8\uc774\ud06c\ub85c \ud654\uc774\ubc84,\uadf8\ub798\uc11c \ud45c\uba74\ucc98\ub7fc \ubd80\ub4dc\ub7ec\uc6b4 \ubca8\ubcb3\uc785\ub2c8\ub2e4. \uc218\uac74\uc740 \ud53c\ubd80\uc5d0 \uc548\uc804\ud55c\uc9c0 \uae4c\ub2e4\ub85c\uc6b4 \uc0ac\uc6a9\uc790. \uc18d\uc131\uc758 \uc218\uac74\uc740 \ud761\uc218\uc131,\uc88b\uc740 \uc2e0\ucd95\uc131\uc774 \ub192\uc740 \ud56d\uade0 \ud6a8\uc728\uc785\ub2c8\ub2e4. \ub610\ud55c,\ub54c\ubb38\uc5d0 \ub9cc\ub4e4 \uc218 \uc788 \ud138\uc2e4\uc5d0\uc11c \ud569\uc131 \uc12c\uc720\ud574\uc57c\ud55c \ud2bc\ud2bc\ud55c \uceec\ub7ec,\uc288\ud37c peak,\uae30\uac04 \uc624\ub798-\uc6a9\uc5b4\ub97c \uc0ac\uc6a9\ud569\ub2c8\ub2e4.<\/li>\n<li>\uc124\uacc4 \ud06c\uae30\ub294 70*140cm,\uc2a4\uce74\ud504 \uc27d\uac8c \uc811\uc744 \ub2e4\uc2dc\uc9c0 \uc54a\uc744 \ub54c\uc5d0\ub294 \ud544\uc694\ud569\ub2c8\ub2e4. \uc0ac\uc6a9 \ud6c4\uc5d0\ub294 \uc2a4\ud30c,\uc9c1\uc6d0,\uc138\ud0c1\ud558\uc2dc\uae30 \ubc14\ub78d\uc5d0 \uadf8\uac83\uc744 \ubb3c \uc138\ud0c1\uc5d0 \ub300\ud55c \uc804\ubb38\uc801\uc778 \uc0ac\uc6a9\uacfc \ub178\ucd9c\uc5d0\ub294 \uac74\uc870\ud558\uace0 \ud658\uae30\uac00 \uc798 \ub418\ub294 \uacf3. \uac74 \ubc14\ub514 \uc2a4\ud30c \ube14\ub8e8 \ub9c8\uc774\ud06c\ub85c \ud654\uc774\ubc84,\ud074\ub798\uc2dd \uc624\ub9ac \ube68 \uc218 \uc788\ub294 \uc190 \ub610\ub294 \uae30\uacc4\uc5d0 \uc758\ud574 \ud655\uc778\uc785\ub2c8\ub2e4. \uc744 \uc218\uac74\uc740 \ub354 \ud2bc\ud2bc\ud558\uace0,\ub2f9\uc2e0\uc774 \uac74\uc870\ud574\uc57c\uc5d0\uc11c \uac74\uc870\ud558\uace0 \ud658\uae30\uac00 \uc798 \ub418\ub294 \uacf3\uc774 \uc788\ub2e4.<\/li>\n<\/ul>\n<p>+\uc2a4\uce74\ud504 \ud328\ud134 \ubc14\ub514 \uc2a4\ud30c THESA \uc2a4\ud30c&amp;\uc758 \uc544\ub984\ub2e4\uc6c0(\ub179\uc0c9 \uc624\ub9ac\u2013\ub9c8\uc774\ud06c\ub85c \ud654\uc774\ubc84)<\/p>\n<figure id=\"attachment_10873\" aria-describedby=\"caption-attachment-10873\" style=\"width: 850px\" class=\"wp-caption aligncenter\"><a href=\"http:\/\/khantamgiare.com\/wp-content\/uploads\/2023\/06\/khan-spa-thesa3.jpg\"><img loading=\"lazy\" decoding=\"async\" class=\"wp-image-10873 size-full\" src=\"http:\/\/khantamgiare.com\/wp-content\/uploads\/2023\/06\/khan-spa-thesa3.jpg\" alt=\"\uc0d8\ud50c \uc218\uac74 \ubc14\ub514 \uc2a4\ud30c THESA \uc2a4\ud30c&amp;\uc758 \uc544\ub984\ub2e4\uc6c0(\ub179\uc0c9 \uc624\ub9ac-\ub9c8\uc774\ud06c\ub85c \ud654\uc774\ubc84)\" width=\"850\" height=\"500\" title=\"\"><\/a><figcaption id=\"caption-attachment-10873\" class=\"wp-caption-text\">\uc0d8\ud50c \uc218\uac74 \ubc14\ub514 \uc2a4\ud30c THESA \uc2a4\ud30c&amp;\uc758 \uc544\ub984\ub2e4\uc6c0(\ub179\uc0c9 \uc624\ub9ac\u2013\ub9c8\uc774\ud06c\ub85c \ud654\uc774\ubc84)<\/figcaption><\/figure>\n<h2><b>\uc2a4\uce74\ud504\uc758 \ubab8\uc740 \ubb34\uc5c7\uc5d0 \uc0ac\uc6a9\ub418\ub294?<\/b><\/h2>\n<p>\uc81c\ud488 \ubab8\uc774 \ub179\uc0c9 \uc624\ub9ac \uc2a4\uce74\ud504 \ud328\ud134 \uc288\ud37c \ub728\uac70\uc6b4 \uc218\ubc31\ub9cc\uc758 \uc2a4\ud30c \uc2dc\uc124\uc744 \ucc3e\uc744 \uc7a5\uc18c\uc785\ub2c8\ub2e4. \uc678\uc5d0 \uc2a4\ud30c,\ud53c\ud2b8\ub2c8\uc2a4 \uc13c\ud130,\ubbf8\uc801 \ub77c\uc774\ube0c\ub7ec\ub9ac\ub294 \ub610\ud55c \uc6b0\ub824\uc5d0 \ub300\ud574 \uc81c\ud488 \ub77c\uc778\uc5d0. \uadf8 \ubfd0\ub9cc \uc544\ub2c8\ub77c,\uc81c\ud488\uc5d0 \ub098\ud0c0\ub098\ub294 \uc7a5\uc18c\uc758 \ub2e4\uc591\uc131,\uc8fc\ub85c \uadf8 \uc11c\ube44\uc2a4 \uacf5\uae09\uc790\uc5d0 \ub300\ud55c \uac74\uac15 \uad00\ub9ac\ud558\ub294 \uacf3\uc774\ub2e4. \uc608\ub97c \ub4e4\uc5b4:\uccb4\ub825\ub2e8\ub828\uc2e4,\uc218\uc601\uc7a5,\ud604\ub300\uc801\uc778 \ud734\uac00 \uc8fc\ud0dd,\ud638\ud154,\ub9ac\uc870\ud2b8,...<\/p>\n<p>\uc218\uac74\ub514 \uceec\ub7ec\ub294 \ub179\uc0c9 \uc624\ub9ac\ub294 \uac74\uc870\ub97c \uc704\ud574 \uc0ac\uc6a9 \ud6c4 \uc2e0\uccb4\uc5d0\ub294 \ub9e4 \uc0e4\uc6cc\uac00 \uc788\uc2b5\ub2c8\ub2e4. \ub610\ud55c,\uc2a4\uce74\ud504\ub97c \uc0ac\uc6a9\ud560 \uc218 \uc788\uc2b5 \ubab8\uc744 \uac10\uc2f8\uae30,\ubaa9\ud45c\ub294 \uace0\uac1d\uc5d0\uac8c \ub3c4\uc6c0\uc744 \uc27d\uac8c \uacbd\ud5d8\ud558\ub294 \ub2e4\ub978 \uc11c\ube44\uc2a4\uc5d0\ub294 \uc2a4\ud30c\uac00 \uc788\uc2b5\ub2c8\ub2e4.<\/p>\n<figure id=\"attachment_10871\" aria-describedby=\"caption-attachment-10871\" style=\"width: 850px\" class=\"wp-caption aligncenter\"><a href=\"http:\/\/khantamgiare.com\/wp-content\/uploads\/2023\/06\/khan-spa-thesa1.jpg\"><img loading=\"lazy\" decoding=\"async\" class=\"wp-image-10871 size-full\" src=\"http:\/\/khantamgiare.com\/wp-content\/uploads\/2023\/06\/khan-spa-thesa1.jpg\" alt=\"\uc0d8\ud50c \uc218\uac74 \ubc14\ub514 \uc2a4\ud30c THESA \uc2a4\ud30c&amp;\uc758 \uc544\ub984\ub2e4\uc6c0(\ub179\uc0c9 \uc624\ub9ac-\ub9c8\uc774\ud06c\ub85c \ud654\uc774\ubc84)\" width=\"850\" height=\"500\" title=\"\"><\/a><figcaption id=\"caption-attachment-10871\" class=\"wp-caption-text\">\uc0d8\ud50c \uc218\uac74 \ubc14\ub514 \uc2a4\ud30c THESA \uc2a4\ud30c&amp;\uc758 \uc544\ub984\ub2e4\uc6c0(\ub179\uc0c9 \uc624\ub9ac\u2013\ub9c8\uc774\ud06c\ub85c \ud654\uc774\ubc84)<\/figcaption><\/figure>\n<h2><b>\uce58\uc758 \uc2a4\uce74\ud504\ub97c \ubab8 \uac00\uc7a5 \ube60\ub978<\/b><\/h2>\n<p>\uc18c\uac74 \ubc14\ub514 \uc2a4\ud30c \ud478\ub978 \uc624\ub9ac stock \uc5b4\ub835\uc9c0 \uc54a\uc9c0\ub9cc 1 \uac1c\uc758 \uc804\ud654\ub294 \ub2f9\uc2e0\uc758 \uc9c8\ubb38\uc5d0 \ud574\uacb0 \ub420 \uac83\uc785\ub2c8\ub2e4. \uc911\uc694\ud55c \uac83\uc740 \ub2f9\uc2e0\uc744 \ucc3e\uc544\uc57c \uc81c\uc870 \ub2e8\uc704 \uc804\ubb38\uac00\uac00 \ub9ce\uc740 \uac70\ub798\ub97c \uac00\uc7a5\ud569\ub2c8\ub2e4.<\/p>\n<p>M\u1ed9t trong nh\u1eefng th\u01b0\u01a1ng hi\u1ec7u \u0111\u01b0\u1ee3c h\u00e0ng tri\u1ec7u spa y\u00eau th\u00edch, ph\u1ea3i k\u1ec3 \u0111\u1ebfn th\u01b0\u01a1ng hi\u1ec7u <a href=\"https:\/\/khantamgiare.com\/ko\/\">\uc800\ub834\ud55c \ud0c0\uc6d4<\/a>. Tr\u1ea3i qua nhi\u1ec1u n\u0103m x\u00e2y d\u1ef1ng v\u00e0 ph\u00e1t tri\u1ec3n, Kh\u0103n T\u1eafm Gi\u00e1 R\u1ebb hi\u1ec7n nay l\u00e0 \u0111i\u1ec3m \u0111\u1ebfn ho\u00e0n h\u1ea3o c\u1ee7a m\u1ecdi kh\u00e1ch h\u00e0ng. Ch\u00fang t\u00f4i s\u1ea3n xu\u1ea5t, cung c\u1ea5p c\u00e1c m\u1eabu kh\u0103n body ch\u1ea5t l\u01b0\u1ee3ng v\u1edbi m\u00e0u s\u1eafc v\u00e0 ch\u1ea5t li\u1ec7u \u0111a d\u1ea1ng.<\/p>\n<p>Kh\u00e1ch h\u00e0ng c\u00f3 y\u00eau c\u1ea7u c\u1ee5 th\u1ec3 n\u00e0o v\u1ec1 c\u00e1c s\u1ea3n ph\u1ea9m <a href=\"https:\/\/khantamgiare.com\/ko\/khan-spa\/\">kh\u0103n spa gi\u00e1 r\u1ebb<\/a>, h\u00e3y trao \u0111\u1ed5i v\u1edbi ch\u00fang t\u00f4i. Kh\u0103n T\u1eafm Gi\u00e1 R\u1ebb lu\u00f4n l\u1eafng nghe v\u00e0 d\u1ef1a tr\u00ean y\u00eau c\u1ea7u \u0111\u00f3 \u0111\u1ec3 th\u1ef1c hi\u1ec7n ho\u00e0n t\u1ea5t s\u1ea3n ph\u1ea9m. S\u1ea3n ph\u1ea9m trao tay kh\u00e1ch h\u00e0ng ch\u1eafc ch\u1eafn l\u00e0 nh\u1eefng s\u1ea3n ph\u1ea9m t\u1ed1t nh\u1ea5t v\u00e0 \u0111\u00e3 \u0111\u01b0\u1ee3c ki\u1ec3m tra s\u00e1t sao ch\u1eb7t ch\u1ebd.<\/p>\n<blockquote><p><em><strong>\ub354 \uc77d\uae30: <a href=\"https:\/\/khantamgiare.com\/ko\/bo-khan-body-spa-mau-nau-socola-co-theu-logo-cotton\/\">\uac74 \ubab8\uc5d0\ub294 \uc2a4\ud30c \ube0c\ub77c\uc6b4 \ucd08\ucf5c\ub9bf\uacfc \ud568\uaed8 \uc790\uc218 \ub85c\uace0(Cotton)<\/a><\/strong><\/em><\/p><\/blockquote>","protected":false},"excerpt":{"rendered":"<p><em><strong>\ud06c\uae30:\u00a0<\/strong>\uc2a4\uce74\ud504\ub97c \ubcf8\ubb38:70\u00d7140cm<\/em><\/p>\n<p><em><strong>\uc7ac\ub8cc:\u00a0<\/strong>100%\uba74 \ud138\uc2e4\uc785\ub2c8\ub2e4.<\/em><\/p>\n<p><em><strong>Color:\u00a0<\/strong>moss,\ub179\uc0c9,\uc5b4\ub450\uc6b4 \ud478\ub978,\uad6c\ub9ac\uc0c9,\uae08\uc0c9,\uac08\uc0c9,\ucd08\ucf5c\ub9bf,\uc5b4\ub450\uc6b4 \ub179\uc0c9,\ubc1d\uc740 \ubcf4\ub77c\uc0c9,\ubd84\ud64d\uc0c9,\ud68c\uc0c9,\ud770\uc0c9,\ub179\uc0c9,\ud30c\ub780\uc0c9\ub41c\ub2e4\uace0,\uac00\uc8fd,\uac08\uc0c9,\ube68\uac04\uc0c9\uc785\ub2c8\ub2e4.<\/em><\/p>\n<p><em><strong>\uc6d0\ub798 \uc7a5\uc18c:\u00a0<\/strong>\ubca0\ud2b8\ub0a8\uc785\ub2c8\ub2e4.<\/em><\/p>\n<p><em><strong>\ud2b9\ubcc4:<\/strong><\/em>\u00a0<em>\ub294 \uc790\uc218 \ub85c\uace0\uc5d0 \ub530\ub77c \uace0\uac1d\uc758 \uc694\uad6c \uc0ac\ud56d\uc785\ub2c8\ub2e4.<\/em><\/p>","protected":false},"featured_media":5305,"comment_status":"closed","ping_status":"closed","template":"","meta":[],"product_cat":[49,48],"product_tag":[],"class_list":{"0":"post-3779","1":"product","2":"type-product","3":"status-publish","4":"has-post-thumbnail","6":"product_cat-khan-body-spa","7":"product_cat-khan-spa","8":"pa_chat-lieu-microfiber","9":"pa_kich-thuoc-70cm-x-140cm","10":"pa_mau-sac-xanh-co-vit","13":"instock","14":"product-type-simple"},"acf":[],"_links":{"self":[{"href":"https:\/\/khantamgiare.com\/ko\/wp-json\/wp\/v2\/product\/3779","targetHints":{"allow":["GET"]}}],"collection":[{"href":"https:\/\/khantamgiare.com\/ko\/wp-json\/wp\/v2\/product"}],"about":[{"href":"https:\/\/khantamgiare.com\/ko\/wp-json\/wp\/v2\/types\/product"}],"replies":[{"embeddable":true,"href":"https:\/\/khantamgiare.com\/ko\/wp-json\/wp\/v2\/comments?post=3779"}],"wp:featuredmedia":[{"embeddable":true,"href":"https:\/\/khantamgiare.com\/ko\/wp-json\/wp\/v2\/media\/5305"}],"wp:attachment":[{"href":"https:\/\/khantamgiare.com\/ko\/wp-json\/wp\/v2\/media?parent=3779"}],"wp:term":[{"taxonomy":"product_cat","embeddable":true,"href":"https:\/\/khantamgiare.com\/ko\/wp-json\/wp\/v2\/product_cat?post=3779"},{"taxonomy":"product_tag","embeddable":true,"href":"https:\/\/khantamgiare.com\/ko\/wp-json\/wp\/v2\/product_tag?post=3779"}],"curies":[{"name":"wp","href":"https:\/\/api.w.org\/{rel}","templated":true}]}}