{"id":3803,"date":"2023-06-29T07:51:34","date_gmt":"2023-06-29T07:51:34","guid":{"rendered":"http:\/\/khantam.h193.dpsmedia.vn\/san-pham\/bo-khan-body-spa-mau-nau-socola-co-theu-logo-cotton\/"},"modified":"2024-04-10T15:19:14","modified_gmt":"2024-04-10T08:19:14","slug":"bo-khan-body-spa-mau-nau-socola-co-theu-logo-cotton","status":"publish","type":"product","link":"https:\/\/khantamgiare.com\/ko\/bo-khan-body-spa-mau-nau-socola-co-theu-logo-cotton\/","title":{"rendered":"\uac74 \ubab8\uc5d0\ub294 \uc2a4\ud30c \ube0c\ub77c\uc6b4 \ucd08\ucf5c\ub9bf\uacfc \ud568\uaed8 \uc790\uc218 \ub85c\uace0(Cotton)"},"content":{"rendered":"<p>&#039;+\uc2a4\uce74\ud504 \ud328\ud134 \ubab8\uc5d0\ub294 \ucc9c\uc7a5\uc5d0\ub294 \uc2a4\ud30c(Cotton)<\/p>\n<figure id=\"attachment_6777\" aria-describedby=\"caption-attachment-6777\" style=\"width: 720px\" class=\"wp-caption aligncenter\"><img loading=\"lazy\" decoding=\"async\" class=\"wp-image-6777 size-full\" title=\"\uc2a4\uce74\ud504-\ubab8-\uba74-\ube0c\ub77c\uc6b4 \ucd08\ucf5c\ub9bf\uc785\ub2c8\ub2e4.KhanNamPhong\" src=\"http:\/\/khantamgiare.com\/wp-content\/uploads\/2023\/06\/khan-body-Cotton-Nau-Socola.KhanNamPhong.jpg\" alt=\"\uc2a4\uce74\ud504 \ud328\ud134 \ubab8\uc5d0\ub294 \ucc9c\uc7a5\uc5d0\ub294 \uc2a4\ud30c(Cotton)\" width=\"720\" height=\"480\" \/><figcaption id=\"caption-attachment-6777\" class=\"wp-caption-text\">\uc2a4\uce74\ud504 \ud328\ud134 \ubab8\uc5d0\ub294 \ucc9c\uc7a5\uc5d0\ub294 \uc2a4\ud30c(Cotton)<\/figcaption><\/figure>\n<figure id=\"attachment_6778\" aria-describedby=\"caption-attachment-6778\" style=\"width: 720px\" class=\"wp-caption aligncenter\"><img loading=\"lazy\" decoding=\"async\" class=\"wp-image-6778 size-full\" title=\"\uc2a4\uce74\ud504-\ubab8-\uba74-\ube0c\ub77c\uc6b4 \ucd08\ucf5c\ub9bf\uc785\ub2c8\ub2e4.KhanNamPhong\" src=\"http:\/\/khantamgiare.com\/wp-content\/uploads\/2023\/06\/khan-body-Cotton-Nau-Socola.KhanNamPhong1.jpg\" alt=\"\uc2a4\uce74\ud504 \ud328\ud134 \ubab8\uc5d0\ub294 \ucc9c\uc7a5\uc5d0\ub294 \uc2a4\ud30c(Cotton)\" width=\"720\" height=\"480\" \/><figcaption id=\"caption-attachment-6778\" class=\"wp-caption-text\">\uc2a4\uce74\ud504 \ud328\ud134 \ubab8\uc5d0\ub294 \ucc9c\uc7a5\uc5d0\ub294 \uc2a4\ud30c(Cotton)<\/figcaption><\/figure>\n<p>+\uc2a4\uce74\ud504 \ubcf8\uccb4 \ubc29\ucf55(\uac08 \ucd08\ucf5c\ub9bf \uba74)<\/p>\n<figure id=\"attachment_4226\" aria-describedby=\"caption-attachment-4226\" style=\"width: 720px\" class=\"wp-caption aligncenter\"><img loading=\"lazy\" decoding=\"async\" class=\"wp-image-4226 size-full\" title=\"Khantamcottonnausocola-khannamphong\" src=\"http:\/\/khantamgiare.com\/wp-content\/uploads\/2023\/06\/IMG_2626.jpg\" alt=\"\ud328\ud134\uc758 \uc2a4\uce74\ud504 \ubcf8\uccb4 \ubc29\ucf55(\uac08 \ucd08\ucf5c\ub9bf \uba74)\" width=\"720\" height=\"480\" \/><figcaption id=\"caption-attachment-4226\" class=\"wp-caption-text\">\ud328\ud134\uc758 \uc2a4\uce74\ud504 \ubcf8\uccb4 \ubc29\ucf55(\uac08 \ucd08\ucf5c\ub9bf \uba74)<\/figcaption><\/figure>\n<figure id=\"attachment_4229\" aria-describedby=\"caption-attachment-4229\" style=\"width: 720px\" class=\"wp-caption aligncenter\"><img loading=\"lazy\" decoding=\"async\" class=\"wp-image-4229 size-full\" title=\"Khantamcottonnausocola-khannamphong\" src=\"http:\/\/khantamgiare.com\/wp-content\/uploads\/2023\/06\/IMG_2631.jpg\" alt=\"\ud328\ud134\uc758 \uc2a4\uce74\ud504 \ubcf8\uccb4 \ubc29\ucf55(\uac08 \ucd08\ucf5c\ub9bf \uba74)\" width=\"720\" height=\"480\" \/><figcaption id=\"caption-attachment-4229\" class=\"wp-caption-text\">\ud328\ud134\uc758 \uc2a4\uce74\ud504 \ubcf8\uccb4 \ubc29\ucf55(\uac08 \ucd08\ucf5c\ub9bf \uba74)<\/figcaption><\/figure>\n<p>+\uc2a4\uce74\ud504 \ud328\ud134 \ubab8\uc744 \ub3cc\ub9ac\ub294 \uc544\ub984\ub2e4\uc6c0(Cotton)<\/p>\n<figure id=\"attachment_5461\" aria-describedby=\"caption-attachment-5461\" style=\"width: 720px\" class=\"wp-caption aligncenter\"><img loading=\"lazy\" decoding=\"async\" class=\"wp-image-5461 size-full\" title=\"\uac74,\ubab8 \uba74 \ucd08\ucf5c\ub9bf \ube0c\ub77c\uc6b4\" src=\"http:\/\/khantamgiare.com\/wp-content\/uploads\/2023\/06\/IMG_4006.jpg\" alt=\"\uc2a4\uce74\ud504 \ud328\ud134 \ubab8\uc744 \ub3cc\ub9ac\ub294 \uc544\ub984\ub2e4\uc6c0(Cotton)\" width=\"720\" height=\"480\" \/><figcaption id=\"caption-attachment-5461\" class=\"wp-caption-text\">\uc2a4\uce74\ud504 \ud328\ud134 \ubab8\uc744 \ub3cc\ub9ac\ub294 \uc544\ub984\ub2e4\uc6c0(Cotton)<\/figcaption><\/figure>\n<figure id=\"attachment_5462\" aria-describedby=\"caption-attachment-5462\" style=\"width: 720px\" class=\"wp-caption aligncenter\"><img loading=\"lazy\" decoding=\"async\" class=\"wp-image-5462 size-full\" title=\"\uac74,\ubab8 \uba74 \ucd08\ucf5c\ub9bf \ube0c\ub77c\uc6b4\" src=\"http:\/\/khantamgiare.com\/wp-content\/uploads\/2023\/06\/IMG_4007.jpg\" alt=\"\uc2a4\uce74\ud504 \ud328\ud134 \ubab8\uc744 \ub3cc\ub9ac\ub294 \uc544\ub984\ub2e4\uc6c0(Cotton)\" width=\"720\" height=\"480\" \/><figcaption id=\"caption-attachment-5462\" class=\"wp-caption-text\">\uc2a4\uce74\ud504 \ud328\ud134 \ubab8\uc744 \ub3cc\ub9ac\ub294 \uc544\ub984\ub2e4\uc6c0(Cotton)<\/figcaption><\/figure>\n<p>+\uc2a4\uce74\ud504 \ud328\ud134 \ubab8 Nguyen Hoang \uc2a4\ud30c(Cotton)<\/p>\n<figure id=\"attachment_5053\" aria-describedby=\"caption-attachment-5053\" style=\"width: 720px\" class=\"wp-caption aligncenter\"><img loading=\"lazy\" decoding=\"async\" class=\"wp-image-5053 size-full\" title=\"khantamcottonnausocola.khannamphong\" src=\"http:\/\/khantamgiare.com\/wp-content\/uploads\/2023\/06\/IMG_3694.jpg\" alt=\"\uc2a4\uce74\ud504 \ud328\ud134 \ubab8 Nguyen Hoang \uc2a4\ud30c(Cotton)\" width=\"720\" height=\"480\" \/><figcaption id=\"caption-attachment-5053\" class=\"wp-caption-text\">\uc2a4\uce74\ud504 \ud328\ud134 \ubab8 Nguyen Hoang \uc2a4\ud30c(Cotton)<\/figcaption><\/figure>\n<figure id=\"attachment_5054\" aria-describedby=\"caption-attachment-5054\" style=\"width: 720px\" class=\"wp-caption aligncenter\"><img loading=\"lazy\" decoding=\"async\" class=\"wp-image-5054 size-full\" title=\"khantamcottonnausocola.khannamphong\" src=\"http:\/\/khantamgiare.com\/wp-content\/uploads\/2023\/06\/IMG_3695.jpg\" alt=\"\uc2a4\uce74\ud504 \ud328\ud134 \ubab8 Nguyen Hoang \uc2a4\ud30c(Cotton)\" width=\"720\" height=\"480\" \/><figcaption id=\"caption-attachment-5054\" class=\"wp-caption-text\">\uc2a4\uce74\ud504 \ud328\ud134 \ubab8 Nguyen Hoang \uc2a4\ud30c(Cotton)<\/figcaption><\/figure>\n<p>+\uc2a4\uce74\ud504 \ud328\ud134 \ubab8 Homis \uc2a4\ud30c(Cotton)<\/p>\n<figure id=\"attachment_6391\" aria-describedby=\"caption-attachment-6391\" style=\"width: 720px\" class=\"wp-caption aligncenter\"><img loading=\"lazy\" decoding=\"async\" class=\"wp-image-6391 size-full\" title=\"\uc218\uac74\uc774--\uba74-brown-\ucd08\ucf5c\ub81b-40x60 \uc13c\uce58\uba54\ud130.KhanNamPhong\" src=\"http:\/\/khantamgiare.com\/wp-content\/uploads\/2023\/06\/khan-mat-cotton-nau-socola-40x60cm.KhanNamPhong1.jpg\" alt=\"\uc2a4\uce74\ud504 \ud328\ud134 \ubab8 Homis \uc2a4\ud30c(Cotton)\" width=\"720\" height=\"480\" \/><figcaption id=\"caption-attachment-6391\" class=\"wp-caption-text\">\uc2a4\uce74\ud504 \ud328\ud134 \ubab8 Homis \uc2a4\ud30c(Cotton)<\/figcaption><\/figure>\n<figure id=\"attachment_6394\" aria-describedby=\"caption-attachment-6394\" style=\"width: 720px\" class=\"wp-caption aligncenter\"><img loading=\"lazy\" decoding=\"async\" class=\"wp-image-6394 size-full\" title=\"\uc218\uac74\uc774--\uba74-brown-\ucd08\ucf5c\ub81b-40x60 \uc13c\uce58\uba54\ud130.KhanNamPhong\" src=\"http:\/\/khantamgiare.com\/wp-content\/uploads\/2023\/06\/khan-mat-cotton-nau-socola-40x60cm.KhanNamPhong5.jpg\" alt=\"\uc2a4\uce74\ud504 \ud328\ud134 \ubab8 Homis \uc2a4\ud30c(Cotton)\" width=\"720\" height=\"480\" \/><figcaption id=\"caption-attachment-6394\" class=\"wp-caption-text\">\uc2a4\uce74\ud504 \ud328\ud134 \ubab8 Homis \uc2a4\ud30c(Cotton)<\/figcaption><\/figure>\n<blockquote><p><em><strong>\ub354 \uc77d\uae30: <a href=\"https:\/\/khantamgiare.com\/ko\/khan-body-spa-mau-nau-nhat-cotton\/\">\uc218\uac74 \ubc14\ub514 \uc2a4\ud30c \uac08\uc0c9 \ube5b \uba74<\/a><\/strong><\/em><\/p><\/blockquote>\n<p>+\uc2a4\uce74\ud504 \ud328\ud134\uccb4 \ud638\ud154\uc758 \ub9c8\uc0ac\uc9c0 VL(\uac08 \ucd08\ucf5c\ub9bf \uba74)<\/p>\n<figure id=\"attachment_13983\" aria-describedby=\"caption-attachment-13983\" style=\"width: 850px\" class=\"wp-caption aligncenter\"><img loading=\"lazy\" decoding=\"async\" class=\"wp-image-13983 size-full\" src=\"http:\/\/khantamgiare.com\/wp-content\/uploads\/2023\/06\/khan-hotel-massage-vl-1-1.jpg\" alt=\"\uc2a4\uce74\ud504 \ud328\ud134\uccb4 \ud638\ud154\uc758 \ub9c8\uc0ac\uc9c0 VL(\uac08 \ucd08\ucf5c\ub9bf \uba74)\" width=\"850\" height=\"500\" title=\"\"><figcaption id=\"caption-attachment-13983\" class=\"wp-caption-text\">\uc2a4\uce74\ud504 \ud328\ud134\uccb4 \ud638\ud154\uc758 \ub9c8\uc0ac\uc9c0 VL(\uac08 \ucd08\ucf5c\ub9bf \uba74)<\/figcaption><\/figure>\n<figure id=\"attachment_13984\" aria-describedby=\"caption-attachment-13984\" style=\"width: 850px\" class=\"wp-caption aligncenter\"><img loading=\"lazy\" decoding=\"async\" class=\"wp-image-13984 size-full\" src=\"http:\/\/khantamgiare.com\/wp-content\/uploads\/2023\/06\/khan-hotel-massage-vl1-1-1.jpg\" alt=\"\uc2a4\uce74\ud504 \ud328\ud134\uccb4 \ud638\ud154\uc758 \ub9c8\uc0ac\uc9c0 VL(\uac08 \ucd08\ucf5c\ub9bf \uba74)\" width=\"850\" height=\"500\" title=\"\"><figcaption id=\"caption-attachment-13984\" class=\"wp-caption-text\">\uc2a4\uce74\ud504 \ud328\ud134\uccb4 \ud638\ud154\uc758 \ub9c8\uc0ac\uc9c0 VL(\uac08 \ucd08\ucf5c\ub9bf \uba74)<\/figcaption><\/figure>\n<figure id=\"attachment_13633\" aria-describedby=\"caption-attachment-13633\" style=\"width: 550px\" class=\"wp-caption aligncenter\"><img loading=\"lazy\" decoding=\"async\" class=\"wp-image-13633 size-full\" style=\"color: #333333;\" src=\"http:\/\/khantamgiare.com\/wp-content\/uploads\/2023\/06\/khan-hotel-massage-vl2-2.jpg\" alt=\"\uc2a4\uce74\ud504 \ud328\ud134\uccb4 \ud638\ud154\uc758 \ub9c8\uc0ac\uc9c0 VL(\uac08 \ucd08\ucf5c\ub9bf \uba74)\" width=\"550\" height=\"800\" title=\"\"><figcaption id=\"caption-attachment-13633\" class=\"wp-caption-text\">\uc2a4\uce74\ud504 \ud328\ud134\uccb4 \ud638\ud154\uc758 \ub9c8\uc0ac\uc9c0 VL(\uac08 \ucd08\ucf5c\ub9bf \uba74)<\/figcaption><\/figure>\n<p>+\uc2a4\uce74\ud504 \ud328\ud134 \ubab8 \ub0a8\uc131 \uc2a4\ud30c(Cotton)<\/p>\n<figure id=\"attachment_4564\" aria-describedby=\"caption-attachment-4564\" style=\"width: 720px\" class=\"wp-caption aligncenter\"><img loading=\"lazy\" decoding=\"async\" class=\"wp-image-4564 size-full\" title=\"\ub9c8\uc774\ud06c\ub85c \ud654\uc774\ubc84 \ubaa9\uc695 \uc218\uac74 \ucd08\ucf5c\ub9bf \ube0c\ub77c\uc6b4-khannamphong\" src=\"http:\/\/khantamgiare.com\/wp-content\/uploads\/2023\/06\/IMG_3131.jpg\" alt=\"\uc2a4\uce74\ud504 \ud328\ud134 \ubab8 \ub0a8\uc131 \uc2a4\ud30c(Cotton)\" width=\"720\" height=\"480\" \/><figcaption id=\"caption-attachment-4564\" class=\"wp-caption-text\">\uc2a4\uce74\ud504 \ud328\ud134 \ubab8 \ub0a8\uc131 \uc2a4\ud30c(Cotton)<\/figcaption><\/figure>\n<figure id=\"attachment_4566\" aria-describedby=\"caption-attachment-4566\" style=\"width: 720px\" class=\"wp-caption aligncenter\"><img loading=\"lazy\" decoding=\"async\" class=\"wp-image-4566 size-full\" title=\"\ub9c8\uc774\ud06c\ub85c \ud654\uc774\ubc84 \ubaa9\uc695 \uc218\uac74 \ucd08\ucf5c\ub9bf \ube0c\ub77c\uc6b4-khannamphong\" src=\"http:\/\/khantamgiare.com\/wp-content\/uploads\/2023\/06\/IMG_3133.jpg\" alt=\"\uc2a4\uce74\ud504 \ud328\ud134 \ubab8 \ub0a8\uc131 \uc2a4\ud30c(Cotton)\" width=\"720\" height=\"480\" \/><figcaption id=\"caption-attachment-4566\" class=\"wp-caption-text\">\uc2a4\uce74\ud504 \ud328\ud134 \ubab8 \ub0a8\uc131 \uc2a4\ud30c(Cotton)<\/figcaption><\/figure>\n<figure id=\"attachment_4563\" aria-describedby=\"caption-attachment-4563\" style=\"width: 480px\" class=\"wp-caption aligncenter\"><img loading=\"lazy\" decoding=\"async\" class=\"wp-image-4563 size-full\" style=\"color: #333333; font-size: 14.4px;\" title=\"\ub9c8\uc774\ud06c\ub85c \ud654\uc774\ubc84 \ubaa9\uc695 \uc218\uac74 \ucd08\ucf5c\ub9bf \ube0c\ub77c\uc6b4-khannamphong\" src=\"http:\/\/khantamgiare.com\/wp-content\/uploads\/2023\/06\/IMG_3130.jpg\" alt=\"\uc2a4\uce74\ud504 \ud328\ud134 \ubab8 \ub0a8\uc131 \uc2a4\ud30c(Cotton)\" width=\"480\" height=\"720\" \/><figcaption id=\"caption-attachment-4563\" class=\"wp-caption-text\">\uc2a4\uce74\ud504 \ud328\ud134 \ubab8 \ub0a8\uc131 \uc2a4\ud30c(Cotton)<\/figcaption><\/figure>\n<p>+ M\u1eabu <a href=\"https:\/\/khantamgiare.com\/ko\/khan-body-spa\/\">kh\u0103n body Spa<\/a> t\u1ea1i Mai Spa (N\u00e2u Socola &#8211; Cotton)<\/p>\n<figure id=\"attachment_12614\" aria-describedby=\"caption-attachment-12614\" style=\"width: 850px\" class=\"wp-caption aligncenter\"><img loading=\"lazy\" decoding=\"async\" class=\"wp-image-12614 size-full\" src=\"http:\/\/khantamgiare.com\/wp-content\/uploads\/2023\/06\/khan-mai-spa1.jpg\" alt=\"\uc2a4\uce74\ud504 \ud328\ud134 \ubab8 \ub9c8\uc774 \uc2a4\ud30c(\uac08 \ucd08\ucf5c\ub9bf \uba74)\" width=\"850\" height=\"500\" title=\"\"><figcaption id=\"caption-attachment-12614\" class=\"wp-caption-text\">\uc2a4\uce74\ud504 \ud328\ud134 \ubab8 \ub9c8\uc774 \uc2a4\ud30c(\uac08 \ucd08\ucf5c\ub9bf \uba74)<\/figcaption><\/figure>\n<figure id=\"attachment_12616\" aria-describedby=\"caption-attachment-12616\" style=\"width: 850px\" class=\"wp-caption aligncenter\"><img loading=\"lazy\" decoding=\"async\" class=\"wp-image-12616 size-full\" style=\"color: #333333;\" src=\"http:\/\/khantamgiare.com\/wp-content\/uploads\/2023\/06\/khan-mai-spa3.jpg\" alt=\"\uc2a4\uce74\ud504 \ud328\ud134 \ubab8 \ub9c8\uc774 \uc2a4\ud30c(\uac08 \ucd08\ucf5c\ub9bf \uba74)\" width=\"850\" height=\"500\" title=\"\"><figcaption id=\"caption-attachment-12616\" class=\"wp-caption-text\">\uc2a4\uce74\ud504 \ud328\ud134 \ubab8 \ub9c8\uc774 \uc2a4\ud30c(\uac08 \ucd08\ucf5c\ub9bf \uba74)<\/figcaption><\/figure>\n<p>Li\u00ean h\u1ec7 Kh\u0103n T\u1eafm Gi\u00e1 R\u1ebb \u0111\u1ec3 \u0111\u01b0\u1ee3c t\u01b0 v\u1ea5n th\u00eam v\u1ec1 nhi\u1ec1u lo\u1ea1i <a href=\"https:\/\/khantamgiare.com\/ko\/khan-spa\/\">kh\u0103n spa m\u00e0u n\u00e2u<\/a>\u00a0kh\u00e1c b\u1ea1n nh\u00e9!<\/p>","protected":false},"excerpt":{"rendered":"<p><em><strong>\ud06c\uae30: <\/strong>70\u00d7140(400)<\/em><\/p>\n<p><em><strong>\uc7ac\ub8cc: <\/strong>100%\uba74 \ud138\uc2e4\uc785\ub2c8\ub2e4.<\/em><\/p>\n<p><em><strong>Color: <\/strong>moss,\ub179\uc0c9,\uc5b4\ub450\uc6b4 \ud478\ub978,\uad6c\ub9ac\uc0c9,\uae08\uc0c9,\uac08\uc0c9,\ucd08\ucf5c\ub9bf,\uc5b4\ub450\uc6b4 \ub179\uc0c9,\ubc1d\uc740 \ubcf4\ub77c\uc0c9,\ubd84\ud64d\uc0c9,\ud68c\uc0c9,\ud770\uc0c9,\ub179\uc0c9,\ud30c\ub780\uc0c9\ub41c\ub2e4\uace0,\uac00\uc8fd,\uac08\uc0c9,\ube68\uac04\uc0c9\uc785\ub2c8\ub2e4.<\/em><\/p>\n<p><em><strong>\uc6d0\ub798 \uc7a5\uc18c: <\/strong>\ubca0\ud2b8\ub0a8\uc785\ub2c8\ub2e4.<\/em><\/p>\n<p><em><strong>\ud2b9\ubcc4:<\/strong><\/em>\u00a0<em>\ub294 \uc790\uc218 \ub85c\uace0\uc5d0 \ub530\ub77c \uace0\uac1d\uc758 \uc694\uad6c \uc0ac\ud56d\uc785\ub2c8\ub2e4.<\/em><\/p>","protected":false},"featured_media":5326,"comment_status":"closed","ping_status":"closed","template":"","meta":[],"product_cat":[49,48],"product_tag":[],"class_list":{"0":"post-3803","1":"product","2":"type-product","3":"status-publish","4":"has-post-thumbnail","6":"product_cat-khan-body-spa","7":"product_cat-khan-spa","8":"pa_chat-lieu-cotton","9":"pa_kich-thuoc-70cm-x-140cm","10":"pa_mau-sac-nau-socola","13":"instock","14":"product-type-simple"},"acf":[],"_links":{"self":[{"href":"https:\/\/khantamgiare.com\/ko\/wp-json\/wp\/v2\/product\/3803","targetHints":{"allow":["GET"]}}],"collection":[{"href":"https:\/\/khantamgiare.com\/ko\/wp-json\/wp\/v2\/product"}],"about":[{"href":"https:\/\/khantamgiare.com\/ko\/wp-json\/wp\/v2\/types\/product"}],"replies":[{"embeddable":true,"href":"https:\/\/khantamgiare.com\/ko\/wp-json\/wp\/v2\/comments?post=3803"}],"wp:featuredmedia":[{"embeddable":true,"href":"https:\/\/khantamgiare.com\/ko\/wp-json\/wp\/v2\/media\/5326"}],"wp:attachment":[{"href":"https:\/\/khantamgiare.com\/ko\/wp-json\/wp\/v2\/media?parent=3803"}],"wp:term":[{"taxonomy":"product_cat","embeddable":true,"href":"https:\/\/khantamgiare.com\/ko\/wp-json\/wp\/v2\/product_cat?post=3803"},{"taxonomy":"product_tag","embeddable":true,"href":"https:\/\/khantamgiare.com\/ko\/wp-json\/wp\/v2\/product_tag?post=3803"}],"curies":[{"name":"wp","href":"https:\/\/api.w.org\/{rel}","templated":true}]}}