{"id":3890,"date":"2023-06-29T07:53:35","date_gmt":"2023-06-29T07:53:35","guid":{"rendered":"http:\/\/khantam.h193.dpsmedia.vn\/san-pham\/bo-khan-body-spa-mau-da-bo-cotton\/"},"modified":"2023-07-23T17:43:12","modified_gmt":"2023-07-23T17:43:12","slug":"bo-khan-body-spa-mau-da-bo-cotton","status":"publish","type":"product","link":"https:\/\/khantamgiare.com\/ko\/bo-khan-body-spa-mau-da-bo-cotton\/","title":{"rendered":"\uac74 \ubc14\ub514 \uc2a4\ud30c \uc0c9 \uac00\uc8fd \uba74"},"content":{"rendered":"<h2><strong>\uc81c\ud488 \ud2b9\uc131\u00a0<\/strong><\/h2>\n<ul>\n<li>\uc2a4\uce74\ud504 \ud328\ud134\ub514 \uceec\ub7ec\ub294 \uac00\uc8fd\uc740 \ub9e4\uc6b0 \ub9ce\uc740 \uc2a4\ud30c-\uae30 \uc704\ud574 \uac00\uc7a5 \ucd5c\uc2e0 \ubc84\uc804\uc785\ub2c8\ub2e4. Non-\uc790\uc5f0\uc801\uc778 \uc81c\ud488\uc5d0,\uc774\uac83\uc740 \uc0ac\ub791\uc785\ub2c8\ub2e4. \uc778\uc0c1\uc801\uc778 \uccab \ubc88\uc9f8\ub97c \uc5b8\uae09\uc740 \uc0c9 \uac00\uc8fd \ub3c5\ud2b9\ud558\uace0,\uc0c8\ub85c\uc6b4 \uc774\uc0c1\uc5d0\uc11c \uc644\uc804\ud788 \ub2e4\ub978 \uc77c\ubc18 \uc0c9\uc0c1\uc785\ub2c8\ub2e4. \uc0c9 \uac00\uc8fd\uc758 \uac10\uac01\uc744 \uac00\uc9c0\uace0 \uc6b0\uc544\ud558\uace0 \ud604\ub300\uc801\uc774\ub2e4. \uc774\uac83\uc740 \ub610\ud55c \uc0c9\uc0c1\uc740 \ub192\uc740 \uc2ec\ubbf8\uc801\uc778 \ub9e4\ub825\uc774\ub418\uace0,\uc18c\ube44\uc790 \ud2b8\ub80c\ub4dc\ub294 \ucd5c\uadfc \uba87 \ub144\uc774\ub2e4.<\/li>\n<li>\uac74 \ubc14\ub514 \uc2a4\ud30c \uceec\ub7ec\ub294 \uac00\uc8fd\uc740 \ub192\uc740 \ud488\uc9c8\uc758 \uc7ac\ub8cc\ub85c \ub9cc\ub4e0 \uba74 \ub192\uc740 \uc218\uc900\uc785\ub2c8\ub2e4. \uc2a4\uce74\ud504\uc758 \ubd80\ub4dc\ub7ec\uc6b4 \ucc9c\uc5f0 \uc12c\uc720\uc758 \uba74\uc740 \ubc00\uc811\ud558\uac8c \uc5f0\uacb0\ud558\uace0 \ud761\uc218\ud560 \uc218 \uc788\ub294 \ub6f0\uc5b4\ub09c\uc785\ub2c8\ub2e4. \uc5d0 \ube44\ud574 \ub192\uc740 \ud488\uc9c8\uc758 \uc804\ud1b5 \ud328\ube0c\ub9ad,\ud761\uc218\uc131\uc758 \uc6a9\ub7c9 \uc811 \uba74\uc5d0\uc11c 3~5 \ubc30. \ub2e8\uc9c0 \uc9e7\uc740 \uc2dc\uac04 \ub3d9\uc548\uc758 \uc2a4\uce74\ud504 \ub370 \ub3c4\uc6c0\uc774 \ub420 \uac83\uc785\ud558\ub294 \uc11c\ube44\uc2a4\ub97c \ubc1b\ub294 \ud68c\uc6d0 \ubc0f \ube44\ud68c\uc6d0\uc744\uc758 \ud754\uc801\uc774 \uc11c\uc788\ub294 \ubb3c\uc5d0 \ubab8\uc785\ub2c8\ub2e4. \uac8c \ubc18\ud658\ub418\ub294 \ud53c\ubd80 \uac74\uc870 \ubc0f \ub0c9\uac01\uc785\ub2c8\ub2e4.<\/li>\n<li>\uc774 \uc218\uac74\uc740 \ud56d\uade0\uc81c \ud2b9\uc131\ud558\ub294 \uac1c\ubc1c \ubc29\uc9c0\uc758 \uc720\ud574\ud55c \ubc15\ud14c\ub9ac\uc544. \ub610\ud55c,\uc2a4\uce74\ud504\uc5d0 \ub0b4\uad6c\uc131,\ub192\uc740 \uc0c9\uc0c1 \uc0ac\uc6a9 \uc2dc\uac04\uc774 \uae38\ub2e4. \ud55c \uc2dc\uac04 \ud22c\uc790\ub97c \uad6c\uc785\ud560 \uc218 \uc788\uc2b5\uc5d0\uc11c \uc0ac\uc6a9\ub418\ub294 \ub9ce\uc740 \uc5f0\uc18d\uc801\uc778 \uac1c\uc6d4\uc785\ub2c8\ub2e4. \uc774 \uc2a4\ud30c \uc2dc\uc124\uc744 \uc800\uc7a5 \uc0c1\ub2f9\ud55c \uc7ac\uc815\uc801\uc778 \ub9ac\uc18c\uc2a4\uc785\ub2c8\ub2e4.<\/li>\n<\/ul>\n<p>+\uc2a4\uce74\ud504 \ud328\ud134 \ubab8 \uac00\ubcbc\uc6b4 \ub208\uc774(\uac00\uc8fd \uba74)<\/p>\n<figure id=\"attachment_2102\" aria-describedby=\"caption-attachment-2102\" style=\"width: 768px\" class=\"wp-caption aligncenter\"><img loading=\"lazy\" decoding=\"async\" class=\"wp-image-2102 size-full\" src=\"http:\/\/khantamgiare.com\/wp-content\/uploads\/2023\/06\/khan-spa-da-bo.jpg\" alt=\"\uc2a4\uce74\ud504 \ud328\ud134 \ubab8 \uac00\ubcbc\uc6b4 \ub208\uc774(\uac00\uc8fd \uba74)\" width=\"768\" height=\"1024\" title=\"\"><figcaption id=\"caption-attachment-2102\" class=\"wp-caption-text\">\uc2a4\uce74\ud504 \ud328\ud134 \ubab8 \uac00\ubcbc\uc6b4 \ub208\uc774(\uac00\uc8fd \uba74)<\/figcaption><\/figure>\n<figure id=\"attachment_2103\" aria-describedby=\"caption-attachment-2103\" style=\"width: 1024px\" class=\"wp-caption aligncenter\"><img loading=\"lazy\" decoding=\"async\" class=\"wp-image-2103 size-full\" src=\"http:\/\/khantamgiare.com\/wp-content\/uploads\/2023\/06\/khan-spa-da-bo1.jpg\" alt=\"\uc2a4\uce74\ud504 \ud328\ud134 \ubab8 \uac00\ubcbc\uc6b4 \ub208\uc774(\uac00\uc8fd \uba74)\" width=\"1024\" height=\"768\" title=\"\"><figcaption id=\"caption-attachment-2103\" class=\"wp-caption-text\">\uc2a4\uce74\ud504 \ud328\ud134 \ubab8 \uac00\ubcbc\uc6b4 \ub208\uc774(\uac00\uc8fd \uba74)<\/figcaption><\/figure>\n<figure id=\"attachment_2106\" aria-describedby=\"caption-attachment-2106\" style=\"width: 768px\" class=\"wp-caption aligncenter\"><img loading=\"lazy\" decoding=\"async\" class=\"wp-image-2106 size-full\" src=\"http:\/\/khantamgiare.com\/wp-content\/uploads\/2023\/06\/khan-spa-da-bo4.jpg\" alt=\"\uc2a4\uce74\ud504 \ud328\ud134 \ubab8 \uac00\ubcbc\uc6b4 \ub208\uc774(\uac00\uc8fd \uba74)\" width=\"768\" height=\"1024\" title=\"\"><figcaption id=\"caption-attachment-2106\" class=\"wp-caption-text\">\uc2a4\uce74\ud504 \ud328\ud134 \ubab8 \uac00\ubcbc\uc6b4 \ub208\uc774(\uac00\uc8fd \uba74)<\/figcaption><\/figure>\n<h2><b>\uc7a5\uc18c \uc0ac\uc6a9\ud574\uc57c \ud558\ub294 \uc218\uac74 \ubab8\uc774 \uc1e0\u00a0<\/b><\/h2>\n<p>\uc2a4\uce74\ud504 \ud328\ud134\ub514 \uceec\ub7ec\ub294 \uac00\uc8fd\uc740 \uc2a4\ud30c \uc2dc\uc124,\ubbf8\uc6a9\uc2e4,\ubbf8\uc6a9\uc2e4 \ud2b9\ubcc4\ud55c \uc0ac\ub791\uc785\ub2c8\ub2e4. \uc758 \ucc28\uc774\ub294 \uc81c\ud488\uc758 \ub514\uc790\uc778\uacfc \uc790\uc218 \uc12c\uc720 \ube0c\ub79c\ub4dc \ub85c\uace0\uc785\ub2c8\ub2e4. \ub97c \ub9cc\ub4e4\uae30\ub97c \ub20c\ub800\uc744 \ubfd0\ub9cc \uc544\ub2c8\ub77c,\uc720\uce58\ub4e4\uc744 \uace0\uac1d\uc758 \uc774\uc775\uc5d0 \uad00\ud558\uc5ec \uc774 \uc2a4\ud30c\uc5d0,\ub9ce\uc740 \uc2dc\uc124\uc774 \uc11c\ube44\uc2a4 \uc635\uc158,\uc790\uc218 \ub85c\uace0\uc785\ub2c8\ub2e4. \uc790\uc218 \ub85c\uace0\ubfd0\ub9cc \uc544\ub2c8\ub77c \uc804\ubb38\uc758 \uc2a4\ud30c \uc2dc\uc124\ubfd0\ub9cc\uc5d0 \uae30\uc5ec\ud558\ub294\uc9c0 \uc774 \uc2a4\ud30c\uc5d0\ub294 \ub354 \ub9ce\uc740 \ub110\ub9ac \uc54c\ub824\uc9c0\uace0 \uc788\uc2b5\ub2c8\ub2e4.<\/p>\n<p>\uc678\uc5d0 \uc2a4\ud30c,\ud654\uc7a5\ud488 \uc5f0\uad6c\uc18c,...\uc2a4\uce74\ud504\ub514 \uceec\ub7ec\ub294 \uac00\uc8fd\uc740 \ub610\ud55c \uc2a4\uce74\ud504 \ud328\ud134 \ubaa8\ud154,\ud638\ud154,\ub9ac\uc870\ud2b8,\ub9e4\uc6b0 \uad00\uc2ec\uc774 \ucc3e\uace0 \uc788\uc2b5\ub2c8\ub2e4. \uc77c\ubc18\uc801\uc73c\ub85c,\uc9c0\uc5ed\uc5d0 \uad00\ub828\ub41c \uc11c\ube44\uc2a4\ub97c \uc81c\uacf5\ud569\ud558\ub294 \uac74\uac15 \uad00\ub9ac,\uc218\uc788\ub294 \ubaa8\ub4e0 \uc0d8\ud50c\uc744 \ucc38\uc870\ud558\ub294 \uc218\uac74\uc774\ub2e4.<\/p>\n<p>+\uc2a4\uce74\ud504 \ud328\ud134 \ubab8\uc744 \ud558\uc5ec(\uba74 \uc1e0)<\/p>\n<figure id=\"attachment_5168\" aria-describedby=\"caption-attachment-5168\" style=\"width: 720px\" class=\"wp-caption aligncenter\"><img loading=\"lazy\" decoding=\"async\" class=\"wp-image-5168 size-full\" title=\"khantamCottonDaBo.KhanNamPhong\" src=\"http:\/\/khantamgiare.com\/wp-content\/uploads\/2023\/06\/IMG_3820.jpg\" alt=\"\uc2a4\uce74\ud504 \ud328\ud134 \ubab8\uc744 \ud558\uc5ec(\uba74 \uc1e0)\" width=\"720\" height=\"480\" \/><figcaption id=\"caption-attachment-5168\" class=\"wp-caption-text\">\uc2a4\uce74\ud504 \ud328\ud134 \ubab8\uc744 \ud558\uc5ec(\uba74 \uc1e0)<\/figcaption><\/figure>\n<figure id=\"attachment_5169\" aria-describedby=\"caption-attachment-5169\" style=\"width: 720px\" class=\"wp-caption aligncenter\"><img loading=\"lazy\" decoding=\"async\" class=\"wp-image-5169 size-full\" title=\"khantamCottonDaBo.KhanNamPhong\" src=\"http:\/\/khantamgiare.com\/wp-content\/uploads\/2023\/06\/IMG_3821.jpg\" alt=\"\uc2a4\uce74\ud504 \ud328\ud134 \ubab8\uc744 \ud558\uc5ec(\uba74 \uc1e0)\" width=\"720\" height=\"480\" \/><figcaption id=\"caption-attachment-5169\" class=\"wp-caption-text\">\uc2a4\uce74\ud504 \ud328\ud134 \ubab8\uc744 \ud558\uc5ec(\uba74 \uc1e0)<\/figcaption><\/figure>\n<figure id=\"attachment_5170\" aria-describedby=\"caption-attachment-5170\" style=\"width: 720px\" class=\"wp-caption aligncenter\"><img loading=\"lazy\" decoding=\"async\" class=\"wp-image-5170 size-full\" title=\"khantamCottonDaBo.KhanNamPhong\" src=\"http:\/\/khantamgiare.com\/wp-content\/uploads\/2023\/06\/IMG_3822.jpg\" alt=\"\uc2a4\uce74\ud504 \ud328\ud134 \ubab8\uc744 \ud558\uc5ec(\uba74 \uc1e0)\" width=\"720\" height=\"480\" \/><figcaption id=\"caption-attachment-5170\" class=\"wp-caption-text\">\uc2a4\uce74\ud504 \ud328\ud134 \ubab8\uc744 \ud558\uc5ec(\uba74 \uc1e0)<\/figcaption><\/figure>\n<h2><strong>Phong Nam\u2013\uc774 \uc5c6\uc2b5\ub2c8\ub2e4. 1 \ube0c\ub79c\ub4dc\uc758 \uc218\uac74\uccb4\u00a0\u00a0<\/strong><\/h2>\n<p>\uc218 \ucee8\uc124\ud305 \uc2a4\uce74\ud504 \ud328\ud134\uccb4\ubd84\uc11d,\uc8fc\uc2dc\uae30 \ubc14\ub78d\uc5d0 \uc5f0\uacb0\ud558\ub294 \ube0c\ub79c\ub4dc\uc758 \ub0a8\uc131 \uc2a4\ud0c0\uc77c\uc744 \ud1b5\ud574 \ub2e4\uc74c\uacfc \uac19\uc740 \uc815\ubcf4\uac00 \uc788\uc2b5\ub2c8\ub2e4. \uc6b0\ub9ac\ub294 \ud56d\uc0c1 \uc900\ube44\ub418\uc5b4 \uc788\ub294 \uadc0\ud558\uc758 \uc9c8\ubb38\uc5d0 \ub300\ub2f5\ud558\uace0 \uc9e7\uc740 \uc2dc\uac04\uc5d0.<\/p>\n<p style=\"text-align: center;\">-------------<\/p>\n<p style=\"text-align: center;\">\uce78 Phong Nam<\/p>\n<p style=\"text-align: center;\">\uc8fc\uc18c:74B,LANE295,BACH MAI STREET,HAI BA TRUNG DISTRICT,HA NOI<\/p>\n<p style=\"text-align: center;\">\uba54\uc77c:KhanNamPhong@Gmail.Com<\/p>\n<p style=\"text-align: center;\">SDT:\u00a0<a href=\"tel:0903367867\" rel=\"nofollow\">0903 367 867<\/a><\/p>\n<p style=\"text-align: center;\">\uc6f9 \uc0ac\uc774\ud2b8:\u00a0<a href=\"https:\/\/khantamgiare.com\/ko\/\">KhanTamGiaRe.Com<\/a><\/p>","protected":false},"excerpt":{"rendered":"<p>\u0110\u1eb7c \u0111i\u1ec3m s\u1ea3n ph\u1ea9m\u00a0 M\u1eabu kh\u0103n body m\u00e0u da b\u00f2 \u0111\u01b0\u1ee3c r\u1ea5t nhi\u1ec1u c\u00e1c Spa \u0111\u1eb7t may nhi\u1ec1u nh\u1ea5t hi\u1ec7n nay. Kh\u00f4ng ph\u1ea3i t\u1ef1 nhi\u00ean, s\u1ea3n ph\u1ea9m n\u00e0y l\u1ea1i \u0111\u01b0\u1ee3c y\u00eau th\u00edch \u0111\u1ebfn v\u1eady. \u1ea4n t\u01b0\u1ee3ng \u0111\u1ea7u ti\u00ean ph\u1ea3i k\u1ec3 \u0111\u1ebfn l\u00e0 m\u00e0u da b\u00f2 \u0111\u1ed9c \u0111\u00e1o v\u00e0 m\u1edbi l\u1ea1, ho\u00e0n to\u00e0n kh\u00e1c bi\u1ec7t v\u1edbi &hellip; <a href=\"https:\/\/khantamgiare.com\/ko\/bo-khan-body-spa-mau-da-bo-cotton\/\" class=\"more-link\">Continue reading <span class=\"screen-reader-text\">\uac74 \ubc14\ub514 \uc2a4\ud30c \uc0c9 \uac00\uc8fd \uba74<\/span><\/a><\/p>","protected":false},"featured_media":5368,"comment_status":"closed","ping_status":"open","template":"","meta":[],"product_cat":[49,48],"product_tag":[],"class_list":{"0":"post-3890","1":"product","2":"type-product","3":"status-publish","4":"has-post-thumbnail","6":"product_cat-khan-body-spa","7":"product_cat-khan-spa","8":"pa_chat-lieu-cotton","9":"pa_kich-thuoc-70cm-x-140cm","10":"pa_mau-sac-mau-da-bo","13":"instock","14":"product-type-simple"},"acf":[],"_links":{"self":[{"href":"https:\/\/khantamgiare.com\/ko\/wp-json\/wp\/v2\/product\/3890","targetHints":{"allow":["GET"]}}],"collection":[{"href":"https:\/\/khantamgiare.com\/ko\/wp-json\/wp\/v2\/product"}],"about":[{"href":"https:\/\/khantamgiare.com\/ko\/wp-json\/wp\/v2\/types\/product"}],"replies":[{"embeddable":true,"href":"https:\/\/khantamgiare.com\/ko\/wp-json\/wp\/v2\/comments?post=3890"}],"wp:featuredmedia":[{"embeddable":true,"href":"https:\/\/khantamgiare.com\/ko\/wp-json\/wp\/v2\/media\/5368"}],"wp:attachment":[{"href":"https:\/\/khantamgiare.com\/ko\/wp-json\/wp\/v2\/media?parent=3890"}],"wp:term":[{"taxonomy":"product_cat","embeddable":true,"href":"https:\/\/khantamgiare.com\/ko\/wp-json\/wp\/v2\/product_cat?post=3890"},{"taxonomy":"product_tag","embeddable":true,"href":"https:\/\/khantamgiare.com\/ko\/wp-json\/wp\/v2\/product_tag?post=3890"}],"curies":[{"name":"wp","href":"https:\/\/api.w.org\/{rel}","templated":true}]}}