{"id":3915,"date":"2023-06-29T07:54:14","date_gmt":"2023-06-29T07:54:14","guid":{"rendered":"http:\/\/khantam.h193.dpsmedia.vn\/san-pham\/khan-lau-tay-spa-mau-do-cotton\/"},"modified":"2024-04-04T15:44:44","modified_gmt":"2024-04-04T08:44:44","slug":"khan-lau-tay-spa-mau-do-cotton","status":"publish","type":"product","link":"https:\/\/khantamgiare.com\/ko\/khan-lau-tay-spa-mau-do-cotton\/","title":{"rendered":"\uc190 \ud0c0\uc6d4 \uc2a4\ud30c\uc5d0 \ube68\uac04 \uba74"},"content":{"rendered":"<h2><strong>\uc81c\ud488 \ud2b9\uc131\u00a0<\/strong><\/h2>\n<ul>\n<li>N\u1ebfu d\u00f2ng s\u1ea3n ph\u1ea9m n\u00e0o c\u00f3 t\u00f4ng m\u00e0u &#8220;r\u1ef1c r\u1ee1&#8221; nh\u1ea5t th\u00ec kh\u00f4ng th\u1ec3 kh\u00f4ng nh\u1eafc \u0111\u1ebfn <a href=\"https:\/\/khantamgiare.com\/ko\/khan-lau-tay\/\">kh\u0103n lau tay spa<\/a> m\u00e0u \u0111\u1ecf cotton. Kh\u0103n c\u00f3 t\u00f4ng m\u00e0u b\u1eaft m\u1eaft khi\u1ebfn b\u1ea5t c\u1ee9 ai khi nh\u00ecn c\u0169ng ph\u1ea3i m\u00ea m\u1ea9n v\u00e0 th\u00edch th\u00fa. \u0110\u1eb7c bi\u1ec7t s\u1ea3n ph\u1ea9m c\u00f3 s\u1ef1 k\u1ebft h\u1ee3p gi\u1eefa m\u00e0u \u0111\u1ecf c\u1ee7a n\u1ec1n kh\u0103n v\u1edbi m\u00e0u v\u00e0ng logo th\u01b0\u01a1ng hi\u1ec7u. M\u00e0u \u0111\u1ecf &#8211; v\u00e0ng song h\u00e0nh gi\u00fap s\u1ea3n ph\u1ea9m tr\u1edf n\u00ean n\u1ed5i b\u1eadt h\u01a1n.<\/li>\n<li>4 m\u00e9p c\u1ea1nh c\u1ee7a kh\u0103n c\u00f3 \u0111\u01b0\u1eddng s\u1ee3i ch\u1ec9 \u0111\u00f4i ch\u1eafc ch\u1eafn. Ch\u1ec9 \u0111\u00f4i kh\u00e1 d\u00e0y d\u1eb7n v\u00e0 \u0111\u01b0\u1ee3c may r\u1ea5t tinh t\u1ebf v\u00e0 kh\u00e9o l\u00e9o. B\u1ec1 m\u1eb7t c\u1ee7a kh\u0103n m\u1ec1m m\u1ea1i t\u1ef1 nhi\u00ean do \u0111\u01b0\u1ee3c l\u00e0m t\u1eeb ch\u1ea5t li\u1ec7u cotton cao c\u1ea5p. \u01afu \u0111i\u1ec3m c\u1ee7a s\u1ea3n ph\u1ea9m l\u00e0 kh\u1ea3 n\u0103ng th\u1ea5m h\u00fat nhanh. Ch\u1ec9 trong m\u1ed9t th\u1eddi gian ng\u1eafn, kh\u0103n s\u1ebd lau s\u1ea1ch \u0111\u01b0\u1ee3c m\u1ecdi \u0111\u1ecdng n\u01b0\u1edbc b\u00e1m tr\u00ean tay, tr\u1ea3 l\u1ea1i cho b\u1ea1n l\u00e0n da th\u00f4ng tho\u00e1ng v\u00e0 m\u00e1t m\u1ebb t\u1ef1 nhi\u00ean.<\/li>\n<li>Nhi\u1ec1u ng\u01b0\u1eddi lo ng\u1ea1i v\u1ec1 \u0111\u1ed9 b\u1ec1n c\u1ee7a kh\u0103n, tuy nhi\u00ean kh\u0103n lau tay spa m\u00e0u \u0111\u1ecf cotton c\u00f3 \u0111\u1ed9 b\u1ec1n r\u1ea5t t\u1ed1t. Tu\u1ed5i th\u1ecd trung b\u00ecnh c\u1ee7a kh\u0103n lau tay l\u00ean t\u1edbi 4-8 th\u00e1ng. N\u1ebfu bi\u1ebft c\u00e1ch s\u1eed d\u1ee5ng v\u00e0 b\u1ea3o qu\u1ea3n, kh\u0103n c\u00f3 th\u1ec3 s\u1eed d\u1ee5ng trong th\u1eddi gian l\u00e2u h\u01a1n. \u0110i\u1ec1u n\u00e0y gi\u00fap kh\u00e1ch h\u00e0ng ti\u1ebft ki\u1ec7m \u0111\u01b0\u1ee3c t\u1ed1i \u0111a chi ph\u00ed. \u0110\u1eb7c bi\u1ec7t v\u1edbi c\u00e1c c\u01a1 s\u1edf spa, m\u1ed9t l\u1ea7n \u0111\u1ea7u t\u01b0 nh\u01b0ng s\u1eed d\u1ee5ng \u0111\u01b0\u1ee3c l\u00e2u b\u1ec1n, gi\u00fap spa ti\u1ebft ki\u1ec7m \u0111\u01b0\u1ee3c d\u00f2ng ti\u1ec1n \u0111\u1ec3 linh ho\u1ea1t cho c\u00e1c v\u1ea5n \u0111\u1ec1 kh\u00e1c.<\/li>\n<\/ul>\n<p>+ M\u1eabu kh\u0103n lau tay Dolly Beauty Nail (\u0110\u1ecf \u2013 Cotton)<\/p>\n<figure id=\"attachment_5454\" aria-describedby=\"caption-attachment-5454\" style=\"width: 720px\" class=\"wp-caption aligncenter\"><img loading=\"lazy\" decoding=\"async\" class=\"wp-image-5454 size-full\" title=\"kh\u0103n-nail-cotton-\u0111\u1ecf-34x80\" src=\"http:\/\/khantamgiare.com\/wp-content\/uploads\/2023\/06\/IMG_4002.jpg\" alt=\"M\u1eabu kh\u0103n lau tay Dolly Beauty Nail (\u0110\u1ecf \u2013 Cotton)\" width=\"720\" height=\"480\" \/><figcaption id=\"caption-attachment-5454\" class=\"wp-caption-text\">M\u1eabu kh\u0103n lau tay Dolly Beauty Nail (\u0110\u1ecf \u2013 Cotton)<\/figcaption><\/figure>\n<h2><b>L\u1ee3i \u00edch b\u1ea5t ng\u1edd c\u1ee7a kh\u0103n lau tay\u00a0<\/b><\/h2>\n<p>Kh\u0103n lau tay \u0111\u01b0\u1ee3c d\u00f9ng t\u1ea1i c\u00e1c c\u01a1 s\u1edf spa chuy\u00ean nghi\u1ec7p. B\u00ean c\u1ea1nh \u0111\u00f3, kh\u0103n c\u0169ng \u0111\u01b0\u1ee3c d\u00f9ng nhi\u1ec1u t\u1ea1i c\u00e1c n\u01a1i cung c\u1ea5p d\u1ecbch v\u1ee5 l\u00e0m \u0111\u1eb9p kh\u00e1c: b\u1ec7nh vi\u1ec7n, vi\u1ec7n th\u1ea9m m\u1ef9, trung t\u00e2m th\u1ea9m m\u1ef9,&#8230;Khu v\u1ef1c kh\u00e1ch s\u1ea1n, nh\u00e0 ngh\u1ec9, khu vui ch\u01a1i, c\u00f4ng vi\u00ean, qu\u00e1n \u0103n&#8230;c\u0169ng n\u00ean tham kh\u1ea3o d\u00f2ng s\u1ea3n ph\u1ea9m n\u00e0y.<\/p>\n<p>Kh\u0103n lau tay \u0111em l\u1ea1i r\u1ea5t nhi\u1ec1u l\u1ee3i \u00edch, kh\u00f4ng ch\u1ec9 gi\u00fap l\u00e0m kh\u00f4 v\u00e0 b\u1ea3o v\u1ec7 da tay. Quan tr\u1ecdng h\u01a1n, ch\u00fang c\u00f2n l\u00e0 m\u1ed9t c\u00f4ng c\u1ee5 m\u1ed9t s\u1ea3n ph\u1ea9m mang t\u00ednh truy\u1ec1n th\u00f4ng th\u01b0\u01a1ng hi\u1ec7u. Th\u00eau d\u1ec7t logo l\u00ean tr\u00ean kh\u0103n l\u00e0 c\u00e1ch m\u00e0 c\u00e1c spa kh\u1eb3ng \u0111\u1ecbnh h\u00ecnh \u1ea3nh c\u1ee7a m\u00ecnh, gi\u00fap kh\u00e1ch h\u00e0ng khi \u0111\u1ebfn spa c\u00f3 \u0111\u01b0\u1ee3c s\u1ef1 thi\u1ec7n c\u1ea3m t\u1ed1t h\u01a1n.<\/p>\n<figure id=\"attachment_5453\" aria-describedby=\"caption-attachment-5453\" style=\"width: 720px\" class=\"wp-caption aligncenter\"><img loading=\"lazy\" decoding=\"async\" class=\"wp-image-5453 size-full\" title=\"kh\u0103n-nail-cotton-\u0111\u1ecf-34x80\" src=\"http:\/\/khantamgiare.com\/wp-content\/uploads\/2023\/06\/IMG_4001.jpg\" alt=\"M\u1eabu kh\u0103n lau tay Dolly Beauty Nail (\u0110\u1ecf \u2013 Cotton)\" width=\"720\" height=\"480\" \/><figcaption id=\"caption-attachment-5453\" class=\"wp-caption-text\">M\u1eabu kh\u0103n lau tay Dolly Beauty Nail (\u0110\u1ecf \u2013 Cotton)<\/figcaption><\/figure>\n<h2><b>Kh\u0103n T\u1eafm Gi\u00e1 R\u1ebb &#8211; Th\u01b0\u01a1ng hi\u1ec7u kh\u0103n lau tay ch\u1ea5t l\u01b0\u1ee3ng<\/b><\/h2>\n<p>Kh\u0103n lau tay m\u00e0u \u0111\u1ecf cotton do <a href=\"https:\/\/khantamgiare.com\/ko\/\">\uc800\ub834\ud55c \ud0c0\uc6d4<\/a> s\u1ea3n xu\u1ea5t lu\u00f4n \u0111\u1ea1t chu\u1ea9n v\u1ec1 ch\u1ea5t l\u01b0\u1ee3ng, m\u00e0u s\u1eafc \u0111a d\u1ea1ng phong ph\u00fa. Ngo\u00e0i kh\u0103n lau tay spa, ch\u00fang t\u00f4i c\u00f3 th\u1ec3 s\u1ea3n xu\u1ea5t nhi\u1ec1u <a href=\"https:\/\/khantamgiare.com\/ko\/khan-spa\/\">\uc218\uac74 \ud504\ub9ac\ubbf8\uc5c4 \uc2a4\ud30c<\/a> nh\u01b0 kh\u0103n body spa, kh\u0103n tr\u1ea3i gi\u01b0\u1eddng spa, &#8230; v\u1edbi nhi\u1ec1u m\u00e0u s\u1eafc kh\u00e1c: xanh r\u00eau, v\u00e0ng, h\u1ed3ng,&#8230;Do \u0111\u00f3, n\u1ebfu c\u00f3 y\u00eau c\u1ea7u kh\u00e1c v\u1ec1 c\u00e1c lo\u1ea1i kh\u0103n spa, vui l\u00f2ng trao \u0111\u1ed5i v\u1edbi Kh\u0103n T\u1eafm Gi\u00e1 R\u1ebb \u0111\u1ec3 ch\u00fang t\u00f4i \u0111\u01b0\u1ee3c ph\u1ee5c v\u1ee5 b\u1ea1n m\u1ed9t c\u00e1ch t\u1ed1t nh\u1ea5t.<\/p>\n<p>V\u1edbi ph\u01b0\u01a1ng ch\u00e2m l\u1eafng nghe v\u00e0 t\u00f4n tr\u1ecdng \u00fd ki\u1ebfn c\u1ee7a kh\u00e1ch h\u00e0ng, Kh\u0103n T\u1eafm Gi\u00e1 R\u1ebb s\u1ebd d\u1ef1a tr\u00ean y\u00eau c\u1ea7u \u0111\u1eb7t h\u00e0ng v\u00e0 \u0111\u01b0a ra s\u1ef1 t\u01b0 v\u1ea5n ph\u00f9 h\u1ee3p nh\u1ea5t. Do \u0111\u00f3 h\u00e3y li\u00ean h\u1ec7 ngay \u0111\u1ec3 ch\u00fang t\u00f4i c\u00f3 c\u01a1 h\u1ed9i \u0111\u01b0\u1ee3c ph\u1ee5c v\u1ee5 kh\u00e1ch h\u00e0ng trong th\u1eddi gian t\u1edbi. Tr\u00e2n tr\u1ecdng c\u00e1m \u01a1n!<\/p>\n<blockquote><p><em><strong>\ub354 \uc77d\uae30: <a href=\"https:\/\/khantamgiare.com\/ko\/cach-giat-khan-spa\/\">\ubcf4\uac74 \uc2a4\ud30c<\/a><\/strong><\/em><\/p><\/blockquote>","protected":false},"excerpt":{"rendered":"<p><em><strong>\ud06c\uae30<\/strong>: \u00a0Kh\u0103n Tay: 34cm x 34cm v\u00e0 40cm x 60cm<\/em><\/p>\n<p><em><strong>\uc7ac\ub8cc: <\/strong>100%\uba74 \ud138\uc2e4\uc785\ub2c8\ub2e4.<\/em><\/p>\n<p><em><strong>Color: <\/strong>moss,\ub179\uc0c9,\uc5b4\ub450\uc6b4 \ud478\ub978,\uad6c\ub9ac\uc0c9,\uae08\uc0c9,\uac08\uc0c9,\ucd08\ucf5c\ub9bf,\uc5b4\ub450\uc6b4 \ub179\uc0c9,\ubc1d\uc740 \ubcf4\ub77c\uc0c9,\ubd84\ud64d\uc0c9,\ud68c\uc0c9,\ud770\uc0c9,\ub179\uc0c9,\ud30c\ub780\uc0c9\ub41c\ub2e4\uace0,\uac00\uc8fd,\uac08\uc0c9,\ube68\uac04\uc0c9\uc785\ub2c8\ub2e4.<\/em><\/p>\n<p><em><strong>\uc6d0\ub798 \uc7a5\uc18c: <\/strong>\ubca0\ud2b8\ub0a8\uc785\ub2c8\ub2e4.<\/em><\/p>\n<p><em><strong>\ud2b9\ubcc4:<\/strong><\/em>\u00a0<em>\ub294 \uc790\uc218 \ub85c\uace0\uc5d0 \ub530\ub77c \uace0\uac1d\uc758 \uc694\uad6c \uc0ac\ud56d\uc785\ub2c8\ub2e4.<\/em><\/p>","protected":false},"featured_media":5393,"comment_status":"closed","ping_status":"closed","template":"","meta":[],"product_cat":[56,51,48],"product_tag":[],"class_list":{"0":"post-3915","1":"product","2":"type-product","3":"status-publish","4":"has-post-thumbnail","6":"product_cat-khan-lau-tay","7":"product_cat-khan-nails","8":"product_cat-khan-spa","9":"pa_chat-lieu-cotton","10":"pa_kich-thuoc-34cm-x-34cm","11":"pa_mau-sac-do","14":"instock","15":"product-type-simple"},"acf":[],"_links":{"self":[{"href":"https:\/\/khantamgiare.com\/ko\/wp-json\/wp\/v2\/product\/3915","targetHints":{"allow":["GET"]}}],"collection":[{"href":"https:\/\/khantamgiare.com\/ko\/wp-json\/wp\/v2\/product"}],"about":[{"href":"https:\/\/khantamgiare.com\/ko\/wp-json\/wp\/v2\/types\/product"}],"replies":[{"embeddable":true,"href":"https:\/\/khantamgiare.com\/ko\/wp-json\/wp\/v2\/comments?post=3915"}],"wp:featuredmedia":[{"embeddable":true,"href":"https:\/\/khantamgiare.com\/ko\/wp-json\/wp\/v2\/media\/5393"}],"wp:attachment":[{"href":"https:\/\/khantamgiare.com\/ko\/wp-json\/wp\/v2\/media?parent=3915"}],"wp:term":[{"taxonomy":"product_cat","embeddable":true,"href":"https:\/\/khantamgiare.com\/ko\/wp-json\/wp\/v2\/product_cat?post=3915"},{"taxonomy":"product_tag","embeddable":true,"href":"https:\/\/khantamgiare.com\/ko\/wp-json\/wp\/v2\/product_tag?post=3915"}],"curies":[{"name":"wp","href":"https:\/\/api.w.org\/{rel}","templated":true}]}}