{"id":4054,"date":"2023-06-29T07:59:58","date_gmt":"2023-06-29T07:59:58","guid":{"rendered":"http:\/\/khantam.h193.dpsmedia.vn\/san-pham\/ao-choang-lua-phi-bong-mau-trang\/"},"modified":"2023-07-23T17:43:18","modified_gmt":"2023-07-23T17:43:18","slug":"ao-choang-lua-phi-bong-mau-trang","status":"publish","type":"product","link":"https:\/\/khantamgiare.com\/ko\/ao-choang-lua-phi-bong-mau-trang\/","title":{"rendered":"\uc2e4\ud06c \uac00\uc6b4 \ube44 \uad11\ud0dd \uc788\ub294 \ubc31\uc0c9"},"content":{"rendered":"<h2><strong>\ub97c \uc120\ud0dd\ud558\ub294 \uc774\uc720\ub294 \uc608\ubcf5 \uc2e4\ud06c \uc2a4\ud06c\uc544\ud504\ub9ac\uce74 \ud770\uc0c9 \uacf5?\u00a0<\/strong><\/h2>\n<p>\ud6c4 \uc2dc\uc7a5\uc5d0 \ucd9c\uc2dc \ubaa8\ub378\uc744 \uac00\uc6b4 \uc2e4\ud06c \uad11\ud0dd \uc788\ub294 \ubc31\uc131\uc5d0 \ub300\ud55c \uadf8\uc758 \ub9e4\ub825 \uac1c\uc778 \ub355\ubd84\uc5d0 \ub9ce\uc740 \ub6f0\uc5b4\ub09c \uc7a5\uc810\uc774 \uc788\uc2b5\ub2c8\ub2e4. \ub4a4\uc5d0 \ubcf4\uc774\ub294 \ud604\ub300\uc801\uc774\uace0 \uc138\ub828\ub41c,\uc774 \uc758\ub958\ub3c4\uac00 \ub9ce\uc774 \uc0ac\uc6a9\ud558\ub294 \uc2e4\uc6a9\uc801\uc778 \uc758\ubbf8\uac00 \uc788\uc2b5\ub2c8\ub2e4.<\/p>\n<p>\uc120\ud0dd \uc608\ubcf5 \uc2e4\ud06c \uc2a4\ud06c\uc544\ud504\ub9ac\uce74 \ud770\uc0c9 \uacf5\ub294 \ub370 \ub3c4\uc6c0\uc774 \ub420 \uac83\uc774 \ucc29\uc6a9\uc790\ub294 \uc990\uac81\uace0 \ud3b8\uc548\ud569\ub2c8\ub2e4. \uc758\ub958 \ub3d5\ub294 \uac74\uc870 \ubb3c\uc5d0 \ubab8\ub2e4. \ucf00\uc774\ud504 \ud328\ud134 \ub9e4\uc6b0 \ud3b8\ub9ac\ud560 \uc218 \uc788\uc5b4\uc57c \uad50 \ub4dc\ub808\uc2a4 \uc8fc\ub984\ud6a8\uacfc\ub294 \ub2e4\ub978 \uc2dc\uac04\uc744 \uc808\uc57d\ud569\ub2c8\ub2e4.<\/p>\n<p>\uc5d0 \ub2e4\ub978 \ud55c\ud3b8\uc73c\ub85c\ub294,\ud328\ud134\uc73c\ub85c \uc2e4\ud06c \uac00\uc6b4\uc544\ud504\ub9ac\uce74 \uacf5\ub294 \ub370 \ub3c4\uc6c0\uc774 \ub420 \uac83\uc774\uc2a4 \uc2a4\ud30c\uc5d0\uc11c \ub354 \ud6a8\uacfc\uc801\uc785\ub2c8\ub2e4. \ub530\ub77c\uc11c,\uadf8\ub4e4\uc740\uc5d0\uc11c \uc751\uc6a9 \ud504\ub85c\uadf8\ub7a8\uc758 \uc2a4\ud30c \uc2dc\uc124,\ud53c\ud2b8\ub2c8\uc2a4 \uc2dc\uc124,\uc804\ubb38 \uc601\uc5ed\uc744 \ubaa8\ud154,\ud638\ud154,\uace0\uae09 \ub9ac\uc870\ud2b8\uc785\ub2c8\ub2e4.<\/p>\n<figure id=\"attachment_6349\" aria-describedby=\"caption-attachment-6349\" style=\"width: 764px\" class=\"wp-caption aligncenter\"><img loading=\"lazy\" decoding=\"async\" class=\"wp-image-6349\" title=\"\uc2e4\ud06c \uac00\uc6b4 \ube44 \uad11\ud0dd \uc788\ub294 \ubc31\uc0c9\" src=\"http:\/\/khantamgiare.com\/wp-content\/uploads\/2023\/06\/ao-choang-tam-lua-phi-bong-mau-trang.khannamphong.jpg\" alt=\"\ub4dc\ub808\uc2a4\uc758 \ud770\uc0c9 \uc2e4\ud06c \uace0\uae09\" width=\"764\" height=\"1018\" \/><figcaption id=\"caption-attachment-6349\" class=\"wp-caption-text\">\ub4dc\ub808\uc2a4\uc758 \ud770\uc0c9 \uc2e4\ud06c \uace0\uae09<\/figcaption><\/figure>\n<h2><strong>\uae30\ubcf8\uc801 \ud2b9\uc131\uc758 \uc0d8\ud50c\uc744 \uc2e4\ud06c \ub4dc\ub808\uc2a4 \ube44 \uad11\ud0dd \uc788\ub294 \ubc31\uc0c9\u00a0<\/strong><\/h2>\n<p>\uc0d8\ud50c \uc154\uce20 \ub192\uc740 \ud488\uc9c8\uc744 \uc0ac\uc6a9\ud558\uc5ec \uc2e4\uc7ac \uc544\ud504\ub9ac\uce74 \uacf5 \ud558\ub098 \uc774\ub4e4\uc758 \uc778\uae30\uc788\ub294 \ubb3c\uc790 \ub77c\uc778\uc5d0\uc11c \ubaa9\uc695\uac00\uc6b4 \ub4f1\uc774 \ub9c8\ub828\ub418\uc5b4 \uc788\uc2b5\ub2c8\ub2e4. \uc2e4\ud06c\uc544\ud504\ub9ac\uce74 \uacf5\uc744 \ud2b9\uc9d5\uc73c\ub85c \ud45c\uba74\uc774 \ubd80\ub4dc\ub7fd\uace0 \uc790\uc5f0\uc2a4\ub7fd\uac8c. \uc9c1\ubb3c\uc740 \uc544\uc8fc \uc587\uc740 \uadf8\ub807\uac8c \uc798 \uc0ac\ub791\ud558\uae30 \ub54c\ubb38\uc5d0 \uadf8\uac83\uc740 \uc27d\uac8c \uc758\uc2dd\uc744 \uac00\uc9c0\uace0 \ud658\uae30\uac00 \uc798 \ub418\ub294 \uc7a5\uc18c\uc785\ub2c8\ub2e4. \uadf8\ub7ec\ub098 \uadf8\ub4e4\uc740 \uc218\ub97c \uacf5\uac1c\ud55c \uacb0\ud568\uc758 \ucc29\uc6a9.<\/p>\n<p>\uc624\uc2a4\ud2b8\ub9ac\uc544\ub294 \uc74c\uc0c9\uacfc \ud770\uc0c9\uc774\ub294 \uc0c9\uc744 \uac00\uc838 \uace0\uae09 \uc2a4\ub7ec\uc6c0\uacfc \ud604\ub300\uc801\uc774\ub2e4. \ubc31\uc0c9 \ub610\ub294 \uc0c9\uc0c1\uc740 \uc0ac\uc6a9\ud558\uae30\uc5d0 \uc801\ud569\ud55c \ud658\uacbd\uc5d0\uc11c\uc758 \uc2a4\ud30c \ud638\ud154\uc785\ub2c8\ub2e4. \ud658\uacbd\uc774 \ud658\uacbd\uc5d0 \ub300\ud55c \uc0ac\ub791\uc758 \ubbf8\ud559 \uc81c\ud488\uc785\ub2c8\ub2e4.<\/p>\n<p>\uac00\uc6b4 \ub514\uc790\uc778\uc740 \uc22b\uc790\ub97c \ud1b5\ud574\uc11c \ubb34\ub98e\uc744 \ubcf4\uc720\ud558\uace0 \uc788\uc2b5\ub2c8\ub2e4. \ub450 \ud314 \ubc8c\ub9ac\uace0 \ud314\uc744 \uc27d\uc2b5\ub2c8\ub2e4. \uc2dc\uc2a4\ud15c \ubca8\ud2b8\uc5d0\uc11c \ud5c8\ub9ac\uc5d0 \ub9e4\uc6b0 \uc815\uc911,\ub370 \ub3c4\uc6c0\uc774 \uace0\uc815\ub41c \ud615\ud0dc\uc758 \uc544\ub984\ub2e4\uc6b4 \ub4dc\ub808\uc2a4\uc785\ub2c8\ub2e4. \ucd5c\uace0\uc758 \uc154\uce20 \uc218 \uc788\ub294 \uc790\uc218 \ub85c\uace0 \ube0c\ub79c\ub4dc \uc774\ubbf8\uc9c0\uc785\ub2c8\ub2e4. \uc218\ub97c \ub193\uc740 \ub85c\uace0\uc5d0\uc11c \uc18c\ub9e4\ud558\ub294 \ub370 \ub3c4\uc6c0\uc774\ub97c \uad6c\ubcc4\ud558\uace0 \ud63c\ub3d9\uc744 \ud53c\ud558\uae30 \uc704\ud574 \ub2e4\ub978 \ube0c\ub79c\ub4dc\uc785\ub2c8\ub2e4.<\/p>\n<h2><strong>Phong Nam\u2013\uc0dd\uc0b0 \ub2e8\uc704,\uc2e4\ud06c \ubaa9\uc695 \uac00\uc6b4,\uc544\ud504\ub9ac\uce74 \uacf5\uc9c8\u00a0<\/strong><\/h2>\n<p>\ub2f9\uc2e0\uc774 \ucc3e\uace0\uc788\ub294 \uacbd\uc6b0 \ub2e8\uc704\uc758 \uc0dd\uc0b0 \ubc0f \uc720\ud1b5 \uc608\ubcf5 \uc2e4\ud06c \uc2a4\ud06c\uc544\ud504\ub9ac\uce74 \uacf5 \ub2e4\uc74c\uc744 \ucc38\uc870\ud558\uc2dc\uae30 \ubc14\ub78d \ubc14\ub85c \ube0c\ub79c\ub4dc\uc758 \ub0a8\uc131 \uc2a4\ud0c0\uc77c\uc785\ub2c8\ub2e4. \ub294 \uacf5\uc7a5\uc774 \uc544\ub2c8\ub2e4. 1,\ubaa9\uc695 \uac00\uc6b4,\ub0a8\uc131 \uc2a4\ud0c0\uc77c\uc744 \uc0ac\uc6a9\uc790\uc5d0 \uc758\ud574 \uc88c\uc808\uc758 \ud5cc\uc2e0\uacfc \uc804\ubb38\uc131\uc774\ub2e4.<\/p>\n<p>\ubb38\uc758 \ud56b\ub77c\uc778 \ubc88\ud638 \ubb38\uc81c\uac00 \ub2f9\uc2e0\uc758 \uc9c8\ubb38\uc758,\uc6b0\ub9ac\ub294 \uac83\uc774 \uc2e0\uc18d\ud558\uac8c \ud574\uacb0\ud560 \uc218 \uc788\uc2b5\ub2c8\ub2e4. \uc6b0\ub9ac\uc758 \ud300\uc744 \uac00\uc9c0\uace0 \uc788\ub294 \uc5f4\uc815 \ucee8\uc124\ud134\ud2b8\uac00 \ub2f9\uc2e0\uc744 \ub3c4\uc6b8 \uc900\ube44\uac00\ub418\uc5b4 \uc5b8\uc81c,\uc5b4\ub514\ub4e0\uc9c0.<\/p>\n<p style=\"text-align: center;\">-------------<\/p>\n<p style=\"text-align: center;\">\uce78 Phong Nam<\/p>\n<p style=\"text-align: center;\">\uc8fc\uc18c:74B,LANE295,BACH MAI STREET,HAI BA TRUNG DISTRICT,HA NOI<\/p>\n<p style=\"text-align: center;\">\uba54\uc77c:KhanNamPhong@Gmail.Com<\/p>\n<p style=\"text-align: center;\">SDT:\u00a0<a href=\"tel:0903367867\" rel=\"nofollow external noopener noreferrer\" data-wpel-link=\"external\">0903 367 867<\/a><\/p>\n<p style=\"text-align: center;\">\uc6f9 \uc0ac\uc774\ud2b8:\u00a0<a href=\"https:\/\/khantamgiare.com\/ko\/\" data-wpel-link=\"internal\">KhanTamGiaRe.Com<\/a><\/p>","protected":false},"excerpt":{"rendered":"<p>T\u1ea1i sao n\u00ean l\u1ef1a ch\u1ecdn \u00e1o cho\u00e0ng l\u1ee5a phi b\u00f3ng m\u00e0u tr\u1eafng?\u00a0 Sau khi ra m\u1eaft th\u1ecb tr\u01b0\u1eddng, m\u1eabu \u00e1o cho\u00e0ng l\u1ee5a phi b\u00f3ng m\u00e0u tr\u1eafng \u0111\u00e3 t\u1ef1 t\u1ea1o cho m\u00ecnh s\u1ee9c h\u00fat ri\u00eang nh\u1edd v\u00e0o nhi\u1ec1u \u01b0u \u0111i\u1ec3m n\u1ed5i b\u1eadt. \u0110\u1eb1ng sau v\u1ebb ngo\u00e0i hi\u1ec7n \u0111\u1ea1i v\u00e0 sang tr\u1ecdng, m\u1eabu \u00e1o n\u00e0y c\u00f2n c\u00f3 &hellip; <a href=\"https:\/\/khantamgiare.com\/ko\/ao-choang-lua-phi-bong-mau-trang\/\" class=\"more-link\">Continue reading <span class=\"screen-reader-text\">\uc2e4\ud06c \uac00\uc6b4 \ube44 \uad11\ud0dd \uc788\ub294 \ubc31\uc0c9<\/span><\/a><\/p>","protected":false},"featured_media":5478,"comment_status":"closed","ping_status":"open","template":"","meta":[],"product_cat":[45],"product_tag":[],"class_list":{"0":"post-4054","1":"product","2":"type-product","3":"status-publish","4":"has-post-thumbnail","6":"product_cat-ao-choang-tam","7":"pa_chat-lieu-lua-phi-bong","8":"pa_mau-sac-trang","9":"pa_size-l","10":"pa_size-m","11":"pa_size-xl","14":"instock","15":"product-type-simple"},"acf":[],"_links":{"self":[{"href":"https:\/\/khantamgiare.com\/ko\/wp-json\/wp\/v2\/product\/4054","targetHints":{"allow":["GET"]}}],"collection":[{"href":"https:\/\/khantamgiare.com\/ko\/wp-json\/wp\/v2\/product"}],"about":[{"href":"https:\/\/khantamgiare.com\/ko\/wp-json\/wp\/v2\/types\/product"}],"replies":[{"embeddable":true,"href":"https:\/\/khantamgiare.com\/ko\/wp-json\/wp\/v2\/comments?post=4054"}],"wp:featuredmedia":[{"embeddable":true,"href":"https:\/\/khantamgiare.com\/ko\/wp-json\/wp\/v2\/media\/5478"}],"wp:attachment":[{"href":"https:\/\/khantamgiare.com\/ko\/wp-json\/wp\/v2\/media?parent=4054"}],"wp:term":[{"taxonomy":"product_cat","embeddable":true,"href":"https:\/\/khantamgiare.com\/ko\/wp-json\/wp\/v2\/product_cat?post=4054"},{"taxonomy":"product_tag","embeddable":true,"href":"https:\/\/khantamgiare.com\/ko\/wp-json\/wp\/v2\/product_tag?post=4054"}],"curies":[{"name":"wp","href":"https:\/\/api.w.org\/{rel}","templated":true}]}}