{"id":4114,"date":"2023-06-29T08:01:58","date_gmt":"2023-06-29T08:01:58","guid":{"rendered":"http:\/\/khantam.h193.dpsmedia.vn\/san-pham\/ga-tim-tran-bong\/"},"modified":"2024-04-11T15:29:32","modified_gmt":"2024-04-11T08:29:32","slug":"ga-tim-tran-bong","status":"publish","type":"product","link":"https:\/\/khantamgiare.com\/ko\/ga-tim-tran-bong\/","title":{"rendered":"\uc5ed \ubcf4\ub77c \ub204\ube44"},"content":{"rendered":"<h2><strong>\uc801 \ud2b9\uc131\uc758 \uc0d8\ud50c \uce68\ub300\ubcf4 \ubcf4\ub77c\uc0c9 \ud03c\ud305<\/strong><\/h2>\n<p>\uc0d8\ud50c \uce68\ub300\ubcf4 \ubcf4\ub77c\uc0c9 \ud03c\ud305 \ud3c9\uac00\uc5d0 \uc758\ud574 \ud604\ub300\uc801\uc778 \uc0c9\uc0c1\uc73c\ub85c \uace0\uae09\uc2a4\ub7ec\uc6b4 \uc2a4\ud0c0\uc77c\uc785\ub2c8\ub2e4. \ud15c\ud50c\ub9bf\uad6d\uc740 \uc0ac\uc6a9\uc744 \uc704\ud574 \uc801\ub2f9\ud55c \uc5b4\ub5a4 \uacf5\uac04\uc5d0 \uc2a4\ud30c\ub3c4 \uc788\uc2b5\ub2c8\ub2e4. \ubcf4\uc774\ub294 \ub208\uc5d0 \ub744\ub294\ud558\uace0 \uc778\uc0c1\uc801\uc778 \ub3c4\uc6c0\ub9d0 \uc2a4\ud30c \uc0dd\uc131\ud55c \uccad\uc0ac\uc9c4 \ub300\ub2f4\uc5d0\uc11c \uc6b0\ub9ac\uc758 \uace0\uac1d\uc785\ub2c8\ub2e4.<\/p>\n<p>\uce68\ub300\ubcf4\uac00 \ub192\uc740 \ud488\uc9c8\uc758 \uc7ac\ub8cc\ub85c \ub9cc\ub4e0,\ub204\ube44\ub294 100%. \ubb3c\uc9c8 \ub204\ube44\ub294 \ubb3c\uc790 \ubd80\ub4dc\ub7ec\uc6c0\uc73c\ub85c \uc608\uc0c1\ub429\ub2c8\ub2e4. \uc744 \uc0ac\uc6a9\ud560 \ub54c \ub9e4\uc6b0 \ud3b8\uc548\ud55c \ub290\ub08c\uacfc \ud734\uc2dd. \uc5c6\ub294 \ud604\uc0c1\uc774 \ube44\ubc00,\uac00\uc8fd \uc9c1\ubb3c\uc740 \ub9ce\uc2b5\ub2c8\ub2e4.<\/p>\n<p>\uc5ed\uc5d0\uc11c \ub9ce\uc740 \ubaa8\ud2f0\ube0c\ub97c \uc544\ub984\ub2f5\uac8c \uc7a5\uc2dd \uc81c\ud488\uc744 \ub354\uc6b1 \uc720\uc77c\ud558\ub2e4. \uc0ac\uc6a9 \ud310\uc9c0 \ubc30\uacbd\uc0c9\uc73c\ub85c \uc8fc\ub85c,\ud558\uc9c0\ub9cc \uc5ec\uc804\ud788 \uc5b4\ub5a4 \uc120 \ud770\uc0c9 \uacb0\ud569\ud55c \uc870\ud654\ub97c \ub9cc\ub4e4.<\/p>\n<p><img decoding=\"async\" class=\"aligncenter wp-image-10326 size-full\" src=\"http:\/\/khantamgiare.com\/wp-content\/uploads\/2023\/06\/ga-giuong-tim-tran-bong.jpg\" alt=\" \ud3ed=\" height=\"500\" title=\"\"><\/p>\n<h3><strong>\uc2a4\ud30c \uce68\ub300\ubcf4 \uc0ac\uc6a9\uc744 \ud560\uae4c?<\/strong><\/h3>\n<p>\uc0d8\ud50c \uce68\ub300\ubcf4 \ubcf4\ub77c\uc0c9 \uc2a4\ud30c \ud03c\ud2b8\uac00 \uc0ac\uc6a9\ud558\ub294 \uc804\uccb4\ub97c \ucee4\ubc84 \uce68\ub300 \uc2a4\ud30c\ub3c4 \uc788\uc2b5\ub2c8\ub2e4. \uc2a4\ud30c \uce68\ub300\ub97c \uc885\uc885 \ub9e4\uc6b0 \uac70\uce5c \ub2f9\uc2e0\uc774 \ud544\uc694\ud558\ubbc0\ub85c \uc2dc\ud2b8\ub97c \uc0ac\uc6a9\ud558\ub294 \ub370 \ub3c4\uc6c0\uc774 \uce68\ub300\uac00 \ub354 \uc544\ub984\ub2f5\uc2b5\ub2c8\ub2e4. \ub3d9\uc2dc\uc5d0 \uacf5\uac04\uc744 \ub9cc\ub4e4\uae30\uc5d0 \ub300\ud55c \uc804\ubb38\uc801\uc778 \uc2a4\ud30c,\ud604\ub300\uc801\uc774\uace0 \ub192\uc740 \uc2ec\ubbf8\uc801\uc778 \ub9e4\ub825\uc774\ub2e4.<\/p>\n<p>\uc0d8\ud50c \uce68\ub300\ubcf4 \ubcf4\ub77c\uc0c9 \uc2a4\ud30c\uc5d0\uc11c \uc0ac\uc6a9\ub418\ub294 \uae30\ubcf8 \uc2a4\ud30c \uc804\ubb38\uc785\ub2c8\ub2e4. \ub610\ud55c,\uc81c\ud488 \uc0ac\uc6a9\ud560 \uc218\ub3c4 \uc788\uc2b5\uc5d0\uc11c \uae30\ubcf8 \uc544\ub984\ub2e4\uc6c0\uc744 \ub2e4\ub978 \uc11c\ube44\uc2a4:\ubbf8\uc6a9\uc2e4,\uc2ec\ubbf8\uc801\uc778 \uc13c\ud130,...<\/p>\n<p><img decoding=\"async\" class=\"aligncenter wp-image-10327 size-full\" src=\"http:\/\/khantamgiare.com\/wp-content\/uploads\/2023\/06\/ga-giuong-tim-tran-bong1.jpg\" alt=\" \ud3ed=\" height=\"800\" title=\"\"><\/p>\n<h2><strong>Nh\u1eefng l\u1ee3i \u00edch khi \u0111\u1eb7t mua s\u1ea3n ph\u1ea9m t\u1ea1i Kh\u0103n T\u1eafm Gi\u00e1 R\u1ebb\u00a0<\/strong><\/h2>\n<p>Kh\u0103n T\u1eafm Gi\u00e1 R\u1ebb l\u00e0 th\u01b0\u01a1ng hi\u1ec7u h\u00e0ng \u0111\u1ea7u hi\u1ec7n nay trong l\u0129nh v\u1ef1c s\u1ea3n xu\u1ea5t v\u00e0 ph\u00e2n ph\u1ed1i c\u00e1c d\u1ee5ng c\u1ee5 chuy\u00ean d\u1ee5ng cho spa nh\u01b0 ga tr\u1ea3i gi\u01b0\u1eddng, gi\u01b0\u1eddng spa v\u00e0 <a href=\"https:\/\/khantamgiare.com\/ko\/khan-spa\/\">kh\u0103n spa gi\u00e1 r\u1ebb<\/a>. C\u00e1c s\u1ea3n ph\u1ea9m ga tr\u1ea3i gi\u01b0\u1eddng c\u1ee7a Kh\u0103n T\u1eafm Gi\u00e1 R\u1ebb \u0111\u01b0\u1ee3c \u0111\u00e1nh gi\u00e1 cao v\u1ec1 ch\u1ea5t l\u01b0\u1ee3ng c\u0169ng nh\u01b0 h\u00ecnh th\u1ee9c th\u1ea9m m\u1ef9.<\/p>\n<p>Khi \u0111\u1eb7t mua s\u1ea3n ph\u1ea9m t\u1ea1i Kh\u0103n T\u1eafm Gi\u00e1 R\u1ebb, kh\u00e1ch h\u00e0ng s\u1ebd \u0111\u01b0\u1ee3c nh\u1eadn nh\u1eefng l\u1ee3i \u00edch thi\u1ebft th\u1ef1c sau:<\/p>\n<ul>\n<li>\uc870\uc5b8\uc744 \uc5f4\uc815\uc801\uc774\uace0 \uc2e0\uc911\ud558\uc5ec \uc6b0\ub9ac \ud300\uc758 \uc804\ubb38\uc801\uc778 \uc9c1\uc6d0<\/li>\n<li>\ub97c \uad6c\uc785 \ud560 \uc218\uc788\ub294 \uae30\ud68c\ub97c \uac00\uc9c0\uace0 \uce68\uad6c \uc2a4\ud30c\uc73c\ub85c \uc6d0\uaca9\uc5d0\uc11c \uad8c\uc7a5\ud569\ub2c8\ub2e4. \ud544\uc694\ub97c \ud1b5\ud574 \uc804\ub2ec \uc911\uac04 \ub2e8\uc704<\/li>\n<li>\ub9cc\uc871\ud558\ub294 \uc7ac\ub8cc\ub97c \uc120\ud0dd,\uc2a4\ud0c0\uc77c,\ub514\uc790\uc778\uc758 \uc81c\ud488<\/li>\n<li>\uc790\uc218\ub97c \ub3cb\uc744\uc0c8\uae40\ub41c \ub85c\uace0\ub97c \uac00\uc9c4 \ub300\ub7c9 \uc8fc\ubb38<\/li>\n<li>\uc9c0\uc6d0,\ube60\ub978 \ubc30\ub2ec \uc2dc\uac04<\/li>\n<li>\uac00 \uc815\ucc45\uc744 \ubc18\ud658 \uc0c1\ud488\uba85,\ud2b9\uc815,<\/li>\n<\/ul>\n<p>Nh\u00ecn chung, m\u1ecdi quy\u1ec1n l\u1ee3i c\u1ee7a kh\u00e1ch h\u00e0ng s\u1ebd \u0111\u01b0\u1ee3c \u0111\u1ea3m b\u1ea3o tuy\u1ec7t \u0111\u1ed1i. Khi \u0111\u1eb7t h\u00e0ng t\u1ea1i <a href=\"https:\/\/khantamgiare.com\/ko\/\">\uc800\ub834\ud55c \ud0c0\uc6d4<\/a>, ch\u00fang t\u00f4i cam k\u1ebft mang \u0111\u1ebfn kh\u00e1ch h\u00e0ng nh\u1eefng s\u1ea3n ph\u1ea9m thi\u1ebft th\u1ef1c v\u1edbi m\u1ee9c gi\u00e1 \u01b0u \u0111\u00e3i.<\/p>\n<p>\ub300\ud55c \uc790\uc138\ud55c \uc870\uc5b8\uc744,\uc800\ud76c\uc5d0\uac8c \uc5f0\ub77d\ud558\uc2ed\uc2dc\uc624\ub97c \ud1b5\ud574 \uc815\ubcf4\ub97c \uc81c\uc548\ud588\ub2e4. \ud76c\ub9dd\uc744 \uace7 \ud638\ud154\uc5d0\uc11c\ub294 \ub2e4\uc74c \uc2dc\uac04!<\/p>","protected":false},"excerpt":{"rendered":"<ul>\n<li class=\"text-pages\">\ub9b0\ub128 \uc2a4\ud30c\uc5d0 \uc758\ud574 \uba74,\ud03c\ud2b8\ub9cc \ud328\ud134\uc740 \uc5ec\ub7ec \uc0c9\uc0c1<\/li>\n<li class=\"text-pages\">\ub9b0\ub128 \uc2a4\ud30c \uc9c1\ubb3c\uc744 \ub300\uac01\uc120 \uc2a4\ud2b8\ub77c\uc774\ud504 \ub2e4\uc0c9<\/li>\n<li class=\"text-pages\">\ub9b0\ub128 \uc2a4\ud30c,\uc2a4\ud310\ub371\uc2a4 \ub300\ud55c\ubbfc\uad6d<\/li>\n<li class=\"text-pages\">\ub9b0\ub128 \uc2a4\ud30c \ud328\ube0c\ub9ad<\/li>\n<\/ul>\n<p>\uc8fc\ubb38 \ud06c\uae30\uc5d0 \ub530\ub77c \uace0\uac1d\uc774 \ud544\uc694\ud569\ub2c8\ub2e4.<\/p>","protected":false},"featured_media":5514,"comment_status":"closed","ping_status":"closed","template":"","meta":[],"product_cat":[66,64],"product_tag":[],"class_list":{"0":"post-4114","1":"product","2":"type-product","3":"status-publish","4":"has-post-thumbnail","6":"product_cat-chan-bong-cotton","7":"product_cat-ga-giuong-spa","8":"pa_chat-lieu-kate-tran-bong","9":"pa_kich-thuoc-90cm-x-190cm","10":"pa_mau-sac-tim","13":"instock","14":"product-type-simple"},"acf":[],"_links":{"self":[{"href":"https:\/\/khantamgiare.com\/ko\/wp-json\/wp\/v2\/product\/4114","targetHints":{"allow":["GET"]}}],"collection":[{"href":"https:\/\/khantamgiare.com\/ko\/wp-json\/wp\/v2\/product"}],"about":[{"href":"https:\/\/khantamgiare.com\/ko\/wp-json\/wp\/v2\/types\/product"}],"replies":[{"embeddable":true,"href":"https:\/\/khantamgiare.com\/ko\/wp-json\/wp\/v2\/comments?post=4114"}],"wp:featuredmedia":[{"embeddable":true,"href":"https:\/\/khantamgiare.com\/ko\/wp-json\/wp\/v2\/media\/5514"}],"wp:attachment":[{"href":"https:\/\/khantamgiare.com\/ko\/wp-json\/wp\/v2\/media?parent=4114"}],"wp:term":[{"taxonomy":"product_cat","embeddable":true,"href":"https:\/\/khantamgiare.com\/ko\/wp-json\/wp\/v2\/product_cat?post=4114"},{"taxonomy":"product_tag","embeddable":true,"href":"https:\/\/khantamgiare.com\/ko\/wp-json\/wp\/v2\/product_tag?post=4114"}],"curies":[{"name":"wp","href":"https:\/\/api.w.org\/{rel}","templated":true}]}}