{"id":4225,"date":"2023-06-29T08:06:29","date_gmt":"2023-06-29T08:06:29","guid":{"rendered":"http:\/\/khantam.h193.dpsmedia.vn\/san-pham\/gsp-chan-go-08\/"},"modified":"2024-04-10T16:32:19","modified_gmt":"2024-04-10T09:32:19","slug":"gsp-chan-go-08","status":"publish","type":"product","link":"https:\/\/khantamgiare.com\/ko\/gsp-chan-go-08\/","title":{"rendered":"GSP \ub098\ubb34\ub85c \ub418\ub294 \ub2e4\ub9ac 08"},"content":{"rendered":"<p>V\u1eadt li\u1ec7u: G\u1ed7 \u0111\u00e3 qua x\u1eed l\u00fd<br \/>\nCh\u00e2n <a href=\"https:\/\/khantamgiare.com\/ko\/giuong-spa\/\">\uc2a4\ud30c \uce68\ub300<\/a> \u0111\u01b0\u1ee3c thi\u1ebft k\u1ebf v\u1edbi nhi\u1ec1u thanh ngang, t\u0103ng c\u01b0\u1eddng kh\u1ea3 n\u0103ng ch\u1ecbu l\u1ef1c t\u1ed1t.<br \/>\nN\u1ec7m mud m\u1ec1m m\u1ea1i, \u0111\u01b0\u1ee3c kho\u00e9t l\u1ed7 gi\u00fap t\u1ea1o c\u1ea3m gi\u00e1c tho\u1ea3i m\u00e1i t\u1ed1i \u01b0u khi s\u1eed d\u1ee5ng.<br \/>\nM\u00e0u s\u1eafc: M\u00e0u g\u1ed7 th\u00f4ng t\u1ef1 nhi\u00ean, \u0111\u00e3 \u0111\u01b0\u1ee3c \u0111\u00e1nh b\u00f3ng m\u1ed9t c\u00e1ch t\u1ec9 m\u1ec9, mang l\u1ea1i v\u1ebb \u0111\u1eb9p sang tr\u1ecdng v\u00e0 tinh t\u1ebf cho kh\u00f4ng gian Spa.<br \/>\nK\u00edch th\u01b0\u1edbc chu\u1ea9n: 70 x 190 x 70 cm, c\u00f3 th\u1ec3 \u0111\u01b0\u1ee3c \u0111i\u1ec1u ch\u1ec9nh \u0111\u1ec3 ph\u00f9 h\u1ee3p v\u1edbi nhu c\u1ea7u c\u1ee5 th\u1ec3 c\u1ee7a kh\u00e1ch h\u00e0ng.<\/p>\n<p>&nbsp;<\/p>\n<p><img decoding=\"async\" class=\"aligncenter wp-image-5246 size-full\" title=\"giuongspachango.khannamphong\" src=\"http:\/\/khantamgiare.com\/wp-content\/uploads\/2023\/06\/20171201_ae0849c2ccee7a64ad3c48219cbc112a_1512127555.jpg\" alt=\" \ud3ed=\" height=\"480\" \/><\/p>\n<p>\uc5f0\ub77d\ucc98 <a href=\"https:\/\/khantamgiare.com\/ko\/\">\uc800\ub834\ud55c \ud0c0\uc6d4<\/a> \u0111\u1ec3 \u0111\u01b0\u1ee3c t\u01b0 v\u1ea5n th\u00eam v\u1ec1 c\u00e1c gi\u01b0\u1eddng spa cao c\u1ea5p c\u0169ng nh\u01b0 l\u00e0 nh\u1eefng d\u1ee5ng c\u1ee5 spa nh\u01b0 <a href=\"https:\/\/khantamgiare.com\/ko\/khan-spa\/\">\uc218\uac74 \uc2a4\ud30c<\/a>, kh\u0103n tr\u1ea3i gi\u01b0\u1eddng spa, &#8230;.<\/p>\n<blockquote><p><em><strong>\ub354 \uc77d\uae30: <a href=\"https:\/\/khantamgiare.com\/ko\/gsp-chan-sat\/\">Gi\u01b0\u1eddng spa CH\u00c2N S\u1eaeT<\/a><\/strong><\/em><\/p><\/blockquote>","protected":false},"excerpt":{"rendered":"<h4><em><strong>\uc81c\ud488\uc815\ubcf4:<\/strong><\/em><\/h4>\n<ul>\n<li><em>\uc7ac\ub8cc:\ucc98\ub9ac \ubaa9\uc7ac<\/em><\/li>\n<li><em>\uc758 \uc124\uacc4\ub418\uc5c8\uc73c\ub85c \ub9ce\uc740 \uc218\ud3c9\uc904\uc744 \uacac\ub51c \uc218 \uc788\uc5b4\uc57c\uc911\uc2b5\ub2c8\ub2e4.<\/em><\/li>\n<li><em>\ub9e4\ud2b8\ub9ac\uc2a4,\uc9c4\ud759\uc73c\ub85c,\ubd80\ub4dc\ub7fd \ub9ac\uba38\uc5d0\uc11c \uad6c\uba4d\uc744 \ud3b8\uc548\ud55c \ub290\ub08c\uc744 \ub54c \uac70\uc9d3\ub9d0\uc744\ud558\uace0\uc788\ub2e4.<\/em><\/li>\n<li><em>\uc0c9\uc0c1:\uc18c\ub098\ubb34 \ub098\ubb34\ub294 \uc790\uc5f0 \uad11\ud0dd\uc744 \ub9cc\ub4dc \ub7ed\uc154\ub9ac \uc2a4\ud30c\ub3c4 \uc788\uc2b5\ub2c8\ub2e4.<\/em><\/li>\n<li><em>\uc815\uae30 \ud06c\uae30:70x190x70,\uc5d0 \ub530\ub77c \ubcc0\uacbd \ub420 \uc218 \uc788\uc2b5\ub2c8\ub2e4 \uace0\uac1d\uc758 \uc694\uad6c \uc0ac\ud56d\uc785\ub2c8\ub2e4.<\/em><\/li>\n<\/ul>","protected":false},"featured_media":5676,"comment_status":"closed","ping_status":"closed","template":"","meta":[],"product_cat":[72],"product_tag":[],"class_list":{"0":"post-4225","1":"product","2":"type-product","3":"status-publish","4":"has-post-thumbnail","6":"product_cat-giuong-spa","7":"pa_chat-lieu-go-cao-cap","8":"pa_mau-sac-den","9":"pa_mau-sac-trang","12":"instock","13":"product-type-simple"},"acf":[],"_links":{"self":[{"href":"https:\/\/khantamgiare.com\/ko\/wp-json\/wp\/v2\/product\/4225","targetHints":{"allow":["GET"]}}],"collection":[{"href":"https:\/\/khantamgiare.com\/ko\/wp-json\/wp\/v2\/product"}],"about":[{"href":"https:\/\/khantamgiare.com\/ko\/wp-json\/wp\/v2\/types\/product"}],"replies":[{"embeddable":true,"href":"https:\/\/khantamgiare.com\/ko\/wp-json\/wp\/v2\/comments?post=4225"}],"wp:featuredmedia":[{"embeddable":true,"href":"https:\/\/khantamgiare.com\/ko\/wp-json\/wp\/v2\/media\/5676"}],"wp:attachment":[{"href":"https:\/\/khantamgiare.com\/ko\/wp-json\/wp\/v2\/media?parent=4225"}],"wp:term":[{"taxonomy":"product_cat","embeddable":true,"href":"https:\/\/khantamgiare.com\/ko\/wp-json\/wp\/v2\/product_cat?post=4225"},{"taxonomy":"product_tag","embeddable":true,"href":"https:\/\/khantamgiare.com\/ko\/wp-json\/wp\/v2\/product_tag?post=4225"}],"curies":[{"name":"wp","href":"https:\/\/api.w.org\/{rel}","templated":true}]}}