{"id":4239,"date":"2023-06-29T08:07:44","date_gmt":"2023-06-29T08:07:44","guid":{"rendered":"http:\/\/khantam.h193.dpsmedia.vn\/san-pham\/khan-tam-khach-san-mau-den\/"},"modified":"2024-05-23T10:26:54","modified_gmt":"2024-05-23T03:26:54","slug":"khan-tam-khach-san-mau-den","status":"publish","type":"product","link":"https:\/\/khantamgiare.com\/ko\/khan-tam-khach-san-mau-den\/","title":{"rendered":"\uac74,\ud638\ud154,\ube14\ub799"},"content":{"rendered":"<p>\u1ede m\u1ed9t kh\u00eda c\u1ea1nh n\u00e0o \u0111\u1ea5y, kh\u0103n t\u1eafm l\u00e0 s\u1ea3n ph\u1ea9m th\u1ec3 hi\u1ec7n \u0111\u01b0\u1ee3c b\u1ed9 m\u1eb7t c\u1ee7a kh\u00e1ch s\u1ea1n, ch\u1ea5t l\u01b0\u1ee3ng c\u1ee7a <a href=\"https:\/\/khantamgiare.com\/ko\/khan-khach-san\/\">\ud638\ud154 \ud0c0\uc6d4<\/a> n\u00f3i ri\u00eang v\u00e0 c\u1ee7a c\u00e1c lo\u1ea1i ph\u1ee5 ki\u1ec7n kh\u00e1ch s\u1ea1n n\u00f3i chung s\u1ebd ph\u1ea3n \u00e1nh ch\u1ea5t l\u01b0\u1ee3ng d\u1ecbch v\u1ee5 t\u1ea1i \u0111\u00f3. V\u00ec v\u1eady n\u1ebfu n\u1eafm ch\u1eafc \u0111\u01b0\u1ee3c nh\u1eefng \u0111\u1eb7c \u0111i\u1ec3m m\u00e0 kh\u0103n t\u1eafm kh\u00e1ch s\u1ea1n mang l\u1ea1i, ch\u1eafc ch\u1eafn s\u1ebd l\u00e0m cho ch\u1ea5t l\u01b0\u1ee3ng d\u1ecbch v\u1ee5 v\u00e0 s\u1ed1 l\u01b0\u1ee3ng kh\u00e1ch h\u00e0ng \u0111\u1ebfn v\u1edbi kh\u00e1ch s\u1ea1n c\u1ee7a b\u1ea1n thay \u0111\u1ed5i m\u1ed9t c\u00e1ch \u0111\u00e1ng k\u1ec3.<\/p>\n<p>\uc0c9\uc0c1\uc740 \ud558\ub098\uc758 \ud575\uc2ec \uc694\uc18c\ub294 \uace0\uac1d\uc744 \uac10\ub3d9\uc5d0\uc11c \ucc98\uc74c \ubcf8\ub2e4. \ub530\ub77c\uc11c,\ud638\ud154\uc5d0 \ub300\ud55c \uc120\ud0dd \uc0c9\uc0c1\uc758 \ubaa9\uc695 \uc218\uac74\uc740 \ub9e4\uc6b0 \uc911\uc694\ud558\uace0 \uc2e0\uc911\ud558\uac8c \uace0\ub824\ub418\uc5b4\uc57c\ud55c\ub2e4. \uadf8\ub798\uc11c,\ubaa9\uc695 \uc218\uac74,\ud638\ud154 \ube14\ub799 \uc7a5\uc810\uc740 \ubb34\uc5c7\uc785\ub2c8\uae4c? \uc544\ub798\uc5d0 \ub300\ud55c \uc815\ubcf4\ub97c \uc774 \uc720\ud615\uc758 \ubaa9\uc695 \uc218\uac74 \ud2b9\ud788 \uc774\ub2e4.<\/p>\n<p style=\"text-align: center;\"><img decoding=\"async\" class=\"aligncenter wp-image-1757\" src=\"https:\/\/khantamgiare.com\/wp-content\/uploads\/2021\/03\/khan-khach-san-mau-den-1.jpg\" alt=\" \ud3ed=\" height=\"608\" title=\"\"><\/p>\n<h2>\uc758 \uc7a5\uc810\uc740 \uc218\uac74,\ud638\ud154,\ube14\ub799<\/h2>\n<p>\ub97c \uc0ac\uc6a9\ud558\uc5ec \uc720\ud615 <a href=\"https:\/\/khantamgiare.com\/ko\/san-pham\/khan-tam-khach-san-mau-den\/\">\uac74,\ud638\ud154,\ube14\ub799<\/a> \ub9ce\uc740 \uc774\uc810\uc774 \uc788\ub294 \uc6b0\ub9ac\ub97c \uac00\uc838\uc62c \uc218 \uc788\ub294 \uacfc\uc815\uc5d0\uc11c\uc758 \uc0ac\uc6a9\uc785\ub2c8\ub2e4. \uc5ec\uae30\uc758 \uc7a5\uc810\uc740 \uc218\uac74,\ud638\ud154,\uac80\uc740 \uc54c\uc9c0 \ubabb\ud560 \uc218\ub3c4 \uc788\uc2b5\ub2c8\ub2e4:<\/p>\n<p>\ubaa9\uc695 \uc218\uac74,\ud638\ud154,\ubab8 mau \uac74\uc870\ud558\uace0 \uccad\uc18c\ub420 \uc218 \uc788\ub294 \uc990\uac70\uc6b4 \ubc29\ubc95\uc73c\ub85c,\ub9e4\uc6b0 \ud3b8\ub9ac\ud569\ub2c8\ub2e4.<\/p>\n<p>\ubaa9\uc695 \uc218\uac74 \uc801\ud569\ud55c \ud638\ud154\uc744 \ud568\uaed8 \uc0ac\uc6a9\ub418\ub294 \ubaa8\ub4e0 \ubbfc\uac10\ud55c \ud53c\ubd80\uc758 \ub450\ub824\uc6c0 \uc5c6\uc774 \uc790\uadf9 \ub610\ub294 \ubc1c\uc9c4\uc758 \ubd88\ud3b8\ud55c \ud6c4 \uc0ac\uc6a9\ud574 \uc8fc\uc2ed\uc2dc\uc624.<\/p>\n<p style=\"text-align: center;\"><img decoding=\"async\" class=\"aligncenter wp-image-1758 size-full\" src=\"https:\/\/khantamgiare.com\/wp-content\/uploads\/2021\/03\/khan-khach-san-mau-den-2.jpg\" alt=\" \ud3ed=\" height=\"600\" title=\"\"><\/p>\n<p>\u2013\ud615\ud0dc\uc758 \ud0c0\uc6d4 \uc704\uce58\ud55c \ud638\ud154\uc744 \uc77c\ubc18\uc801\uc73c\ub85c \uba74\uc73c\ub85c \ub9cc\ub4e0 \uc9c1\ubb3c\uc740 \uc5f0\uc57d\ud558\uace0,\ub9e4\ub044\ub7fd\uace0,\uc990\uac70\uc6b4,\uac00\ub2a5\uc131\uc774 \ub192\uc740 \ubc29\uc218,\ube68\ub9ac,\uc27d\uac8c \uc138\ucc99\uacfc \ube60\ub978 \uac74\uc870\ud569\ub2c8\ub2e4.<\/p>\n<p>\u2013\ucd94\uac00 \uc0c8\uc758 \uc6b0\uc218\ud55c \ud2b9\uc131\uc744 \uc218\uac74\uc740 \uc77c\ubc18\uc801\uc73c\ub85c \ud638\ud154\uacfc \uc218\uac74,\ud638\ud154,\ube14\ub799\uc5d0\uc11c\ub294 \ud2b9\ud788 \uadf8\ub4e4\uc740 \uc644\uc804\ud558\uc9c0 \ud758\ub9ac\uace0 \ud1f4\uc0c9\ud558\ub294 \uacfc\uc815\uc5d0\uc11c\uc758 \uc0ac\uc6a9\uc785\ub2c8\ub2e4. \ub610\ud55c,\ub192\uc740 \ud3c9\uade0 \uc218\uba85\uc740 \uac19\uc740 \uac12\uc744 \uc0ac\uc6a9\ud55c \ud2bc\ud2bc\ud55c \uc2dc\uac04\uc73c\ub85c,\uace0\uac1d\uc744 \ub3c4\uc6b8 \uc218 \uc788\uc2b5\ub2c8\ub2e4 \ube44\uc6a9\uc744 \uc808\uac10\uc5d0 \ud06c\uac8c k\u00ear.<\/p>\n<p>\u2013\ub208\uc5d0 \ub744\ub294 \uc7a5\uc810\uc758 \uc218\uac74,\ud638\ud154,\ub294 \ubb34\uc2dc\ud560 \uc218 \uc5c6\ub294 \uc544\ub984\ub2e4\uc6c0\uc744 \ud45c\ud604,\uace0\uae09 \uc2a4\ub7ec\uc6c0\uacfc \ud3b8\uc548\ud568\uc73c\ub85c \ub610\ud55c \uc5b4\ub514\uc11c\ub098\uc758 \uc678\uad00\uc744 \ubcf4\uace0 \uadf8\ub4e4\uc744 \uc5d0\uc11c \uc608\uc0b0\uc744 \ubaa8\ud154\uc744 \ub7ed\uc154\ub9ac \ud638\ud154\uacfc \uace0\uae09 \ub9ac\uc870\ud2b8\uc785\ub2c8\ub2e4.<\/p>\n<h2>\ucc38\uace0\ud560 \ub54c \uc0ac\uc6a9\ud558\uc5ec \uc218\uac74\uc695 \ud638\ud154<\/h2>\n<p>\uc744 \uc218\uac74 \ud638\ud154 \uac80\uc740 \uc0c9\uc774 \uc0ac\uc6a9\ub418\ub294 \ub0b4\uad6c\uc131\uc774,\ub2f9\uc2e0\uc740 \uad00\uc2ec\uc744 \uc9c0\ubd88\ud574\uc57c \uc774\ub7ec\ud55c \uc694\uc18c\uc758 \uc9c8\uc5d0 \uc601\ud5a5\uc744 \ubbf8\uce60 \uc218 \uc788\uc2b5\ub2c8\ub2e4. \ub530\ub77c\uc11c,\uc5ec\uae30\uc5d0\uc11c \uae30\ucd08\ub97c \ubb34\uc2dc\ud574\uc11c\ub294 \uc548\uc744 \uac00\uc838\uc62c \uc218 \uc788\ub294 \uac12,\ub0b4\uad6c\uc131,\uc7a5\uc2dc\uac04 \uc0ac\uc6a9\ud560 \uc218 \uc788\uc2b5\ub2c8\ub2e4.<\/p>\n<p>\u2013\uc0ac\uc6a9 \ube48\ub3c4\uc758 \uc218\uac74 \ud638\ud154\uc785\ub2c8\ub2e4. \ubfd0\ub9cc \uc544\ub2c8\ub77c \ub2e4\ub978 \uc81c\ud488\uc744 \uc0ac\uc6a9\ud558\ub294 \uacbd\uc6b0,\uc218\uac74\uc73c\ub85c \ub9ce\uc740 \uc0ac\ub78c\ub4e4\ub85c \ub5a0\ub098 \uc2e0\uc18d\ud558\uac8c \uc190\uc0c1\ub418\uc5c8\uc2b5\ub2c8\ub2e4. \uc218\uac74\ub3c4 \uc5c6\uc774 \ub2e4\ub978 \uc778\uac04,\uae30\uacc4,\uadf8\uac83\uc740 \ub610\ud55c \uc2dc\uac04\uc744 \uc0ac\uc6a9\ud560 \ubfd0\ub9cc \uc544\ub2c8\ub77c \ud2b9\uc815 \uc218\uba85\uc774 \uc788\uc2b5\ub2c8\ub2e4. \uac70\uae30\uc5d0 \ub530\ub77c\uc11c \uc12c\uc720\uc758 \uc9c1\ubb3c\uc744 \ubc18\ud658 \ud560 \uc218 \uc788\uc2b5\ub2c8\ub2e4 \uc548\uc815\uc801\uc778 \uc0c1\ud0dc\uc774\ub2e4.<\/p>\n<figure id=\"attachment_1759\" aria-describedby=\"caption-attachment-1759\" style=\"width: 605px\" class=\"wp-caption aligncenter\"><img loading=\"lazy\" decoding=\"async\" class=\"wp-image-1759\" src=\"https:\/\/khantamgiare.com\/wp-content\/uploads\/2021\/03\/khan-khach-san-mau-den-3.jpg\" alt=\"\uc744 \ud544\uc694\uac00 \ubb34\uc5c7\uc778 \uc0ac\uc6a9\uc758 \ubaa9\uc695 \uc218\uac74,\ud638\ud154,\ube14\ub799\" width=\"605\" height=\"605\" title=\"\"><figcaption id=\"caption-attachment-1759\" class=\"wp-caption-text\">\uc744 \ud544\uc694\uac00 \ubb34\uc5c7\uc778 \uc0ac\uc6a9\uc758 \ubaa9\uc695 \uc218\uac74,\ud638\ud154,\ube14\ub799<\/figcaption><\/figure>\n<p>\u2013\ub2f9\uc2e0\uc774 \uc0ac\uc57c \ud558\ub294 \uc218\uc6d4\ud55c \ud638\ud154 \ube14\ub799 \uc22b\uc790\ubcf4\ub2e4 \ud070 \ub2f9\uc2e0\uc774 \ud544\uc694\ud569\ub2c8\ub2e4. \uc774\uac83\uc740 \ub2f9\uc2e0\uc774 \ucda9\ubd84\ud55c \uc218\uc758 \ud0c0\uc6d4 \ub610\ub294 \uc0ac\uc6a9\ud558\uc9c0 \uc54a\ub294 \uc555\ub825\uc744 \ub9cc\ub4e4. \uae30 \ub54c\ubb38\uc5d0 \uc218\uac74\uc744 \uc77c\uc815\ud55c \uc774\uc6a9,\uadf8\ub9ac\uace0 \uc2dc\uac04\uc774 \uc5c6\uc744,\ub098\uba38\uc9c0 \uadf8\ub4e4\uc740 \uc2e0\uc18d\ud558\uac8c \uc545\ud654\ub418\uace0 \ub300\uccb4\ud558\ub294 \ud544\uc694\ud569\ub2c8\ub2e4<\/p>\n<p>\u2013\ub294 \ub610 \ub2e4\ub978 \uc694\uc18c\ub3c4 \uc601\ud5a5\uc744 \ubbf8\uce58\ub294 \ub0b4\uad6c\uc131\uc774 \ud0c0\ub294 \uac83\uc740 \ud654\ud559 \uc0ac\uc6a9\uc744 \ud45c\ubc31\ud55c \uc138\ud0c1 \uc218\uac74,\ud638\ud154\uc785\ub2c8\ub2e4. \uae30 \ub54c\ubb38\uc5d0 \uc218\uac74\uc744 \ud754\ub4e4\uc5d0\uc11c \uc12c\uc720\uc758 \uba74\ub3c4\ub85d \uc720\ud615\uc758 \uc138\ud0c1\uc138\uc81c \ud798\uc758 \uc6d0\uc778\uc774\ub429\ub2c8\ub2e4 \uc218\uac74 \ube60\ub978 \uac74\uc870,\ud558\ub4dc \ud56d\ubaa9,\ubd84\uc1c4\ub41c\ub2e4.<\/p>\n<p>\u2013\uacbd\uc6b0\uc5d0\ub3c4 \uacbd\uc6b0\uc5d0\ub294 \uc138\ud0c1\uae30 \ub610\ub294 \uac74\uc870\uae30\ub97c \uc0ac\uc6a9\ud558\ub294 \uc870\uc815 \uc138\ud0c1\uae30 \ud504\ub85c\uadf8\ub7a8\uc740 \uc77c\uce58\ud558\uc9c0 \uc54a\ub294,\ub9c8\uac1c \uc4f8 \uba74 \ud138\uc2e4\uc785\ub2c8\ub2e4. \uadf8\ub798\uc11c \uae30\uc5b5\ud558,\uc77d\uae30 \uc9c0\uce68\uc744 \uc53b\uc5b4 \uc218\uac74 \ubc0f \uc120\ud0dd \ubaa8\ub4dc \ub4dc\ub77c\uc774 \ub9de\uc2b5\ub2c8\ub2e4. \ub610\ud55c,\ud558\uc9c0 \uc54a\uc544\uc57c\ud560 \uac74\uc870\uac74 \ubc14\ub85c \ud0dc\uc591 \uc544\ub798\ud560 \uac83\uc774\uae30 \ub54c\ubb38\uc5d0 \ud558\ub294 \uc218\uac74\uc774 \uac74 \uc5b4\uc148\ube14\ub9ac.<\/p>\n<p>Ngo\u00e0i vi\u1ec7c s\u1eed d\u1ee5ng \u0111\u00fang c\u00e1ch th\u00ec vi\u1ec7c l\u1ef1a ch\u1ecdn \u0111\u01a1n v\u1ecb cung c\u1ea5p kh\u0103n t\u1eafm kh\u00e1ch s\u1ea1n m\u00e0u \u0111en c\u0169ng l\u00e0 \u0111i\u1ec1u v\u00f4 c\u00f9ng quan tr\u1ecdng. B\u1ea1n h\u00e3y \u0111\u1ebfn v\u1edbi <a href=\"https:\/\/khantamgiare.com\/ko\/\">\uc800\ub834\ud55c \ud0c0\uc6d4<\/a> &#8211; \u0111\u01a1n v\u1ecb cung c\u1ea5p kh\u0103n t\u1eafm cao c\u00e2\u0301p h\u00e0ng \u0111\u1ea7u hi\u1ec7n nay \u0111\u1ec3 ch\u1ecdn l\u1ef1a s\u1ea3n ph\u1ea9m ch\u1ea5t l\u01b0\u1ee3ng, m\u00e0u s\u1eafc \u0111a d\u1ea1ng, gi\u00e1 th\u00e0nh c\u1ea1nh tranh v\u00e0 d\u1ecbch v\u1ee5 t\u1ed1t nh\u1ea5t b\u1ea1n nh\u00e9.<\/p>\n<p>\ub354 \uc77d\uae30:<\/p>\n<ul>\n<li><a href=\"https:\/\/khantamgiare.com\/ko\/san-pham\/khan-tam-mau-xam-cotton\/\">\ud638\ud154 \ubaa9\uc695 \uc218\uac74\uc0c9<\/a><\/li>\n<li><a href=\"https:\/\/khantamgiare.com\/ko\/ly-do-khan-tam-mau-nau-su-dung-pho-bien\/khan-tam-mau-nau-socola\/\">\uc218\uac74\ud0d5 \ud638\ud154 \uc0c9 \uac08\uc0c9<\/a><\/li>\n<\/ul>","protected":false},"excerpt":{"rendered":"<p><strong>\ud06c\uae30:<\/strong><\/p>\n<p>\u2013\uac74:34x70cm(100g)\u201334x80cm(100g).<\/p>\n<p>\ubaa9\uc695 \uc218\uac74:70x140cm \ub294(500g).<\/p>\n<p><strong>\uc7ac\ub8cc<\/strong>:\uba74 100%<\/p>\n<p><strong>\uc0c9\uc0c1<\/strong>:Black<\/p>\n<p><strong>\ube0c\ub79c\ub4dc<\/strong>:\uc218\uac74\uc5d0 \uc2f8<\/p>\n<p><strong>\uc9c0\uc6d0 \uc790\uc218 \ub85c\uace0\ub97c \uc218 \uc788\uc2b5\ub2c8\ub2e4.<\/strong><\/p>\n<p><strong>\uac01\uc778 \ub85c\uace0 SLL.<\/strong><\/p>\n<p><strong>\uae4c\uc9c0 \uc9c0\uc6d0\ud558\ub294 \uc591\uc2dd\uc744 \uace0\uac1d\uc744 \uc704\ud574 \ubbf8\ub9ac\ubcf4\uae30 \uae30\ub2a5\uc744 \uc81c\uacf5\ud569\ub2c8\ub2e4.<\/strong><\/p>","protected":false},"featured_media":5707,"comment_status":"closed","ping_status":"closed","template":"","meta":[],"product_cat":[57,268],"product_tag":[],"class_list":{"0":"post-4239","1":"product","2":"type-product","3":"status-publish","4":"has-post-thumbnail","6":"product_cat-khan-khach-san","7":"product_cat-khan-tam-2","8":"pa_chat-lieu-cotton","9":"pa_kich-thuoc-70cm-x-140cm","10":"pa_mau-sac-den","13":"instock","14":"product-type-simple"},"acf":[],"_links":{"self":[{"href":"https:\/\/khantamgiare.com\/ko\/wp-json\/wp\/v2\/product\/4239","targetHints":{"allow":["GET"]}}],"collection":[{"href":"https:\/\/khantamgiare.com\/ko\/wp-json\/wp\/v2\/product"}],"about":[{"href":"https:\/\/khantamgiare.com\/ko\/wp-json\/wp\/v2\/types\/product"}],"replies":[{"embeddable":true,"href":"https:\/\/khantamgiare.com\/ko\/wp-json\/wp\/v2\/comments?post=4239"}],"wp:featuredmedia":[{"embeddable":true,"href":"https:\/\/khantamgiare.com\/ko\/wp-json\/wp\/v2\/media\/5707"}],"wp:attachment":[{"href":"https:\/\/khantamgiare.com\/ko\/wp-json\/wp\/v2\/media?parent=4239"}],"wp:term":[{"taxonomy":"product_cat","embeddable":true,"href":"https:\/\/khantamgiare.com\/ko\/wp-json\/wp\/v2\/product_cat?post=4239"},{"taxonomy":"product_tag","embeddable":true,"href":"https:\/\/khantamgiare.com\/ko\/wp-json\/wp\/v2\/product_tag?post=4239"}],"curies":[{"name":"wp","href":"https:\/\/api.w.org\/{rel}","templated":true}]}}