{"id":4258,"date":"2023-06-29T08:11:30","date_gmt":"2023-06-29T08:11:30","guid":{"rendered":"http:\/\/khantam.h193.dpsmedia.vn\/san-pham\/dong-phuc-spa-mau-xam\/"},"modified":"2023-07-23T17:43:36","modified_gmt":"2023-07-23T17:43:36","slug":"dong-phuc-spa-mau-xam","status":"publish","type":"product","link":"https:\/\/khantamgiare.com\/ko\/dong-phuc-spa-mau-xam\/","title":{"rendered":"\uc2a4\ud30c \uc720\ub2c8\ud3fc,\ud68c\uc0c9"},"content":{"rendered":"<p>\uc9c0\uae08\uc744 \ucc3e\uc744 \ud544\uc694\uac00 \uc704\uce58 <strong>\uc2a4\ud30c \uc720\ub2c8\ud3fc,\ud68c\uc0c9<\/strong> \ud558\ub294 \uc0ac\ub840\uac00 \uc99d\uac00\ud558\uace0 \uc788\uc2b5\ub2c8\ub2e4. \ub294 \uc774\uc720\uc774\uae30 \ub54c\ubb38\uc5d0,\ud15c\ud50c\ub9bf,\uc720\ub2c8\ud3fc,\uc774\ub294 \ub9e4\uc6b0 \uae30\ubcf8 \uc2a4\ud30c \uc88b\uc544\ud569\ub2c8\ub2e4. \ubfd0\ub9cc \uc544\ub2c8\ub77c,\uc2ec\ubbf8\uc801 \ud68c\ubcf5 \uc735\ud569\uc758 \ub9ce\uc740 \ucc28\uc774\uc5d0 \ube44\ud574 \uc720\ub2c8\ud3fc\uc774 \uc77c\ubc18\uc801\uc774\ub2e4.<\/p>\n<p>\uc624\ub298\uc758 \ubb38\uc11c,\uce74\ud14c\uace0\ub9ac\ub97c \uacf5\uac1c\ub97c \ub2f9\uc2e0\uc5d0\uac8c \uc6b0\ub9ac\uc758 \uacf5\uc7a5,\uc720\ub2c8\ud3fc,\ub3c4\ub9e4 \uac00\uaca9\uc774 \ub9e4\ub825\uc801\uc774\ub2e4. \ud76c\ub9dd\uc744 \uac00\uc9c0\uace0 \ub9ce\uc740 \uc720\uc6a9\ud55c \uc815\ubcf4\ub97c \uc81c\uacf5\ud569\ub2c8\ub2e4.<\/p>\n<h2><strong>\uac00 \uc788\uc5b4\uc57c \uade0\uc77c\ud55c \ud68c\uc0c9 SLL \ub610\ub294\uc9c0?<\/strong><\/h2>\n<p>\uc0d8\ud50c \uc2a4\ud30c \uc720\ub2c8\ud3fc\uc740 \ud68c\uc0c9\uc758 \uc2a4\ud30c \uc2dc\uc124\uc774 \uc21c\uc11c\uc785\ub2c8\ub2e4. \ud3c9\uade0\uc801\uc73c\ub85c,\uac01\uac01\uc758 \uc2a4\ud30c \uc2dc\uc124\uc744 \ud544\uc694\ub85c\ud558\ub294 \uc218\ub9cc\uc758 \uc218\ubc31\uc744 \uc218\uc758 \uc720\ub2c8\ud3fc\uc774\ub2e4. \ub530\ub77c\uc11c,\uc8fc\ubb38\ud560 \uacbd\uc6b0,\uc720\ub2c8\ud3fc,\uc2a4\ud30c,\uadf8\ub798\uc11c \uad6c\ub9e4 SLL. \uc744 \uad6c\uc785\ud560 \ub54c \ubd80\ub2f4 \uc5c6\uc774 \uc218\uc788\ub294 \uae30\ud68c\ub97c \uac16\uac8c \ub9ce\uc740 \uc2e4\uc6a9\uc801\uc778 \ud61c\ud0dd\uc785\ub2c8\ub2e4.<\/p>\n<h3><strong>\ud2b9\ud61c \uac00\uaca9<\/strong><\/h3>\n<p>\uace0\uac1d\uc774 \uc8fc\ubb38\ud560 \uacbd\uc6b0 \uc720\ub2c8\ud3fc\uc5d0\uc11c \uc6cc\ud06c\uc20d\uc744 \uc81c\uacf5,\ud56d\uc0c1\uc744 \uc990\uae38 \uc218\uc788\ub294 \uae30\ud68c\uac00 \uacbd\uc7c1\ub825\uc788\ub294 \uac00\uaca9\ub8ec\ub2e4. \uc8fc\ubb38\ub7c9\uc5d0 \ub354 \ud070 \ud560\uc778\uc774 \ub354 \ub9e4\ub825\uc801\uc785\ub2c8\ub2e4. \uac01 \ub2e8\uc704\uc774 \ubcc4\ub3c4\ub85c \uacac\uc801\uc9c0\ub9cc,\uc77c\ubc18\uc801\uc73c\ub85c,\ub54c\ub85c \uc8fc\ubb38 SLL,\uadf8 \ub2e4\uc74c \uac00\uaca9\uc774 \ub354 \uc6b0\uc120 \uad6c\uc785\ud558\ub294 \uac83\ubcf4\ub2e4 \uc18c\ub9e4\ub9bd\ub2c8\ub2e4.<\/p>\n<p><img decoding=\"async\" class=\"aligncenter\" src=\"http:\/\/khantamgiare.com\/wp-content\/uploads\/2023\/06\/dong-phuc-spa.khannamphong4.jpg\" alt=\"\" title=\"\"><\/p>\n<p>\ud560\uc778\ub41c \uac00\uaca9\uc73c\ub85c \uad6c\ub9e4\ud560 \uc218 \uc788\ub294 \uae30\ud68c\ub97c \uad6c\uc785\ud558\ub294 \uc81c\ud488\uc73c\ub85c \uc6d0\uaca9\uc5d0\uc11c \uad8c\uc7a5\ud569\ub2c8\ub2e4. \uc73c\ub85c \uc2a4\ud30c \uc2dc\uc124,\uc774\uac83\uc740 \ub9e4\uc6b0 \uc720\uc6a9\ud55c \uac83\uc744 \uc800\uc7a5\ud558\uc5ec \uc0c1\ub2f9\ud55c \uc7ac\uc815\uc801\uc778 \ub9ac\uc18c\uc2a4\uc785\ub2c8\ub2e4. \ud544\uc694\ub97c \ud1b5\ud574 \uc804\ub2ec\ud558\ub294 \uc911\uac04 \uc720\ub2db,\ub2f9\uc2e0\uc740 \uc2dc\uac04\uc744 \ubcf4\ub0bc \ud544\uc694\uac00\ub97c \uac80\uc0c9 \ubc0f \uc120\ud0dd\ud558\ub294 \uc6b0\ub9ac\uc758 \uacf5\uc7a5 \ud488\uc9c8\uc785\ub2c8\ub2e4. \ud55c\ubc88 \uc788\ub294 \uae30\ud68c\ub97c \uade0\uc77c\ud558\uac8c \uc6d0\ub798 \uac00\uaca9\uc774 \ub9e4\uc6b0 \ub192\uc2b5\ub2c8\ub2e4.<\/p>\n<h3><strong>\uc790\uc218\ub97c \ub3cb\uc744\uc0c8\uae40\ub41c \ub85c\uace0\u00a0<\/strong><\/h3>\n<p>\ub9ce\uc740 \ud070 \uc0c1\ud45c \uc81c\uc870 \ubd84\uc57c\uc5d0\uc11c,\uc720\ub2c8\ud3fc,\uc2a4\ud30c,\uadf8\ub808\uc774,\uc815\ucc45\uc5d0 \ubb34\ub8cc \uc790\uc218\ub97c \ub3cb\uc744\uc0c8\uae40\ub41c \ub85c\uace0\ub294 \uc81c\ud488\uc785\ub2c8\ub2e4. \uc608\ub97c \ub4e4\uc5b4,\ub0a8\uc131 \uc2a4\ud0c0\uc77c\uc744 \ub54c,\uace0\uac1d\uc758 \uc8fc\ubb38,\uc720\ub2c8\ud3fc,SLL,\ub0a8\uc131 \uc2a4\ud0c0\uc77c\uc758,\uc815\ucc45\uc5d0 \ub300\ud55c \ubb34\ub8cc \uc790\uc218 \uc2a4\ud0ec\ud504 \uc804\uccb4 \uc81c\ud488\uc785\ub2c8\ub2e4.<\/p>\n<p>\uade0\uc77c\ud55c \uc218\ub97c \ub193\uc740 \ub3cb\uc744\uc0c8\uae40\ub41c \ub85c\uace0\ub97c \uac83\uc785\uc758 \ub192\uc740 \ubbf8\ud559\uc801 \ubc0f \ube0c\ub79c\ub4dc \uc815\uccb4\uc131\uc785\ub2c8\ub2e4. \ud63c\ub3d9\uc744 \ud53c\ud558\uae30\ub85c \uc2a4\ud30c \uc2dc\uc124\ub2c8\ub2e4.<\/p>\n<h3><strong>\ubb34\ub8cc \uc81c\uacf5<\/strong><\/h3>\n<p>\ub294 \uc774\uc810 \uc911 \ud558\ub098\ub294 \uace0\uac1d\uc774 \ubc1b\uc744 \uc218 \uc788 \uc8fc\ubb38\ud560 \uacbd\uc6b0,\uc720\ub2c8\ud3fc,\uc2a4\ud30c,SLL,\uadf8\uac83\uc740 \ubb34\ub8cc\ub85c \ubc30\ub2ec\ud569\ub2c8\ub2e4. \uc81c\ud488\uc774 \uc644\ub8cc\ub41c \ud6c4,\uc870\uc2ec\uc2a4\ub7fd\uac8c \ud3ec\uc7a5,\ubc1c\uc1a1\ud558\ub294 \uace0\uac1d\uc758 \uc8fc\uc18c. \uc744 \ubc1b\uc744 \uacbd\uc6b0,\ub2f9\uc2e0\uc774 \uc62c\ubc14\ub978 \ubb3c\ud488 \uac80\uc0ac\ud558\uae30 \uc804\uc5d0 \uc9c0\ubd88\ud569\ub2c8\ub2e4.<\/p>\n<p>\uc81c\ud488\uc774 \uacb0\ud568\uc774 \uc788\ub294 \uacbd\uc6b0 \uc81c\uc870\uc5c5\uccb4\uc5d0 \uc758\ud574,\uc800\ud76c\uc5d0\uac8c \uc989\uac01 \uc5f0\ub77d\ud558\uc2ed\uc2dc\uc624 \ub2e8\uc704 \uc0dd\uc0b0\ud558\ub294 \uac83\uc744 \uc9c0\uc6d0\ud558\uace0 \uc2e0\uc18d\ud558\uac8c \ud574\uacb0\ud569\ub2c8\ub2e4.<\/p>\n<h2><strong>Phong Nam\u2013\uacf5\uc7a5,\uc720\ub2c8\ud3fc\uc5d0\ub294 \uc2a4\ud30c no. 1 \uc624\ub298\u00a0<\/strong><\/h2>\n<p>\uace0\uac1d\uc744\ud558\uace0\uc790\ud558\ub294 \ucc45 \ubd09 \uc81c \uae30\uacc4,\uc720\ub2c8\ud3fc,\uc2a4\ud30c\ub97c \ucc38\uc870\ud558\uc2ed\uc2dc\uc624 \ube0c\ub79c\ub4dc\uc758 \ub0a8\ucabd \uc2a4\ud0c0\uc77c\uc2dc\uae30 \ubc14\ub78d\ub2c8\ub2e4. \uc774\uac83\uc740 \ucd5c\uace0\uc758 \uc804\ubb38 \ube0c\ub79c\ub4dc\uc758 \uc0dd\uc0b0 \ubc0f \uc720\ud1b5\uc758 \uade0\uc77c\ud55c \ud488\uc9c8\uc785\ub2c8\ub2e4.<\/p>\n<p>\uc624\ub298\ub0a0\uc5d0\ub294 \ub0a8 Phong,\ud15c\ud50c\ub9bf\uc5d0\uc11c \uc0ac\uc6a9 \uac00\ub2a5\ud55c,\uc720\ub2c8\ud3fc,\uc2a4\ud30c,\ud68c\uc0c9\uc5d0 \ub300\ud55c \uace0\uac1d\uc774 \uc27d\uac8c \ucc38\uc870. \ub610\ud55c,\uac70\uae30\uc5d0 \ub9ce\uc740 \ubaa8\ub378,\uc720\ub2c8\ud3fc,\ub2e4\ub978,\ub2f9\uc2e0\uc744 \uae30\ub2e4\ub9ac\uace0 \uc788\uc744 \ubc1c\uacac\ud558\uace0 \uacbd\ud5d8\uc774\ub2e4. \ub2e4\ub144\uac04\uc758 \uacbd\ud5d8\uc73c\ub85c,\uc9c0\uae08\uae4c\uc9c0 \ub0a8\uc790\uac00 \ub418\ub294 \uac83\uc5d0 \uc775\uc219\ud55c \uc774\ub984\uc774 \uace0\uac1d\uc758 \uc218\ubc31\ub9cc\uc744 \uc0ac\ub791\ud569\ub2c8\ub2e4.<\/p>\n<p><img loading=\"lazy\" decoding=\"async\" class=\"aligncenter\" src=\"https:\/\/khannamphong.vn\/wp-content\/uploads\/2019\/08\/5f14b9dd2b9accc4958b.jpg\" width=\"703\" height=\"1066\" alt=\"\" title=\"\"><\/p>\n<p>\ub0a8 Phong,\uace0\uac1d\uc774 \uc5bb\ub294 \ud61c\ud0dd\uc744 \ub9ce\uc774 \uc2e4\uc6a9\uc801\uc774\ub2e4. \ubaa8\ub4e0\uae30 \uc704\ud574,\uc6b0\ub9ac\ub294 \ud56d\uc0c1 \ub3cc\ubcf4 \uc815\ucc45 \uc0ac\ub824 \uae4a\uc740 \uc9c1\uc5c5\uc801\uc785\ub2c8\ub2e4.<\/p>\n<h2><strong>\ucc38\uace0\ud560 \ub54c \ubc30\uce58\ud558\ub294 \uc758\ubcf5,\uc720\ub2c8\ud3fc,\uc2a4\ud30c,\uadf8\ub808\uc774\uc5d0 Phong Nam\u00a0<\/strong><\/h2>\n<h3><strong>\uc2dd\ubcc4\uc694<\/strong><\/h3>\n<p>\uace0\uac1d \uc9c0\uc815\ud558\uae30 \uc704\ud574 \uc218\uc694\uac00 \ub9ce\ub2e4. \uc5d0 \uc758\ud574 \uade0\uc77c\ud55c \ud68c\uc0c9 \uc788\ub294 \ub9ce\uc740 \ub2e4\uc591\ud55c \ub514\uc790\uc778\uacfc \ud48d\ubd80\ud558\ub2e4. \uac01 \uac1c\uccb4 \ud15c\ud50c\ub9bf\uc740 \ub514\uc790\uc778 \ucc28\uc774\uac00 \uc788\uc744 \uac83\uc785\ub2c8\ub2e4. \uc608\ub97c \ub4e4\uc5b4,\uac1d\uccb4 \ub9e4\ub2c8\uc800,\uc2a4\ud30c \uc720\ub2c8\ud3fc \uac83\ubcf4\ub2e4 \ub354 \ub9ce\uc740 \ud3ec\uc778\ud2b8\ubcf5\uc744 \uc704\ud574 \ub9c8\uc0ac\uc9c0\uc785\ub2c8\ub2e4.<\/p>\n<p>\uc2a4\ud30c \uc2dc\uc124\uc744 \ub54c \uc811\ucd09 \ub0a8\ubd80 \uc2a4\ud0c0\uc77c\uc758\ud558\uc2ed\uc2dc\uc624\ub97c \uc81c\uacf5\ud558\uae30 \uc704\ud574 \uc694\uccad\uc744 \ud569\ub2c8\ub2e4. \ub2f9\uc2e0\uc774 \ud544\uc694\ud558\uc2ed\ub2c8\uae4c? \ub9ce\uc740 \uacbd\uc6b0 \ubb38\uc758\ub294 \uc774 \ubb38\uc81c\uc5d0 \ub300\ud574 \uac71\uc815\ud558\uc9c0 \ub9c8\uc2ed\uc2dc\uc624 \uc800\ud76c\uc5d0\uac8c \uc5f0\ub77d\uc744 Nam Phong \uc9c0\uc6d0\ud560 \uc218 \uc788\uc2b5\ub2c8\ub2e4.<\/p>\n<h3><strong>\uc7ac\ub8cc \uc120\ud0dd\u00a0<\/strong><\/h3>\n<p>\ub0a8\uc131 \uc2a4\ud0c0\uc77c\ub85c \ub9ce\uc740 \uc790\ub8cc\ub97c \uc0dd\uc0b0\ud558\ub294 \uc720\ub2c8\ud3fc,\uc2a4\ud30c \ub4f1\uc774 \uc788\uc2b5\ub2c8\ub2e4. \uace0\uac1d\uc774 \uc120\ud0dd\ud560 \uc218 \uc788\ub294 \ubb3c\uc790 \uc6d0\ud558\ub294 \ub300\ub85c. \uadf8\ub7f0 \ub2e4\uc74c \ub0a8\uc790\uc640 \ub9c8\ucc2c\uac00\uc9c0\ub85c \uc791\uc5c5\uc774 \uc218\ud589\ub429\ub2c8\ub2e4 \ud544\uc694\ud569\ub2c8\ub2e4.<\/p>\n<p><img decoding=\"async\" class=\"aligncenter\" src=\"http:\/\/khantamgiare.com\/wp-content\/uploads\/2023\/06\/dong-phuc-spa.khannamphong6-1.jpg\" alt=\"\" title=\"\"><\/p>\n<p>\uc778\uae30 \uc788\ub294 \uc7ac\ub8cc\uc774\uc9c0\ub9cc,\ubc29\ubb38\ud574\uc57c\ud558\ub294 \ubaa8\uc790\uc774\ud06c \ucc38\uc870 \uc790\ub8cc \uba74 \ucda5\ub2e4. \uc774 \uc7ac\ub8cc\ub294 \ubd80\ub4dc\ub7ec\uc6b4 \uba4b,\uc790\uc5f0,\ud761\uc218 \uc131\ub2a5,\uc548\uc804 \uc778\uac04\uc758 \ud53c\ubd80\uc785\ub2c8\ub2e4.<\/p>\n<h3><strong>\ubc30\uc6b0 \ub514\uc790\uc778 \uc2a4\ud0c0\uc77c\ub9c1<\/strong><\/h3>\n<p>\uace0\uac1d\uc774 \uc8fc\ubb38\ud560 \uc218 \uc788\uc2b5\ub2c8\ub2e4 \uc2a4\ud30c\uc5d0\uc11c \uc720\ub2c8\ud3fc\uc774 \ud68c\uc0c9 \ub2e4\uc74c\uacfc \uac19\uc740 \ud615\uc2dd\uc73c\ub85c \uc81c\uacf5\ud569\ub2c8\ub2e4.\ucf54\ud2b8 \ud328\ud134\u2013\ud480 \ubc14\uc9c0,\ucf54\ud2b8 \ud328\ud134\u2013\uc2a4\ucee4\ud2b8\uc758 \uc870\ud569 \ub4dc\ub808\uc2a4 \ud328\ud134,\uad00\ub828\ub41c \ubab8\uc785\ub2c8\ub2e4. \uac01 \uc2a4\ud0c0\uc77c\uc774 \ub2e4\ub978 \uc7a5\uc810\uacfc\uc5d0 \ub530\ub77c \uac01 \uac1c\uccb4\uc785\ub2c8\ub2e4.<\/p>\n<p>\ubaa8\ub4e0 \uc81c\ud488\uc5d0 \uad00\ud55c \uc9c8\ubb38,\uc5f0\ub77d \uc8fc\uc2dc\uae30 \ubc14\ub78d\ub77c\uc758 \ub0a8\uc131 \uc2a4\ud0c0\uc77c\uc785\ub2c8\ub2e4. \uc6b0\ub9ac\ub294 \ud300\uc758 \uc0c1\ub2f4\uc790,\uc5f4\uc815,considerate,\uc744 \ud560 \uc900\ube44\uac00 \ud56d\uc0c1 \uadc0\ud558\uc758 \uc9c8\ubb38\uc5d0 \ub300\ub2f5\ud569\ub2c8\ub2e4.<\/p>\n<p>\uc640 \ud568\uaed8\ud558\ub294 \uc695\ub9dd\uc744 \uc81c\uacf5\ud558\ub294 \uc81c\ud488 \uc6b0\ub9ac\uc758 \uace0\uac1d\uc744 \uc9c4\uc2e4 \uac00\uce58\ub294 \uc9c4\ub9ac,\ub0a8\uc790\ub294 \ub04a\uc784\uc5c6\uc774 \ub178\ub825\ud558\uace0 \uc788\uc2b5\ub2c8\ub2e4 \uac1c\uc120\ud558\uace0\uc758 \ud488\uc9c8\uc744 \ud5a5\uc0c1\uc2dc\ud0a4\ub294 \uc11c\ube44\uc2a4\uc785\ub2c8\ub2e4. \ub418\uae30\ub97c \ud76c\ub9dd\uc744 \ud658\uc601\ud558\uba70 \uace0\uac1d\uc5d0\uac8c \uc11c\ube44\uc2a4\ub97c \uc81c\uacf5\ud558\uace0 \uc2dc\uac04\uc5d0 \uc62c \uc218 \uc788\uc2b5\ub2c8\ub2e4. \uac10\uc0ac\ub97c \uc77d\uc5b4 \ubcf4\ub294 \uc2dc\uac04\uc744 \ucd94\uc801\ud558\ub294 \uae30\uc0ac\uc785\ub2c8\ub2e4.<\/p>","protected":false},"excerpt":{"rendered":"<p>Hi\u1ec7n nay nhu c\u1ea7u t\u00ecm \u0111\u1eb7t \u0111\u1ed3ng ph\u1ee5c spa m\u00e0u x\u00e1m \u0111ang ng\u00e0y m\u1ed9t t\u0103ng cao. L\u00fd do b\u1edfi, m\u1eabu \u0111\u1ed3ng ph\u1ee5c n\u00e0y \u0111\u01b0\u1ee3c r\u1ea5t nhi\u1ec1u c\u00e1c c\u01a1 s\u1edf spa y\u00eau th\u00edch. Kh\u00f4ng ch\u1ec9 c\u00f3 t\u00ednh th\u1ea9m m\u1ef9 cao, \u0111\u1ed3ng ph\u1ee5c m\u00e0u x\u00e1m h\u1ed9i t\u1ee5 nhi\u1ec1u \u0111i\u1ec3m kh\u00e1c bi\u1ec7t so v\u1edbi c\u00e1c m\u1eabu \u0111\u1ed3ng ph\u1ee5c &hellip; <a href=\"https:\/\/khantamgiare.com\/ko\/dong-phuc-spa-mau-xam\/\" class=\"more-link\">Continue reading <span class=\"screen-reader-text\">\uc2a4\ud30c \uc720\ub2c8\ud3fc,\ud68c\uc0c9<\/span><\/a><\/p>","protected":false},"featured_media":5790,"comment_status":"closed","ping_status":"open","template":"","meta":[],"product_cat":[61,62,73],"product_tag":[],"class_list":{"0":"post-4258","1":"product","2":"type-product","3":"status-publish","4":"has-post-thumbnail","6":"product_cat-dong-phuc-spa","7":"product_cat-ky-thuat-vien","8":"product_cat-le-tan","9":"pa_chat-lieu-cotton","10":"pa_chat-lieu-cotton-japan","11":"pa_mau-sac-xam","14":"instock","15":"product-type-simple"},"acf":[],"_links":{"self":[{"href":"https:\/\/khantamgiare.com\/ko\/wp-json\/wp\/v2\/product\/4258","targetHints":{"allow":["GET"]}}],"collection":[{"href":"https:\/\/khantamgiare.com\/ko\/wp-json\/wp\/v2\/product"}],"about":[{"href":"https:\/\/khantamgiare.com\/ko\/wp-json\/wp\/v2\/types\/product"}],"replies":[{"embeddable":true,"href":"https:\/\/khantamgiare.com\/ko\/wp-json\/wp\/v2\/comments?post=4258"}],"wp:featuredmedia":[{"embeddable":true,"href":"https:\/\/khantamgiare.com\/ko\/wp-json\/wp\/v2\/media\/5790"}],"wp:attachment":[{"href":"https:\/\/khantamgiare.com\/ko\/wp-json\/wp\/v2\/media?parent=4258"}],"wp:term":[{"taxonomy":"product_cat","embeddable":true,"href":"https:\/\/khantamgiare.com\/ko\/wp-json\/wp\/v2\/product_cat?post=4258"},{"taxonomy":"product_tag","embeddable":true,"href":"https:\/\/khantamgiare.com\/ko\/wp-json\/wp\/v2\/product_tag?post=4258"}],"curies":[{"name":"wp","href":"https:\/\/api.w.org\/{rel}","templated":true}]}}