{"id":4284,"date":"2023-06-29T08:13:31","date_gmt":"2023-06-29T08:13:31","guid":{"rendered":"http:\/\/khantam.h193.dpsmedia.vn\/san-pham\/dong-phuc-spa-mau-hong\/"},"modified":"2023-07-23T17:43:38","modified_gmt":"2023-07-23T17:43:38","slug":"dong-phuc-spa-mau-hong","status":"publish","type":"product","link":"https:\/\/khantamgiare.com\/ko\/dong-phuc-spa-mau-hong\/","title":{"rendered":"\uc2a4\ud30c \uc720\ub2c8\ud3fc \ud551\ud06c\uc0c9"},"content":{"rendered":"<p>\ucd5c 3 \ud15c\ud50c\ub9bf <strong>\uc2a4\ud30c \uc720\ub2c8\ud3fc \ud551\ud06c\uc0c9<\/strong> \uac00\uc7a5 \uc778\uae30\uc788\ub294 2021 \ub144\uc5d0\uc11c \uc18c\uac1c\ud569\ub2c8\ub2e4 \ub2e4\uc74c\uacfc \uac19\uc740 \ubb38\uc11c\uc785\ub2c8\ub2e4. \uc774\uac83\uc740 \ud15c\ud50c\ub9bf\uc5d0\ub294 \uc218\ubc31\ub9cc\uc758 \uace0\uac1d\uc740 \uc0ac\ub791\uc5d0 \uc758\ud574 \uc0c9\uae54\uacfc \ud604\ub300\uc801\uc778 \uc2a4\ud0c0\uc77c,\uc12c\uc138\ud55c \ub514\uc790\uc778\uc785\ub2c8\ub2e4. \uc790\uc5d0 \ub300\ud55c \uc790\uc138\ud55c \ub0b4\uc6a9\uc744 \ubcf4\ub824\uba74 \uc2dc\uac04\uc758 \uc720\ub2c8\ud3fc\uc5d0\uc11c \uc774 \ubb38\uc11c\uc5d0\uc11c \uc5ec\uae30\uc785\ub2c8\ub2e4.<\/p>\n<h2><strong>\ucd5c\uace0 3 \uac1c\uc758 \ubaa8\ud615,\uc720\ub2c8\ud3fc,\uc2a4\ud30c \ud551\ud06c\uc9c8<\/strong><\/h2>\n<h3><strong>\uc0d8\ud50c \uc2a4\ud30c \uc720\ub2c8\ud3fc,\ud551\ud06c V-neck\u00a0<\/strong><\/h3>\n<p>\ud15c\ud50c\ub9bf,\uc720\ub2c8\ud3fc,V-\uc774 \uac00\uc7a5 \ub9ce\uc774 \uc0ac\uc6a9\ub418\ub294 \uc624\ub298\uc785\ub2c8\ub2e4. \uc81c\ud488\uc758 \ud2b9\uc9d5\uc740 \ubd80\ubd84\uc774 \uc124\uacc4\ub418\uc5c8 V \ubaa8\uc591\uc758 \ud2b9\uc131\uc774 \uc788\uc2b5\ub2c8\ub2e4. \uc885\uc885 \ubaa8\ud615,\uade0\uc77c\ud55c,\uc774\uac83\uc740 \uc0ac\uc6a9\uc5d0 \ub300\ud55c \ub354 \ub9ce\uc740 \uac1c\uccb4\ub294 \uc9c1\uc6d0\uc758 \ub192\uc774 \ub610\ub294 \ubd80\ud488\uc740 \uae30\uc220\uc790\uc785\ub2c8\ub2e4.<\/p>\n<p><img loading=\"lazy\" decoding=\"async\" class=\"aligncenter\" src=\"http:\/\/khantamgiare.com\/wp-content\/uploads\/2023\/06\/1cae50e3f0a017fe4eb1.jpg\" width=\"637\" height=\"464\" alt=\"\" title=\"\"><\/p>\n<h3><strong>\uc0d8\ud50c \uc2a4\ud30c \uc720\ub2c8\ud3fc \ud551\ud06c\uc0c9 \ubc84\ud2bc \ucee4\u00a0<\/strong><\/h3>\n<p>\uc0d8\ud50c \uc2a4\ud30c \uc720\ub2c8\ud3fc\uc744 \uc124\uce58\ud558 \ubc84\ud2bc\uc740 \uc544\uc8fc \uc775\uc219\ud55c \ud604\ub300 \uc0dd\ud65c\uc5d0\uc11c. \uc73c\ub85c \uc2a4\ud30c \uc2dc\uc124,\uc695\ub9dd\uc744 \uac80\uc0c9\ud558 \ubaa8\ub378,\uc720\ub2c8\ud3fc,\ube48\ud2f0\uc9c0 \uc804\ud1b5\uc801\uc778 \ud328\ud134,\uc720\ub2c8\ud3fc,\ub2e8\ucd94\uc785\ub2c8\ub2e4 \uac00\uc7a5 \ub17c\ub9ac\uc801\uc778 \uc120\ud0dd\uc785\ub2c8\ub2e4.<\/p>\n<p>\uadf8 \uc774\ub984,\ud15c\ud50c\ub9bf,\uc720\ub2c8\ud3fc,\uc774 \uc2dc\uc2a4\ud15c\uc740 \uc124\uce58 \uce21\uba74\uc5d0 \uc788\ub294 \ubc84\ud2bc\uc744 \ub4dc\ub808\uc2a4\uc758 \ub5a0\ub0ac\ub2e4. \ubaa9\ud45c\uac00 \ud0d1\uc7ac \ub450 \uac1c\uc758 \ub4dc\ub808\uc2a4 \uc67c\ucabd\uc5d0\uc11c \uc624\ub978\ucabd \ud568\uaed8,\uace0\uc815 \ubc0f \ud615\ud0dc\ub85c \ud615\uc131 \uc758\ub958\uc785\ub2c8\ub2e4. \uc774 \uc637\uc5d0 \uc801\ud569\ud55c \ub9ce\uc740 \uc5b4\ub450\uc6b4 \uac1d\uccb4 \uad00\ub9ac \uc9c1\uc6d0,\ub9ac\uc149\uc158 \uc9c1\uc6d0\uc774\ub098 \uae30\uc220\uc790\ub294 \ub9c8\uc0ac\uc9c0\ub294 \uc27d\uac8c \uc5bb\uc744 \uc218 \uc788\uc2b5\ub2c8\ub2e4.<\/p>\n<p><img loading=\"lazy\" decoding=\"async\" class=\"aligncenter\" src=\"http:\/\/khantamgiare.com\/wp-content\/uploads\/2023\/06\/DP-hong-den3.jpg\" alt=\"\uc2a4\ud30c \uc720\ub2c8\ud3fc \uba74 \ud551\ud06c-\ube14\ub799\" width=\"592\" height=\"455\" title=\"\"><\/p>\n<h3><strong>\uc0d8\ud50c \uc2a4\ud30c \uc720\ub2c8\ud3fc \ud06c\ub85c\uc2a4 \ub4dc\ub808\uc2a4\u00a0<\/strong><\/h3>\n<p>\ud3c9\uac00 \ubaa8\ud615\uc73c\ub85c,\uc720\ub2c8\ud3fc,\ud604\ub300,\ub9ce\uc740 \ucc3d\uc870\uc801\uc778 \ub514\uc790\uc778\uacfc \ub3c5\ud2b9\ud55c \ud328\ud134 \uade0\uc77c\ud55c \ud06c\ub85c\uc2a4 \ub4dc\ub808\uc2a4\ub294 \uacf3 \uc804\uccb4\uc758 \uc7ac\ubbf8 \uc788\uc2b5\ub2c8\ub2e4. \uc758 \uc870\ud569\uc740 \ub514\uc790\uc778 \uc2a4\ud0c0\uc77c,\uc804\ud1b5\uacfc \ud604\ub300\uc785\ub2c8\ub2e4. \uc81c\ud488 \uc720\uc9c0 \ud615\ud0dc\uc758 \ub514\uc790\uc778 \ubaa9 letter V. \uadf8\ub7ec\ub098,\ub300\ubd80\ubd84\uc758 \ub4dc\ub808\uc2a4\uac00 \ud5a5\uc0c1\ub418\uc5c8\uc2b5\ub2c8\ub2e4 \ub2e4\ub97c \uc218 \uc788\uc2b5\ub2c8\ub2e4.<\/p>\n<p>\ub4dc\ub808\uc2a4 \ud30c\ud2f0 \ub514\uc790\uc778\ub418\uc5b4\uc57c \uc2ed\uc790\uac00\uc785\ub2c8\ub2e4. \uc758 \uc2dc\uc810\uc5d0\uc11c \uad50\ucc28\uc810\uc740 \ub9e4\ub4ed\uc744 \uace0\uc815\ub41c \ud615\ud0dc\uc758 \ucf54\ud2b8\uc774\ub2e4. \uc774\uac83\uc740 \ub9e4\ud639\uc801\uc778 \ud558\uc774\ub77c\uc774\ud2b8\uc5d0\uc11c \uc804\ubc18\uc801\uc73c\ub85c \uc81c\ud488\ub294 \ub370 \ub3c4\uc6c0\uc774 \uc720\ub2c8\ud3fc\uc740 \ud6e8\uc52c \ub354 \ub9ce\uc740 \uace0\uae09\uc2a4\ub7ec\uc6b4\uc785\ub2c8\ub2e4.<\/p>\n<h2><strong><img loading=\"lazy\" decoding=\"async\" class=\"aligncenter\" src=\"http:\/\/khantamgiare.com\/wp-content\/uploads\/2023\/06\/14d82069c64622187b57-logo.jpg\" width=\"661\" height=\"524\" alt=\"\" title=\"\"><\/strong><\/h2>\n<h2><strong>\uae30 \uc704\ud574 \uc720\ub2c8\ud3fc,\uc2a4\ud30c \ud551\ud06c \uc9c0\uae08\uc774 \uac00\uc7a5 \uc88b\uc740?\u00a0<\/strong><\/h2>\n<p>\ub2f9\uc2e0\uc774 \uad6c\uc785\ud558\uace0\uc790\ud558\ub294 \uc720\ub2c8\ud3fc,\uc2a4\ud30c \uc720\ub2c8\ud3fc\uc774\uc9c0\ub9cc,\uc544\uc9c1\ub3c4 \ubb34\uc11c\uc6cc\ud558\uc9c0 \uc54a\uc744 \uc120\ud0dd\ud558\ub294 \ubc29\ubc95\uc744 \uc54c\uace0 \uc5b4\ub5a4 \uc8fc\uc18c\uc785\ub2c8\ub2e4. \uadf8\ub807\ub2e4\uba74,\uc2dc\uac04\uc774 \uac78\ub9b4\ud558\uc2dc\uae30 \ubc14\ub78d\uc5d0 \ub300\ud574 \ubc30\uc6b0\ub4dc \uc2a4\ud0c0\uc77c\uc740 \ubc14\ub85c \uc9c0\uae08\uc774\ub2e4.<\/p>\n<p>\uc774\ub294 \ube0c\ub79c\ub4dc\ub97c \uc120\ub3c4\ud558\ub294 \uc624\ub298 \uc81c\uacf5\ud558\uae30 \uc704\ud574 \ucd5c\uc120\uc744 \ub2e4\ud558\uace0 \uc0dd\uc0b0\uc758 \ubaa8\ub378,\uc720\ub2c8\ud3fc,\uc2a4\ud30c \ud488\uc9c8\uc785\ub2c8\ub2e4. \uc624\ub298\ub0a0\uc5d0\ub294 \ub0a8 Phong,\uc0ac\uc6a9\ud560 \uc218 \uc788\ub294 \ub9ce\uc740 \ud328\ud134 \ud551\ud06c \uc720\ub2c8\ud3fc\uc740 \uace0\uac1d \ub9cc\uc871\uc744 \ubc30\uc6b0\uace0 \uacbd\ud5d8\uc774\ub2e4.<\/p>\n<p>\ub610\ud55c,\ud15c\ud50c\ub9bf,\uc720\ub2c8\ud3fc,\uc2a4\ud30c,\ud551\ud06c,\ub0a8\uc131 \uc2a4\ud0c0\uc77c\uc788\ub294 \ub2e4\ub978 \uc720\ub2c8\ud3fc\uacfc \ub2e4\uc591\ud55c \uc7ac\uc9c8\uacfc \uc0c9\uc0c1\uc785\ub2c8\ub2e4. \uc5d0\uc11c \uc120\ud0dd Nam Phong,\uace0\uac1d\uc744 \uc5bb\uc744 \uac83\uc774 \ub9ce\uc740 \ub9e4\ub825\uc801\uc778 \ud61c\ud0dd\uc785\ub2c8\ub2e4. \uc57d\uc18d\uc744 \uac00\uc9c0\uace0 \ub9ce\uc740 \ud765\ubbf8\ub85c\uc6b4 \uacbd\ud5d8\uc774\ub2e4.<\/p>\n<h2><strong>\ud61c\ud0dd\uc5d0 \ub300\ud55c \uace0\uac1d\u00a0<\/strong><\/h2>\n<h3><strong>\ud2b9\ubcc4 \uc694\uae08<\/strong><\/h3>\n<p>\uc740 \uc6b0\ub9ac \uacf5\uc7a5\uc744 \uc120\ub3c4\ud558\ub294 \uad8c\uc704 \uc788\ub294 \ubca0\ud2b8\ub0a8\uc5d0\uc11c \uc2a4\ud0c0\uc77c\ub85c \ub9ce\uc740 \ucc28\uc774\uac00 \uc788\uc73c\ub85c \ub2e4\ub978 \ube0c\ub79c\ub4dc\ub97c \uc2dc\uc7a5\uc5d0 \uc788\uc2b5\ub2c8\ub2e4. \uae30 \uc704\ud574 \uc720\ub2c8\ud3fc\uc5d0 \ub0a8 Phong,\uace0\uac1d\uc774 \ud544\uc694\ud558\uc9c0 \uc54a\uc2b5\uc744 \ud1b5\ud574 \uc774\ub3d9\ud558\ub294 \uc911\uac04 \uc720\ub2db \uc54a\uc2b5\ub2c8\ub2e4. \ub2f9\uc2e0\uc740 \ub2f9\uc2e0\uc744 \uc990\uae38 \uc218\uc788\ub294 \uae30\ud68c\ub97c \uc6d0\ub798\uc758 \uac00\uaca9\uc774 \uc624\ub978\ucabd\uc5d0\uc11c \uacf5\uc7a5\ub3c4 \uc788\uc2b5\ub2c8\ub2e4.<\/p>\n<p>\uc6d0\uaca9\uc5d0\uc11c \uc6cc\ud06c\uc20d\uc744 \uc808\uc57d\ud558\ub294 \ub370 \ub3c4\uc6c0\uc774 \ub429\ub2c8\ub2e4 \uc0c1\ub2f9\ud55c \uc7ac\uc815\uc801\uc778 \ub9ac\uc18c\uc2a4\uc785\ub2c8\ub2e4. \ub610\ud55c\uc744 \uc904\uc774\uace0,\uc5b4\ub5a4\uc640 \uc704\ud5d8 \uac00\uce58\uac00 \uc5c6\uc2b5\ub2c8\ub2e4. \ub294 \uacbd\uc6b0\uc5d0 \uc120\ud0dd\ud55c \ub2e8\uc704 \uc2dc\uac04\uc5d0 \ubc30\uc1a1 \uc0c1\ud488\ubfd0\ub9cc \uc544\ub2c8\ub77c,\uc81c\ud488 \uac00\uaca9\uc740 \uc77c\ubc18\uc801\uc73c\ub85c \ub354 \ub192\uc740 \ub9e4\uc6b0 \ub9ce\uc2b5\ub2c8\ub2e4.<\/p>\n<h3><strong>\ud22c\uc785\ud558\ub294 \ud488\uc9c8\uc758 \uc81c\ud488\u00a0<\/strong><\/h3>\n<p>\ub0a8\uc790 \ub178\ub825\ud558\ub294 \ud488\uc9c8\uc758 \uc81c\ud488\uc5d0\uc11c \uba85\ud655\ud558\uace0 \ud22c\uba85\ud569\ub2c8\ub2e4. \ub97c \ubc30\uce58\ud560 \ub54c \uc758\ubcf5,\uc720\ub2c8\ud3fc,\uc2a4\ud30c \ud551\ud06c\uc5d0\uc11c \ub0a8 Phong,\uc6b0\ub9ac\ub294 \uc870\uc5b8\uacfc \uc54c\ub824\uc8fc \uc138\ubd80 \uc0ac\ud56d\uc5d0 \uad00\ub828\ub41c \ubaa8\ub4e0 \uc815\ubcf4\ub294 \uc81c\ud488\uc785\ub2c8\ub2e4. \ub294 \uc815\ubcf4\ub294 \ubb34\uc5c7 \uc0ac\ub78c\uc774 \uacf5\uc720\uc5d0\uc11c \uc0c1\ub2f4 \uacfc\uc815,\uc6b0\ub9ac\uac00 \ucc45\uc784\uc774 \uc788\uc2b5\ub2c8\ub2e4.<\/p>\n<p><img loading=\"lazy\" decoding=\"async\" class=\"aligncenter\" src=\"http:\/\/khantamgiare.com\/wp-content\/uploads\/2023\/06\/dp-sika-spa1.jpg\" width=\"520\" height=\"732\" alt=\"\" title=\"\"><\/p>\n<p>\ud560 \ub54c\ub294 \uc0c1\ud488\uc744 \ubc1b\uc744 \uacbd\uc6b0,\uace0\uac1d \uc8fc \uacb0\ud568\uc774 \uc788\ub294 \uc81c\ud488\uc5d0 \uc758\ud55c \uc81c\uc870\uc790\uc785\ub2c8\ub2e4. \ub610\ub294 \uc81c\ud488\uc774 \uc815\ud655\ud558\uc9c0 \uc54a\uc73c\ub85c \ubb34\uc5c7\uc774 \uc788\ub294 \ucd5c\uace0\uc758 \uacc4\uc57d,\ub0a8\uc131 \uc2a4\ud0c0\uc77c\uc5d0 \ub300\ud55c \ucc45\uc784\uc744 \uc9c8 \uac83\uacfc \uce58\ub8cc\uc5d0\uc11c \uac00\uc7a5 \uc774\ub978 \uc2dc\uac04\uc785\ub2c8\ub2e4.<\/p>\n<h3><strong>\uc9c0\uc6d0 \uc11c\ube44\uc2a4\ub294 \uc790\uc218\ub97c \ub3cb\uc744\uc0c8\uae40\ub41c \ub85c\uace0\u00a0<\/strong><\/h3>\n<p>\ub97c \ubc30\uce58\ud560 \ub54c \uc758\ubcf5,\uc720\ub2c8\ud3fc,\uc2a4\ud30c\uc5d0\uc11c \ub0a8 Phong,\uc6b0\ub9ac\uac00 \uc9c0\uc6d0\ub418\ub294 \uc790\uc218\ub97c \ub3cb\uc744\uc0c8\uae40\ub41c \ub85c\uace0 \uc788\uc2b5\ub2c8\ub2e4. \ub294 \uacbd\uc6b0 \uace0\uac1d\uc758 \uc694\uccad\uc5d0,\ub0a8\uc131 \uc2a4\ud0c0\uc77c\uc774 \ubc30\ud3ec\ud558\uae30 \uc704\ud574 \uc989\uc2dc \ubaa8\ub4e0 \ubaa8\ub378\uc758 \uc8fc\ubb38 \uc774\uc804\uc5d0 \ub9cc\ub4e4\uc5b4\uc9c4\ub2e4. \uc758 \uacbd\uc6b0\uc5d0\ub294 \ub300\ub7c9 \uc21c\uc11c,\uc6b0\ub9ac\ub294 \uc6b0\ub9ac \uc815\ucc45\uc758 \ubb34\ub8cc \uc11c\ube44\uc2a4\uc785\ub2c8\ub2e4.<\/p>\n<p>\uadf8\ub798\uc11c \uace0\uac1d\uc5d0\uac8c \ub9ce\uc740 \uc774\uc810\uc774 \uc788\uc2b5\ub2c8\ub2e4 \ub0a8\uc131 \uc2a4\ud0c0\uc77c\uc785\ub2c8\ub2e4. \ub610\ud55c,\ub0a8\uc131 \uc2a4\ud0c0\uc77c\uc744 \uc9c0\uc6d0\ud558\ub294 \uc9c0\ubd88 \uc11c\ube44\uc2a4\uc5d0\uc11c\ub294 \uac00\uc7a5 \uc9e7\uc740 \uc2dc\uac04\uc785\ub2c8\ub2e4. \uc9c0\ubd88 \ubc29\ubc95,\ube60\ub978 \ucd5c\uc120\ud558\uace0 \uc800\uc7a5\ud569\ub2c8\ub2e4.<\/p>\n<h3><strong>\uc804\ubb38\uc801\uc778 \uc11c\ube44\uc2a4\u00a0<\/strong><\/h3>\n<p>\uc758 \ud300\uacfc \ud568\uaed8 \uc5f4\uc815\uc801\uc778 \ucee8\uc124\ud134\ud2b8,\uc0ac\ub824 \uae4a\uc740,\ubaa8\ub4e0 \ub2f9\uc2e0\uc758 \uc9c8\ubb38\uc5d0 \uad00\ub828\ub41c \uc720\ub2c8\ud3fc,\uc2a4\ud30c \uc720\ub2c8\ud3fc\uc774 \uc2e0\uc18d\ud558\uac8c \ud574\uacb0\ud560 \uc218 \uc788\uace0 \uc88b\uc740 \uac83\uc785\ub2c8\ub2e4. \uace0\uac1d\ub9cc \uc5f0\ub77d\ud558\uc5ec\ub77c,\ub098\uba38\uc9c0\ub97c Nam Phong \ub4e3\uace0 \ub2f9\uc2e0\uc744 \ub3c4\uc640 \ub4dc\ub9b4 \uc218 \uc788\uc2b5\ub2c8\ub2e4.<\/p>\n<p>\uba74 \ud074\ub77c\uc774\uc5b8\ud2b8\uc5d0 \uae30\uc5ec\uc5d0 \ub300\ud55c \ud488\uc9c8\uc758 \uc11c\ube44\uc2a4\ubfd0\ub9cc \uc544\ub2c8\ub77c \ud0dc\ub3c4\ub97c \uace0\uac1d \uad00\ub9ac,\uc774\uba54\uc77c\uc744 \ubcf4\ub0b4 \uc8fc\uc2dc\uae30 \ubc14\ub78d\ub2c8 Nam Phong via \ud56b\ub77c\uc778 \ub610\ub294 \ucc44\ub110\uc758 \ub2e4\ub978 \ubc29\ubc95. \uc6b0\ub9ac\ub294 \uc6b0\ub9ac\ub97c \uae30\uc058\uac8c \ubc1b \ubc0f \uc218 \uc788\uc2b5\ub2c8\ub2e4.<\/p>\n<p>\uc704\uc640 \uad00\ub828\ub41c \uc815\ubcf4\uc5d0\ub294 \uc2a4\ud30c \uc720\ub2c8\ud3fc \ud551\ud06c\uc785\ub2c8\ub2e4. \ud76c\ub9dd\uc744 \uac00\uc9c0\uace0 \ub9ce\uc740 \uc720\uc6a9\ud55c \uc9c0\uc2dd\uc740 \ub2f9\uc2e0\uc774 \uc77d\uace0 \uc788\uc2b5\ub2c8\ub2e4.<\/p>","protected":false},"excerpt":{"rendered":"<p>Top 3 m\u1eabu \u0111\u1ed3ng ph\u1ee5c spa m\u00e0u h\u1ed3ng hot nh\u1ea5t n\u0103m 2021 s\u1ebd \u0111\u01b0\u1ee3c gi\u1edbi thi\u1ec7u trong b\u00e0i vi\u1ebft sau \u0111\u00e2y. \u0110\u00e2y l\u00e0 m\u1eabu \u0111\u1ed3ng ph\u1ee5c \u0111\u01b0\u1ee3c h\u00e0ng tri\u1ec7u kh\u00e1ch h\u00e0ng y\u00eau th\u00edch b\u1edfi m\u00e0u s\u1eafc hi\u1ec7n \u0111\u1ea1i c\u00f9ng ki\u1ec3u d\u00e1ng thi\u1ebft k\u1ebf tinh t\u1ebf. H\u00e3y c\u00f9ng d\u00e0nh th\u1eddi gian \u0111\u1ec3 t\u00ecm hi\u1ec3u r\u00f5 h\u01a1n &hellip; <a href=\"https:\/\/khantamgiare.com\/ko\/dong-phuc-spa-mau-hong\/\" class=\"more-link\">Continue reading <span class=\"screen-reader-text\">\uc2a4\ud30c \uc720\ub2c8\ud3fc \ud551\ud06c\uc0c9<\/span><\/a><\/p>","protected":false},"featured_media":5850,"comment_status":"closed","ping_status":"open","template":"","meta":[],"product_cat":[61,62,73],"product_tag":[],"class_list":{"0":"post-4284","1":"product","2":"type-product","3":"status-publish","4":"has-post-thumbnail","6":"product_cat-dong-phuc-spa","7":"product_cat-ky-thuat-vien","8":"product_cat-le-tan","9":"pa_chat-lieu-cotton","10":"pa_chat-lieu-cotton-japan","11":"pa_mau-sac-hong","14":"instock","15":"product-type-simple"},"acf":[],"_links":{"self":[{"href":"https:\/\/khantamgiare.com\/ko\/wp-json\/wp\/v2\/product\/4284","targetHints":{"allow":["GET"]}}],"collection":[{"href":"https:\/\/khantamgiare.com\/ko\/wp-json\/wp\/v2\/product"}],"about":[{"href":"https:\/\/khantamgiare.com\/ko\/wp-json\/wp\/v2\/types\/product"}],"replies":[{"embeddable":true,"href":"https:\/\/khantamgiare.com\/ko\/wp-json\/wp\/v2\/comments?post=4284"}],"wp:featuredmedia":[{"embeddable":true,"href":"https:\/\/khantamgiare.com\/ko\/wp-json\/wp\/v2\/media\/5850"}],"wp:attachment":[{"href":"https:\/\/khantamgiare.com\/ko\/wp-json\/wp\/v2\/media?parent=4284"}],"wp:term":[{"taxonomy":"product_cat","embeddable":true,"href":"https:\/\/khantamgiare.com\/ko\/wp-json\/wp\/v2\/product_cat?post=4284"},{"taxonomy":"product_tag","embeddable":true,"href":"https:\/\/khantamgiare.com\/ko\/wp-json\/wp\/v2\/product_tag?post=4284"}],"curies":[{"name":"wp","href":"https:\/\/api.w.org\/{rel}","templated":true}]}}